{"id":9495,"date":"2024-10-25T07:22:12","date_gmt":"2024-10-25T07:22:12","guid":{"rendered":"https:\/\/enviroprocess.com\/?post_type=product&#038;p=9495"},"modified":"2025-08-06T10:35:22","modified_gmt":"2025-08-06T10:35:22","slug":"water-treatment-contracting","status":"publish","type":"product","link":"https:\/\/enviroprocess.com\/nb\/product\/water-treatment-contracting","title":{"rendered":"Totalentreprise innen vannbehandling for bad og spa"},"content":{"rendered":"<h1 class=\"wp-block-heading\">Unders\u00f8kelser med fokus p\u00e5 funksjon og ytelse<\/h1>\n\n\n\n<p><strong>I EnviroProcess lytter, analyserer, handler og tilpasser alltid l\u00f8sningene v\u00e5re til v\u00e5re kunders behov. Gjennom v\u00e5re tekniske utredninger legger vi grunnlaget for hvordan vi kan sikre at akkurat ditt badeanlegg fungerer og yter optimalt over tid. Vi stiller de riktige sp\u00f8rsm\u00e5lene og samarbeider alltid tett med kundene v\u00e5re. Det ligger i v\u00e5rt DNA.<\/strong><br><br>N\u00e5r et prosjekt er ferdigstilt, s\u00f8rger vi alltid for at drift og vedlikehold av anlegget ikke bare f\u00e5r en god start. Ikke minst ved \u00e5 tilby gjennomtenkt oppl\u00e6ring, ofte i flere trinn. P\u00e5 v\u00e5rt oppl\u00e6ringssenter i Kungsbacka har vi i flere ti\u00e5r utdannet driftsteknikere og driftsledere. Vi tilbyr ogs\u00e5 oppl\u00e6ring p\u00e5 stedet, alltid med sikte p\u00e5 \u00e5 utnytte dagens teknologi p\u00e5 best mulig m\u00e5te.<br><\/p>\n\n\n\n<div class=\"wp-block-columns is-layout-flex wp-container-core-columns-is-layout-28f84493 wp-block-columns-is-layout-flex\">\n<div class=\"wp-block-column is-layout-flow wp-block-column-is-layout-flow\">\n<div class=\"wp-block-cover\" style=\"min-height:247px;aspect-ratio:unset;\"><span aria-hidden=\"true\" class=\"wp-block-cover__background has-background-dim\"><\/span><img fetchpriority=\"high\" decoding=\"async\" width=\"270\" height=\"470\" class=\"wp-block-cover__image-background wp-image-7608\" alt=\"ingeni\u00f8rtekniske unders\u00f8kelser\" src=\"https:\/\/enviroprocess.com\/wp-content\/uploads\/2024\/09\/ingenjors-tekniska-utredningar-1.jpg\" data-object-fit=\"cover\" srcset=\"https:\/\/enviroprocess.com\/wp-content\/uploads\/2024\/09\/ingenjors-tekniska-utredningar-1.jpg 270w, https:\/\/enviroprocess.com\/wp-content\/uploads\/2024\/09\/ingenjors-tekniska-utredningar-1-172x300.jpg 172w, https:\/\/enviroprocess.com\/wp-content\/uploads\/2024\/09\/ingenjors-tekniska-utredningar-1-7x12.jpg 7w\" sizes=\"(max-width: 270px) 100vw, 270px\" \/><div class=\"wp-block-cover__inner-container is-layout-flow wp-block-cover-is-layout-flow\">\n<h2 class=\"wp-block-heading\">Funksjon og ytelse<\/h2>\n\n\n\n<p class=\"has-text-align-left\">EnviroProcess lytter, handler og tilpasser l\u00f8sningene v\u00e5re ut fra kundens behov.<\/p>\n<\/div><\/div>\n<\/div>\n<\/div>\n\n\n\n<h4 class=\"wp-block-heading\"><br><strong>R\u00e5dgivning innen b\u00e6rekraftig energi og milj\u00f8<\/strong><\/h4>\n\n\n\n<p>Gjennom v\u00e5r energi- og milj\u00f8r\u00e5dgivning gjennomg\u00e5r og sikrer vi at milj\u00f8bestemmelsene overholdes og\/eller overoppfylles. Vi ser p\u00e5 hvordan kjemikaliebruk og energiforbruk kan minimeres samtidig som funksjon og ytelse forbedres. Ved \u00e5 analysere milj\u00f8p\u00e5virkning og kritiske parametere n\u00f8ye, kan vi samarbeide med kundene v\u00e5re for \u00e5 sikre b\u00e6rekraftige valg og prosesser som varer over tid. Vi tilbyr skreddersydde r\u00e5d for hvert enkelt anlegg, og v\u00e5rt tette samarbeid gj\u00f8r at l\u00f8sningene v\u00e5re ikke bare er tilpasset dagens behov, men ogs\u00e5 er rustet for fremtidige krav.<\/p>","protected":false},"excerpt":{"rendered":"<p>Utredningar med fokus p\u00e5 funktion &amp; prestanda Vi p\u00e5 EnviroProcess lyssnar, analyserar, agerar och anpassar alltid v\u00e5ra l\u00f6sningar utifr\u00e5n kundernas behov. Genom v\u00e5ra Ingenj\u00f6rstekniska utredningar l\u00e4gger vi grunden f\u00f6r hur du s\u00e4kerst\u00e4ller att just din badanl\u00e4ggning fungerar och presterar optimalt \u00f6ver tid. Vi st\u00e4ller de r\u00e4tta fr\u00e5gorna och jobbar alltid n\u00e4ra v\u00e5ra kunder. Det ligger [&hellip;]<\/p>\n","protected":false},"featured_media":7611,"template":"","categories":[45],"topic":[79,81],"class_list":["post-9495","product","type-product","status-publish","has-post-thumbnail","hentry","category-tjanster","topic-engineering-studies","topic-energy-env-consult"],"acf":[],"_links":{"self":[{"href":"https:\/\/enviroprocess.com\/nb\/wp-json\/wp\/v2\/product\/9495","targetHints":{"allow":["GET"]}}],"collection":[{"href":"https:\/\/enviroprocess.com\/nb\/wp-json\/wp\/v2\/product"}],"about":[{"href":"https:\/\/enviroprocess.com\/nb\/wp-json\/wp\/v2\/types\/product"}],"wp:featuredmedia":[{"embeddable":true,"href":"https:\/\/enviroprocess.com\/nb\/wp-json\/wp\/v2\/media\/7611"}],"wp:attachment":[{"href":"https:\/\/enviroprocess.com\/nb\/wp-json\/wp\/v2\/media?parent=9495"}],"wp:term":[{"taxonomy":"category","embeddable":true,"href":"https:\/\/enviroprocess.com\/nb\/wp-json\/wp\/v2\/categories?post=9495"},{"taxonomy":"topic","embeddable":true,"href":"https:\/\/enviroprocess.com\/nb\/wp-json\/wp\/v2\/topic?post=9495"}],"curies":[{"name":"wp","href":"https:\/\/api.w.org\/{rel}","templated":true}]}}