{"id":6103,"date":"2024-10-01T11:38:43","date_gmt":"2024-10-01T11:38:43","guid":{"rendered":"https:\/\/enviroprocess.com\/?post_type=product&#038;p=6103"},"modified":"2025-05-12T11:31:33","modified_gmt":"2025-05-12T11:31:33","slug":"analysis-equipment-daily-measurement","status":"publish","type":"product","link":"https:\/\/enviroprocess.com\/nb\/product\/analysis-equipment-daily-measurement","title":{"rendered":"Analyseutstyr og daglig pr\u00f8vetaking"},"content":{"rendered":"<p>Fra fargeleggingstester til daglig overv\u00e5king av parametrene dine! Forskriftskrav HSLF-FS 2021:11.<\/p>\n\n\n\n<p><strong>Overv\u00e5king av desinfeksjonsmiddelets effektivitet. I bassenger der klor brukes som desinfeksjonsmiddel, b\u00f8r operat\u00f8ren kontrollere niv\u00e5et av fritt klor og pH hver dag bassenget er \u00e5pent for bading. I st\u00f8rre anlegg og i h\u00f8ytemperaturbassenger b\u00f8r disse parameterne kontrolleres flere ganger om dagen.<\/strong> <\/p>\n\n\n\n<p>Der det finnes utstyr for automatisk pH-kontroll og dosering av desinfeksjonsmidler, b\u00f8r operat\u00f8ren kontrollere m\u00e5lingene daglig. Operat\u00f8ren b\u00f8r ogs\u00e5 kontrollere niv\u00e5ene av bundet klor og totalklor daglig. Resultatene av kontrollene skal dokumenteres.<\/p>\n\n\n\n<hr class=\"wp-block-separator has-alpha-channel-opacity\"\/>\n\n\n\n<h4 class=\"wp-block-heading\">Tips<\/h4>\n\n\n\n<ul class=\"wp-block-list\">\n<li>Fargetester* gir resultater p\u00e5 riktig sted i bassenget. Det siste stedet som farges, er egnet for pr\u00f8vetaking.<\/li>\n\n\n\n<li>Sjekk alle bassengene, hver dag!<\/li>\n<\/ul>\n\n\n\n<p>Ulike bassenger har forskjellige forhold og belastninger. Det er derfor viktig at det tas pr\u00f8ver i hvert enkelt basseng, selv om flere bassenger er koblet til et felles vannverk.<br>behandling.<\/p>\n\n\n\n<ul class=\"wp-block-list\">\n<li>Fargetesten er en obligatorisk test og utf\u00f8res i henhold til SS EN 15288. <a href=\"https:\/\/enviroprocess.com\/nb\/product\/our-offer-020\/\" data-type=\"product\" data-id=\"6052\">Les mer om dette.<\/a><\/li>\n<\/ul>\n\n\n\n<hr class=\"wp-block-separator has-alpha-channel-opacity\"\/>\n\n\n\n<h4 class=\"wp-block-heading\">Instruksjonsfilmer - Tips og r\u00e5d<\/h4>\n\n\n\n<p>Sjekk ut v\u00e5r <a href=\"https:\/\/enviroprocess.com\/nb\/instructional-videos\/\" data-type=\"page\" data-id=\"3794\">instruksjonsfilmer <\/a>og v\u00e5r youtube-kanal hvor vi tilbyr deg masse erfaringsbasert kunnskap som gj\u00f8r hverdagen din enklere!  Her finner du mange instruksjonsfilmer og nyttige tips og r\u00e5d. For eksempel hvordan du kalibrerer analyse- og m\u00e5leinstrumentene dine, hvordan du tar bakteriepr\u00f8ver p\u00e5 riktig m\u00e5te, og hvordan du tar vare p\u00e5 og vedlikeholder anlegget ditt p\u00e5 best mulig m\u00e5te.<\/p>\n\n\n\n<hr class=\"wp-block-separator has-alpha-channel-opacity\"\/>\n\n\n\n<h4 class=\"wp-block-heading\">Lilian Labs - Analytisk utstyr<\/h4>\n\n\n\n<p>LILIAN m\u00e5leinstrumenter - enkle, raske og p\u00e5litelige. Den beste og mest p\u00e5litelige analysatoren p\u00e5 markedet. Raskere - Smartere - Tryggere!<\/p>\n\n\n\n<h4 class=\"wp-block-heading\">Reaksjonstiden for klor er raskere med LILIAN enn med 10 mm kyvetter?<\/h4>\n\n\n\n<p>For \u00e5 bestemme klorverdien i vannet skiller man mellom to former: fritt klor, som er tilgjengelig for desinfeksjon, og bundet klor, som allerede har reagert og ikke lenger kan bidra til sv\u00f8mmebassenghygienen. Ved m\u00e5ling med fotometer b\u00f8r begge verdiene bestemmes etter hverandre: f\u00f8rst det frie kloret, deretter den totale klorverdien. Hvis den m\u00e5lte verdien for fritt klor trekkes fra verdien for totalklor, f\u00e5r man verdien for bundet klor i vannet.<\/p>\n\n\n\n<p>Ved m\u00e5ling med fotometre som bruker 10 mm kyvetter, er det vanligvis n\u00f8dvendig \u00e5 vente mellom 60-120 sekunder mellom m\u00e5lingene av fritt klor og totalt klor. Denne tiden er n\u00f8dvendig for den kjemiske reaksjonen som for\u00e5rsaker fargeforandringen for totalklor.<\/p>\n\n\n\n<p><em>Vi blir derfor ofte spurt: Hvordan er det mulig at LILIAN kan m\u00e5le begge verdiene i l\u00f8pet av 60 sekunder, er det et annet kjemikalie som brukes her?<\/em><br><br>Nei, kjemikaliene i SensoSticks for LILIAN er definert i DIN19643 og ISO 7393-2. \u00c5rsaken ligger et annet sted: P\u00e5 grunn av mikrostrukturen i SensoStick, det mindre pr\u00f8vevolumet og dermed den betydelig mindre mengden kjemikalier, skjer reaksjonen i SensoStick mye raskere enn i 10 mm-kuvetter, nemlig i l\u00f8pet av sekunder. Dette er en av grunnene til at m\u00e5ling av klor og pH med LILIAN tar mindre enn 1 minutt.<\/p>\n\n\n\n<p>Hvis du vil vite mer eller bestille din Lilian, kan du kontakte oss p\u00e5 telefon 40006870 eller e-post <a href=\"mailto:info@enviroprocess.com\">info.no@enviroprocess.com<\/a> s\u00e5 skal vi fortelle deg mer.<\/p>\n\n\n\n<hr class=\"wp-block-separator has-alpha-channel-opacity\"\/>\n\n\n\n<h4 class=\"wp-block-heading\">ProLab P5 - En rimelig analysator med enkel h\u00e5ndtering<\/h4>\n\n\n\n<p>ProLab P5 brukes til \u00e5 analysere flere av parameterne som inng\u00e5r i egenkontrollen av bassengvannbehandling (klor, pH, alkalitet og hardhet), noe som gj\u00f8r det mulig \u00e5 beregne Langliers indeks. Utf\u00f8rer en fotometrisk m\u00e5ling som oppfyller de forskriftsmessige kravene til analysemetode og n\u00f8yaktighet. Leveres med svensk manual, kyvetter og reagenser i en praktisk veske.<\/p>\n\n\n\n<hr class=\"wp-block-separator has-alpha-channel-opacity\"\/>\n\n\n\n<h4 class=\"wp-block-heading\">ProLab kombipose<\/h4>\n\n\n\n<p>De mest p\u00e5litelige analysatorene p\u00e5 markedet. Den f\u00f8rsteklasses ProLab Combi Bag med et utvalg av de beste instrumentene p\u00e5 markedet oppfyller de h\u00f8yeste kravene til funksjonalitet for badevannsanalyser.<\/p>\n\n\n\n<hr class=\"wp-block-separator has-alpha-channel-opacity\"\/>\n\n\n\n<p>Ta gjerne kontakt med oss for \u00e5 finne ut mer og for \u00e5 finne ut hvilket utstyr som passer best til ditt anlegg.<\/p>","protected":false},"excerpt":{"rendered":"<p>Fr\u00e5n inf\u00e4rgningsprov till daglig koll p\u00e5 dina parametrar! Myndighetskrav HSLF-FS 2021:11. \u00d6vervakning av desinfektionsmedlets effekt. Verksamhetsut\u00f6varen b\u00f6r kontrollera halten av fritt klor och pH i bass\u00e4nger d\u00e4r klor anv\u00e4nds som desinfektionsmedel, varje dag som bass\u00e4ngen \u00e4r \u00f6ppen f\u00f6r bad. Dessa parametrar b\u00f6r kontrolleras flera g\u00e5nger per dag p\u00e5 st\u00f6rre anl\u00e4ggningar och i h\u00f6gtempererade bass\u00e4nger. Om [&hellip;]<\/p>\n","protected":false},"featured_media":9057,"template":"","categories":[46],"topic":[],"class_list":["post-6103","product","type-product","status-publish","has-post-thumbnail","hentry","category-produkter"],"acf":[],"_links":{"self":[{"href":"https:\/\/enviroprocess.com\/nb\/wp-json\/wp\/v2\/product\/6103","targetHints":{"allow":["GET"]}}],"collection":[{"href":"https:\/\/enviroprocess.com\/nb\/wp-json\/wp\/v2\/product"}],"about":[{"href":"https:\/\/enviroprocess.com\/nb\/wp-json\/wp\/v2\/types\/product"}],"wp:featuredmedia":[{"embeddable":true,"href":"https:\/\/enviroprocess.com\/nb\/wp-json\/wp\/v2\/media\/9057"}],"wp:attachment":[{"href":"https:\/\/enviroprocess.com\/nb\/wp-json\/wp\/v2\/media?parent=6103"}],"wp:term":[{"taxonomy":"category","embeddable":true,"href":"https:\/\/enviroprocess.com\/nb\/wp-json\/wp\/v2\/categories?post=6103"},{"taxonomy":"topic","embeddable":true,"href":"https:\/\/enviroprocess.com\/nb\/wp-json\/wp\/v2\/topic?post=6103"}],"curies":[{"name":"wp","href":"https:\/\/api.w.org\/{rel}","templated":true}]}}