{"id":6096,"date":"2024-09-30T10:02:21","date_gmt":"2024-09-30T10:02:21","guid":{"rendered":"https:\/\/enviroprocess.com\/?post_type=product&#038;p=6096"},"modified":"2025-08-06T10:27:47","modified_gmt":"2025-08-06T10:27:47","slug":"filter","status":"publish","type":"product","link":"https:\/\/enviroprocess.com\/nb\/product\/filter","title":{"rendered":"Filter"},"content":{"rendered":"<h1 class=\"wp-block-heading\">Uansett hva du velger - vi har den rette filterteknologien!<\/h1>\n\n\n\n<p><strong>Her beskriver vi de fire mest etablerte filterteknologiene i korte trekk. Hvis du vil lese mer om bransjens ulike filterteknologier, kan du bestille \"VITBOK - valg av filterteknologi\" eller lese den <a href=\"https:\/\/enviroprocess.com\/nb\/white-papers\/\" data-type=\"page\" data-id=\"2497\">online her<\/a>.<\/strong> <\/p>\n\n\n\n<p>Hovedbudskapet i Filter Technology White Paper er at det ikke finnes \u00e9n teknologi som er bedre enn alle andre, men at det finnes en rekke teknologier som fungerer mer eller mindre godt, avhengig av kundens situasjon, og som b\u00f8r tas med i betraktning i den endelige utvelgelses- og anskaffelsesprosessen. Og n\u00e5r noe h\u00f8res for godt ut til \u00e5 v\u00e6re sant, viser det seg som regel \u00e5 v\u00e6re det.<\/p>\n\n\n\n<h4 class=\"wp-block-heading\">Collecta trykkfilter<\/h4>\n\n\n\n<p>V\u00e5re Collecta-trykkfiltre er utelukkende laget av glassfiberarmert polyester, noe som gir dem overlegen styrke og holdbarhet. Alle Collecta-trykkfiltre kan tilpasses eksisterende lokaler. Filtrene kan produseres i alle h\u00f8yder etter behov og leveres i to eller tre deler som lamineres sammen til en enhet p\u00e5 stedet. Takket v\u00e6re at alle tilkoblinger er laminert, unng\u00e5r man lekkasje via tankgjennomf\u00f8ringer. Filtrene er utstyrt med en fast dysebunn og dyser av h\u00f8y kvalitet i PP. Innvendig er filtrene utstyrt med en h\u00f8ykvalitets vinylesterforing som har god motstand mot osmose.<\/p>\n\n\n\n<p class=\"has-medium-font-size\"><strong>Kjennetegn<\/strong><\/p>\n\n\n\n<ul class=\"wp-block-list\">\n<li>Skyll innvendig i skueglassene for \u00e5 unng\u00e5 turbulens og oppsamling av filtermateriale p\u00e5 innsiden av skueglasset.<\/li>\n\n\n\n<li>Spesialdesignet fordelingskammer forbedrer vannhydraulikken inne i filteret<\/li>\n\n\n\n<li>Braketter for ventilasjonsledning<\/li>\n\n\n\n<li>Laminerte l\u00f8fte\u00f8yne<\/li>\n<\/ul>\n\n\n\n<p><strong>Alternativer<\/strong><\/p>\n\n\n\n<ul class=\"wp-block-list\">\n<li>Ytelsessett (spyling i kummer og str\u00f8mningsavleder)<\/li>\n\n\n\n<li>H\u00f8yere trykkklasse (4 eller 6 bar)<\/li>\n\n\n\n<li>Bruk av ozon (f.eks. kontakttanker)<\/li>\n\n\n\n<li>Ekstra siktglass og kumlokk<\/li>\n\n\n\n<li>Belysningsarmatur for siktglass<\/li>\n\n\n\n<li>Felles gjennomf\u00f8ring for inng\u00e5ende transport<\/li>\n\n\n\n<li>i trange rom<\/li>\n\n\n\n<li>Tilpasset h\u00f8yde<\/li>\n\n\n\n<li>Ekstra siktglass<\/li>\n<\/ul>\n\n\n\n<h4 class=\"wp-block-heading\">Collecta - Komplette trykkfiltersystemer<\/h4>\n\n\n\n<p><strong>Funksjonell og kostnadseffektiv<\/strong>. <br>Vi tilbyr komplette trykkfiltersystemer, der design og komponenter er valgt og kombinert for \u00e5 gi best mulig ytelse. Du sikrer riktig funksjon og sparer samtidig tid og penger p\u00e5 en rask installasjon. Med v\u00e5re prefabrikkerte systeml\u00f8sninger er Collecta-filteret skreddersydd for maksimal ytelse og fleksibilitet.<\/p>\n\n\n\n<div class=\"wp-block-columns is-layout-flex wp-container-core-columns-is-layout-28f84493 wp-block-columns-is-layout-flex\">\n<div class=\"wp-block-column is-layout-flow wp-block-column-is-layout-flow\">\n<p><strong>Collecta Adriaterhavet<\/strong><\/p>\n\n\n\n<p>Robust filter i GAP med fast dysebunn. Standardversjon med 1,0 m filterseng, men kan ogs\u00e5 leveres med 1,2 m seng, komplett med r\u00f8r for vannspyling og f\u00f8rstefiltrat.<\/p>\n<\/div>\n\n\n\n<div class=\"wp-block-column is-layout-flow wp-block-column-is-layout-flow\">\n<p><strong>Collecta Middelhavet<\/strong><\/p>\n\n\n\n<p>Dypbunnsfiltrering, sjener\u00f8se dimensjoner, silglass, laminerte tilkoblinger, fast dysebunn og stillekammer og en komprimert h\u00f8yde gj\u00f8r Mediterran til et h\u00f8ytytende filter som passer til de fleste bruksomr\u00e5der.<\/p>\n<\/div>\n\n\n\n<div class=\"wp-block-column is-layout-flow wp-block-column-is-layout-flow\">\n<p><strong>Collecta Atlantic<\/strong><\/p>\n\n\n\n<p>Flaggskipet st\u00e5r bokstavelig talt p\u00e5 egne ben og er et kompromissl\u00f8st filter med h\u00f8yeste ytelse og fleksibilitet. Ekstra stort siktglass og inspeksjonsluke under dysebunnen. Designet i henhold til DIN19605\/19643 og h\u00e5ndterer b\u00e5de luftspyling og mottrykksfri vannspyling med toppdekselet fjernet.<\/p>\n<\/div>\n<\/div>\n\n\n\n<h4 class=\"wp-block-heading\">Collecta sugefilter<\/h4>\n\n\n\n<ul class=\"wp-block-list\">\n<li>Kan tilpasses bygningsforholdene - f.eks. trange rom, lav takh\u00f8yde, trange d\u00f8r\u00e5pninger eller begrenset drenering. Filtrene kan bygges p\u00e5 stedet<\/li>\n\n\n\n<li>H\u00e5ndtering av h\u00f8ye belastninger - kompromissl\u00f8s dypbunnsfiltrering<\/li>\n\n\n\n<li>Forbedret drift og selvoverv\u00e5king - trykkl\u00f8st filter med store inspeksjonsvinduer<\/li>\n\n\n\n<li>Optimalisert spyling - renere filtre med lavere driftskostnader<\/li>\n\n\n\n<li>Fleksibel - kan suppleres med ulike filtermedier etter behov<\/li>\n\n\n\n<li>Alle collecta-sugefiltre er utstyrt med innvendig belysning<\/li>\n<\/ul>\n\n\n\n<p><strong>Energieffektiv<\/strong><br>Collecta sugefiltre er en energieffektiv l\u00f8sning. I tilfeller der filtersystemet er plassert h\u00f8yere enn bassengets vannoverflate, reduseres energiforbruket betydelig med Collecta sugefiltre sammenlignet med trykkfiltre. Besparelsene skyldes at vannet ikke trenger \u00e5 l\u00f8ftes like h\u00f8yt i et sugefilter, og dermed reduseres str\u00f8mforbruket til pumpene.<\/p>\n\n\n\n<hr class=\"wp-block-separator has-alpha-channel-opacity\"\/>\n\n\n\n<figure class=\"wp-block-image alignright size-full is-resized is-style-default\"><img fetchpriority=\"high\" decoding=\"async\" width=\"600\" height=\"710\" src=\"https:\/\/enviroprocess.com\/wp-content\/uploads\/2024\/08\/Fitermedia-web.jpg\" alt=\"Filtermedier\" class=\"wp-image-4196\" style=\"width:300px\" srcset=\"https:\/\/enviroprocess.com\/wp-content\/uploads\/2024\/08\/Fitermedia-web.jpg 600w, https:\/\/enviroprocess.com\/wp-content\/uploads\/2024\/08\/Fitermedia-web-254x300.jpg 254w, https:\/\/enviroprocess.com\/wp-content\/uploads\/2024\/08\/Fitermedia-web-10x12.jpg 10w\" sizes=\"(max-width: 600px) 100vw, 600px\" \/><\/figure>\n\n\n\n<h4 class=\"wp-block-heading\">Filtermedier<\/h4>\n\n\n\n<p><strong>Filtermedier - optimalisert filtrering for alle behov<\/strong><br>EnviroProcess tilbyr et bredt utvalg av filtermedier, testet og n\u00f8ye utvalgt og tilpasset ulike filtertyper og forutsetninger. Valget av filtermedier er avgj\u00f8rende for en effektiv utnyttelse av anleggets rensekapasitet. EnviroProcess bidrar med sin ekspertise p\u00e5 omr\u00e5det samt filtermedier av h\u00f8y kvalitet som b\u00e5de forbedrer vannkvaliteten og optimaliserer energiforbruket.<\/p>\n\n\n\n<p><strong>Trykksatte sandfiltre og filtersand<br><\/strong>For trykksatte sandfiltre er det viktig \u00e5 velge et filtermedium med lavt trykkfall og enkel rengj\u00f8ring. Filtersand, eller silikasand, er en popul\u00e6r l\u00f8sning. Kornst\u00f8rrelse og kornfordeling er kritiske faktorer - for fin sand kan blokkere raskt, mens for grov sand risikerer filtergjennombrudd. EnviroProcess tilbyr sand med optimal kornfordeling, som oppfyller kravene i SS-EN 12904, for h\u00f8y kapasitet og effektiv spyling.<br><br><strong>Aktivt karbon og hydroantrasitt<\/strong><br>Aktivt karbon lages av ulike materialer som tre og kokosn\u00f8ttskall og har h\u00f8y adsorpsjonskapasitet, noe som er spesielt effektivt n\u00e5r det gjelder \u00e5 redusere organiske milj\u00f8gifter og THM. Steinkarbon er best for st\u00f8rre molekyler, mens kokoskull er ideelt for mindre milj\u00f8gifter. Hydroantrasitt-H, laget av brunkull, brukes ofte i flerlagsfiltre og kombinerer lav vekt med h\u00f8y smussbindingskapasitet.<br><br><strong>Glassperler som alternativ til sand<\/strong><br>Glassperler har h\u00f8yere permeabilitet enn sand, noe som f\u00f8rer til lavere trykkfall og redusert energiforbruk. Disse polerte glassperlene er fri for urenheter og gir effektiv filtrering med rask ekspansjon under tilbakespyling, noe som minimerer vannforbruket.<br><br><strong>Pulverfilter: Diatomitt og perlitt<\/strong><br>Pulverfiltre, som bruker filtermedier som diatomitt eller perlitt, er kompakte og har lavt spylevannsforbruk. Diatomitt, med sine uregelmessige overflater, har gode filtreringsegenskaper, men er skadelig ved inn\u00e5nding. Perlitt, som er tryggere fra et helsemessig synspunkt, krever n\u00f8ye valg av kvalitet og kornst\u00f8rrelse for effektiv filtrering.<\/p>\n\n\n\n<p><\/p>","protected":false},"excerpt":{"rendered":"<p>Oavsett val &#8211; vi har r\u00e4tt filterteknik! Vi beskriver h\u00e4r de fyra mest etablerade filterteknikerna i korthet. Vill du l\u00e4sa mer om branschens olika filtertekniker s\u00e5 best\u00e4ll \u201dVITBOK &#8211; val av filterteknik\u201d eller l\u00e4s den online h\u00e4r. Det viktigaste budskapet VITBOKEN om filterteknik avser att f\u00f6rmedla \u00e4r att det inte bara finns en teknik som [&hellip;]<\/p>\n","protected":false},"featured_media":8989,"template":"","categories":[46],"topic":[106,107],"class_list":["post-6096","product","type-product","status-publish","has-post-thumbnail","hentry","category-produkter","topic-filter","topic-filtermedia"],"acf":[],"_links":{"self":[{"href":"https:\/\/enviroprocess.com\/nb\/wp-json\/wp\/v2\/product\/6096","targetHints":{"allow":["GET"]}}],"collection":[{"href":"https:\/\/enviroprocess.com\/nb\/wp-json\/wp\/v2\/product"}],"about":[{"href":"https:\/\/enviroprocess.com\/nb\/wp-json\/wp\/v2\/types\/product"}],"wp:featuredmedia":[{"embeddable":true,"href":"https:\/\/enviroprocess.com\/nb\/wp-json\/wp\/v2\/media\/8989"}],"wp:attachment":[{"href":"https:\/\/enviroprocess.com\/nb\/wp-json\/wp\/v2\/media?parent=6096"}],"wp:term":[{"taxonomy":"category","embeddable":true,"href":"https:\/\/enviroprocess.com\/nb\/wp-json\/wp\/v2\/categories?post=6096"},{"taxonomy":"topic","embeddable":true,"href":"https:\/\/enviroprocess.com\/nb\/wp-json\/wp\/v2\/topic?post=6096"}],"curies":[{"name":"wp","href":"https:\/\/api.w.org\/{rel}","templated":true}]}}