{"id":6094,"date":"2024-09-28T08:20:17","date_gmt":"2024-09-28T08:20:17","guid":{"rendered":"https:\/\/enviroprocess.com\/?post_type=product&#038;p=6094"},"modified":"2025-08-06T10:27:07","modified_gmt":"2025-08-06T10:27:07","slug":"industry","status":"publish","type":"product","link":"https:\/\/enviroprocess.com\/nb\/product\/industry","title":{"rendered":"Industri"},"content":{"rendered":"<h1 class=\"wp-block-heading\"><strong>En gruppe selskaper som tilbyr et bredt spekter av l\u00f8sninger innen industriell vannbehandling.<\/strong><\/h1>\n\n\n\n<p><strong>I EnviroProcess Finland og Danmark tilbyr vi et bredt spekter av l\u00f8sninger innen industriell vannbehandling. For Sverige og Norge har vi et eget selskap i EnviroWater Group-familien med fullt fokus p\u00e5 industri - Velkommen til \u00e5 bes\u00f8ke <a href=\"https:\/\/www.enwa.com\" target=\"_blank\" rel=\"noreferrer noopener\">Enwa Water Technology <\/a><\/strong><\/p>\n\n\n\n<p>EnviroProcess tilbyr innovative og kundetilpassede l\u00f8sninger for vannbehandling i industrisegmentet i Danmark og Finland. Med bred ekspertise fra EnviroWater Groups spesialistnettverk leverer vi tjenester og produkter som oppfyller de spesifikke behovene innen industri, n\u00e6ringsmidler, sykehus og vannbehandling. Teknologien v\u00e5r sikrer de h\u00f8yeste standarder for effektivitet, b\u00e6rekraft og kostnadsoptimalisering, noe som gir kundene v\u00e5re en trygg og langsiktig l\u00f8sning p\u00e5 vannbehandlingsutfordringene deres.<\/p>\n\n\n\n<div class=\"wp-block-buttons is-layout-flex wp-block-buttons-is-layout-flex\">\n<div class=\"wp-block-button is-style-outline is-style-outline--1\"><a class=\"wp-block-button__link wp-element-button\" href=\"https:\/\/enviroprocess.com\/nb\/industry\/\">Les mer her<\/a><\/div>\n<\/div>\n\n\n\n<h4 class=\"wp-block-heading\">EnviroProcess Finland Oy<\/h4>\n\n\n\n<p>EnviroProcess Finland Oy representerer spesialistnettverket EnviroWater Groups utvalg av tjenester og produkter for vannbehandling innen industri, laboratorier, sykehus og andre sektorer p\u00e5 det finske markedet.<\/p>\n\n\n\n<h4 class=\"wp-block-heading\">EnviroProcess Danmark A\/S<\/h4>\n\n\n\n<p>EnviroProcess Denmark A\/S representerer et utvalg av EnviroWater-konsernets spesialistnettverk og tilbyr tjenester og produkter for vannbehandling innen sektorer som industri, n\u00e6ringsmidler, sykehus og vann og avl\u00f8p p\u00e5 det danske markedet.<\/p>\n\n\n\n<figure class=\"wp-block-image size-large\"><a href=\"https:\/\/enviroprocess.com\/nb\/industry\/\"><img fetchpriority=\"high\" decoding=\"async\" width=\"1024\" height=\"417\" src=\"https:\/\/enviroprocess.com\/wp-content\/uploads\/2024\/09\/WT_FI-HUS_Meilahti_web-1024x417.jpg\" alt=\"\" class=\"wp-image-5882\" srcset=\"https:\/\/enviroprocess.com\/wp-content\/uploads\/2024\/09\/WT_FI-HUS_Meilahti_web-1024x417.jpg 1024w, https:\/\/enviroprocess.com\/wp-content\/uploads\/2024\/09\/WT_FI-HUS_Meilahti_web-300x122.jpg 300w, https:\/\/enviroprocess.com\/wp-content\/uploads\/2024\/09\/WT_FI-HUS_Meilahti_web-768x312.jpg 768w, https:\/\/enviroprocess.com\/wp-content\/uploads\/2024\/09\/WT_FI-HUS_Meilahti_web-1536x625.jpg 1536w, https:\/\/enviroprocess.com\/wp-content\/uploads\/2024\/09\/WT_FI-HUS_Meilahti_web-18x7.jpg 18w, https:\/\/enviroprocess.com\/wp-content\/uploads\/2024\/09\/WT_FI-HUS_Meilahti_web.jpg 1900w\" sizes=\"(max-width: 1024px) 100vw, 1024px\" \/><\/a><\/figure>\n\n\n\n<p><\/p>","protected":false},"excerpt":{"rendered":"<p>En bolagsgrupp som erbjuder ett brett utbud av l\u00f6sningar inom industriell vattenbehandling. Hos EnviroProcess Finland och Danmark erbjuder vi ett brett utbud av l\u00f6sningar inom industriell vattenbehandling. F\u00f6r Sverige och Norge har vi ett eget bolag i EnviroWater Group familjen med fullt fokus p\u00e5 Industrin &#8211; V\u00e4lkommen att bes\u00f6ka Enwa Water Technology EnviroProcess erbjuder innovativa [&hellip;]<\/p>\n","protected":false},"featured_media":7589,"template":"","categories":[47],"topic":[],"class_list":["post-6094","product","type-product","status-publish","has-post-thumbnail","hentry","category-segment"],"acf":[],"_links":{"self":[{"href":"https:\/\/enviroprocess.com\/nb\/wp-json\/wp\/v2\/product\/6094","targetHints":{"allow":["GET"]}}],"collection":[{"href":"https:\/\/enviroprocess.com\/nb\/wp-json\/wp\/v2\/product"}],"about":[{"href":"https:\/\/enviroprocess.com\/nb\/wp-json\/wp\/v2\/types\/product"}],"wp:featuredmedia":[{"embeddable":true,"href":"https:\/\/enviroprocess.com\/nb\/wp-json\/wp\/v2\/media\/7589"}],"wp:attachment":[{"href":"https:\/\/enviroprocess.com\/nb\/wp-json\/wp\/v2\/media?parent=6094"}],"wp:term":[{"taxonomy":"category","embeddable":true,"href":"https:\/\/enviroprocess.com\/nb\/wp-json\/wp\/v2\/categories?post=6094"},{"taxonomy":"topic","embeddable":true,"href":"https:\/\/enviroprocess.com\/nb\/wp-json\/wp\/v2\/topic?post=6094"}],"curies":[{"name":"wp","href":"https:\/\/api.w.org\/{rel}","templated":true}]}}