{"id":6066,"date":"2024-09-30T07:59:26","date_gmt":"2024-09-30T07:59:26","guid":{"rendered":"https:\/\/enviroprocess.com\/?post_type=product&#038;p=6066"},"modified":"2025-08-06T10:26:15","modified_gmt":"2025-08-06T10:26:15","slug":"spa-wellness","status":"publish","type":"product","link":"https:\/\/enviroprocess.com\/nb\/product\/spa-wellness","title":{"rendered":"Spa og velv\u00e6re"},"content":{"rendered":"<h1 class=\"wp-block-heading\">EnviroProcess er en komplett leverand\u00f8r til alle typer spa- og velv\u00e6remilj\u00f8er<\/h1>\n\n\n\n<p><strong>Vi tilbyr alt fra kaldt til varmt - les mer om v\u00e5re Spa &amp; Wellness-tjenester <a href=\"https:\/\/enviroprocess.com\/nb\/otium-wellness\/\">her<\/a>. Alt under varemerket Otium. <\/strong><\/p>\n\n\n\n<div class=\"wp-block-buttons is-layout-flex wp-block-buttons-is-layout-flex\">\n<div class=\"wp-block-button\"><a class=\"wp-block-button__link wp-element-button\" href=\"https:\/\/enviroprocess.com\/nb\/otium-wellness\/\">Bli inspirert av Otium Wellness<\/a><\/div>\n<\/div>\n\n\n\n<p>For offentlige badeanlegg er tilgang til badstuer og spa ikke bare en luksus, men en investering i de bes\u00f8kendes helse. Ved \u00e5 integrere disse elementene skaper man en komplett velv\u00e6reopplevelse som tiltrekker seg flere bes\u00f8kende og fremmer en aktiv og sunn livsstil.<\/p>\n\n\n\n<p>EnviroProcess utvikler og leverer unike spa-l\u00f8sninger til hoteller, spa og offentlige badeanlegg. Vi har lang erfaring med \u00e5 oppfylle de h\u00f8ye kravene til unik design, funksjon, holdbarhet, hygiene og komfort. I tett samarbeid med v\u00e5re verdensledende agenturer vet vi at det vi tilbyr alltid er i forkant av de nyeste trendene innen badstue, spa og velv\u00e6re. V\u00e5rt varemerke og team Otium Wellness s\u00f8rger for at hele forsyningskjeden er komplett, fra den unike ideen om design og layout til installasjon av riktig og fungerende teknologi. Takket v\u00e6re det avanserte styringssystemet iCON-Spa kan for eksempel temperatur, luftfuktighet og belysning styres, noe som skaper fantastiske scenarier knyttet til ulike tidspunkter og bes\u00f8ksgrupper.<\/p>\n\n\n\n<h4 class=\"wp-block-heading\">Otium Wellness er et varemerke for EnviroProcess<\/h4>\n\n\n\n<p>Otium er EnviroProcess' nisjemerke innen hotell, velv\u00e6re og spa.<br>Leveransen er spa-opplevelser for kommersiell drift med b\u00e5de kreativ og funksjonell design. M\u00e5let med Otiums konsept er \u00e5 skape unike opplevelser som gjestene \u00f8nsker \u00e5 komme tilbake til. Otium har dyp kunnskap og er en p\u00e5litelig partner fra konsept til ferdig produkt.<\/p>\n\n\n\n<h4 class=\"wp-block-heading\">Unike spaopplevelser som skaper l\u00f8nnsom virksomhet<\/h4>\n\n\n\n<p>Otium brenner for \u00e5 bygge spa-anlegg som gir god avkastning p\u00e5 investeringen. Hos Otium er kunnskap, engasjement og kvalitet grunnlaget for alt vi gj\u00f8r. V\u00e5r misjon er \u00e5 tilby konsepter og produkter av f\u00f8rsteklasses kvalitet til den bevisste kunden. Vi streber alltid etter \u00e5 v\u00e6re en trygg og stabil partner i alle ledd.<\/p>\n\n\n\n<h4 class=\"wp-block-heading\"><strong>Tett samarbeid er v\u00e5rt Otium<\/strong><\/h4>\n\n\n\n<p>Vi liker \u00e5 jobbe tett sammen med kundene v\u00e5re for \u00e5 skape tidl\u00f8s og funksjonell design sammen. Vi er alltid i n\u00e6rheten under design, installasjon og idriftsettelse, og v\u00e5rt engasjement slutter ikke n\u00e5r et prosjekt er fullf\u00f8rt.<\/p>\n\n\n\n<h2 class=\"wp-block-heading\"><strong>Langsiktig serviceinnstilling<\/strong><\/h2>\n\n\n\n<p>V\u00e5r serviceorganisasjon er lokalisert i hele Norden. N\u00e5r det er tid for service eller hvis du trenger hjelp med driftsproblemer, er en medarbeider fra Otium og Enviroprocess aldri langt unna. Vi vil gjerne v\u00e6re din partner og gi deg muligheten til \u00e5 skape en unik og l\u00f8nnsom spa-virksomhet som varer!<\/p>\n\n\n\n<p><\/p>","protected":false},"excerpt":{"rendered":"<p>EnviroProcess \u00e4r en komplett leverant\u00f6r f\u00f6r alla typer av spa- och wellnessmilj\u00f6er Vi erbjuder allt fr\u00e5n kallt till varmt &#8211; l\u00e4s mer om v\u00e5ra tj\u00e4nster inom Spa &amp; Wellness h\u00e4r. Allt samlat under varum\u00e4rket Otium. F\u00f6r offentliga badanl\u00e4ggningar \u00e4r tillg\u00e5ngen till bastu och spa inte bara en lyx, utan en investering i bes\u00f6karnas h\u00e4lsa. Genom [&hellip;]<\/p>\n","protected":false},"featured_media":7515,"template":"","categories":[47],"topic":[],"class_list":["post-6066","product","type-product","status-publish","has-post-thumbnail","hentry","category-segment"],"acf":[],"_links":{"self":[{"href":"https:\/\/enviroprocess.com\/nb\/wp-json\/wp\/v2\/product\/6066","targetHints":{"allow":["GET"]}}],"collection":[{"href":"https:\/\/enviroprocess.com\/nb\/wp-json\/wp\/v2\/product"}],"about":[{"href":"https:\/\/enviroprocess.com\/nb\/wp-json\/wp\/v2\/types\/product"}],"wp:featuredmedia":[{"embeddable":true,"href":"https:\/\/enviroprocess.com\/nb\/wp-json\/wp\/v2\/media\/7515"}],"wp:attachment":[{"href":"https:\/\/enviroprocess.com\/nb\/wp-json\/wp\/v2\/media?parent=6066"}],"wp:term":[{"taxonomy":"category","embeddable":true,"href":"https:\/\/enviroprocess.com\/nb\/wp-json\/wp\/v2\/categories?post=6066"},{"taxonomy":"topic","embeddable":true,"href":"https:\/\/enviroprocess.com\/nb\/wp-json\/wp\/v2\/topic?post=6066"}],"curies":[{"name":"wp","href":"https:\/\/api.w.org\/{rel}","templated":true}]}}