{"id":6065,"date":"2024-09-29T20:46:59","date_gmt":"2024-09-29T20:46:59","guid":{"rendered":"https:\/\/enviroprocess.com\/?post_type=product&#038;p=6065"},"modified":"2025-08-06T10:19:50","modified_gmt":"2025-08-06T10:19:50","slug":"valves","status":"publish","type":"product","link":"https:\/\/enviroprocess.com\/nb\/product\/valves","title":{"rendered":"Ventiler"},"content":{"rendered":"<h1 class=\"wp-block-heading\">Ventiler av h\u00f8yeste kvalitet<\/h1>\n\n\n\n<p><strong>EnviroProcess tilbyr et komplett utvalg av r\u00f8r og ventiler tilpasset alle typer badeapplikasjoner. V\u00e5re produkter er laget av materialer som PVC, PE og PP for \u00e5 sikre holdbarhet og ytelse i krevende milj\u00f8er.<\/strong><\/p>\n\n\n\n<h4 class=\"wp-block-heading\"><strong>Spjeldventiler<\/strong><\/h4>\n\n\n\n<p>Z011-ASV er en spjeldventil som er spesielt utviklet for badinstallasjoner. Ventilen passer perfekt i moderne r\u00f8rsystemer og er enkel \u00e5 betjene. Ventilhuset er laget av lettmetall (silumin) og har en bl\u00e5 Viton-foring, kombinert med et syrefast st\u00e5lspjeld, noe som gir ekstra h\u00f8y klorbestandighet og lang levetid. Z011-ASV-ventilen er maskinbearbeidet for enkel man\u00f8vrering og har en trykkklassifisering som er egnet for sv\u00f8mmebasseng (PN3). Den har vist seg \u00e5 v\u00e6re en av de mest p\u00e5litelige ventilene for europeiske sv\u00f8mmebassenger og har blitt brukt med suksess i mange \u00e5r.<\/p>\n\n\n\n<h4 class=\"wp-block-heading\"><strong>Andre ventiltyper vi tilbyr<\/strong><\/h4>\n\n\n\n<p><\/p>\n\n\n\n<ul class=\"wp-block-list\">\n<li><strong>Spjeldventil (Z011-A): <\/strong><br>Konstruert for vann- og avl\u00f8p og industri med hus av st\u00f8pejern, EPDM-f\u00f4ring og spjeld av syrefast st\u00e5l. Trykkklasse PN16.<br><br><\/li>\n\n\n\n<li><strong>Magnetventiler<\/strong>: <br>Myk lukking og direktevirkende for presis og sikker kontroll.<br><br><\/li>\n\n\n\n<li><strong>Tilbakeslagsventil for spjeld K4: <\/strong><br>Designet med full \u00e5pningsgrad og lavt trykkfall. Det har en indikator som viser om spjeldet er \u00e5pent eller lukket, og leveres med en utskiftbar fj\u00e6r.<\/li>\n<\/ul>\n\n\n\n<p><\/p>","protected":false},"excerpt":{"rendered":"<p>Ventiler som h\u00e5ller h\u00f6gsta kvalitet EnviroProcess erbjuder ett komplett r\u00f6r- och ventilprogram anpassat f\u00f6r alla typer av badapplikationer. V\u00e5ra produkter \u00e4r tillverkade av material som PVC, PE och PP f\u00f6r att s\u00e4kerst\u00e4lla h\u00e5llbarhet och prestanda i kr\u00e4vande milj\u00f6er. Vridspj\u00e4llsventiler Z011-ASV \u00e4r en vridspj\u00e4llsventil speciellt designad f\u00f6r badanl\u00e4ggningar. Ventilen passar utm\u00e4rkt i moderna r\u00f6rsystem och \u00e4r [&hellip;]<\/p>\n","protected":false},"featured_media":5903,"template":"","categories":[46],"topic":[],"class_list":["post-6065","product","type-product","status-publish","has-post-thumbnail","hentry","category-produkter"],"acf":[],"_links":{"self":[{"href":"https:\/\/enviroprocess.com\/nb\/wp-json\/wp\/v2\/product\/6065","targetHints":{"allow":["GET"]}}],"collection":[{"href":"https:\/\/enviroprocess.com\/nb\/wp-json\/wp\/v2\/product"}],"about":[{"href":"https:\/\/enviroprocess.com\/nb\/wp-json\/wp\/v2\/types\/product"}],"wp:featuredmedia":[{"embeddable":true,"href":"https:\/\/enviroprocess.com\/nb\/wp-json\/wp\/v2\/media\/5903"}],"wp:attachment":[{"href":"https:\/\/enviroprocess.com\/nb\/wp-json\/wp\/v2\/media?parent=6065"}],"wp:term":[{"taxonomy":"category","embeddable":true,"href":"https:\/\/enviroprocess.com\/nb\/wp-json\/wp\/v2\/categories?post=6065"},{"taxonomy":"topic","embeddable":true,"href":"https:\/\/enviroprocess.com\/nb\/wp-json\/wp\/v2\/topic?post=6065"}],"curies":[{"name":"wp","href":"https:\/\/api.w.org\/{rel}","templated":true}]}}