{"id":6061,"date":"2024-09-29T20:35:31","date_gmt":"2024-09-29T20:35:31","guid":{"rendered":"https:\/\/enviroprocess.com\/?post_type=product&#038;p=6061"},"modified":"2025-08-06T10:19:28","modified_gmt":"2025-08-06T10:19:28","slug":"therapy-pools-multipurpose","status":"publish","type":"product","link":"https:\/\/enviroprocess.com\/nb\/product\/therapy-pools-multipurpose","title":{"rendered":"Multibasseng og rehabiliteringsbasseng"},"content":{"rendered":"<hr class=\"wp-block-separator has-alpha-channel-opacity\"\/>\n\n\n\n<h2 class=\"wp-block-heading\">Flerbruksbasseng og terapibasseng for rehabilitering og velv\u00e6re<\/h2>\n\n\n\n<p>EnviroProcess leverer terapibasseng og flerbruksbasseng av h\u00f8y kvalitet, spesielt tilpasset rehabilitering, trening, babysv\u00f8mming og undervisning. V\u00e5re l\u00f8sninger kombinerer funksjonalitet og komfort - med fokus p\u00e5 brukernes behov, ergonomisk design, n\u00f8yaktig temperaturkontroll og hygienisk drift.<\/p>\n\n\n\n<hr class=\"wp-block-separator has-alpha-channel-opacity\"\/>\n\n\n\n<h3 class=\"wp-block-heading\"><strong>Designet for funksjon og restitusjon<\/strong><\/h3>\n\n\n\n<p><strong>Terapibasseng, multibasseng, rehabiliteringsbasseng, undervisningsbasseng, babysv\u00f8mmebasseng - det finnes mange navn p\u00e5 disse bassengene. <\/strong><\/p>\n\n\n\n<p><strong>Vi har et stort utvalg og mange muligheter<\/strong><\/p>\n\n\n\n<p>EnviroProcess tilbyr spesialdesignede terapibasseng som er ideelle for rehabilitering og terapeutisk bruk. V\u00e5re terapibassengl\u00f8sninger kombinerer funksjonalitet og komfort for \u00e5 skape et ideelt milj\u00f8 for b\u00e5de pasienter og pleiere.<\/p>\n\n\n\n<p>Terapibassengl\u00f8sningene fra EnviroProcess er utformet med brukerens behov i tankene. Bassengene v\u00e5re er laget av materialer av h\u00f8y kvalitet, ofte syrefast st\u00e5l, noe som sikrer holdbarhet og lang levetid. Bassengene er utformet for \u00e5 v\u00e6re hygieniske og enkle \u00e5 rengj\u00f8re, noe som er avgj\u00f8rende for trygg og effektiv behandling.<\/p>\n\n\n\n<h4 class=\"wp-block-heading\"><strong>Med brukerens behov i fokus<\/strong><\/h4>\n\n\n\n<p>Vi tilbyr skreddersydde terapibassenger i henhold til behov og plassforhold. V\u00e5re eksperter hjelper deg med \u00e5 planlegge og implementere den beste l\u00f8sningen for ditt anlegg<\/p>\n\n\n\n<p><strong>Viktige funksjoner<\/strong><\/p>\n\n\n\n<ul class=\"wp-block-list\">\n<li><strong>Optimal temperaturkontroll<\/strong><br>V\u00e5re bassenger har n\u00f8yaktig temperaturkontroll for \u00e5 skape det beste milj\u00f8et for ulike typer behandling.<br><br><\/li>\n\n\n\n<li><strong>Ergonomisk design<\/strong><br>Brukervennlig design med justerbare sitte- og liggeflater som passer til ulike behov.<br><br><\/li>\n\n\n\n<li><strong>Integrerte verkt\u00f8y<\/strong><br>Mulighet for \u00e5 utstyre bassenget med heiser, h\u00e5ndtak og andre hjelpemidler for \u00e5 gj\u00f8re det enklere \u00e5 bruke det.<\/li>\n<\/ul>\n\n\n\n<p><\/p>","protected":false},"excerpt":{"rendered":"<p>Multibass\u00e4nger och terapipooler f\u00f6r rehabilitering och v\u00e4lbefinnande EnviroProcess levererar h\u00f6gkvalitativa terapibass\u00e4nger och multibass\u00e4nger, s\u00e4rskilt anpassade f\u00f6r rehabilitering, tr\u00e4ning, babysim och undervisning. V\u00e5ra l\u00f6sningar kombinerar funktionalitet och komfort \u2013 med fokus p\u00e5 anv\u00e4ndarnas behov, ergonomisk design, noggrann temperaturkontroll och hygienisk drift. Utformade f\u00f6r funktion och \u00e5terh\u00e4mtning Terapipooler, multibass\u00e4ng, rehabbass\u00e4ng, undervisningsbass\u00e4ng, babysim &#8211; k\u00e4rt barn har m\u00e5nga [&hellip;]<\/p>\n","protected":false},"featured_media":4105,"template":"","categories":[46],"topic":[],"class_list":["post-6061","product","type-product","status-publish","has-post-thumbnail","hentry","category-produkter"],"acf":[],"_links":{"self":[{"href":"https:\/\/enviroprocess.com\/nb\/wp-json\/wp\/v2\/product\/6061","targetHints":{"allow":["GET"]}}],"collection":[{"href":"https:\/\/enviroprocess.com\/nb\/wp-json\/wp\/v2\/product"}],"about":[{"href":"https:\/\/enviroprocess.com\/nb\/wp-json\/wp\/v2\/types\/product"}],"wp:featuredmedia":[{"embeddable":true,"href":"https:\/\/enviroprocess.com\/nb\/wp-json\/wp\/v2\/media\/4105"}],"wp:attachment":[{"href":"https:\/\/enviroprocess.com\/nb\/wp-json\/wp\/v2\/media?parent=6061"}],"wp:term":[{"taxonomy":"category","embeddable":true,"href":"https:\/\/enviroprocess.com\/nb\/wp-json\/wp\/v2\/categories?post=6061"},{"taxonomy":"topic","embeddable":true,"href":"https:\/\/enviroprocess.com\/nb\/wp-json\/wp\/v2\/topic?post=6061"}],"curies":[{"name":"wp","href":"https:\/\/api.w.org\/{rel}","templated":true}]}}