{"id":6047,"date":"2024-09-29T19:31:22","date_gmt":"2024-09-29T19:31:22","guid":{"rendered":"https:\/\/enviroprocess.com\/?post_type=product&#038;p=6047"},"modified":"2025-08-06T10:16:04","modified_gmt":"2025-08-06T10:16:04","slug":"consumer-chemicals","status":"publish","type":"product","link":"https:\/\/enviroprocess.com\/nb\/product\/consumer-chemicals","title":{"rendered":"Kjemikalier"},"content":{"rendered":"<h1 class=\"wp-block-heading\">Kjemikalier med sikkerhet og effektivitet som n\u00f8kkelord<\/h1>\n\n\n\n<h3 class=\"wp-block-heading\"><strong>Forbrukskjemikalier for badevann - med sikkerhet og effektivitet i fokus<\/strong><\/h3>\n\n\n\n<p>EnviroProcess tilbyr et bredt utvalg av forbrukskjemikalier for sikker og effektiv vannbehandling. Vi hjelper deg med \u00e5 velge riktig produkt, overholde gjeldende forskrifter og optimalisere b\u00e5de dosering og drift - uansett type anlegg eller vannkvalitet.<\/p>\n\n\n\n<h3 class=\"wp-block-heading\"><strong>Velg riktig kjemikalie - med riktig sikkerhet<\/strong><\/h3>\n\n\n\n<ul class=\"wp-block-list\">\n<li>I henhold til Arbetsmilj\u00f6verkets forskrift (AFS 2011:19) <strong>skriftlig risikovurdering<\/strong><\/li>\n\n\n\n<li>Det m\u00e5 tas hensyn til kjemikalienes egenskaper, arbeidsmilj\u00f8et og vannkvaliteten.<\/li>\n\n\n\n<li>Vi tilbyr r\u00e5dgivning for <strong>trygt valg og h\u00e5ndtering<\/strong><\/li>\n<\/ul>\n\n\n\n<p>For \u00e5 velge riktig kjemikalie kreves det en skriftlig risikovurdering, noe som er lovp\u00e5lagt. Risikovurderingen bidrar til \u00e5 velge riktig kjemikalie og arbeidsmetode. Ved valg av produkt m\u00e5 alle h\u00e5ndteringsrisikoer vurderes, ikke bare de kjemiske risikoene. Kunnskap om kjemikaliet, dets bruk og reaksjoner er n\u00f8dvendig for \u00e5 gj\u00f8re et riktig valg. Ulike faktorer som vannkvalitet p\u00e5virker valget av kjemikalie. For mer informasjon og st\u00f8tte ved valg av kjemikalie og kjemikaliesikkerhet, se Arbeidstilsynets forskrifter (AFS 2011:19). Du kan ogs\u00e5 kontakte EnviroProcess for r\u00e5d om sikker kjemikalieh\u00e5ndtering.<\/p>\n\n\n\n<hr class=\"wp-block-separator has-alpha-channel-opacity\"\/>\n\n\n\n<h3 class=\"wp-block-heading\"><strong>Flokkuleringsmidler og P-Flock<\/strong><\/h3>\n\n\n\n<ul class=\"wp-block-list\">\n<li>P-Flock - konsentrert flokkuleringsmiddel utviklet for badevann<\/li>\n\n\n\n<li>Forhydrolysert og h\u00f8y basiskhet - ogs\u00e5 egnet for lav alkalitet<\/li>\n\n\n\n<li>Bruk med kjemisk vekt og P-flock-appen for n\u00f8yaktig dosering<\/li>\n<\/ul>\n\n\n\n<p>Optimaliser forbruket av flokkuleringsmiddel ved hjelp av v\u00e5r kjemiske skala og \"P-flock\"-appen for korrekt innstilling. P-flock er et konsentrert flokkuleringsmiddel som er spesielt utviklet for badevannsbehandling. Det bidrar til rask flokkulering og effektiv fjerning av organiske forurensninger i filtersystemet. Med pre-hydrolyse og h\u00f8y basisitet er P-flock egnet for alle typer badevann, ogs\u00e5 de med lav alkalitet.<\/p>\n\n\n\n<hr class=\"wp-block-separator has-alpha-channel-opacity\"\/>\n\n\n\n<h4 class=\"wp-block-heading\">Viktige grunnregler for god flocking<\/h4>\n\n\n\n<p><\/p>\n\n\n\n<ul class=\"wp-block-list\">\n<li>Utf\u00f8r grundig blanding ved et doseringspunkt med h\u00f8y turbulens i r\u00f8ret.<\/li>\n\n\n\n<li>Reaksjonstiden f\u00f8r filteret b\u00f8r v\u00e6re mer enn 10 sekunder for bedre resultater.<\/li>\n\n\n\n<li>Oppretthold en jevn str\u00f8mning i r\u00f8ret etter blanding, maks. 1,5 m\/s.<\/li>\n\n\n\n<li>Kontinuerlig dosering d\u00f8gnet rundt.<\/li>\n\n\n\n<li>Resultatet b\u00f8r kontrolleres ved hjelp av turbiditetsm\u00e5ler, CODMn-analyse og redoks-m\u00e5ling.<br><\/li>\n<\/ul>\n\n\n\n<hr class=\"wp-block-separator has-alpha-channel-opacity\"\/>\n\n\n\n<h3 class=\"wp-block-heading\"><strong>Salt for klorproduksjon og pH-justering<\/strong><\/h3>\n\n\n\n<ul class=\"wp-block-list\">\n<li>Salter av h\u00f8y kvalitet som oppfyller <strong>EUs biociddirektiv (528\/2012)<\/strong><\/li>\n\n\n\n<li>I henhold til standard <strong>SS-EN 16370<\/strong> for membranelektrolyse<\/li>\n\n\n\n<li>Riktig salt = f\u00e6rre nedbrytninger og biprodukter<\/li>\n<\/ul>\n\n\n\n<h4 class=\"wp-block-heading\"><\/h4>\n\n\n\n<p>For \u00e5 sikre effektiv desinfeksjon og pH-justering tilbyr vi salter av h\u00f8y kvalitet for klorproduksjon. Saltet m\u00e5 oppfylle biociddirektivet (EU) 528\/2012 og v\u00e6re utformet i henhold til EN 16370 \"Salt for elektrokjemisk produksjon av natriumhypokloritt ved bruk av membranceller\" for \u00e5 unng\u00e5 driftsforstyrrelser og biprodukter.<\/p>\n\n\n\n<p><\/p>","protected":false},"excerpt":{"rendered":"<p>Kemikalier med s\u00e4kerhet och effektivitet som ledord F\u00f6rbrukningskemikalier f\u00f6r badvatten \u2013 med s\u00e4kerhet och effektivitet i fokus EnviroProcess erbjuder ett brett sortiment av f\u00f6rbrukningskemikalier f\u00f6r s\u00e4ker och effektiv vattenrening. Vi hj\u00e4lper dig att v\u00e4lja r\u00e4tt produkt, f\u00f6lja g\u00e4llande regelverk och optimera b\u00e5de dosering och drift \u2013 oavsett anl\u00e4ggningens typ eller vattenkvalitet. V\u00e4lj r\u00e4tt kemikalie \u2013 [&hellip;]<\/p>\n","protected":false},"featured_media":9057,"template":"","categories":[46],"topic":[91,92],"class_list":["post-6047","product","type-product","status-publish","has-post-thumbnail","hentry","category-produkter","topic-consumable-chemicals","topic-chem-safety"],"acf":[],"_links":{"self":[{"href":"https:\/\/enviroprocess.com\/nb\/wp-json\/wp\/v2\/product\/6047","targetHints":{"allow":["GET"]}}],"collection":[{"href":"https:\/\/enviroprocess.com\/nb\/wp-json\/wp\/v2\/product"}],"about":[{"href":"https:\/\/enviroprocess.com\/nb\/wp-json\/wp\/v2\/types\/product"}],"wp:featuredmedia":[{"embeddable":true,"href":"https:\/\/enviroprocess.com\/nb\/wp-json\/wp\/v2\/media\/9057"}],"wp:attachment":[{"href":"https:\/\/enviroprocess.com\/nb\/wp-json\/wp\/v2\/media?parent=6047"}],"wp:term":[{"taxonomy":"category","embeddable":true,"href":"https:\/\/enviroprocess.com\/nb\/wp-json\/wp\/v2\/categories?post=6047"},{"taxonomy":"topic","embeddable":true,"href":"https:\/\/enviroprocess.com\/nb\/wp-json\/wp\/v2\/topic?post=6047"}],"curies":[{"name":"wp","href":"https:\/\/api.w.org\/{rel}","templated":true}]}}