{"id":6034,"date":"2024-09-29T18:49:10","date_gmt":"2024-09-29T18:49:10","guid":{"rendered":"https:\/\/enviroprocess.com\/?post_type=product&#038;p=6034"},"modified":"2025-08-06T10:11:04","modified_gmt":"2025-08-06T10:11:04","slug":"dosing-equipment-pumps","status":"publish","type":"product","link":"https:\/\/enviroprocess.com\/nb\/product\/dosing-equipment-pumps","title":{"rendered":"Doseringsutstyr og doseringspumper"},"content":{"rendered":"<h1 class=\"wp-block-heading\">Doseringsl\u00f8sninger med presisjon og effektivitet i hver eneste dr\u00e5pe<\/h1>\n\n\n\n<p><strong>EnviroProcess tilbyr et bredt utvalg av doseringsutstyr og doseringspumper som oppfyller de h\u00f8yeste krav til kvalitet og p\u00e5litelighet. Produktene v\u00e5re er tilpasset for \u00e5 h\u00e5ndtere ulike flytende kjemikalier, noe som gj\u00f8r dem ideelle for et bredt spekter av bruksomr\u00e5der.<\/strong><\/p>\n\n\n\n<h4 class=\"wp-block-heading\">Komplett doseringsutstyr for flytende kjemikalier<\/h4>\n\n\n\n<p>V\u00e5rt doseringsutstyr er utviklet for \u00e5 h\u00e5ndtere flytende kjemikalier som natriumhypokloritt, saltsyre, svovelsyre og flokkuleringsmidler. Med membranpumper og membranpumper med trinnmotorer tilbyr vi l\u00f8sninger som er b\u00e5de fleksible og p\u00e5litelige. Addens DD-serie er en serie membranpumper med variabel fortrengning og elektronisk styring, noe som sikrer h\u00f8y presisjon og effektivitet. Disse pumpene er kostnadseffektive og kan brukes i de fleste bruksomr\u00e5der.<\/p>\n\n\n\n<h4 class=\"wp-block-heading\">Doseringspumper med avanserte funksjoner, men enkel betjening<\/h4>\n\n\n\n<p>Alle v\u00e5re doseringspumper har n\u00f8yaktige og enkle innstillinger og lang driftstid med redusert vedlikehold. Med doseringshoder i PVC og pakninger i Viton (FKM) kan pumpene v\u00e5re h\u00e5ndtere alle vanlige badekjemikalier. De er ogs\u00e5 utstyrt med flere avanserte funksjoner, noen spesielt egnet for flokkulering og natriumhypokloritt. DDA-pumpene har et visuelt display med fargeveksling for enkel overv\u00e5king og justering.<\/p>\n\n\n\n<p>Velg EnviroProcess for p\u00e5litelige og effektive l\u00f8sninger innen doseringsutstyr og doseringspumper, tilpasset dine spesifikke behov.<\/p>","protected":false},"excerpt":{"rendered":"<p>Doserl\u00f6sningar med precision och effektivitet i varje droppe EnviroProcess erbjuder ett brett utbud av doserutrustning och doserpumpar som uppfyller de h\u00f6gsta kraven p\u00e5 kvalitet och p\u00e5litlighet. V\u00e5ra produkter \u00e4r anpassade f\u00f6r att hantera olika flytande kemikalier, vilket g\u00f6r dem idealiska f\u00f6r en rad olika till\u00e4mpningar. Komplett doserutrustning f\u00f6r flytande kemikalier V\u00e5r doserutrustning \u00e4r designad f\u00f6r [&hellip;]<\/p>\n","protected":false},"featured_media":9057,"template":"","categories":[46],"topic":[],"class_list":["post-6034","product","type-product","status-publish","has-post-thumbnail","hentry","category-produkter"],"acf":[],"_links":{"self":[{"href":"https:\/\/enviroprocess.com\/nb\/wp-json\/wp\/v2\/product\/6034","targetHints":{"allow":["GET"]}}],"collection":[{"href":"https:\/\/enviroprocess.com\/nb\/wp-json\/wp\/v2\/product"}],"about":[{"href":"https:\/\/enviroprocess.com\/nb\/wp-json\/wp\/v2\/types\/product"}],"wp:featuredmedia":[{"embeddable":true,"href":"https:\/\/enviroprocess.com\/nb\/wp-json\/wp\/v2\/media\/9057"}],"wp:attachment":[{"href":"https:\/\/enviroprocess.com\/nb\/wp-json\/wp\/v2\/media?parent=6034"}],"wp:term":[{"taxonomy":"category","embeddable":true,"href":"https:\/\/enviroprocess.com\/nb\/wp-json\/wp\/v2\/categories?post=6034"},{"taxonomy":"topic","embeddable":true,"href":"https:\/\/enviroprocess.com\/nb\/wp-json\/wp\/v2\/topic?post=6034"}],"curies":[{"name":"wp","href":"https:\/\/api.w.org\/{rel}","templated":true}]}}