{"id":6032,"date":"2024-09-29T18:41:47","date_gmt":"2024-09-29T18:41:47","guid":{"rendered":"https:\/\/enviroprocess.com\/?post_type=product&#038;p=6032"},"modified":"2025-08-08T08:19:27","modified_gmt":"2025-08-08T08:19:27","slug":"whirlpools","status":"publish","type":"product","link":"https:\/\/enviroprocess.com\/nb\/product\/whirlpools","title":{"rendered":"Boblebad"},"content":{"rendered":"<h1 class=\"wp-block-heading\">EnviroProcess boblebad- der kvalitet m\u00f8ter innovasjon<\/h1>\n\n\n\n<p><strong>EnviroProcess er en erfaren leverand\u00f8r og designer av bassenger og spa, og vi tilbyr et bredt utvalg av badestamper produsert av b\u00e5de st\u00e5l og akryl for \u00e5 dekke behovene til alle typer sv\u00f8mmeanlegg.<\/strong><\/p>\n\n\n\n<h4 class=\"wp-block-heading\">Berndorf B\u00e4derbau - det beste innen boblebad i st\u00e5l<\/h4>\n\n\n\n<p>Berndorfs boblebad er selvb\u00e6rende og laget av syrefast st\u00e5l, noe som sikrer best mulig hygiene og holdbarhet. Disse boblebadene er konstruert for \u00e5 t\u00e5le belastningen i offentlige badeanlegg med tilpasset st\u00f8rrelse, volum, gjennomstr\u00f8mning og overflatebehandling. Leveransen inkluderer overl\u00f8pskanaler med rister, rekkverk i syrefast st\u00e5l, luft- og jetmassasje og belysning. Alle Berndorf B\u00e4derbau-bassengene oppfyller gjeldende standarder og kan tilpasses med hensyn til st\u00f8rrelse og design.<\/p>\n\n\n\n<h4 class=\"wp-block-heading\">Riviera Pool - Boblebad i sanit\u00e6rakryl<\/h4>\n\n\n\n<p>Riviera Pool, en av Tysklands ledende produsenter av sanit\u00e6rbasseng i akryl, tilbyr boblebad med solid konstruksjon og lang holdbarhet. Roman Public er runde, selvb\u00e6rende boblebad med overl\u00f8psutl\u00f8p rundt hele bassenget, noe som gir et konstant vannniv\u00e5 uten smusskant. Disse boblebadene er laget av glassfiberarmert sanit\u00e6rakryl og isolert med PU-skum, og er tilgjengelige i ulike st\u00f8rrelser og vanndybder.<\/p>\n\n\n\n<h4 class=\"wp-block-heading\">Riviera Octagon - \u00e5ttekantede badestamper<\/h4>\n\n\n\n<p>Riviera Octagon Public er et selvb\u00e6rende, \u00e5ttekantet massasjebad laget av glassfiberarmert sanit\u00e6rakryl og isolert med PU-skum. Tilgjengelig i tre forskjellige st\u00f8rrelser og med to forskjellige vanndybder, noe som gj\u00f8r at de kan tilpasses ethvert milj\u00f8. Det totale overl\u00f8psdesignet gir et konstant vannniv\u00e5 uten smussrand. Bassenget har en sittebenk og to trappetrinn.<\/p>\n\n\n\n<p class=\"has-text-align-left\">Velg EnviroProcess for \u00e5 f\u00e5 en p\u00e5litelig og kvalitetssikker l\u00f8sning for badestamper i alle typer offentlige sv\u00f8mmeanlegg.<\/p>","protected":false},"excerpt":{"rendered":"<p>Velg EnviroProcess for \u00e5 f\u00e5 en p\u00e5litelig og kvalitetssikker l\u00f8sning for badestamper i alle typer offentlige sv\u00f8mmeanlegg.<\/p>","protected":false},"featured_media":2672,"template":"","categories":[46],"topic":[],"class_list":["post-6032","product","type-product","status-publish","has-post-thumbnail","hentry","category-produkter"],"acf":[],"_links":{"self":[{"href":"https:\/\/enviroprocess.com\/nb\/wp-json\/wp\/v2\/product\/6032","targetHints":{"allow":["GET"]}}],"collection":[{"href":"https:\/\/enviroprocess.com\/nb\/wp-json\/wp\/v2\/product"}],"about":[{"href":"https:\/\/enviroprocess.com\/nb\/wp-json\/wp\/v2\/types\/product"}],"wp:featuredmedia":[{"embeddable":true,"href":"https:\/\/enviroprocess.com\/nb\/wp-json\/wp\/v2\/media\/2672"}],"wp:attachment":[{"href":"https:\/\/enviroprocess.com\/nb\/wp-json\/wp\/v2\/media?parent=6032"}],"wp:term":[{"taxonomy":"category","embeddable":true,"href":"https:\/\/enviroprocess.com\/nb\/wp-json\/wp\/v2\/categories?post=6032"},{"taxonomy":"topic","embeddable":true,"href":"https:\/\/enviroprocess.com\/nb\/wp-json\/wp\/v2\/topic?post=6032"}],"curies":[{"name":"wp","href":"https:\/\/api.w.org\/{rel}","templated":true}]}}