{"id":5948,"date":"2024-09-27T14:41:55","date_gmt":"2024-09-27T14:41:55","guid":{"rendered":"https:\/\/enviroprocess.com\/?post_type=product&#038;p=5948"},"modified":"2025-08-06T09:57:39","modified_gmt":"2025-08-06T09:57:39","slug":"envirocare-maintenance","status":"publish","type":"product","link":"https:\/\/enviroprocess.com\/nb\/product\/envirocare-maintenance","title":{"rendered":"Drift og vedlikehold \/ EnviroCare"},"content":{"rendered":"<h1 class=\"wp-block-heading\">Ta kontroll over egenkontrollen din med EnviroCare<\/h1>\n\n\n\n<p><strong>Sikre din egenkontroll med v\u00e5re smarte driftsavtaler!<\/strong><br><br><strong>EnviroProcess st\u00e5r for langsiktig, b\u00e6rekraftig tenkning og milj\u00f8smarte l\u00f8sninger for vannbehandling i sv\u00f8mmebasseng og spa. Et godt drevet renseanlegg er ikke bare bedre for milj\u00f8et, det varer ogs\u00e5 lenger og reduserer driftskostnadene - en investering som skaper en stabil og b\u00e6rekraftig \u00f8konomi p\u00e5 b\u00e5de kort og lang sikt.<\/strong><\/p>\n\n\n\n<figure class=\"wp-block-image size-large\"><img fetchpriority=\"high\" decoding=\"async\" width=\"1024\" height=\"386\" src=\"https:\/\/enviroprocess.com\/wp-content\/uploads\/2024\/09\/ep-resurser-3a-1024x386.jpg\" alt=\"\" class=\"wp-image-11982\" srcset=\"https:\/\/enviroprocess.com\/wp-content\/uploads\/2024\/09\/ep-resurser-3a-1024x386.jpg 1024w, https:\/\/enviroprocess.com\/wp-content\/uploads\/2024\/09\/ep-resurser-3a-300x113.jpg 300w, https:\/\/enviroprocess.com\/wp-content\/uploads\/2024\/09\/ep-resurser-3a-768x290.jpg 768w, https:\/\/enviroprocess.com\/wp-content\/uploads\/2024\/09\/ep-resurser-3a-1536x579.jpg 1536w, https:\/\/enviroprocess.com\/wp-content\/uploads\/2024\/09\/ep-resurser-3a-18x7.jpg 18w, https:\/\/enviroprocess.com\/wp-content\/uploads\/2024\/09\/ep-resurser-3a.jpg 1800w\" sizes=\"(max-width: 1024px) 100vw, 1024px\" \/><\/figure>\n\n\n\n<h4 class=\"wp-block-heading\">To kontrakter for sikker drift av bad - EnviroCare og EnviroCare+<\/h4>\n\n\n\n<p>Med v\u00e5r ekspertise og erfaring hjelper vi operat\u00f8rer med \u00e5 drive og forbedre anleggene sine gjennom b\u00e5de fysiske og digitale tjenester.<\/p>\n\n\n\n<hr class=\"wp-block-separator has-alpha-channel-opacity\"\/>\n\n\n\n<div style=\"height:20px\" aria-hidden=\"true\" class=\"wp-block-spacer\"><\/div>\n\n\n\n<figure class=\"wp-block-image size-full is-resized\"><img decoding=\"async\" width=\"460\" height=\"460\" src=\"https:\/\/enviroprocess.com\/wp-content\/uploads\/2024\/09\/ep-resurser-3b-1.png\" alt=\"\" class=\"wp-image-11985\" style=\"width:100px\" srcset=\"https:\/\/enviroprocess.com\/wp-content\/uploads\/2024\/09\/ep-resurser-3b-1.png 460w, https:\/\/enviroprocess.com\/wp-content\/uploads\/2024\/09\/ep-resurser-3b-1-300x300.png 300w, https:\/\/enviroprocess.com\/wp-content\/uploads\/2024\/09\/ep-resurser-3b-1-150x150.png 150w, https:\/\/enviroprocess.com\/wp-content\/uploads\/2024\/09\/ep-resurser-3b-1-12x12.png 12w\" sizes=\"(max-width: 460px) 100vw, 460px\" \/><\/figure>\n\n\n\n<p><strong>B<strong>avtalen som legger grunnlaget for<\/strong><\/strong><br><br>V\u00e5r grunnleggende EnviroCare-avtale legger grunnlaget for sikker drift og vedlikehold av anlegget ditt, enten det er et spa eller et offentlig bad. Det skal v\u00e6re enkelt \u00e5 komme i gang og sette en struktur for egenkontroll, drift og vedlikehold av anlegget.<\/p>\n\n\n\n<p><strong>Driftsavtalen i korte trekk*:<\/strong><br>- En digital struktur - Rapporter, stortingsmeldinger, dokumenter, veiledninger og mye mer er tilgjengelig via EnviroHome, som du logger deg inn p\u00e5 fra nettstedet v\u00e5rt<br>- Enkel tilgang til innsamlede og lagrede data for sikker egenkontroll<br>- M\u00e5nedlig digital gjennomgang med forslag til tiltak og forbedringer<\/p>\n\n\n\n<p>* Forutsetning - En grunnleggende installasjon av Lillian Labs analyser og Lilian Labs Manager og et tilkoblet kontrollsystem med ekstern tilgang.<\/p>\n\n\n\n<div style=\"height:20px\" aria-hidden=\"true\" class=\"wp-block-spacer\"><\/div>\n\n\n\n<hr class=\"wp-block-separator has-alpha-channel-opacity\"\/>\n\n\n\n<div style=\"height:20px\" aria-hidden=\"true\" class=\"wp-block-spacer\"><\/div>\n\n\n\n<figure class=\"wp-block-image size-full is-resized\"><img decoding=\"async\" width=\"460\" height=\"460\" src=\"https:\/\/enviroprocess.com\/wp-content\/uploads\/2024\/09\/opt-ep-resurser-3b-3.png\" alt=\"\" class=\"wp-image-11989\" style=\"width:100px\" srcset=\"https:\/\/enviroprocess.com\/wp-content\/uploads\/2024\/09\/opt-ep-resurser-3b-3.png 460w, https:\/\/enviroprocess.com\/wp-content\/uploads\/2024\/09\/opt-ep-resurser-3b-3-300x300.png 300w, https:\/\/enviroprocess.com\/wp-content\/uploads\/2024\/09\/opt-ep-resurser-3b-3-150x150.png 150w, https:\/\/enviroprocess.com\/wp-content\/uploads\/2024\/09\/opt-ep-resurser-3b-3-12x12.png 12w\" sizes=\"(max-width: 460px) 100vw, 460px\" \/><\/figure>\n\n\n\n<h4 class=\"wp-block-heading\">Driftsavtalen er skreddersydd for ditt badeanlegg<\/h4>\n\n\n\n<p>Hvert anlegg er unikt, og derfor er driftsavtalen EnviroCare+ tilpasset ditt unike anlegg og din organisasjon. Med EnviroCare+ lager vi sammen en driftsplan som st\u00f8tter deg p\u00e5 de omr\u00e5dene du \u00f8nsker, helt tilpasset ditt bad og der du befinner deg i prosessen i dag.<\/p>\n\n\n\n<p><strong>Eksempler p\u00e5 operative tjenester vi tilbyr:<\/strong><br>- Prioritert oppl\u00e6ring av nye teknikere eller nyansatte innen renhold<br>- Fysisk inspeksjon i henhold til avtalt inspeksjonsplan<br>- M\u00e5nedlig digitalt tilsyn<br>- Forebyggende vedlikehold<br>- Dedikert supportlinje for hastesaker<br>- Oppf\u00f8lging av alarm- og servicesaker ved behov<br>- Overv\u00e5king av funksjon og ytelse over tid<br>- Skybasert iCON 3 - for sikker oversikt, kontroll og overv\u00e5king<br>- Lilian Manager - for organisert drift og vedlikehold<br>- Digitalt egenkontrollprogram med kalenderfunksjon for kontroll og oppf\u00f8lging<br>- \u00c5rlig funksjonstest av renseanlegget<br>- Myndighetstilpasset m\u00e5nedlig bakteriepr\u00f8vetaking (utf\u00f8res hverdager 7-16)<br>- Bakteriepr\u00f8vetaking p\u00e5 stedet i renseanlegget (utf\u00f8rt av<br>hverdager 7-16)<br>- Forbruksabonnementer Rengj\u00f8ring<br>- Forbruksabonnementer Kjemikalier<br>- Forbruksabonnementer Forbruksvarer<br>- Grundig rengj\u00f8ring av bassenget med jevne mellomrom<br>- Grundig rengj\u00f8ring av utjevningstanken med jevne mellomrom<br>- Oppl\u00e6ring for driftsteknikere (trinn 1, 2, 3)<br>- Oppl\u00e6ring for operat\u00f8rer<br>- Oppl\u00e6ring for spa- og rengj\u00f8ringspersonale<br>- Lynxight drukningsalarm (med valgfri integrering til iCON 3)<br>- Lilian Manager-integrasjon med iCON 3<br>- Utarbeidelse av en teknisk beskrivelse av renseanlegget<br>- M\u00e5ling av gjennomstr\u00f8mning<br>- M\u00e5ling av trikloramin<br>- Teknisk inventar<br>- Fargeleggingstest<\/p>\n\n\n\n<p>Forutsetning - I henhold til EnviroCares grunnavtale, men med mulighet for \u00e5 gj\u00f8re utvidede tilvalg og dermed helt tilpasset virksomhetens behov og \u00f8nsker.<\/p>","protected":false},"excerpt":{"rendered":"<p>Ta kontroll \u00f6ver din egenkontroll med EnviroCare S\u00e4kerst\u00e4ll din egenkontroll med v\u00e5ra smarta driftavtal! EnviroProcess st\u00e5r f\u00f6r l\u00e5ngsiktigt och h\u00e5llbart t\u00e4nk samt f\u00f6r milj\u00f6smarta l\u00f6sningar f\u00f6r vattenrening i pool- och spaanl\u00e4ggningar. En v\u00e4lsk\u00f6tt reningsanl\u00e4ggning \u00e4r inte bara b\u00e4ttre f\u00f6r milj\u00f6n, den h\u00e5ller l\u00e4ngre och&nbsp;minskar driftskostnaderna \u2013 en investering som skapar en stabil och h\u00e5llbar ekonomi [&hellip;]<\/p>\n","protected":false},"featured_media":12005,"template":"","categories":[45],"topic":[],"class_list":["post-5948","product","type-product","status-publish","has-post-thumbnail","hentry","category-tjanster"],"acf":[],"_links":{"self":[{"href":"https:\/\/enviroprocess.com\/nb\/wp-json\/wp\/v2\/product\/5948","targetHints":{"allow":["GET"]}}],"collection":[{"href":"https:\/\/enviroprocess.com\/nb\/wp-json\/wp\/v2\/product"}],"about":[{"href":"https:\/\/enviroprocess.com\/nb\/wp-json\/wp\/v2\/types\/product"}],"wp:featuredmedia":[{"embeddable":true,"href":"https:\/\/enviroprocess.com\/nb\/wp-json\/wp\/v2\/media\/12005"}],"wp:attachment":[{"href":"https:\/\/enviroprocess.com\/nb\/wp-json\/wp\/v2\/media?parent=5948"}],"wp:term":[{"taxonomy":"category","embeddable":true,"href":"https:\/\/enviroprocess.com\/nb\/wp-json\/wp\/v2\/categories?post=5948"},{"taxonomy":"topic","embeddable":true,"href":"https:\/\/enviroprocess.com\/nb\/wp-json\/wp\/v2\/topic?post=5948"}],"curies":[{"name":"wp","href":"https:\/\/api.w.org\/{rel}","templated":true}]}}