{"id":5946,"date":"2024-09-27T14:29:30","date_gmt":"2024-09-27T14:29:30","guid":{"rendered":"https:\/\/enviroprocess.com\/?post_type=product&#038;p=5946"},"modified":"2025-08-08T08:15:13","modified_gmt":"2025-08-08T08:15:13","slug":"action-baths","status":"publish","type":"product","link":"https:\/\/enviroprocess.com\/nb\/product\/action-baths","title":{"rendered":"Badeland"},"content":{"rendered":"<h1 class=\"wp-block-heading\">Badeland som t\u00e5ler action!<\/h1>\n\n\n\n<p><strong>Med EnviroProcess vil du oppdage gleden ved \u00e5 tilby vannlek og actionbasseng for barn og voksne i alle aldre. Vi har erfaring med \u00e5 levere det beste av alt fra mindre lekeattraksjoner og massasjestasjoner, til kule og utfordrende vannsklier og stryk. Vi tilbyr attraksjoner i b\u00e5de syrefast st\u00e5l og glassfiber, alltid med m\u00e5l om \u00e5 levere unike og trygge opplevelser og produkter av h\u00f8yeste kvalitet.<\/strong><\/p>\n\n\n\n<h4 class=\"wp-block-heading\">En p\u00e5litelig leverand\u00f8r med lang erfaring<\/h4>\n\n\n\n<p>Det h\u00f8ye kvalitets- og sikkerhetsniv\u00e5et p\u00e5 det EnviroProcess tilbyr, er et resultat av mange \u00e5rs erfaring. Vi har velutdannede medarbeidere som brenner for \u00e5 levere h\u00f8yeste kvalitet og service.<\/p>\n\n\n\n<h4 class=\"wp-block-heading\">Komplette l\u00f8sninger - One stop shop<\/h4>\n\n\n\n<p>Alle produkter leveres inkludert design, statiske beregninger, montering og sikkerhetskontroll. V\u00e5r klare m\u00e5lsetting er \u00e5 gj\u00f8re alt vi kan for \u00e5 sikre at en prosjektleder og kontaktperson er involvert i hele prosjektet. P\u00e5 den m\u00e5ten sikrer vi at den viktige balansen mellom attraktivitet og investeringskostnad optimaliseres i st\u00f8rst mulig grad.<\/p>\n\n\n\n<h4 class=\"wp-block-heading\">Sikkerhet - oppfyller T\u00dcV og europeiske standarder.<\/h4>\n\n\n\n<p>Vi tilbyr produkter som er T\u00dcV-testet i henhold til den europeiske standarden for vannsklier (EN 1069), og som er produsert og montert i henhold til den europeiske standarden (EN 1090) for st\u00e5l- og sveisekonstruksjoner.<\/p>\n\n\n\n<h4 class=\"wp-block-heading\">\"Made in Germany\" = kvalitet med 5 \u00e5rs garanti!<\/h4>\n\n\n\n<p>H\u00f8y kvalitet med garantert lang levetid. Nesten alle produktene vi tilbyr innen attraksjoner og actionbasseng er designet og produsert i Tyskland - alle med 5 \u00e5rs garanti.<\/p>\n\n\n\n<h4 class=\"wp-block-heading\">Unike opplevelser - st\u00e5l og glassfiber i en god kombinasjon<\/h4>\n\n\n\n<p>Vi tilbyr skreddersydde l\u00f8sninger basert p\u00e5 et bredt utvalg av produkter i ulike materialer. \"Avansert design i rustfritt st\u00e5l, fargerike attraksjoner i glassfiber eller hvorfor ikke en kombinasjon av begge.<\/p>","protected":false},"excerpt":{"rendered":"<p>Attraksjoner, Actionbasseng, Vannlek<\/p>","protected":false},"featured_media":7491,"template":"","categories":[46,47],"topic":[74,73,75],"class_list":["post-5946","product","type-product","status-publish","has-post-thumbnail","hentry","category-produkter","category-segment","topic-action-pool","topic-attractions","topic-water-play"],"acf":[],"_links":{"self":[{"href":"https:\/\/enviroprocess.com\/nb\/wp-json\/wp\/v2\/product\/5946","targetHints":{"allow":["GET"]}}],"collection":[{"href":"https:\/\/enviroprocess.com\/nb\/wp-json\/wp\/v2\/product"}],"about":[{"href":"https:\/\/enviroprocess.com\/nb\/wp-json\/wp\/v2\/types\/product"}],"wp:featuredmedia":[{"embeddable":true,"href":"https:\/\/enviroprocess.com\/nb\/wp-json\/wp\/v2\/media\/7491"}],"wp:attachment":[{"href":"https:\/\/enviroprocess.com\/nb\/wp-json\/wp\/v2\/media?parent=5946"}],"wp:term":[{"taxonomy":"category","embeddable":true,"href":"https:\/\/enviroprocess.com\/nb\/wp-json\/wp\/v2\/categories?post=5946"},{"taxonomy":"topic","embeddable":true,"href":"https:\/\/enviroprocess.com\/nb\/wp-json\/wp\/v2\/topic?post=5946"}],"curies":[{"name":"wp","href":"https:\/\/api.w.org\/{rel}","templated":true}]}}