{"id":5936,"date":"2024-09-27T13:48:23","date_gmt":"2024-09-27T13:48:23","guid":{"rendered":"https:\/\/enviroprocess.com\/?post_type=product&#038;p=5936"},"modified":"2025-08-06T10:05:03","modified_gmt":"2025-08-06T10:05:03","slug":"sauna","status":"publish","type":"product","link":"https:\/\/enviroprocess.com\/nb\/product\/sauna","title":{"rendered":"Badstue"},"content":{"rendered":"<h1 class=\"wp-block-heading\">Badstuel\u00f8sninger for hoteller, spa og offentlige badeanlegg<\/h1>\n\n\n\n<p><strong>EnviroProcess utvikler og leverer unike badstuel\u00f8sninger til hoteller, spa og offentlige badeanlegg. Vi har lang erfaring med \u00e5 oppfylle de h\u00f8ye kravene som stilles til unik design, funksjon, holdbarhet, hygiene og komfort. I tett samarbeid med v\u00e5re verdensledende agenturer vet vi at det vi tilbyr alltid er i forkant av de nyeste trendene innen badstue, spa og velv\u00e6re.<\/strong><\/p>\n\n\n\n<p>V\u00e5r merkevare og v\u00e5rt team i <strong>Otium Velv\u00e6re<\/strong> s\u00f8rger for at hele forsyningskjeden er komplett, fra den unike ideen om design og layout til installasjon av riktig og fungerende teknologi.<\/p>\n\n\n\n<h4 class=\"wp-block-heading\">M\u00f8t iCON-Spa-kontrollsystemet<\/h4>\n\n\n\n<p>Takket v\u00e6re det avanserte kontrollsystemet <strong>iCON Spa<\/strong> kan for eksempel temperatur, luftfuktighet og belysning styres, noe som skaper fantastiske scenarier knyttet til ulike tider og bes\u00f8ksgrupper. Badstukabinettene v\u00e5re skaper et avslappende og sunt milj\u00f8 som hjelper gjestene med \u00e5 restituere seg og f\u00f8le seg vel, noe som skaper merverdi og tilbyr noe for alle som bes\u00f8ker badet.<\/p>\n\n\n\n<h4 class=\"wp-block-heading\">Helseeffekter av ulike typer badstue<\/h4>\n\n\n\n<p><\/p>\n\n\n\n<p><strong>T\u00f8rr badstue<\/strong><br>T\u00f8rrbadstue er den klassiske formen for badstue, der h\u00f8ye temperaturer og lav luftfuktighet fremmer dyp avslapning, forbedret blodsirkulasjon og effektiv avgiftning gjennom svetting. T\u00f8rrbadstuer er ideelle for \u00e5 lindre muskelspenninger og stress.<br><br><strong>Sauna med dufttilsetning<\/strong><br>I en aromabadstue kombineres varmen med eteriske oljer som spres i hele rommet, noe som forsterker den avslappende og terapeutiske effekten. De eteriske oljene kan ha spesifikke helsefordeler, som \u00e5 lindre luftveisproblemer, redusere stress eller forbedre hum\u00f8ret.<\/p>\n\n\n\n<p><strong>Oppbl\u00e5sningsbadstue<\/strong><br>Aufgussbastu er en sosial og sanselig opplevelse der vann med eteriske oljer helles p\u00e5 varme steiner, noe som skaper en intens varme og damp. Denne formen for badstue forbedrer sirkulasjonen, \u00f8ker forbrenningen og gir en forfriskende f\u00f8lelse.<\/p>\n\n\n\n<p><strong>Dampbad (dampbadstue)<\/strong><br>Dampbadstuer har h\u00f8y luftfuktighet og lavere temperaturer enn tradisjonelle badstuer, noe som er sk\u00e5nsomt mot huden og luftveiene. Dampen \u00e5pner porene og bidrar til \u00e5 rense huden, samtidig som den lindrer luftveisproblemer og fremmer dyp avslapning.<br><\/p>\n\n\n\n<h3 class=\"wp-block-heading\">Hvorfor tilby badstuer i badeanlegg?<\/h3>\n\n\n\n<p>Badstuer forbedrer blodsirkulasjonen, lindrer stress og fremmer avslapning, noe som bidrar til b\u00e5de fysisk og psykisk helse. Ved \u00e5 inkludere badstuer i offentlige badeanlegg f\u00e5r de bes\u00f8kende en mulighet til \u00e5 kombinere trening med avslapning. Spa-anlegg tilbyr en komplett velv\u00e6reopplevelse ved \u00e5 redusere stress og forbedre s\u00f8vnkvaliteten. Disse fasilitetene skaper en oase av avslapping, noe som gj\u00f8r dem til en verdifull del av offentlige badeanlegg.<\/p>\n\n\n\n<p>Badstuer har lenge v\u00e6rt en verdsatt del av mange kulturer takket v\u00e6re de gunstige effektene de har p\u00e5 b\u00e5de kropp og sinn. Regelmessig bruk av badstue bidrar til \u00e5 forbedre blodsirkulasjonen, lindre muskelspenninger og stress og fremme dypere avslapning. Varmen fra badstuen bidrar til \u00e5 rense huden ved \u00e5 \u00e5pne porene og svette ut giftstoffer, noe som bidrar til sunnere hud og et sterkere immunforsvar.<\/p>\n\n\n\n<h3 class=\"wp-block-heading\">Badstue i sv\u00f8mmehaller og badesentre<\/h3>\n\n\n\n<p>Ved \u00e5 inkludere badstuer i offentlige badeanlegg f\u00e5r de bes\u00f8kende en mulighet til \u00e5 kombinere trening og avslapning, noe som gir en bedre helseopplevelse. I tillegg fungerer badstuer som en sosial m\u00f8teplass der folk kan slappe av og sosialisere i et avstressende milj\u00f8, noe som er spesielt viktig i en travel hverdag.<\/p>\n\n\n\n<p>Spa-fasiliteter gir ytterligere fordeler ved \u00e5 gi en komplett opplevelse av velv\u00e6re. Ved \u00e5 tilby et bredt spekter av behandlinger som massasje, hydroterapi og ansiktsbehandlinger bidrar spa til \u00e5 redusere stress, forbedre s\u00f8vnen og fremme mental klarhet. Spa-fasiliteter skaper et fristed der folk kan hente seg inn og lade batteriene, noe som er avgj\u00f8rende for helse og velv\u00e6re p\u00e5 lang sikt.<\/p>\n\n\n\n<p><\/p>","protected":false},"excerpt":{"rendered":"<p>Badstuene v\u00e5re skaper et avslappende og sunt milj\u00f8 som hjelper gjestene med \u00e5 restituere seg og f\u00f8le seg vel.<\/p>","protected":false},"featured_media":780,"template":"","categories":[46],"topic":[],"class_list":["post-5936","product","type-product","status-publish","has-post-thumbnail","hentry","category-produkter"],"acf":[],"_links":{"self":[{"href":"https:\/\/enviroprocess.com\/nb\/wp-json\/wp\/v2\/product\/5936","targetHints":{"allow":["GET"]}}],"collection":[{"href":"https:\/\/enviroprocess.com\/nb\/wp-json\/wp\/v2\/product"}],"about":[{"href":"https:\/\/enviroprocess.com\/nb\/wp-json\/wp\/v2\/types\/product"}],"wp:featuredmedia":[{"embeddable":true,"href":"https:\/\/enviroprocess.com\/nb\/wp-json\/wp\/v2\/media\/780"}],"wp:attachment":[{"href":"https:\/\/enviroprocess.com\/nb\/wp-json\/wp\/v2\/media?parent=5936"}],"wp:term":[{"taxonomy":"category","embeddable":true,"href":"https:\/\/enviroprocess.com\/nb\/wp-json\/wp\/v2\/categories?post=5936"},{"taxonomy":"topic","embeddable":true,"href":"https:\/\/enviroprocess.com\/nb\/wp-json\/wp\/v2\/topic?post=5936"}],"curies":[{"name":"wp","href":"https:\/\/api.w.org\/{rel}","templated":true}]}}