{"id":3890,"date":"2024-06-17T14:38:41","date_gmt":"2024-06-17T14:38:41","guid":{"rendered":"https:\/\/enviroprocess.com\/?post_type=product&#038;p=3890"},"modified":"2025-08-06T10:36:55","modified_gmt":"2025-08-06T10:36:55","slug":"icon","status":"publish","type":"product","link":"https:\/\/enviroprocess.com\/nb\/product\/icon","title":{"rendered":"iCON - Kontrollsystem"},"content":{"rendered":"<h1 class=\"wp-block-heading\"><strong>iCON - det smarteste og sikreste kontrollsystemet for anlegget ditt<\/strong><\/h1>\n\n\n\n<p><strong>Full tilgjengelighet og fjerninnlogging for trygghet. Med iCON-kontrollsystemet har du full tilgang til anlegget via nettleseren din, og du kan b\u00e5de overv\u00e5ke og fjernstyre anlegget, eller anleggene dine. Med fjerninnlogging har du full kontroll, og du unng\u00e5r ofte un\u00f8dvendige og kostbare utrykninger.<\/strong><\/p>\n\n\n\n<h4 class=\"wp-block-heading\"><strong>Korte fakta om iCON p\u00e5 avstand:<\/strong><\/h4>\n\n\n\n<ul class=\"wp-block-list\">\n<li>Raskere support ved at EnviroProcess f\u00e5r tilgang til driftsdata fra anlegget uten \u00e5 v\u00e6re p\u00e5 stedet<\/li>\n\n\n\n<li>Varsler via e-post og SMS<\/li>\n\n\n\n<li>F\u00e5 tilgang til alle fasilitetene dine via \u00e9n enkelt innlogging<\/li>\n\n\n\n<li>Vi tilbyr ogs\u00e5 tjenester som fjernoverv\u00e5king, driftsoptimalisering og mye mer<\/li>\n<\/ul>\n\n\n\n<hr class=\"wp-block-separator has-alpha-channel-opacity is-style-dots\"\/>\n\n\n\n<h4 class=\"wp-block-heading\"><strong>iCON 3.0 - den smarteste og sikreste m\u00e5ten \u00e5 kontrollere anlegget ditt p\u00e5<\/strong><\/h4>\n\n\n\n<p>EnviroProcess har lansert iCON 3.0, en raskere og sikrere versjon av v\u00e5rt web-baserte styringssystem for drift av bad og spa. iCON 3.0 gir deg full kontroll med et enkelt og brukervennlig grensesnitt tilpasset b\u00e5de datamaskiner og nettbrett. Systemet er skalerbart slik at det passer b\u00e5de sm\u00e5 og store anlegg.<\/p>\n\n\n\n<h4 class=\"wp-block-heading\"><strong>Nye funksjoner og full fleksibilitet<\/strong><\/h4>\n\n\n\n<p>iCON 3.0 byr p\u00e5 nye funksjoner som gir bedre oversikt og kontroll, enten du har et lite massasjebad eller en stor gruppe. Med ECO-funksjonene kan du optimalisere energi-, vann- og kjemikalieforbruket og spare kostnader.<\/p>\n\n\n\n<h4 class=\"wp-block-heading\"><strong>Full tilgjengelighet og sikkerhet<\/strong><\/h4>\n\n\n\n<p>Overv\u00e5k og kontroller anlegget via nettlesere som Chrome, med mulighet for ekstern p\u00e5logging for full kontroll og reduserte utrykningskostnader.<\/p>\n\n\n\n<h4 class=\"wp-block-heading\"><strong>Klar for fremtiden<\/strong><\/h4>\n\n\n\n<p>iCON 3.0 er bygget p\u00e5 en ny plattform med den nyeste teknologien, og er klar for fremtidig utvikling. Vi demonstrerer gjerne fordelene med systemet, enten p\u00e5 stedet eller via nettet.<\/p>\n\n\n\n<h4 class=\"wp-block-heading\">iCON Connect - Tjenester - Trygghet og sikkerhet<\/h4>\n\n\n\n<p><\/p>\n\n\n\n<div class=\"wp-block-columns is-layout-flex wp-container-core-columns-is-layout-28f84493 wp-block-columns-is-layout-flex\">\n<div class=\"wp-block-column is-layout-flow wp-block-column-is-layout-flow\">\n<p><strong>iCON Connect - m\u00e5nedlig abonnement knyttet til iCON<\/strong><br>Enkel tilgang til anlegget ditt via EnviroProcess' sikre servere. Raskere support ved at EnviroProcess kan f\u00e5 tilgang til anleggets driftsdata uten \u00e5 v\u00e6re p\u00e5 stedet.<br><br><strong>Varsler via e-post og SMS<\/strong><br>F\u00e5 tilgang til alle anleggene dine med bare \u00e9n p\u00e5logging. iCON Connect PRO - Slipp l\u00f8s potensialet i iCON-systemet ditt.<br><br><strong>Ukentlig oversikt<\/strong><br>Hver uke g\u00e5r vi gjennom de viktigste hygienetrendene og varslene. Vi tar en rask oversikt over anlegget, s\u00f8rger for at det fungerer som det skal, og kontakter deg hvis vi oppdager noe unormalt eller trenger en grundigere analyse.<br><\/p>\n<\/div>\n\n\n\n<div class=\"wp-block-column is-layout-flow wp-block-column-is-layout-flow\">\n<p><strong>M\u00e5nedlig analyse<\/strong><br>En gang i m\u00e5neden g\u00e5r vi gjennom systemet og analyserer langtidstrender, alarmlister, parameterinnstillinger og forbruk, og gir tilbakemelding hvis det er noe som m\u00e5 rettes opp.<\/p>\n\n\n\n<p><strong>Optimalisering av driften<\/strong><br>En gang i \u00e5ret g\u00e5r vi gjennom systemet og gj\u00f8r en grundig analyse av trender, alarmer, grenseverdier og optimaliserer anlegget, samt korrigerer og rapporterer tiltaksforslag som ligger til grunn for \u00e5 kunne gi st\u00f8tte i hvordan anlegget kan driftes optimalt med tanke p\u00e5 parametere og vedlikehold. For \u00e5 optimalisere driften ytterligere vil en driftstekniker kontakte deg for \u00e5 utf\u00f8re driftsoppf\u00f8lging med dine ansatte.<\/p>\n<\/div>\n<\/div>\n\n\n\n<div class=\"wp-block-media-text is-stacked-on-mobile\"><figure class=\"wp-block-media-text__media\"><img fetchpriority=\"high\" decoding=\"async\" width=\"1024\" height=\"570\" src=\"https:\/\/enviroprocess.com\/wp-content\/uploads\/2024\/06\/iCON-surfplatta-dator_Rityta-1-1024x570.png\" alt=\"iCON - en smartere m\u00e5te \u00e5 kontrollere anlegget ditt p\u00e5\" class=\"wp-image-3904 size-full\" srcset=\"https:\/\/enviroprocess.com\/wp-content\/uploads\/2024\/06\/iCON-surfplatta-dator_Rityta-1-1024x570.png 1024w, https:\/\/enviroprocess.com\/wp-content\/uploads\/2024\/06\/iCON-surfplatta-dator_Rityta-1-300x167.png 300w, https:\/\/enviroprocess.com\/wp-content\/uploads\/2024\/06\/iCON-surfplatta-dator_Rityta-1-768x427.png 768w, https:\/\/enviroprocess.com\/wp-content\/uploads\/2024\/06\/iCON-surfplatta-dator_Rityta-1-1536x855.png 1536w, https:\/\/enviroprocess.com\/wp-content\/uploads\/2024\/06\/iCON-surfplatta-dator_Rityta-1-2048x1140.png 2048w, https:\/\/enviroprocess.com\/wp-content\/uploads\/2024\/06\/iCON-surfplatta-dator_Rityta-1-18x10.png 18w\" sizes=\"(max-width: 1024px) 100vw, 1024px\" \/><\/figure><div class=\"wp-block-media-text__content\">\n<p class=\"has-small-font-size\"><strong>Har du allerede et anlegg som er utstyrt med en tidligere versjon av iCON?<\/strong><br>De fleste anlegg som i dag har en tidligere versjon av iCON, kan oppgraderes til den nye iCON 3.0. Kontakt oss for mer informasjon.<\/p>\n<\/div><\/div>\n\n\n\n<p class=\"has-small-font-size\"><\/p>\n\n\n\n<figure class=\"wp-block-embed is-type-video is-provider-youtube wp-block-embed-youtube wp-embed-aspect-16-9 wp-has-aspect-ratio\"><div class=\"wp-block-embed__wrapper\">\n<iframe title=\"iCON - et smartere kontrollsystem i konstant utvikling\" width=\"800\" height=\"450\" src=\"https:\/\/www.youtube.com\/embed\/u_bxfDxI6Zo?feature=oembed\" frameborder=\"0\" allow=\"accelerometer; autoplay; clipboard-write; encrypted-media; gyroscope; picture-in-picture; web-share\" referrerpolicy=\"strict-origin-when-cross-origin\" allowfullscreen><\/iframe>\n<\/div><\/figure>","protected":false},"excerpt":{"rendered":"<p>iCON er den smarteste og sikreste m\u00e5ten \u00e5 kontrollere anlegget ditt p\u00e5.<\/p>","protected":false},"featured_media":3903,"template":"","categories":[46],"topic":[],"class_list":["post-3890","product","type-product","status-publish","has-post-thumbnail","hentry","category-produkter"],"acf":[],"_links":{"self":[{"href":"https:\/\/enviroprocess.com\/nb\/wp-json\/wp\/v2\/product\/3890","targetHints":{"allow":["GET"]}}],"collection":[{"href":"https:\/\/enviroprocess.com\/nb\/wp-json\/wp\/v2\/product"}],"about":[{"href":"https:\/\/enviroprocess.com\/nb\/wp-json\/wp\/v2\/types\/product"}],"wp:featuredmedia":[{"embeddable":true,"href":"https:\/\/enviroprocess.com\/nb\/wp-json\/wp\/v2\/media\/3903"}],"wp:attachment":[{"href":"https:\/\/enviroprocess.com\/nb\/wp-json\/wp\/v2\/media?parent=3890"}],"wp:term":[{"taxonomy":"category","embeddable":true,"href":"https:\/\/enviroprocess.com\/nb\/wp-json\/wp\/v2\/categories?post=3890"},{"taxonomy":"topic","embeddable":true,"href":"https:\/\/enviroprocess.com\/nb\/wp-json\/wp\/v2\/topic?post=3890"}],"curies":[{"name":"wp","href":"https:\/\/api.w.org\/{rel}","templated":true}]}}