{"id":6591,"date":"2024-10-07T11:32:19","date_gmt":"2024-10-07T11:32:19","guid":{"rendered":"https:\/\/enviroprocess.com\/?page_id=6591"},"modified":"2024-10-20T11:16:02","modified_gmt":"2024-10-20T11:16:02","slug":"enviroprocess-oy-finland-industry","status":"publish","type":"page","link":"https:\/\/enviroprocess.com\/nb\/enviroprocess-oy-finland-industry","title":{"rendered":"EnviroProcess OY Finland Industri"},"content":{"rendered":"<div data-elementor-type=\"wp-page\" data-elementor-id=\"6591\" class=\"elementor elementor-6591\" data-elementor-post-type=\"page\">\n\t\t\t\t<div class=\"elementor-element elementor-element-ee10e72 e-con-full e-flex e-con e-parent\" data-id=\"ee10e72\" data-element_type=\"container\" data-e-type=\"container\">\n\t\t\t\t<div class=\"elementor-element elementor-element-a36ae17 elementor-widget elementor-widget-template\" data-id=\"a36ae17\" data-element_type=\"widget\" data-e-type=\"widget\" data-widget_type=\"template.default\">\n\t\t\t\t<div class=\"elementor-widget-container\">\n\t\t\t\t\t\t\t<div class=\"elementor-template\">\n\t\t\t\t\t<div data-elementor-type=\"container\" data-elementor-id=\"8368\" class=\"elementor elementor-8368\" data-elementor-post-type=\"elementor_library\">\n\t\t\t\t<div class=\"elementor-element elementor-element-76d5f0ab e-flex e-con-boxed e-con e-child\" data-id=\"76d5f0ab\" data-element_type=\"container\" data-e-type=\"container\" data-settings=\"{&quot;background_background&quot;:&quot;classic&quot;}\">\n\t\t\t\t\t<div class=\"e-con-inner\">\n\t\t\t\t\t<\/div>\n\t\t\t\t<\/div>\n\t\t\t\t<\/div>\n\t\t\t\t<\/div>\n\t\t\t\t\t\t<\/div>\n\t\t\t\t<\/div>\n\t\t\t\t<\/div>\n\t\t<div class=\"elementor-element elementor-element-5432aba e-flex e-con-boxed e-con e-parent\" data-id=\"5432aba\" data-element_type=\"container\" data-e-type=\"container\" data-settings=\"{&quot;background_background&quot;:&quot;classic&quot;}\">\n\t\t\t\t\t<div class=\"e-con-inner\">\n\t\t<div class=\"elementor-element elementor-element-5ec3d45 e-flex e-con-boxed e-con e-child\" data-id=\"5ec3d45\" data-element_type=\"container\" data-e-type=\"container\" data-settings=\"{&quot;background_background&quot;:&quot;classic&quot;}\">\n\t\t\t\t\t<div class=\"e-con-inner\">\n\t\t\t\t<div class=\"elementor-element elementor-element-c323eb9 elementor-widget elementor-widget-heading\" data-id=\"c323eb9\" data-element_type=\"widget\" data-e-type=\"widget\" data-widget_type=\"heading.default\">\n\t\t\t\t<div class=\"elementor-widget-container\">\n\t\t\t\t\t<h1 class=\"elementor-heading-title elementor-size-default\">EnviroProcess OY Finland Industri<\/h1>\t\t\t\t<\/div>\n\t\t\t\t<\/div>\n\t\t\t\t<div class=\"elementor-element elementor-element-64777ff elementor-widget-divider--view-line elementor-widget elementor-widget-divider\" data-id=\"64777ff\" data-element_type=\"widget\" data-e-type=\"widget\" data-widget_type=\"divider.default\">\n\t\t\t\t<div class=\"elementor-widget-container\">\n\t\t\t\t\t\t\t<div class=\"elementor-divider\">\n\t\t\t<span class=\"elementor-divider-separator\">\n\t\t\t\t\t\t<\/span>\n\t\t<\/div>\n\t\t\t\t\t\t<\/div>\n\t\t\t\t<\/div>\n\t\t\t\t\t<\/div>\n\t\t\t\t<\/div>\n\t\t\t\t\t<\/div>\n\t\t\t\t<\/div>\n\t\t<div class=\"elementor-element elementor-element-4f607cb0 e-flex e-con-boxed e-con e-parent\" data-id=\"4f607cb0\" data-element_type=\"container\" data-e-type=\"container\">\n\t\t\t\t\t<div class=\"e-con-inner\">\n\t\t\t\t<div class=\"elementor-element elementor-element-3e6edb94 elementor-widget elementor-widget-text-editor\" data-id=\"3e6edb94\" data-element_type=\"widget\" data-e-type=\"widget\" data-widget_type=\"text-editor.default\">\n\t\t\t\t<div class=\"elementor-widget-container\">\n\t\t\t\t\t\t\t\t\t\n<p><strong>VANNPROSESS MED SERVICE OG KUNNSKAP<\/strong><br \/>EnviroProcess arbeider p\u00e5 mange forskjellige m\u00e5ter med vannbehandling i flere bransjer og lar derfor ikke konservative tradisjoner hindre oss i \u00e5 tenke utenfor boksen. Tvert imot lar vi de ulike bransjene inspirere hverandre til nye ideer som i sin tur f\u00f8rer til rimelige, attraktive og milj\u00f8smarte l\u00f8sninger for kundene v\u00e5re. Sammen med noen av verdens st\u00f8rste leverand\u00f8rer innen vannbehandling tilbyr vi del- og totall\u00f8sninger innen s\u00e5 godt som alle typer vannprosesser p\u00e5 det nordiske markedet.<\/p>\n\n<p><strong>EN PARTNER I HELE NORDEN<\/strong><br \/>Enten det dreier seg om et produkt, et enkelt system eller en komplett funksjonskontrakt, slutter ikke engasjementet v\u00e5rt etter leveransen. V\u00e5r ambisjon er alltid \u00e5 v\u00e6re en partner over tid. Serviceteamet v\u00e5rt er derfor alltid i n\u00e6rheten av kundene v\u00e5re for rask feils\u00f8king, service, vedlikehold og annen teknisk st\u00f8tte - vi liker service, rett og slett.<\/p>\n\n<p><strong>FRA JORD TIL BORD<\/strong><br \/>Vi kan tilby deg hele kjeden, fra r\u00e5dgivning, CAD\/design, prosjektledelse, installasjon, service og vedlikehold.<\/p>\n\n<p><strong>ET SKRITT N\u00c6RMERE?<\/strong><br \/>N\u00e5 som du er inne p\u00e5 denne nettsiden, er du et stort skritt n\u00e6rmere alt det EnviroProcess har \u00e5 tilby innen vannbehandling. Vi er overbevist om at vi kan tilby b\u00e5de spennende og kostnadseffektive l\u00f8sninger, og h\u00e5per p\u00e5 et fremtidig samarbeid.<\/p>\n\n<p><strong>VI TILBYR DEL- OG TOTALL\u00d8SNINGER FOR PRAKTISK TALT ALLE TYPER VANNBEHANDLING<\/strong><\/p>\n\n<p><strong>STERILSENTRAL FOR MEDISINSK TEKNOLOGI<\/strong><br \/>Systemer for behandling av rent og ultrarent vann er ideelle for bruksomr\u00e5der i helsesektoren. Maksimal vannkvalitet for maksimal sikkerhet.<\/p>\n\n<p><strong>TERMISK \/ KJEMISK DESINFEKSJON<\/strong><br \/>V\u00e5rt s\u00f8sterselskap EnviroDTS har spesialisert seg p\u00e5 rensing for \u00e5 fjerne smittsomme og radioaktive stoffer i avl\u00f8psvann fra industri, sykehus og forskningsinstitutter. Kontakt oss hvis du har sp\u00f8rsm\u00e5l!<\/p>\n\n<div class=\"wp-block-media-text is-stacked-on-mobile\">\n<figure class=\"wp-block-media-text__media\"><img fetchpriority=\"high\" decoding=\"async\" width=\"367\" height=\"550\" class=\"wp-image-6373 size-full\" src=\"https:\/\/enviroprocess.com\/wp-content\/uploads\/2024\/10\/produkter_367\u00d7 550.jpg\" alt=\"Vi tilbyr et bredt spekter av markedsledende produkter, fra forbruksvarer til store, komplekse systemer, skreddersydd for \u00e5 dekke alle dine vannbehandlingsbehov. Gjennom v\u00e5re eksklusive agenturer tilbyr vi de mest avanserte l\u00f8sningene p\u00e5 markedet, slik at du alltid har tilgang til p\u00e5litelige produkter av h\u00f8y kvalitet. Enten du er ute etter sm\u00e5 deler eller komplette systeml\u00f8sninger, kan vi hjelpe deg med \u00e5 finne det rette produktet for ditt anlegg og din virksomhet.\" srcset=\"https:\/\/enviroprocess.com\/wp-content\/uploads\/2024\/10\/produkter_367\u00d7\u200a550.jpg 367w, https:\/\/enviroprocess.com\/wp-content\/uploads\/2024\/10\/produkter_367\u00d7\u200a550-200x300.jpg 200w, https:\/\/enviroprocess.com\/wp-content\/uploads\/2024\/10\/produkter_367\u00d7\u200a550-8x12.jpg 8w\" sizes=\"(max-width: 367px) 100vw, 367px\" \/><\/figure>\n<div class=\"wp-block-media-text__content\">\n<p><strong><br \/>ULTRARENT LAB<\/strong><\/p>\n\n<p>V\u00e5re eksperter gir r\u00e5d, designer og produserer vannbehandlingsanlegg som er optimalisert for dine behov og bruksomr\u00e5der<\/p>\n\n<p>Det finske teamet v\u00e5rt har lang erfaring med utfordringene knyttet til vannbehov p\u00e5 sykehus.<\/p>\n\n<p>Vi hjelper deg med \u00e5 finne den mest kostnadseffektive l\u00f8sningen. Fra sm\u00e5 enkeltprodukter til st\u00f8rre systemer.<\/p>\n<\/div>\n<\/div>\n\n<p>\u00a0<\/p>\n\t\t\t\t\t\t\t\t<\/div>\n\t\t\t\t<\/div>\n\t\t\t\t\t<\/div>\n\t\t\t\t<\/div>\n\t\t\t\t<\/div>","protected":false},"excerpt":{"rendered":"<p>EnviroProcess OY Finland Industry VATTENPROCESS MED SERVICE OCH KUNSKAPEnviroProcess jobbar p\u00e5 m\u00e5nga olika s\u00e4tt med vattenbehandling inom flera branscher och l\u00e5ter d\u00e4rf\u00f6r inte konservativa traditioner hindra oss fr\u00e5n att t\u00e4nka utanf\u00f6r boxen. Tv\u00e4rtom s\u00e5 l\u00e5ter vi ist\u00e4llet de olika bransch omr\u00e5dena inspirera varandra till nya id\u00e9er som i sin tur leder till prisv\u00e4rda, attraktiva och [&hellip;]<\/p>\n","protected":false},"author":2,"featured_media":0,"parent":0,"menu_order":0,"comment_status":"closed","ping_status":"closed","template":"","meta":{"_acf_changed":false,"footnotes":""},"class_list":["post-6591","page","type-page","status-publish","hentry"],"acf":[],"_links":{"self":[{"href":"https:\/\/enviroprocess.com\/nb\/wp-json\/wp\/v2\/pages\/6591","targetHints":{"allow":["GET"]}}],"collection":[{"href":"https:\/\/enviroprocess.com\/nb\/wp-json\/wp\/v2\/pages"}],"about":[{"href":"https:\/\/enviroprocess.com\/nb\/wp-json\/wp\/v2\/types\/page"}],"author":[{"embeddable":true,"href":"https:\/\/enviroprocess.com\/nb\/wp-json\/wp\/v2\/users\/2"}],"replies":[{"embeddable":true,"href":"https:\/\/enviroprocess.com\/nb\/wp-json\/wp\/v2\/comments?post=6591"}],"version-history":[{"count":7,"href":"https:\/\/enviroprocess.com\/nb\/wp-json\/wp\/v2\/pages\/6591\/revisions"}],"predecessor-version":[{"id":8944,"href":"https:\/\/enviroprocess.com\/nb\/wp-json\/wp\/v2\/pages\/6591\/revisions\/8944"}],"wp:attachment":[{"href":"https:\/\/enviroprocess.com\/nb\/wp-json\/wp\/v2\/media?parent=6591"}],"curies":[{"name":"wp","href":"https:\/\/api.w.org\/{rel}","templated":true}]}}