{"id":3477,"date":"2024-05-30T20:24:02","date_gmt":"2024-05-30T20:24:02","guid":{"rendered":"https:\/\/enviroprocess.com\/?page_id=3477"},"modified":"2024-10-20T11:31:53","modified_gmt":"2024-10-20T11:31:53","slug":"gdpr","status":"publish","type":"page","link":"https:\/\/enviroprocess.com\/nb\/gdpr","title":{"rendered":"GDPR"},"content":{"rendered":"<div data-elementor-type=\"wp-page\" data-elementor-id=\"3477\" class=\"elementor elementor-3477\" data-elementor-post-type=\"page\">\n\t\t\t\t<div class=\"elementor-element elementor-element-659fefd e-con-full e-flex e-con e-parent\" data-id=\"659fefd\" data-element_type=\"container\" data-e-type=\"container\">\n\t\t\t\t<div class=\"elementor-element elementor-element-9bb018a elementor-widget elementor-widget-template\" data-id=\"9bb018a\" data-element_type=\"widget\" data-e-type=\"widget\" data-widget_type=\"template.default\">\n\t\t\t\t<div class=\"elementor-widget-container\">\n\t\t\t\t\t\t\t<div class=\"elementor-template\">\n\t\t\t\t\t<div data-elementor-type=\"container\" data-elementor-id=\"8368\" class=\"elementor elementor-8368\" data-elementor-post-type=\"elementor_library\">\n\t\t\t\t<div class=\"elementor-element elementor-element-76d5f0ab e-flex e-con-boxed e-con e-child\" data-id=\"76d5f0ab\" data-element_type=\"container\" data-e-type=\"container\" data-settings=\"{&quot;background_background&quot;:&quot;classic&quot;}\">\n\t\t\t\t\t<div class=\"e-con-inner\">\n\t\t\t\t\t<\/div>\n\t\t\t\t<\/div>\n\t\t\t\t<\/div>\n\t\t\t\t<\/div>\n\t\t\t\t\t\t<\/div>\n\t\t\t\t<\/div>\n\t\t\t\t<\/div>\n\t\t<div class=\"elementor-element elementor-element-938c816 e-flex e-con-boxed e-con e-parent\" data-id=\"938c816\" data-element_type=\"container\" data-e-type=\"container\" data-settings=\"{&quot;background_background&quot;:&quot;classic&quot;}\">\n\t\t\t\t\t<div class=\"e-con-inner\">\n\t\t<div class=\"elementor-element elementor-element-607b1c9 e-flex e-con-boxed e-con e-child\" data-id=\"607b1c9\" data-element_type=\"container\" data-e-type=\"container\" data-settings=\"{&quot;background_background&quot;:&quot;classic&quot;}\">\n\t\t\t\t\t<div class=\"e-con-inner\">\n\t\t\t\t<div class=\"elementor-element elementor-element-aac842b elementor-widget__width-initial elementor-widget elementor-widget-heading\" data-id=\"aac842b\" data-element_type=\"widget\" data-e-type=\"widget\" data-widget_type=\"heading.default\">\n\t\t\t\t<div class=\"elementor-widget-container\">\n\t\t\t\t\t<h1 class=\"elementor-heading-title elementor-size-default\">RETNINGSLINJER FOR PERSONVERN<span style=\"font-weight: 300\"> <br>FOR ENVIROPROCESS AB<\/span><\/h1>\t\t\t\t<\/div>\n\t\t\t\t<\/div>\n\t\t\t\t<div class=\"elementor-element elementor-element-8285ce9 elementor-widget-divider--view-line elementor-widget elementor-widget-divider\" data-id=\"8285ce9\" data-element_type=\"widget\" data-e-type=\"widget\" data-widget_type=\"divider.default\">\n\t\t\t\t<div class=\"elementor-widget-container\">\n\t\t\t\t\t\t\t<div class=\"elementor-divider\">\n\t\t\t<span class=\"elementor-divider-separator\">\n\t\t\t\t\t\t<\/span>\n\t\t<\/div>\n\t\t\t\t\t\t<\/div>\n\t\t\t\t<\/div>\n\t\t\t\t\t<\/div>\n\t\t\t\t<\/div>\n\t\t\t\t\t<\/div>\n\t\t\t\t<\/div>\n\t\t<div class=\"elementor-element elementor-element-95cafc0 e-flex e-con-boxed e-con e-parent\" data-id=\"95cafc0\" data-element_type=\"container\" data-e-type=\"container\">\n\t\t\t\t\t<div class=\"e-con-inner\">\n\t\t<div class=\"elementor-element elementor-element-6d810f8 e-flex e-con-boxed e-con e-child\" data-id=\"6d810f8\" data-element_type=\"container\" data-e-type=\"container\" data-settings=\"{&quot;background_background&quot;:&quot;classic&quot;}\">\n\t\t\t\t\t<div class=\"e-con-inner\">\n\t\t\t\t<div class=\"elementor-element elementor-element-c698cd8 elementor-widget elementor-widget-text-editor\" data-id=\"c698cd8\" data-element_type=\"widget\" data-e-type=\"widget\" data-widget_type=\"text-editor.default\">\n\t\t\t\t<div class=\"elementor-widget-container\">\n\t\t\t\t\t\t\t\t\t<h4><b>Hvordan vi behandler personopplysningene dine<\/b><\/h4><p>Enviroprocess Sweden AB med org.nr: 556275-2898 (EnviroProcess AB) er ansvarlig for behandlingen av dine personopplysninger som er relevante i v\u00e5rt forretningsforhold. For oss er det en selvf\u00f8lge \u00e5 ivareta ditt personvern og beskytte disse opplysningene i henhold til gjeldende lovgivning og bransjeregler.<\/p><p>Vi vil kunne kontakte deg via e-post, telefon, SMS eller post. Personopplysninger kan omfatte: navn, postadresse, e-postadresse, spr\u00e5kpreferanser, telefonnummer, stillingstittel og bransje.<br \/><br \/><\/p><h4><b>Typer data vi samler inn<\/b><\/h4><p>Vi samler inn personopplysninger som du frivillig gir til oss, for eksempel n\u00e5r du deltar p\u00e5 v\u00e5re arrangementer, velger \u00e5 abonnere p\u00e5 et av v\u00e5re nyhetsbrev, kommuniserer med oss via e-post eller andre kanaler der du registrerer deg. Opplysningene vi samler inn, omfatter navn, postadresse, e-postadresse, spr\u00e5kpreferanser, telefonnummer, stillingstittel og bransje.<br \/><br \/><\/p><h4><b>Du som mottar markedsf\u00f8ring eller annen informasjon fra oss i din profesjonelle kapasitet.<\/b><\/h4><p>Med profesjonell rolle menes alle eksisterende og potensielle kunder, bes\u00f8kende eller potensielle bes\u00f8kende p\u00e5 messer eller andre arrangementer, seminarer og oppl\u00e6ringsprogrammer.<\/p><p>\u00a0For \u00e5 kunne melde deg p\u00e5 et arrangement, seminar, messe eller oppl\u00e6ringsprogram m\u00e5 du oppgi visse personopplysninger til oss. Hvilke opplysninger som er obligatoriske, finner du p\u00e5 registreringsskjemaet n\u00e5r du registrerer deg. Disse opplysningene er n\u00f8dvendige for at du skal kunne registrere deg hos oss. Hvis du ikke fyller ut opplysningene, vil du ikke kunne fullf\u00f8re registreringen.<br \/><br \/><\/p><h4><b>N\u00e5r du bes\u00f8ker et av v\u00e5re arrangementer i din profesjonelle rolle, behandler vi personopplysningene dine for f\u00f8lgende hovedform\u00e5l:<\/b><\/h4><ul><li>Slik registrerer og administrerer du p\u00e5meldingen din til arrangementet<\/li><li>For \u00e5 kommunisere med deg f\u00f8r og under arrangementet, f.eks. for \u00e5 sende deg informasjon<\/li><li>For \u00e5 sende deg informasjon og reklamemateriell om arrangementet og om lignende arrangementer som vi tror du kan v\u00e6re interessert i.<br \/><br \/><\/li><\/ul><h4><b>N\u00e5r du har meldt deg p\u00e5 et av v\u00e5re arrangementer, vil v\u00e5r kommunikasjon til deg best\u00e5 av<\/b><\/h4><ul><li>En bekreftelse per e-post, SMS eller post<\/li><li>Mulig faktura per post eller e-post<\/li><li>E-post med informasjon, nyhetsbrev og markedsf\u00f8ring om arrangementet og lignende arrangementer som vi tror du kan v\u00e6re interessert i<\/li><li>Nyhetsbrev om EnviroProcess' aktiviteter og produktutvalg<\/li><li>E-post med markedsunders\u00f8kelser om arrangementet<br \/><br \/><\/li><\/ul><h4><b>Du kan n\u00e5r som helst velge \u00e5 avregistrere deg fra viss informasjon eller velge \u00e5 bli slettet.\u00a0<\/b><\/h4><p>Avbestilling og rett til \u00e5 bli slettet.<\/p><p>Du har alltid mulighet til \u00e5 avregistrere deg fra informasjon som kommer fra EnviroProcess AB, og kan velge hvilken informasjon du \u00f8nsker \u00e5 motta. Dette gj\u00f8r du ved \u00e5 klikke p\u00e5 info.se@enviroprocess.com<\/p><p>Du har ogs\u00e5 rett til \u00e5 bli fjernet fra kundedatabasen v\u00e5r, og fra den datoen du varsler oss, vil du bli fjernet innen 90 dager.<\/p><p>Du har rett til n\u00e5r som helst \u00e5 protestere mot behandling av personopplysningene dine basert p\u00e5 en berettiget interesse, for eksempel n\u00e5r du mottar et nyhetsbrev. Dette gjelder imidlertid ikke hvis vi kan p\u00e5vise tvingende berettigede grunner for behandlingen som veier tyngre enn disse grunnene, eller hvis det er for \u00e5 fastsette, gj\u00f8re gjeldende eller forsvare rettskrav.<br \/><br \/><\/p><h4><b>Rensing og oppdatering av databasen<\/b><\/h4><p>For oss er det viktig \u00e5 ha en n\u00f8yaktig kundedatabase, og vi har ressurser som :<\/p><ul><li>Rengj\u00f8r og oppdaterer kundedatabasen kontinuerlig.<\/li><li>Rydder opp i e-poster som kommer i retur, og oppdaterer postjournaler etter returforsendelser.<br \/><br \/><\/li><\/ul><h4><b>Rett til \u00e5 inngi klage<\/b><\/h4><p>Du har rett til \u00e5 klage til en kompetent tilsynsmyndighet (uten at det ber\u00f8rer andre administrative klageprosedyrer eller rettsmidler). En slik klage inngis best til myndigheten i den EU\/E\u00d8S-medlemsstaten der du er bosatt, der du arbeider eller der det p\u00e5st\u00e5s at det har skjedd et brudd p\u00e5 gjeldende personvernlover og -regler. Den kompetente tilsynsmyndigheten i Sverige er Datainspektionen.<br \/><br \/><\/p><h4><b>Hvordan kommer du i kontakt med oss?<\/b><\/h4><p>Hvis du har sp\u00f8rsm\u00e5l om hvordan vi behandler personopplysningene dine, eller hvis du \u00f8nsker \u00e5 ut\u00f8ve noen av rettighetene dine som er beskrevet ovenfor, kan du kontakte oss.<br \/><br \/><\/p><p><b>V\u00e5re kontaktopplysninger er<\/b><\/p><p>EnviroProcess AB<br \/>Billingstadsletta 26, 1396 Billingstad<br \/>Tlf: 0300 83 70 00<br \/><a href=\"mailto:info@enviroprocess.com\">info.no@enviroprocess.com<\/a><\/p>\t\t\t\t\t\t\t\t<\/div>\n\t\t\t\t<\/div>\n\t\t\t\t\t<\/div>\n\t\t\t\t<\/div>\n\t\t\t\t\t<\/div>\n\t\t\t\t<\/div>\n\t\t\t\t<\/div>","protected":false},"excerpt":{"rendered":"<p>INTEGRITETSPOLICY F\u00d6R ENVIROPROCESS AB Hur vi behandlar dina personuppgifter Enviroprocess Sweden AB med org.nr: 556275-2898 (EnviroProcess\u00a0AB) \u00e4r ansvarig f\u00f6r behandlingen av dina personuppgifter som \u00e4r relevanta i v\u00e5r aff\u00e4rsm\u00e4ssiga relation. F\u00f6r oss \u00e4r det en sj\u00e4lvklarhet att v\u00e4rna om din integritet och skydda dessa uppgifter i enlighet med g\u00e4llande lagstiftning och branschregler. Vi kommer att [&hellip;]<\/p>\n","protected":false},"author":1,"featured_media":0,"parent":0,"menu_order":0,"comment_status":"closed","ping_status":"closed","template":"","meta":{"_acf_changed":false,"footnotes":""},"class_list":["post-3477","page","type-page","status-publish","hentry"],"acf":[],"_links":{"self":[{"href":"https:\/\/enviroprocess.com\/nb\/wp-json\/wp\/v2\/pages\/3477","targetHints":{"allow":["GET"]}}],"collection":[{"href":"https:\/\/enviroprocess.com\/nb\/wp-json\/wp\/v2\/pages"}],"about":[{"href":"https:\/\/enviroprocess.com\/nb\/wp-json\/wp\/v2\/types\/page"}],"author":[{"embeddable":true,"href":"https:\/\/enviroprocess.com\/nb\/wp-json\/wp\/v2\/users\/1"}],"replies":[{"embeddable":true,"href":"https:\/\/enviroprocess.com\/nb\/wp-json\/wp\/v2\/comments?post=3477"}],"version-history":[{"count":45,"href":"https:\/\/enviroprocess.com\/nb\/wp-json\/wp\/v2\/pages\/3477\/revisions"}],"predecessor-version":[{"id":8981,"href":"https:\/\/enviroprocess.com\/nb\/wp-json\/wp\/v2\/pages\/3477\/revisions\/8981"}],"wp:attachment":[{"href":"https:\/\/enviroprocess.com\/nb\/wp-json\/wp\/v2\/media?parent=3477"}],"curies":[{"name":"wp","href":"https:\/\/api.w.org\/{rel}","templated":true}]}}