{"id":2069,"date":"2024-05-15T10:58:07","date_gmt":"2024-05-15T10:58:07","guid":{"rendered":"https:\/\/enviroprocess.com\/?page_id=2069"},"modified":"2024-11-06T09:17:10","modified_gmt":"2024-11-06T09:17:10","slug":"about-us","status":"publish","type":"page","link":"https:\/\/enviroprocess.com\/nb\/about-us","title":{"rendered":"Om oss"},"content":{"rendered":"<div data-elementor-type=\"wp-page\" data-elementor-id=\"2069\" class=\"elementor elementor-2069\" data-elementor-post-type=\"page\">\n\t\t\t\t<div class=\"elementor-element elementor-element-dc7d840 e-con-full e-flex e-con e-parent\" data-id=\"dc7d840\" data-element_type=\"container\" data-e-type=\"container\">\n\t\t\t\t<div class=\"elementor-element elementor-element-e9107cc elementor-widget elementor-widget-template\" data-id=\"e9107cc\" data-element_type=\"widget\" data-e-type=\"widget\" data-widget_type=\"template.default\">\n\t\t\t\t<div class=\"elementor-widget-container\">\n\t\t\t\t\t\t\t<div class=\"elementor-template\">\n\t\t\t\t\t<div data-elementor-type=\"container\" data-elementor-id=\"8368\" class=\"elementor elementor-8368\" data-elementor-post-type=\"elementor_library\">\n\t\t\t\t<div class=\"elementor-element elementor-element-76d5f0ab e-flex e-con-boxed e-con e-child\" data-id=\"76d5f0ab\" data-element_type=\"container\" data-e-type=\"container\" data-settings=\"{&quot;background_background&quot;:&quot;classic&quot;}\">\n\t\t\t\t\t<div class=\"e-con-inner\">\n\t\t\t\t\t<\/div>\n\t\t\t\t<\/div>\n\t\t\t\t<\/div>\n\t\t\t\t<\/div>\n\t\t\t\t\t\t<\/div>\n\t\t\t\t<\/div>\n\t\t\t\t<\/div>\n\t\t<div class=\"elementor-element elementor-element-cac6615 e-flex e-con-boxed e-con e-parent\" data-id=\"cac6615\" data-element_type=\"container\" data-e-type=\"container\" data-settings=\"{&quot;background_background&quot;:&quot;classic&quot;}\">\n\t\t\t\t\t<div class=\"e-con-inner\">\n\t\t<div class=\"elementor-element elementor-element-996cd6c e-flex e-con-boxed e-con e-child\" data-id=\"996cd6c\" data-element_type=\"container\" data-e-type=\"container\" data-settings=\"{&quot;background_background&quot;:&quot;classic&quot;}\">\n\t\t\t\t\t<div class=\"e-con-inner\">\n\t\t\t\t<div class=\"elementor-element elementor-element-924df38 elementor-widget elementor-widget-heading\" data-id=\"924df38\" data-element_type=\"widget\" data-e-type=\"widget\" data-widget_type=\"heading.default\">\n\t\t\t\t<div class=\"elementor-widget-container\">\n\t\t\t\t\t<h1 class=\"elementor-heading-title elementor-size-default\">ENVIROPROCESS<span style=\"font-weight: 300\"> - Om selskapet <\/span><\/h1>\t\t\t\t<\/div>\n\t\t\t\t<\/div>\n\t\t\t\t<div class=\"elementor-element elementor-element-c0a5966 elementor-widget-divider--view-line elementor-widget elementor-widget-divider\" data-id=\"c0a5966\" data-element_type=\"widget\" data-e-type=\"widget\" data-widget_type=\"divider.default\">\n\t\t\t\t<div class=\"elementor-widget-container\">\n\t\t\t\t\t\t\t<div class=\"elementor-divider\">\n\t\t\t<span class=\"elementor-divider-separator\">\n\t\t\t\t\t\t<\/span>\n\t\t<\/div>\n\t\t\t\t\t\t<\/div>\n\t\t\t\t<\/div>\n\t\t\t\t<div class=\"elementor-element elementor-element-1a60aef elementor-widget elementor-widget-heading\" data-id=\"1a60aef\" data-element_type=\"widget\" data-e-type=\"widget\" data-widget_type=\"heading.default\">\n\t\t\t\t<div class=\"elementor-widget-container\">\n\t\t\t\t\t<h5 class=\"elementor-heading-title elementor-size-default\">EST. 1971<\/h5>\t\t\t\t<\/div>\n\t\t\t\t<\/div>\n\t\t\t\t<div class=\"elementor-element elementor-element-ae78b20 elementor-widget elementor-widget-image\" data-id=\"ae78b20\" data-element_type=\"widget\" data-e-type=\"widget\" data-widget_type=\"image.default\">\n\t\t\t\t<div class=\"elementor-widget-container\">\n\t\t\t\t\t\t\t\t\t\t\t\t\t\t\t<img decoding=\"async\" width=\"300\" height=\"108\" src=\"https:\/\/enviroprocess.com\/wp-content\/uploads\/2024\/05\/EnviroWater_Group_Logo_RGB_small.png\" class=\"attachment-large size-large wp-image-2124\" alt=\"\" srcset=\"https:\/\/enviroprocess.com\/wp-content\/uploads\/2024\/05\/EnviroWater_Group_Logo_RGB_small.png 300w, https:\/\/enviroprocess.com\/wp-content\/uploads\/2024\/05\/EnviroWater_Group_Logo_RGB_small-18x6.png 18w\" sizes=\"(max-width: 300px) 100vw, 300px\" \/>\t\t\t\t\t\t\t\t\t\t\t\t\t\t\t<\/div>\n\t\t\t\t<\/div>\n\t\t\t\t<div class=\"elementor-element elementor-element-3778c47 elementor-widget__width-initial elementor-widget elementor-widget-text-editor\" data-id=\"3778c47\" data-element_type=\"widget\" data-e-type=\"widget\" data-widget_type=\"text-editor.default\">\n\t\t\t\t<div class=\"elementor-widget-container\">\n\t\t\t\t\t\t\t\t\t<p>EnviroProcess er en del av EnviroWater Group, Europas ledende nettverk av selskaper med ekspertise innen b\u00e6rekraftig vannbehandling og effektiv vannh\u00e5ndtering.<\/p>\t\t\t\t\t\t\t\t<\/div>\n\t\t\t\t<\/div>\n\t\t\t\t<div class=\"elementor-element elementor-element-f0842d4 elementor-widget elementor-widget-text-editor\" data-id=\"f0842d4\" data-element_type=\"widget\" data-e-type=\"widget\" data-widget_type=\"text-editor.default\">\n\t\t\t\t<div class=\"elementor-widget-container\">\n\t\t\t\t\t\t\t\t\t<p><strong>Om selskapet<br \/><\/strong>Velkommen til EnviroProcess - Nordens ledende akt\u00f8r innen r\u00e5dgivning, konstruksjon, design og installasjon av offentlige basseng-, spa- og velv\u00e6reanlegg. EnviroProcess tilbyr ogs\u00e5 en sterk organisasjon for lokal service og kontinuerlig vedlikehold som er tilgjengelig for deg i hele Norden.\u00a0<\/p><p><strong>Organisk vekst siden 1971<\/strong><br \/>Siden 1971 har vi levert b\u00e6rekraftige og innovative l\u00f8sninger til kundene v\u00e5re, og v\u00e5r lidenskap for \u00e5 fremme fremskritt fortsetter \u00e5 styrke v\u00e5r ledende markedsposisjon.<\/p><p><strong>B\u00e6rekraft er en del av v\u00e5r identitet<\/strong><br \/>V\u00e5rt langsiktige engasjement for b\u00e6rekraft har alltid v\u00e6rt en del av forretningsstrategien v\u00e5r og er en integrert del av identiteten v\u00e5r. Vi er stolte over \u00e5 ha spilt en viktig rolle i \u00e5 drive hele bransjen mot en tryggere og mer b\u00e6rekraftig fremtid. Gjennom v\u00e5r ekspertise og v\u00e5rt engasjement er vi en p\u00e5litelig og langsiktig partner for kunder som verdsetter kvalitet, b\u00e6rekraft og innovasjon.<\/p><p><strong>En del av EnviroWater Group<\/strong><br \/>Siden 2019 har EnviroProcess v\u00e6rt en del av EnviroWater Group, et ledende spesialistnettverk innen vann- og milj\u00f8teknologi. Integrasjonen med EnviroWater Group har styrket v\u00e5r posisjon og gitt oss tilgang til \u00f8kte ressurser og kompetanse for \u00e5 m\u00f8te v\u00e5re kunders behov p\u00e5 best mulig m\u00e5te.<\/p><p><strong>Oppkj\u00f8p som styrker oss<\/strong><br \/>I 2024 kj\u00f8pte EnviroWater Nordic Enwa Water Technology.<\/p><p>Vi \u00f8nsker tidligere Enwa BAD-ansatte og deres kunder velkommen inn i EnviroProcess-familien.<\/p><p><strong>Engasjerte medarbeidere<\/strong><br \/>Med mer enn 160 dedikerte medarbeidere er vi en engasjert organisasjon som drives av en felles visjon: \u00e5 tilby kundene v\u00e5re det beste innen basseng-, spa- og velv\u00e6reanlegg, samtidig som vi beskytter folkehelsen og milj\u00f8et. EnviroProcess tror p\u00e5 \u00e5 investere i medarbeiderne v\u00e5re og deres utvikling - alt for \u00e5 sikre at vi alltid leverer p\u00e5 h\u00f8yest mulig niv\u00e5 til kundene v\u00e5re.<\/p><p><strong>Mer enn 50 \u00e5rs erfaring<\/strong><br \/>Vi har over 50 \u00e5rs erfaring, og i l\u00f8pet av denne perioden har vi alltid v\u00e6rt pionerer i bransjen. Vi fortsetter \u00e5 v\u00e6re ledende innen energisparing, og vi streber hele tiden etter \u00e5 ligge i forkant n\u00e5r det gjelder \u00e5 implementere de beste innovasjonene. Vi streber alltid etter \u00e5 maksimere effektiviteten og b\u00e6rekraften i v\u00e5re kundetilpassede l\u00f8sninger.<\/p><p><strong>Bred produktportef\u00f8lje<\/strong><br \/>Gjennom v\u00e5r brede portef\u00f8lje av teknologier og produkter tilbyr vi bransjen et utvalg som f\u00e5 akt\u00f8rer i markedet kan tilby.<\/p><p><strong>Veien mot en b\u00e6rekraftig fremtid<\/strong><br \/>Velg EnviroProcess til ditt neste prosjekt, og oppdag hvilken forskjell v\u00e5r erfaring og ekspertise kan utgj\u00f8re. Med b\u00e5de tilgjengelighet og engasjement ser vi frem til \u00e5 v\u00e6re din partner over tid, p\u00e5 reisen mot en tryggere og mer b\u00e6rekraftig fremtid.<\/p>\t\t\t\t\t\t\t\t<\/div>\n\t\t\t\t<\/div>\n\t\t\t\t<div class=\"elementor-element elementor-element-77f1821 elementor-widget-divider--view-line elementor-widget elementor-widget-divider\" data-id=\"77f1821\" data-element_type=\"widget\" data-e-type=\"widget\" data-widget_type=\"divider.default\">\n\t\t\t\t<div class=\"elementor-widget-container\">\n\t\t\t\t\t\t\t<div class=\"elementor-divider\">\n\t\t\t<span class=\"elementor-divider-separator\">\n\t\t\t\t\t\t<\/span>\n\t\t<\/div>\n\t\t\t\t\t\t<\/div>\n\t\t\t\t<\/div>\n\t\t\t\t<div class=\"elementor-element elementor-element-9d925fd elementor-widget__width-initial elementor-widget elementor-widget-text-editor\" data-id=\"9d925fd\" data-element_type=\"widget\" data-e-type=\"widget\" data-widget_type=\"text-editor.default\">\n\t\t\t\t<div class=\"elementor-widget-container\">\n\t\t\t\t\t\t\t\t\t<h4 class=\"text-align-center\">\u00a0<\/h4><h4 class=\"text-align-center\"><em>\"Det er veldig smigrende \u00e5 vite at vi er en del av EnviroWater Group takket v\u00e6re v\u00e5r unike ekspertise innen badevannsbehandling.\"<\/em><\/h4><p class=\"text-align-center\">Per Martin, konsernsjef, EnviroWater Nordic\u00a0<\/p>\t\t\t\t\t\t\t\t<\/div>\n\t\t\t\t<\/div>\n\t\t\t\t<div class=\"elementor-element elementor-element-b03ed9c elementor-widget elementor-widget-image\" data-id=\"b03ed9c\" data-element_type=\"widget\" data-e-type=\"widget\" data-widget_type=\"image.default\">\n\t\t\t\t<div class=\"elementor-widget-container\">\n\t\t\t\t\t\t\t\t\t\t\t\t\t\t\t<img fetchpriority=\"high\" decoding=\"async\" width=\"488\" height=\"239\" src=\"https:\/\/enviroprocess.com\/wp-content\/uploads\/2024\/05\/50-years.jpg\" class=\"attachment-large size-large wp-image-2125\" alt=\"\" srcset=\"https:\/\/enviroprocess.com\/wp-content\/uploads\/2024\/05\/50-years.jpg 488w, https:\/\/enviroprocess.com\/wp-content\/uploads\/2024\/05\/50-years-300x147.jpg 300w, https:\/\/enviroprocess.com\/wp-content\/uploads\/2024\/05\/50-years-18x9.jpg 18w\" sizes=\"(max-width: 488px) 100vw, 488px\" \/>\t\t\t\t\t\t\t\t\t\t\t\t\t\t\t<\/div>\n\t\t\t\t<\/div>\n\t\t\t\t\t<\/div>\n\t\t\t\t<\/div>\n\t\t\t\t\t<\/div>\n\t\t\t\t<\/div>\n\t\t<div class=\"elementor-element elementor-element-d96ec68 e-flex e-con-boxed e-con e-parent\" data-id=\"d96ec68\" data-element_type=\"container\" data-e-type=\"container\">\n\t\t\t\t\t<div class=\"e-con-inner\">\n\t\t<div class=\"elementor-element elementor-element-4b7660b e-con-full e-flex e-con e-child\" data-id=\"4b7660b\" data-element_type=\"container\" data-e-type=\"container\" data-settings=\"{&quot;background_background&quot;:&quot;classic&quot;}\">\n\t\t<div class=\"elementor-element elementor-element-b9989e5 e-con-full e-flex e-con e-child\" data-id=\"b9989e5\" data-element_type=\"container\" data-e-type=\"container\" data-settings=\"{&quot;background_background&quot;:&quot;classic&quot;}\">\n\t\t<div class=\"elementor-element elementor-element-4ee34fd e-con-full e-flex e-con e-child\" data-id=\"4ee34fd\" data-element_type=\"container\" data-e-type=\"container\">\n\t\t\t\t<div class=\"elementor-element elementor-element-ed16561 dvxGradientText elementor-widget elementor-widget-text-editor\" data-id=\"ed16561\" data-element_type=\"widget\" data-e-type=\"widget\" data-widget_type=\"text-editor.default\">\n\t\t\t\t<div class=\"elementor-widget-container\">\n\t\t\t\t\t\t\t\t\t<h2><strong>Vi elsker service<\/strong><\/h2>\t\t\t\t\t\t\t\t<\/div>\n\t\t\t\t<\/div>\n\t\t\t\t<div class=\"elementor-element elementor-element-ea97469 elementor-widget elementor-widget-text-editor\" data-id=\"ea97469\" data-element_type=\"widget\" data-e-type=\"widget\" data-widget_type=\"text-editor.default\">\n\t\t\t\t<div class=\"elementor-widget-container\">\n\t\t\t\t\t\t\t\t\t<p><strong>EnviroProcess har en stor og kunnskapsrik serviceorganisasjon som er n\u00e6r deg. <br \/><\/strong><\/p><p>Innenfor rammen av service og vedlikehold tilbyr vi ulike typer servicekontrakter og tjenester. Ved \u00e5 kombinere v\u00e5r lange erfaring og ekspertise med sikkerhetsl\u00f8sninger og det beste valget av teknologi, tilbyr vi en rekke skreddersydde tjenester.<\/p>\t\t\t\t\t\t\t\t<\/div>\n\t\t\t\t<\/div>\n\t\t\t\t<div class=\"elementor-element elementor-element-3048506 elementor-align-left elementor-widget__width-auto elementor-widget elementor-widget-button\" data-id=\"3048506\" data-element_type=\"widget\" data-e-type=\"widget\" data-widget_type=\"button.default\">\n\t\t\t\t<div class=\"elementor-widget-container\">\n\t\t\t\t\t\t\t\t\t<div class=\"elementor-button-wrapper\">\n\t\t\t\t\t<a class=\"elementor-button elementor-button-link elementor-size-sm elementor-animation-shrink\" href=\"https:\/\/enviroprocess.com\/nb\/service-organization\/\">\n\t\t\t\t\t\t<span class=\"elementor-button-content-wrapper\">\n\t\t\t\t\t\t\t\t\t<span class=\"elementor-button-text\">Les mer om dette<\/span>\n\t\t\t\t\t<\/span>\n\t\t\t\t\t<\/a>\n\t\t\t\t<\/div>\n\t\t\t\t\t\t\t\t<\/div>\n\t\t\t\t<\/div>\n\t\t\t\t<\/div>\n\t\t<div class=\"elementor-element elementor-element-0829f3f e-con-full dvxImageBox e-flex e-con e-child\" data-id=\"0829f3f\" data-element_type=\"container\" data-e-type=\"container\" data-settings=\"{&quot;background_background&quot;:&quot;classic&quot;}\">\n\t\t<div class=\"elementor-element elementor-element-a949d03 e-con-full dvxImage e-flex e-con e-child\" data-id=\"a949d03\" data-element_type=\"container\" data-e-type=\"container\" data-settings=\"{&quot;background_background&quot;:&quot;classic&quot;}\">\n\t\t\t\t<\/div>\n\t\t\t\t<\/div>\n\t\t\t\t<\/div>\n\t\t\t\t<\/div>\n\t\t\t\t\t<\/div>\n\t\t\t\t<\/div>\n\t\t<div class=\"elementor-element elementor-element-fdef8a4 e-flex e-con-boxed e-con e-parent\" data-id=\"fdef8a4\" data-element_type=\"container\" data-e-type=\"container\">\n\t\t\t\t\t<div class=\"e-con-inner\">\n\t\t\t\t<div class=\"elementor-element elementor-element-a2b02c2 elementor-widget elementor-widget-heading\" data-id=\"a2b02c2\" data-element_type=\"widget\" data-e-type=\"widget\" data-widget_type=\"heading.default\">\n\t\t\t\t<div class=\"elementor-widget-container\">\n\t\t\t\t\t<h2 class=\"elementor-heading-title elementor-size-default\">Dette er hva vi tilbyr!<\/h2>\t\t\t\t<\/div>\n\t\t\t\t<\/div>\n\t\t\t\t\t<\/div>\n\t\t\t\t<\/div>\n\t\t<div class=\"elementor-element elementor-element-2412490 e-flex e-con-boxed e-con e-parent\" data-id=\"2412490\" data-element_type=\"container\" data-e-type=\"container\">\n\t\t\t\t\t<div class=\"e-con-inner\">\n\t\t<div class=\"elementor-element elementor-element-b64d74e e-flex e-con-boxed e-con e-child\" data-id=\"b64d74e\" data-element_type=\"container\" data-e-type=\"container\" data-settings=\"{&quot;background_background&quot;:&quot;classic&quot;}\">\n\t\t\t\t\t<div class=\"e-con-inner\">\n\t\t\t\t<div class=\"elementor-element elementor-element-3ffdd55 dvxGradientText elementor-widget elementor-widget-text-editor\" data-id=\"3ffdd55\" data-element_type=\"widget\" data-e-type=\"widget\" data-widget_type=\"text-editor.default\">\n\t\t\t\t<div class=\"elementor-widget-container\">\n\t\t\t\t\t\t\t\t\t<h2><strong>Service<\/strong>\u00a0&amp; <strong>ettermarkedet<\/strong><\/h2>\t\t\t\t\t\t\t\t<\/div>\n\t\t\t\t<\/div>\n\t\t\t\t<div class=\"elementor-element elementor-element-87a0356 elementor-widget elementor-widget-text-editor\" data-id=\"87a0356\" data-element_type=\"widget\" data-e-type=\"widget\" data-widget_type=\"text-editor.default\">\n\t\t\t\t<div class=\"elementor-widget-container\">\n\t\t\t\t\t\t\t\t\t<p>N\u00e5r en servicetekniker fra EnviroProcess bes\u00f8ker anlegget ditt, kan du v\u00e6re trygg p\u00e5 at du alltid har den rette ekspertisen p\u00e5 stedet, og at arbeidet blir utf\u00f8rt profesjonelt.<\/p><p>EnviroProcess har autorisert og oppl\u00e6rt servicepersonell for rask og god service.<\/p>\t\t\t\t\t\t\t\t<\/div>\n\t\t\t\t<\/div>\n\t\t\t\t\t<\/div>\n\t\t\t\t<\/div>\n\t\t<div class=\"elementor-element elementor-element-4c238aa e-con-full e-flex e-con e-child\" data-id=\"4c238aa\" data-element_type=\"container\" data-e-type=\"container\" data-settings=\"{&quot;background_background&quot;:&quot;classic&quot;}\">\n\t\t\t\t<div class=\"elementor-element elementor-element-bf3efcc dvxGradientText elementor-widget elementor-widget-text-editor\" data-id=\"bf3efcc\" data-element_type=\"widget\" data-e-type=\"widget\" data-widget_type=\"text-editor.default\">\n\t\t\t\t<div class=\"elementor-widget-container\">\n\t\t\t\t\t\t\t\t\t<h2><strong>Teknologi<\/strong> &amp; <strong>Produkter<\/strong><\/h2>\t\t\t\t\t\t\t\t<\/div>\n\t\t\t\t<\/div>\n\t\t\t\t<div class=\"elementor-element elementor-element-7a15331 elementor-widget elementor-widget-text-editor\" data-id=\"7a15331\" data-element_type=\"widget\" data-e-type=\"widget\" data-widget_type=\"text-editor.default\">\n\t\t\t\t<div class=\"elementor-widget-container\">\n\t\t\t\t\t\t\t\t\t<p>EnviroProcess tilbyr et bredt spekter av etablerte produkter og velpr\u00f8vde teknologil\u00f8sninger som er tilgjengelige p\u00e5 markedet i dag.<\/p><p>Dette gj\u00f8r at vi kan tilby riktig valg av teknologi i samr\u00e5d med kunden, basert p\u00e5 kundens forutsetninger. F\u00f8rst da blir det virkelig bra!<\/p>\t\t\t\t\t\t\t\t<\/div>\n\t\t\t\t<\/div>\n\t\t\t\t<\/div>\n\t\t\t\t\t<\/div>\n\t\t\t\t<\/div>\n\t\t<div class=\"elementor-element elementor-element-dbee6e7 e-flex e-con-boxed e-con e-parent\" data-id=\"dbee6e7\" data-element_type=\"container\" data-e-type=\"container\">\n\t\t\t\t\t<div class=\"e-con-inner\">\n\t\t<div class=\"elementor-element elementor-element-0929e35 e-flex e-con-boxed e-con e-child\" data-id=\"0929e35\" data-element_type=\"container\" data-e-type=\"container\" data-settings=\"{&quot;background_background&quot;:&quot;classic&quot;}\">\n\t\t\t\t\t<div class=\"e-con-inner\">\n\t\t\t\t<div class=\"elementor-element elementor-element-ed5a5c2 dvxGradientText elementor-widget elementor-widget-text-editor\" data-id=\"ed5a5c2\" data-element_type=\"widget\" data-e-type=\"widget\" data-widget_type=\"text-editor.default\">\n\t\t\t\t<div class=\"elementor-widget-container\">\n\t\t\t\t\t\t\t\t\t<h2><strong>CAD<\/strong> &amp; <strong>KONSTRUKSJON<\/strong><\/h2>\t\t\t\t\t\t\t\t<\/div>\n\t\t\t\t<\/div>\n\t\t\t\t<div class=\"elementor-element elementor-element-14b16cd elementor-widget elementor-widget-text-editor\" data-id=\"14b16cd\" data-element_type=\"widget\" data-e-type=\"widget\" data-widget_type=\"text-editor.default\">\n\t\t\t\t<div class=\"elementor-widget-container\">\n\t\t\t\t\t\t\t\t\t<p>Gjennom kontinuerlig oppl\u00e6ring og den nyeste CAD-programvaren er vi alltid kompatible med arkitekter og andre entrepren\u00f8rer i bransjen.<\/p><p>V\u00e5r DAK-avdeling arbeider daglig med oppdrag i ulike kontraktsformer, blant annet AB, ABT og ABK, b\u00e5de for nybygg og ombygging.<\/p>\t\t\t\t\t\t\t\t<\/div>\n\t\t\t\t<\/div>\n\t\t\t\t\t<\/div>\n\t\t\t\t<\/div>\n\t\t<div class=\"elementor-element elementor-element-374747d e-flex e-con-boxed e-con e-child\" data-id=\"374747d\" data-element_type=\"container\" data-e-type=\"container\" data-settings=\"{&quot;background_background&quot;:&quot;classic&quot;}\">\n\t\t\t\t\t<div class=\"e-con-inner\">\n\t\t\t\t<div class=\"elementor-element elementor-element-93c96a1 dvxGradientText elementor-widget elementor-widget-text-editor\" data-id=\"93c96a1\" data-element_type=\"widget\" data-e-type=\"widget\" data-widget_type=\"text-editor.default\">\n\t\t\t\t<div class=\"elementor-widget-container\">\n\t\t\t\t\t\t\t\t\t<h2><strong>ENTREPREN\u00d8RER<\/strong> &amp; <strong>PROSJEKT<\/strong><\/h2>\t\t\t\t\t\t\t\t<\/div>\n\t\t\t\t<\/div>\n\t\t\t\t<div class=\"elementor-element elementor-element-4b58a54 elementor-widget elementor-widget-text-editor\" data-id=\"4b58a54\" data-element_type=\"widget\" data-e-type=\"widget\" data-widget_type=\"text-editor.default\">\n\t\t\t\t<div class=\"elementor-widget-container\">\n\t\t\t\t\t\t\t\t\t<p>N\u00e5r vi inng\u00e5r kontrakter, er det viktig at vi har en stabil og langsiktig \u00f8konomi, slik at vi trygt kan h\u00e5ndtere produksjonen, den p\u00e5f\u00f8lgende garantiperioden og det langsiktige ettermarkedet.<\/p><p>EnviroProcess har god finansiell b\u00e6rekraft og h\u00f8yeste kredittrating.<\/p>\t\t\t\t\t\t\t\t<\/div>\n\t\t\t\t<\/div>\n\t\t\t\t\t<\/div>\n\t\t\t\t<\/div>\n\t\t\t\t\t<\/div>\n\t\t\t\t<\/div>\n\t\t\t\t<\/div>","protected":false},"excerpt":{"rendered":"<p>ENVIROPROCESS &#8211; Om f\u00f6retaget EST. 1971 EnviroProcess \u00e4r en del av EnviroWater Group, europas ledande n\u00e4tverk av bolag med expertis inom h\u00e5llbar vattenberedning och effektiv vattenbehandling. Om f\u00f6retagetV\u00e4lkommen till EnviroProcess \u2013 nordens ledande akt\u00f6r inom konsultation, konstruktion, design och installation av offentliga pool-, spa- &amp; wellnessanl\u00e4ggningar. EnviroProcess erbjuder ocks\u00e5 en stark organisation f\u00f6r lokal service [&hellip;]<\/p>\n","protected":false},"author":1,"featured_media":0,"parent":0,"menu_order":0,"comment_status":"closed","ping_status":"closed","template":"","meta":{"_acf_changed":false,"footnotes":""},"class_list":["post-2069","page","type-page","status-publish","hentry"],"acf":[],"_links":{"self":[{"href":"https:\/\/enviroprocess.com\/nb\/wp-json\/wp\/v2\/pages\/2069","targetHints":{"allow":["GET"]}}],"collection":[{"href":"https:\/\/enviroprocess.com\/nb\/wp-json\/wp\/v2\/pages"}],"about":[{"href":"https:\/\/enviroprocess.com\/nb\/wp-json\/wp\/v2\/types\/page"}],"author":[{"embeddable":true,"href":"https:\/\/enviroprocess.com\/nb\/wp-json\/wp\/v2\/users\/1"}],"replies":[{"embeddable":true,"href":"https:\/\/enviroprocess.com\/nb\/wp-json\/wp\/v2\/comments?post=2069"}],"version-history":[{"count":485,"href":"https:\/\/enviroprocess.com\/nb\/wp-json\/wp\/v2\/pages\/2069\/revisions"}],"predecessor-version":[{"id":10757,"href":"https:\/\/enviroprocess.com\/nb\/wp-json\/wp\/v2\/pages\/2069\/revisions\/10757"}],"wp:attachment":[{"href":"https:\/\/enviroprocess.com\/nb\/wp-json\/wp\/v2\/media?parent=2069"}],"curies":[{"name":"wp","href":"https:\/\/api.w.org\/{rel}","templated":true}]}}