{"id":11945,"date":"2025-03-10T11:31:05","date_gmt":"2025-03-10T11:31:05","guid":{"rendered":"https:\/\/enviroprocess.com\/?page_id=11945"},"modified":"2025-04-09T14:06:53","modified_gmt":"2025-04-09T14:06:53","slug":"envirohome","status":"publish","type":"page","link":"https:\/\/enviroprocess.com\/nb\/envirohome","title":{"rendered":"EnviroHome"},"content":{"rendered":"<div data-elementor-type=\"wp-page\" data-elementor-id=\"11945\" class=\"elementor elementor-11945\" data-elementor-post-type=\"page\">\n\t\t\t\t<div class=\"elementor-element elementor-element-31c660b e-con-full e-flex e-con e-parent\" data-id=\"31c660b\" data-element_type=\"container\" data-e-type=\"container\">\n\t\t\t\t<div class=\"elementor-element elementor-element-6a6a207 elementor-widget elementor-widget-template\" data-id=\"6a6a207\" data-element_type=\"widget\" data-e-type=\"widget\" data-widget_type=\"template.default\">\n\t\t\t\t<div class=\"elementor-widget-container\">\n\t\t\t\t\t\t\t<div class=\"elementor-template\">\n\t\t\t\t\t<div data-elementor-type=\"container\" data-elementor-id=\"8368\" class=\"elementor elementor-8368\" data-elementor-post-type=\"elementor_library\">\n\t\t\t\t<div class=\"elementor-element elementor-element-76d5f0ab e-flex e-con-boxed e-con e-child\" data-id=\"76d5f0ab\" data-element_type=\"container\" data-e-type=\"container\" data-settings=\"{&quot;background_background&quot;:&quot;classic&quot;}\">\n\t\t\t\t\t<div class=\"e-con-inner\">\n\t\t\t\t\t<\/div>\n\t\t\t\t<\/div>\n\t\t\t\t<\/div>\n\t\t\t\t<\/div>\n\t\t\t\t\t\t<\/div>\n\t\t\t\t<\/div>\n\t\t\t\t<\/div>\n\t\t<div class=\"elementor-element elementor-element-8d56221 e-flex e-con-boxed e-con e-parent\" data-id=\"8d56221\" data-element_type=\"container\" data-e-type=\"container\" data-settings=\"{&quot;background_background&quot;:&quot;classic&quot;}\">\n\t\t\t\t\t<div class=\"e-con-inner\">\n\t\t<div class=\"elementor-element elementor-element-6d92dd9 e-flex e-con-boxed e-con e-child\" data-id=\"6d92dd9\" data-element_type=\"container\" data-e-type=\"container\" data-settings=\"{&quot;background_background&quot;:&quot;classic&quot;}\">\n\t\t\t\t\t<div class=\"e-con-inner\">\n\t\t\t\t<div class=\"elementor-element elementor-element-b969d6b elementor-widget elementor-widget-heading\" data-id=\"b969d6b\" data-element_type=\"widget\" data-e-type=\"widget\" data-widget_type=\"heading.default\">\n\t\t\t\t<div class=\"elementor-widget-container\">\n\t\t\t\t\t<h1 class=\"elementor-heading-title elementor-size-default\">EnviroHome<\/h1>\t\t\t\t<\/div>\n\t\t\t\t<\/div>\n\t\t\t\t<div class=\"elementor-element elementor-element-9b13ec9 elementor-widget-divider--view-line elementor-widget elementor-widget-divider\" data-id=\"9b13ec9\" data-element_type=\"widget\" data-e-type=\"widget\" data-widget_type=\"divider.default\">\n\t\t\t\t<div class=\"elementor-widget-container\">\n\t\t\t\t\t\t\t<div class=\"elementor-divider\">\n\t\t\t<span class=\"elementor-divider-separator\">\n\t\t\t\t\t\t<\/span>\n\t\t<\/div>\n\t\t\t\t\t\t<\/div>\n\t\t\t\t<\/div>\n\t\t\t\t<div class=\"elementor-element elementor-element-cf654fd elementor-widget__width-initial elementor-widget elementor-widget-text-editor\" data-id=\"cf654fd\" data-element_type=\"widget\" data-e-type=\"widget\" data-widget_type=\"text-editor.default\">\n\t\t\t\t<div class=\"elementor-widget-container\">\n\t\t\t\t\t\t\t\t\t<p>Denne siden er for \u00f8yeblikket bare tilgjengelig p\u00e5 svensk.<\/p><p><a href=\"https:\/\/enviroprocess.com\/sv\/envirohome\">Klikk her for \u00e5 se den p\u00e5 svensk<\/a><\/p>\t\t\t\t\t\t\t\t<\/div>\n\t\t\t\t<\/div>\n\t\t\t\t\t<\/div>\n\t\t\t\t<\/div>\n\t\t\t\t\t<\/div>\n\t\t\t\t<\/div>\n\t\t\t\t<\/div>","protected":false},"excerpt":{"rendered":"<p>EnviroHome This page is only available in swedish at the moment. Click here to view it in swedish EnviroHome Hej och v\u00e4lkommen hem till det som snart kommer bli v\u00e5r portal EnviroHome. H\u00e4r kommer du kunna n\u00e5 allt fr\u00e5n dina rapporter till utbildningar och ditt driftplaneringssystem. Se filmen fr\u00e5n v\u00e5r m\u00e4ssv\u00e4gg p\u00e5 Tr\u00e4ffpunkt idrott f\u00f6r [&hellip;]<\/p>\n","protected":false},"author":2,"featured_media":11946,"parent":0,"menu_order":0,"comment_status":"closed","ping_status":"closed","template":"","meta":{"_acf_changed":false,"footnotes":""},"class_list":["post-11945","page","type-page","status-publish","has-post-thumbnail","hentry"],"acf":[],"_links":{"self":[{"href":"https:\/\/enviroprocess.com\/nb\/wp-json\/wp\/v2\/pages\/11945","targetHints":{"allow":["GET"]}}],"collection":[{"href":"https:\/\/enviroprocess.com\/nb\/wp-json\/wp\/v2\/pages"}],"about":[{"href":"https:\/\/enviroprocess.com\/nb\/wp-json\/wp\/v2\/types\/page"}],"author":[{"embeddable":true,"href":"https:\/\/enviroprocess.com\/nb\/wp-json\/wp\/v2\/users\/2"}],"replies":[{"embeddable":true,"href":"https:\/\/enviroprocess.com\/nb\/wp-json\/wp\/v2\/comments?post=11945"}],"version-history":[{"count":35,"href":"https:\/\/enviroprocess.com\/nb\/wp-json\/wp\/v2\/pages\/11945\/revisions"}],"predecessor-version":[{"id":12166,"href":"https:\/\/enviroprocess.com\/nb\/wp-json\/wp\/v2\/pages\/11945\/revisions\/12166"}],"wp:featuredmedia":[{"embeddable":true,"href":"https:\/\/enviroprocess.com\/nb\/wp-json\/wp\/v2\/media\/11946"}],"wp:attachment":[{"href":"https:\/\/enviroprocess.com\/nb\/wp-json\/wp\/v2\/media?parent=11945"}],"curies":[{"name":"wp","href":"https:\/\/api.w.org\/{rel}","templated":true}]}}