{"id":6103,"date":"2024-10-01T11:38:43","date_gmt":"2024-10-01T11:38:43","guid":{"rendered":"https:\/\/enviroprocess.com\/?post_type=product&#038;p=6103"},"modified":"2025-05-12T11:31:33","modified_gmt":"2025-05-12T11:31:33","slug":"analysis-equipment-daily-measurement","status":"publish","type":"product","link":"https:\/\/enviroprocess.com\/fi\/product\/analysis-equipment-daily-measurement","title":{"rendered":"Analyysilaitteet ja p\u00e4ivitt\u00e4inen n\u00e4ytteenotto"},"content":{"rendered":"<p>V\u00e4rj\u00e4yskokeista p\u00e4ivitt\u00e4isten parametrien seurantaan! Ks. Allasvesiasetuksen soveltamisohje, (Sosiaali- ja terveysministeri\u00f6n asetus 315\/2002 Uimahallien ja kylpyl\u00f6iden allasvesien\nlaatuvaatimuksista ja valvontatutkimuksista)<\/p>\n\n\n\n<p><strong>Desinfiointiaineen tehon seuranta. Toiminnanharjoittajan on tarkistettava vapaan kloorin ja pH:n arvot altaissa, joissa klooria k\u00e4ytet\u00e4\u00e4n desinfiointiaineena, joka p\u00e4iv\u00e4 kun allas on avoinna uimista varten. N\u00e4m\u00e4 parametrit olisi tarkistettava useita kertoja p\u00e4iv\u00e4ss\u00e4 suuremmissa laitoksissa ja korkean l\u00e4mp\u00f6tilan altaissa.<\/strong> <\/p>\n\n\n\n<p>Jos k\u00e4yt\u00f6ss\u00e4 on automaattinen pH:n s\u00e4\u00e4t\u00f6- ja desinfiointiaineen annostelulaitteisto, k\u00e4ytt\u00e4j\u00e4n on tarkistettava sen lukemat p\u00e4ivitt\u00e4in. Toiminnanharjoittajan tulee my\u00f6s tarkistaa sidotun ja kokonaiskloorin tasot p\u00e4ivitt\u00e4in. Tarkastusten tulokset tulee dokumentoida.<\/p>\n\n\n\n<hr class=\"wp-block-separator has-alpha-channel-opacity\"\/>\n\n\n\n<h4 class=\"wp-block-heading\">Vinkkej\u00e4<\/h4>\n\n\n\n<ul class=\"wp-block-list\">\n<li>V\u00e4rj\u00e4ystestit* kertovat n\u00e4ytteenotolle sopivasta kohdasta altaassa. N\u00e4ytteenottoon soveltuu viimeisen\u00e4 v\u00e4rj\u00e4ytynyt kohta.<\/li>\n\n\n\n<li>Tarkista kaikki altaat, joka p\u00e4iv\u00e4!<\/li>\n<\/ul>\n\n\n\n<p>Eri altaissa on erilaiset olosuhteet ja kuormitukset. Siksi on t\u00e4rke\u00e4\u00e4, ett\u00e4 n\u00e4ytteenotto suoritetaan jokaisesta altaasta, vaikka samassa vedenk\u00e4sittelyryhm\u00e4ss\u00e4 olisi useita altaita.<br>hoito.<\/p>\n\n\n\n<ul class=\"wp-block-list\">\n<li>V\u00e4rj\u00e4ystesti on pakollinen testi, ja se suoritetaan standardin SS EN 15288 mukaisesti. <a href=\"https:\/\/enviroprocess.com\/fi\/product\/our-offer-020\/\" data-type=\"product\" data-id=\"6052\">Lue lis\u00e4\u00e4.<\/a><\/li>\n<\/ul>\n\n\n\n<hr class=\"wp-block-separator has-alpha-channel-opacity\"\/>\n\n\n\n<h4 class=\"wp-block-heading\">Opetusvideot - Vinkkej\u00e4 ja neuvoja<\/h4>\n\n\n\n<p>Tutustu <a href=\"https:\/\/enviroprocess.com\/fi\/instructional-videos\/\" data-type=\"page\" data-id=\"3794\">opetusvideoihin <\/a>ja youtube-kanavamme, jossa tarjoamme sinulle paljon kokemukseen perustuvaa, arkeasi helpottavaa tietoa! L\u00f6yd\u00e4t paljon opetusvideoita ja hy\u00f6dyllisi\u00e4 vinkkej\u00e4 ja neuvoja. Esimerkiksi miten kalibroida analyysi- ja mittauslaitteesi, miten ottaa bakteerin\u00e4ytteet oikein ja miten hoitaa ja huoltaa laitostasi parhaalla mahdollisella tavalla.<\/p>\n\n\n\n<hr class=\"wp-block-separator has-alpha-channel-opacity\"\/>\n\n\n\n<h4 class=\"wp-block-heading\">Lilian Labs - Analyysilaitteet<\/h4>\n\n\n\n<p>LILIAN-mittalaitteet - yksinkertaisia, nopeita ja luotettavia. Markkinoiden paras ja luotettavin analysaattori. Nopeampi - \u00e4lykk\u00e4\u00e4mpi - turvallisempi!<\/p>\n\n\n\n<h4 class=\"wp-block-heading\">Kloorin reaktioaika nopeampi LILIANilla kuin 10 mm:n kyvetteill\u00e4?<\/h4>\n\n\n\n<p>Veden kloorin arvon m\u00e4\u00e4ritt\u00e4miseksi erotetaan toisistaan kaksi muotoa: vapaa kloori, joka on k\u00e4ytett\u00e4viss\u00e4 desinfiointiin, ja sitoutunut kloori, joka on jo reagoinut eik\u00e4 voi en\u00e4\u00e4 vaikuttaa uima-allashygieniaan. Fotometreill\u00e4 mitattaessa molemmat arvot on m\u00e4\u00e4ritett\u00e4v\u00e4 per\u00e4kk\u00e4in: ensin vapaa kloori, sitten kokonaisklooriarvo. Jos kokonaiskloorista v\u00e4hennet\u00e4\u00e4n mitattu vapaan kloorin arvo, saadaan veden sidotun kloorin arvo.<\/p>\n\n\n\n<p>Kun mittaukset tehd\u00e4\u00e4n 10 mm:n kyvettej\u00e4 k\u00e4ytt\u00e4vill\u00e4 fotometreill\u00e4, vapaan kloorin ja kokonaiskloorin mittausten v\u00e4lill\u00e4 on yleens\u00e4 odotettava 60-120 sekuntia. T\u00e4m\u00e4 aika tarvitaan kemialliseen reaktioon, joka aiheuttaa v\u00e4rimuutoksen kokonaiskloorin osalta.<\/p>\n\n\n\n<p><em>Meilt\u00e4 kysyt\u00e4\u00e4nkin usein: K\u00e4ytet\u00e4\u00e4nk\u00f6 t\u00e4ss\u00e4 eri kemikaalia?<\/em><br><br>Ei; LILIANin SensoStickin kemikaalit on m\u00e4\u00e4ritelty DIN19643- ja ISO 7393-2 -standardeissa. Syy on muualla: SensoStickin mikrorakenteiden, pienemm\u00e4n n\u00e4ytetilavuuden ja siten huomattavasti pienemm\u00e4n kemikaalim\u00e4\u00e4r\u00e4n ansiosta reaktio tapahtuu SensoStickiss\u00e4 paljon nopeammin kuin 10 mm:n kyveteiss\u00e4, nimitt\u00e4in sekunneissa. T\u00e4m\u00e4 on yksi syy siihen, miksi kloorin ja pH:n mittaaminen LILIANilla kest\u00e4\u00e4 alle 1 minuutin.<\/p>\n\n\n\n<p>Jos haluat lis\u00e4tietoja tai tilata Lilianin, ota yhteytt\u00e4 numeroon 0207 354 720 tai l\u00e4het\u00e4 meille s\u00e4hk\u00f6postia osoitteeseen <a href=\"mailto:info@enviroprocess.com\">Info.fi@enviroprocess.com<\/a> ja kerromme sinulle lis\u00e4\u00e4.<\/p>\n\n\n\n<hr class=\"wp-block-separator has-alpha-channel-opacity\"\/>\n\n\n\n<h4 class=\"wp-block-heading\">ProLab P5 - edullinen ja helppok\u00e4ytt\u00f6inen analyysilaite<\/h4>\n\n\n\n<p>ProLab P5:ll\u00e4 voidaan analysoida useita uima-altaiden vedenk\u00e4sittelyn omavalvontaan kuuluvia parametreja (kloori, pH, alkaliniteetti ja kovuus), mik\u00e4 mahdollistaa Langlierin indeksin laskemisen. Suorittaa fotometrisen mittauksen, joka t\u00e4ytt\u00e4\u00e4 analyysimenetelm\u00e4\u00e4 ja tarkkuutta koskevat viranomaisvaatimukset. Toimitetaan suomenkielisen k\u00e4ytt\u00f6ohjeen, kyvettien ja reagenssien kanssa k\u00e4yt\u00e4nn\u00f6llisess\u00e4 salkussa.<\/p>\n\n\n\n<hr class=\"wp-block-separator has-alpha-channel-opacity\"\/>\n\n\n\n<h4 class=\"wp-block-heading\">ProLab yhdistelm\u00e4salkku<\/h4>\n\n\n\n<p>Markkinoiden luotettavimmat analyysilaitteet. Premium-luokan ProLab Yhdistelm\u00e4salkku sis\u00e4lt\u00e4\u00e4 markkinoiden parhaat analyysilaitteet, jotka t\u00e4ytt\u00e4v\u00e4t allasveden analysointiin liittyv\u00e4t korkeimmat vaatimukset ja toiminnot.<\/p>\n\n\n\n<hr class=\"wp-block-separator has-alpha-channel-opacity\"\/>\n\n\n\n<p>Ota meihin yhteytt\u00e4 saadaksesi lis\u00e4tietoja ja varmistaaksesi, mitk\u00e4 laitteet sopivat parhaiten laitoksellesi.<\/p>","protected":false},"excerpt":{"rendered":"<p>Fr\u00e5n inf\u00e4rgningsprov till daglig koll p\u00e5 dina parametrar! Myndighetskrav HSLF-FS 2021:11. \u00d6vervakning av desinfektionsmedlets effekt. Verksamhetsut\u00f6varen b\u00f6r kontrollera halten av fritt klor och pH i bass\u00e4nger d\u00e4r klor anv\u00e4nds som desinfektionsmedel, varje dag som bass\u00e4ngen \u00e4r \u00f6ppen f\u00f6r bad. Dessa parametrar b\u00f6r kontrolleras flera g\u00e5nger per dag p\u00e5 st\u00f6rre anl\u00e4ggningar och i h\u00f6gtempererade bass\u00e4nger. Om [&hellip;]<\/p>\n","protected":false},"featured_media":9057,"template":"","categories":[46],"topic":[],"class_list":["post-6103","product","type-product","status-publish","has-post-thumbnail","hentry","category-produkter"],"acf":[],"_links":{"self":[{"href":"https:\/\/enviroprocess.com\/fi\/wp-json\/wp\/v2\/product\/6103","targetHints":{"allow":["GET"]}}],"collection":[{"href":"https:\/\/enviroprocess.com\/fi\/wp-json\/wp\/v2\/product"}],"about":[{"href":"https:\/\/enviroprocess.com\/fi\/wp-json\/wp\/v2\/types\/product"}],"wp:featuredmedia":[{"embeddable":true,"href":"https:\/\/enviroprocess.com\/fi\/wp-json\/wp\/v2\/media\/9057"}],"wp:attachment":[{"href":"https:\/\/enviroprocess.com\/fi\/wp-json\/wp\/v2\/media?parent=6103"}],"wp:term":[{"taxonomy":"category","embeddable":true,"href":"https:\/\/enviroprocess.com\/fi\/wp-json\/wp\/v2\/categories?post=6103"},{"taxonomy":"topic","embeddable":true,"href":"https:\/\/enviroprocess.com\/fi\/wp-json\/wp\/v2\/topic?post=6103"}],"curies":[{"name":"wp","href":"https:\/\/api.w.org\/{rel}","templated":true}]}}