{"id":6068,"date":"2024-09-29T20:52:18","date_gmt":"2024-09-29T20:52:18","guid":{"rendered":"https:\/\/enviroprocess.com\/?post_type=product&#038;p=6068"},"modified":"2025-08-06T10:20:13","modified_gmt":"2025-08-06T10:20:13","slug":"water-energy-recovery","status":"publish","type":"product","link":"https:\/\/enviroprocess.com\/fi\/product\/water-energy-recovery","title":{"rendered":"Veden kierr\u00e4tys ja energia"},"content":{"rendered":"<h2 class=\"wp-block-heading\"><strong>Veden ja l\u00e4mm\u00f6n talteenotto energiatehokkaita uimalaitoksia varten<\/strong><\/h2>\n\n\n\n<p><\/p>\n\n\n\n<h3 class=\"wp-block-heading\"><\/h3>\n\n\n\n<p><strong>Tehokkaat, kannattavat ja kest\u00e4v\u00e4t kierr\u00e4tysratkaisut<br><\/strong>Tehokkaat kierr\u00e4tysj\u00e4rjestelm\u00e4mme parantavat uima-altaasi taloudellisuutta ja kest\u00e4vyytt\u00e4. ProHeatin ja DINUF Recycle -j\u00e4rjestelm\u00e4n kaltaisten hyv\u00e4ksi todettujen tekniikoiden avulla voit optimoida veden- ja energianhallintasi maksimoidaksesi s\u00e4\u00e4st\u00f6t ja minimoidaksesi ymp\u00e4rist\u00f6vaikutukset.<\/p>\n\n\n\n<hr class=\"wp-block-separator has-alpha-channel-opacity\"\/>\n\n\n\n<h4 class=\"wp-block-heading\"><strong>ProHeat - L\u00e4mm\u00f6n talteenotto imev\u00e4isik\u00e4isten vedelle<\/strong><\/h4>\n\n\n\n<p>ProHeat on ollut l\u00e4mm\u00f6n talteenoton alkuper\u00e4inen ratkaisu 90-luvulta l\u00e4htien, ja se on edelleen kannattava investointi uimalaitoksille. J\u00e4rjestelm\u00e4 ottaa jatkuvasti talteen l\u00e4mp\u00f6\u00e4 valutetusta vedest\u00e4 ja palauttaa sen prosessiin, mik\u00e4 johtaa merkitt\u00e4viin energians\u00e4\u00e4st\u00f6ihin.<\/p>\n\n\n\n<h4 class=\"wp-block-heading\"><strong>Nopeat tiedot - ProHeat l\u00e4mm\u00f6n talteenotto<\/strong><\/h4>\n\n\n\n<ul class=\"wp-block-list\">\n<li>Kannattava investointi: ottaa jatkuvasti talteen l\u00e4mp\u00f6\u00e4 valutetusta vedest\u00e4.<\/li>\n\n\n\n<li>T\u00e4ydellinen yksikk\u00f6: Ohjauskeskus, jossa on virtausmittarit, l\u00e4mp\u00f6mittarit ja s\u00e4\u00e4t\u00f6venttiilit, kaikki valmiiksi koottuna helppoa asennusta varten - \"plug \u00b4n play\".<\/li>\n\n\n\n<li>R\u00e4\u00e4t\u00e4l\u00f6it\u00e4viss\u00e4: Jokainen yksikk\u00f6 r\u00e4\u00e4t\u00e4l\u00f6id\u00e4\u00e4n asiakkaan tarpeiden mukaan parhaan mahdollisen tehokkuuden saavuttamiseksi.<\/li>\n<\/ul>\n\n\n\n<hr class=\"wp-block-separator has-alpha-channel-opacity\"\/>\n\n\n\n<h4 class=\"wp-block-heading\"><strong>DINUF Recycle - Huuhteluveden kierr\u00e4tys<\/strong><\/h4>\n\n\n\n<p>DINUF Recycle on edistyksellinen huuhteluveden kierr\u00e4tyslaitos, jonka kapasiteetti on jopa 100 m\u00b3 p\u00e4iv\u00e4ss\u00e4. J\u00e4rjestelm\u00e4 puhdistaa huuhteluveden ultrasuodatuksen ja hapetuksen avulla, jolloin se voidaan k\u00e4ytt\u00e4\u00e4 uudelleen lis\u00e4veten\u00e4 ja v\u00e4hent\u00e4\u00e4 riippuvuutta makeasta vedest\u00e4.<\/p>\n\n\n\n<h4 class=\"wp-block-heading\"><strong>Nopeat tiedot - DINUF Recycle<\/strong><\/h4>\n\n\n\n<ul class=\"wp-block-list\">\n<li>Huomattavasti alhaisemmat k\u00e4ytt\u00f6kustannukset: v\u00e4hemm\u00e4n makean veden, kemikaalien ja energian kulutusta.<\/li>\n\n\n\n<li>Lyhyt takaisinmaksuaika: taloudellisesti edullinen investointi.<\/li>\n\n\n\n<li>T\u00e4ysin automaattinen toiminta: Itsest\u00e4\u00e4n optimoituvat huuhteluv\u00e4lit tehokasta k\u00e4sittely\u00e4 varten.<\/li>\n\n\n\n<li>Kompakti ja tilaa s\u00e4\u00e4st\u00e4v\u00e4: helppo asentaa olemassa oleviin tiloihin.<\/li>\n\n\n\n<li>R\u00e4\u00e4t\u00e4l\u00f6ity j\u00e4rjestelm\u00e4: R\u00e4\u00e4t\u00e4l\u00f6id\u00e4\u00e4n erityistarpeiden mukaan, ja sit\u00e4 voidaan t\u00e4ydent\u00e4\u00e4 adsorptiosuodattimilla ja suolanpoistolla kierr\u00e4tysmahdollisuuksien lis\u00e4\u00e4miseksi.<\/li>\n<\/ul>\n\n\n\n<hr class=\"wp-block-separator has-alpha-channel-opacity\"\/>\n\n\n\n<h4 class=\"wp-block-heading\">EnviroProcess-ratkaisujen edut kierr\u00e4tysj\u00e4rjestelmiss\u00e4<\/h4>\n\n\n\n<p>EnviroProcess-kierr\u00e4tysj\u00e4rjestelm\u00e4t tarjoavat monia etuja, jotka tekev\u00e4t niist\u00e4 v\u00e4ltt\u00e4m\u00e4tt\u00f6m\u00e4n osan nykyaikaisia uimaloita. Ottamalla n\u00e4m\u00e4 j\u00e4rjestelm\u00e4t k\u00e4ytt\u00f6\u00f6n voit saavuttaa merkitt\u00e4vi\u00e4 s\u00e4\u00e4st\u00f6j\u00e4, parantaa laitoksesi kest\u00e4vyytt\u00e4 ja luoda:<\/p>\n\n\n\n<ul class=\"wp-block-list\">\n<li>Taloudelliset s\u00e4\u00e4st\u00f6t: Veden, kemikaalien ja energian kustannusten v\u00e4heneminen.<\/li>\n\n\n\n<li>Ymp\u00e4rist\u00f6hy\u00f6dyt: V\u00e4hent\u00e4\u00e4 vedenkulutusta ja j\u00e4teveden m\u00e4\u00e4r\u00e4\u00e4.<\/li>\n\n\n\n<li>Tehokas toiminta: t\u00e4ysin automatisoidut j\u00e4rjestelm\u00e4t, jotka vaativat vain v\u00e4h\u00e4n huoltoa.<\/li>\n\n\n\n<li>Mukautuvuus: J\u00e4rjestelm\u00e4t r\u00e4\u00e4t\u00e4l\u00f6id\u00e4\u00e4n tarpeiden ja olosuhteiden mukaan.<\/li>\n<\/ul>\n\n\n\n<p><\/p>","protected":false},"excerpt":{"rendered":"<p>Vatten- och v\u00e4rme\u00e5tervinning f\u00f6r energieffektiva badanl\u00e4ggningar Effektiva, l\u00f6nsamma och h\u00e5llbara l\u00f6sningar f\u00f6r \u00e5tervinningMed v\u00e5ra effektiva \u00e5tervinningssystem f\u00f6rb\u00e4ttras b\u00e5de ekonomin och h\u00e5llbarheten i din badanl\u00e4ggning. Med bepr\u00f6vade teknologier som ProHeat och DINUF Recycle, kan du optimera din vatten- och energihantering f\u00f6r att maximera besparingarna och minimera milj\u00f6p\u00e5verkan. ProHeat &#8211; V\u00e4rme\u00e5tervinning f\u00f6r Sp\u00e4dvatten ProHeat har varit originalet [&hellip;]<\/p>\n","protected":false},"featured_media":4244,"template":"","categories":[46],"topic":[],"class_list":["post-6068","product","type-product","status-publish","has-post-thumbnail","hentry","category-produkter"],"acf":[],"_links":{"self":[{"href":"https:\/\/enviroprocess.com\/fi\/wp-json\/wp\/v2\/product\/6068","targetHints":{"allow":["GET"]}}],"collection":[{"href":"https:\/\/enviroprocess.com\/fi\/wp-json\/wp\/v2\/product"}],"about":[{"href":"https:\/\/enviroprocess.com\/fi\/wp-json\/wp\/v2\/types\/product"}],"wp:featuredmedia":[{"embeddable":true,"href":"https:\/\/enviroprocess.com\/fi\/wp-json\/wp\/v2\/media\/4244"}],"wp:attachment":[{"href":"https:\/\/enviroprocess.com\/fi\/wp-json\/wp\/v2\/media?parent=6068"}],"wp:term":[{"taxonomy":"category","embeddable":true,"href":"https:\/\/enviroprocess.com\/fi\/wp-json\/wp\/v2\/categories?post=6068"},{"taxonomy":"topic","embeddable":true,"href":"https:\/\/enviroprocess.com\/fi\/wp-json\/wp\/v2\/topic?post=6068"}],"curies":[{"name":"wp","href":"https:\/\/api.w.org\/{rel}","templated":true}]}}