{"id":6065,"date":"2024-09-29T20:46:59","date_gmt":"2024-09-29T20:46:59","guid":{"rendered":"https:\/\/enviroprocess.com\/?post_type=product&#038;p=6065"},"modified":"2025-08-06T10:19:50","modified_gmt":"2025-08-06T10:19:50","slug":"valves","status":"publish","type":"product","link":"https:\/\/enviroprocess.com\/fi\/product\/valves","title":{"rendered":"Venttiilit"},"content":{"rendered":"<h1 class=\"wp-block-heading\">Korkealaatuiset venttiilit<\/h1>\n\n\n\n<p><strong>EnviroProcess tarjoaa t\u00e4ydellisen valikoiman putkia ja venttiileit\u00e4, jotka on sovitettu kaikentyyppisiin kylpysovelluksiin. Tuotteemme on valmistettu PVC:n, PE:n ja PP:n kaltaisista materiaaleista kest\u00e4vyyden ja suorituskyvyn varmistamiseksi vaativissa ymp\u00e4rist\u00f6iss\u00e4.<\/strong><\/p>\n\n\n\n<h4 class=\"wp-block-heading\"><strong>Perhosventtiilit<\/strong><\/h4>\n\n\n\n<p>Z011-ASV on l\u00e4pp\u00e4venttiili, joka on suunniteltu erityisesti kylpyammeasennuksiin. Venttiili sopii t\u00e4ydellisesti nykyaikaisiin putkistoihin ja on helppok\u00e4ytt\u00f6inen. Venttiilin runko on kevytmetallia (silumiini) ja siin\u00e4 on sininen Viton-vuori, ja se on varustettu haponkest\u00e4v\u00e4ll\u00e4 ter\u00e4sluukulla, joten venttiili kest\u00e4\u00e4 eritt\u00e4in hyvin klooria ja sen k\u00e4ytt\u00f6ik\u00e4 on pitk\u00e4. Z011-ASV-venttiili on koneistettu helppok\u00e4ytt\u00f6iseksi, ja sen paineluokitus soveltuu uima-altaisiin (PN3). Se on osoittautunut yhdeksi luotettavimmista venttiileist\u00e4 eurooppalaisissa uima-altaissa, ja sit\u00e4 on k\u00e4ytetty menestyksekk\u00e4\u00e4sti useita vuosia.<\/p>\n\n\n\n<h4 class=\"wp-block-heading\"><strong>Muut tarjoamamme venttiilityypit<\/strong><\/h4>\n\n\n\n<p><\/p>\n\n\n\n<ul class=\"wp-block-list\">\n<li><strong>Perhosventtiili (Z011-A): <\/strong><br>Suunniteltu vesi- ja viem\u00e4riverkostoon ja teollisuuteen, valurautainen kotelo, EPDM-vuori ja haponkest\u00e4v\u00e4 ter\u00e4spelti. Paineluokka PN16.<br><br><\/li>\n\n\n\n<li><strong>Magneettiventtiilit<\/strong>: <br>Pehme\u00e4 sulkeutuminen ja suora toiminta tarkkaa ja turvallista ohjausta varten.<br><br><\/li>\n\n\n\n<li><strong>Ilmansulkuventtiili K4: <\/strong><br>Suunniteltu t\u00e4ydell\u00e4 avautumisasteella ja alhaisella paineh\u00e4vi\u00f6ll\u00e4. Siin\u00e4 on ilmaisin, joka osoittaa, onko pato auki vai kiinni, ja siin\u00e4 on vaihdettava jousi.<\/li>\n<\/ul>\n\n\n\n<p><\/p>","protected":false},"excerpt":{"rendered":"<p>Ventiler som h\u00e5ller h\u00f6gsta kvalitet EnviroProcess erbjuder ett komplett r\u00f6r- och ventilprogram anpassat f\u00f6r alla typer av badapplikationer. V\u00e5ra produkter \u00e4r tillverkade av material som PVC, PE och PP f\u00f6r att s\u00e4kerst\u00e4lla h\u00e5llbarhet och prestanda i kr\u00e4vande milj\u00f6er. Vridspj\u00e4llsventiler Z011-ASV \u00e4r en vridspj\u00e4llsventil speciellt designad f\u00f6r badanl\u00e4ggningar. Ventilen passar utm\u00e4rkt i moderna r\u00f6rsystem och \u00e4r [&hellip;]<\/p>\n","protected":false},"featured_media":5903,"template":"","categories":[46],"topic":[],"class_list":["post-6065","product","type-product","status-publish","has-post-thumbnail","hentry","category-produkter"],"acf":[],"_links":{"self":[{"href":"https:\/\/enviroprocess.com\/fi\/wp-json\/wp\/v2\/product\/6065","targetHints":{"allow":["GET"]}}],"collection":[{"href":"https:\/\/enviroprocess.com\/fi\/wp-json\/wp\/v2\/product"}],"about":[{"href":"https:\/\/enviroprocess.com\/fi\/wp-json\/wp\/v2\/types\/product"}],"wp:featuredmedia":[{"embeddable":true,"href":"https:\/\/enviroprocess.com\/fi\/wp-json\/wp\/v2\/media\/5903"}],"wp:attachment":[{"href":"https:\/\/enviroprocess.com\/fi\/wp-json\/wp\/v2\/media?parent=6065"}],"wp:term":[{"taxonomy":"category","embeddable":true,"href":"https:\/\/enviroprocess.com\/fi\/wp-json\/wp\/v2\/categories?post=6065"},{"taxonomy":"topic","embeddable":true,"href":"https:\/\/enviroprocess.com\/fi\/wp-json\/wp\/v2\/topic?post=6065"}],"curies":[{"name":"wp","href":"https:\/\/api.w.org\/{rel}","templated":true}]}}