{"id":6052,"date":"2024-09-29T19:50:46","date_gmt":"2024-09-29T19:50:46","guid":{"rendered":"https:\/\/enviroprocess.com\/?post_type=product&#038;p=6052"},"modified":"2025-08-06T10:16:39","modified_gmt":"2025-08-06T10:16:39","slug":"dye-test-swimming-pool","status":"publish","type":"product","link":"https:\/\/enviroprocess.com\/fi\/product\/dye-test-swimming-pool","title":{"rendered":"N\u00e4ytteiden v\u00e4rj\u00e4ys ja v\u00e4rj\u00e4ys"},"content":{"rendered":"<h1 class=\"wp-block-heading\">V\u00e4rj\u00e4yskoe - optimoitu allasveden sekoittumisen toimintakoe<\/h1>\n\n\n\n<p><strong>EnviroProcess tarjoaa ammattimaisia v\u00e4rj\u00e4yskokeita joilla varmistetaan, ett\u00e4 altaan hydraulinen virtaus on optimaalinen tehokkaan vedenk\u00e4sittelyn kannalta. V\u00e4rj\u00e4yskokeen tekem\u00e4ll\u00e4 voit varmistaa, ett\u00e4 allasvesi kiert\u00e4\u00e4 oikein ja vedenlaatu on mahdollisimman hyv\u00e4.<\/strong><\/p>\n\n\n\n<h4 class=\"wp-block-heading\">Hydraulisen virtauksen merkitys<\/h4>\n\n\n\n<p>Altaan hydraulinen virtaus on ratkaisevan t\u00e4rke\u00e4\u00e4 vedenk\u00e4sittelyn tehokkuuden kannalta. T\u00e4m\u00e4n tarkistamiseksi on teht\u00e4v\u00e4 v\u00e4rj\u00e4yskoe. Tavoitteena on saavuttaa t\u00e4ydellinen v\u00e4rj\u00e4ytyminen 15 minuutissa. V\u00e4rj\u00e4yskoe on teht\u00e4v\u00e4 altaan k\u00e4ytt\u00f6\u00f6noton yhteydess\u00e4 ja toistettava viiden vuoden v\u00e4lein, jotta varmistetaan jatkuva optimaalinen suorituskyky.<\/p>\n\n\n\n<h4 class=\"wp-block-heading\">V\u00e4rj\u00e4yskokeen suorittaminen<\/h4>\n\n\n\n<p>V\u00e4rj\u00e4yskoe sis\u00e4lt\u00e4\u00e4 kaikki tarvittavat kemikaalit sek\u00e4 kloorinpoistoon ett\u00e4 v\u00e4rj\u00e4ykseen. Testiss\u00e4 vesi v\u00e4rj\u00e4ytyy kellanvihre\u00e4ksi, jolloin altaan virtaukset n\u00e4kyv\u00e4t selv\u00e4sti. Tiivistetyn v\u00e4riaineen annostelu on 2-5 litraa 100 m\u00b3 allasvett\u00e4 kohden, mik\u00e4 vastaa SS-EN 15288 standardia. EnviroProcess dokumentoi testin huolellisesti videoimalla ja koostaa tulokset kirjalliseen raporttiin t\u00e4ydellisen ja avoimen seurannan varmistamiseksi.<\/p>\n\n\n\n<div class=\"wp-block-buttons is-layout-flex wp-block-buttons-is-layout-flex\">\n<div class=\"wp-block-button is-style-outline is-style-outline--1\"><a class=\"wp-block-button__link wp-element-button\" href=\"https:\/\/enviroprocess.com\/fi\/ota-yhteytta\/\">Ota yhteytt\u00e4 lis\u00e4tietoja tai tilausta varten<\/a><\/div>\n<\/div>\n\n\n\n<h4 class=\"wp-block-heading\"><br><strong>V\u00e4rj\u00e4ys \/ V\u00e4rj\u00e4yskoe<\/strong><\/h4>\n\n\n\n<p>Viranomaiset edellytt\u00e4v\u00e4t omavalvontaa, johon kuuluu my\u00f6s v\u00e4rj\u00e4yskokeet.<\/p>\n\n\n\n<figure class=\"wp-block-image aligncenter size-medium\"><img fetchpriority=\"high\" decoding=\"async\" width=\"300\" height=\"200\" src=\"https:\/\/enviroprocess.com\/wp-content\/uploads\/2024\/08\/Folkhalsomyndigheten_C_RGB-300x200.png\" alt=\"\" class=\"wp-image-4571\" style=\"aspect-ratio:3\/2;object-fit:cover\" srcset=\"https:\/\/enviroprocess.com\/wp-content\/uploads\/2024\/08\/Folkhalsomyndigheten_C_RGB-300x200.png 300w, https:\/\/enviroprocess.com\/wp-content\/uploads\/2024\/08\/Folkhalsomyndigheten_C_RGB-1024x684.png 1024w, https:\/\/enviroprocess.com\/wp-content\/uploads\/2024\/08\/Folkhalsomyndigheten_C_RGB-768x513.png 768w, https:\/\/enviroprocess.com\/wp-content\/uploads\/2024\/08\/Folkhalsomyndigheten_C_RGB-18x12.png 18w, https:\/\/enviroprocess.com\/wp-content\/uploads\/2024\/08\/Folkhalsomyndigheten_C_RGB.png 1290w\" sizes=\"(max-width: 300px) 100vw, 300px\" \/><\/figure>\n\n\n\n<h4 class=\"wp-block-heading has-text-align-center\">V\u00e4rj\u00e4ys - V\u00e4rj\u00e4yskoe (SS EN 15288:n mukaisesti).<\/h4>\n\n\n\n<p class=\"has-text-align-center\"><em>\"On t\u00e4rke\u00e4\u00e4, ett\u00e4 my\u00f6s toiminnanharjoittaja tuntee altaan vedenkierron ja miten k\u00e4sitelty vesi jakautuu altaassa. T\u00e4m\u00e4n tarkistamiseksi voidaan tehd\u00e4 v\u00e4rj\u00e4yskoe.\"<\/em><br><br> <a href=\"https:\/\/www.folkhalsomyndigheten.se\/publikationer-och-material\/publikationsarkiv\/v\/vagledning-om-bassangbad\/?pub=86245\" target=\"_blank\" rel=\"noopener\">FoHM:n yleiset ohjeet (HSLF-FS 2021:11).<\/a><\/p>\n\n\n\n<h4 class=\"wp-block-heading\"><br>Lis\u00e4tietoja v\u00e4rj\u00e4yskokeista<\/h4>\n\n\n\n<p>Altaan hydraulinen virtaus on ratkaisevan t\u00e4rke\u00e4\u00e4 vedenk\u00e4sittelyn tehokkuuden kannalta, ja se on tarkistettava v\u00e4rj\u00e4yskokeella. T\u00e4ydellinen v\u00e4rj\u00e4ytyminen on saavutettava 15 minuutissa. V\u00e4rj\u00e4yskoe on suoritettava k\u00e4ytt\u00f6\u00f6noton yhteydess\u00e4 ja toistettava sen j\u00e4lkeen viiden vuoden v\u00e4lein. V\u00e4rj\u00e4yskoe sis\u00e4lt\u00e4\u00e4 tarvittavat kloorinpoisto- ja v\u00e4rj\u00e4yskemikaalit, ja se dokumentoidaan videolla ja kirjallisella raportilla.<\/p>\n\n\n\n<p><p><a href=\"https:\/\/enviroprocess.com\/fi\/ota-yhteytta\/\" data-type=\"page\" data-id=\"1559\">Ota yhteytt\u00e4 lis\u00e4tietoja tai tilausta varten<\/a><\/p><\/p>","protected":false},"excerpt":{"rendered":"<p>Altaan hydraulinen virtaus on ratkaisevan t\u00e4rke\u00e4\u00e4 vedenk\u00e4sittelyn tehokkuuden kannalta. <\/p>","protected":false},"featured_media":4201,"template":"","categories":[46,45],"topic":[94,93],"class_list":["post-6052","product","type-product","status-publish","has-post-thumbnail","hentry","category-produkter","category-tjanster","topic-dye-test-topic","topic-dye-sample-test"],"acf":[],"_links":{"self":[{"href":"https:\/\/enviroprocess.com\/fi\/wp-json\/wp\/v2\/product\/6052","targetHints":{"allow":["GET"]}}],"collection":[{"href":"https:\/\/enviroprocess.com\/fi\/wp-json\/wp\/v2\/product"}],"about":[{"href":"https:\/\/enviroprocess.com\/fi\/wp-json\/wp\/v2\/types\/product"}],"wp:featuredmedia":[{"embeddable":true,"href":"https:\/\/enviroprocess.com\/fi\/wp-json\/wp\/v2\/media\/4201"}],"wp:attachment":[{"href":"https:\/\/enviroprocess.com\/fi\/wp-json\/wp\/v2\/media?parent=6052"}],"wp:term":[{"taxonomy":"category","embeddable":true,"href":"https:\/\/enviroprocess.com\/fi\/wp-json\/wp\/v2\/categories?post=6052"},{"taxonomy":"topic","embeddable":true,"href":"https:\/\/enviroprocess.com\/fi\/wp-json\/wp\/v2\/topic?post=6052"}],"curies":[{"name":"wp","href":"https:\/\/api.w.org\/{rel}","templated":true}]}}