{"id":6041,"date":"2024-09-29T19:11:46","date_gmt":"2024-09-29T19:11:46","guid":{"rendered":"https:\/\/enviroprocess.com\/?post_type=product&#038;p=6041"},"modified":"2025-08-06T10:12:38","modified_gmt":"2025-08-06T10:12:38","slug":"electrodes","status":"publish","type":"product","link":"https:\/\/enviroprocess.com\/fi\/product\/electrodes","title":{"rendered":"Elektrodit \u00a0"},"content":{"rendered":"<h1 class=\"wp-block-heading\">Tarkat ja luotettavat elektrodit<\/h1>\n\n\n\n<p><strong>EnviroProcess tarjoaa kattavan valikoiman elektrodeja, jotka soveltuvat kaikkiin toimintoihin ja useimpiin markkinoilla oleviin mittareihin. Elektrodimme takaavat tarkan mittauksen ja ne on erityisesti valittu allasveden k\u00e4sittely\u00e4 varten.<\/strong><\/p>\n\n\n\n<h4 class=\"wp-block-heading\">Elektrodit tarkkaan mittaukseen<\/h4>\n\n\n\n<p>Elektrodimme on suunniteltu tuottamaan tarkkoja ja luotettavia mittauksia kaikentyyppisiss\u00e4 vesiymp\u00e4rist\u00f6iss\u00e4. K\u00e4yt\u00f6n helpottamiseksi tarjoamme mm. valmiita elektrodipaketteja, joiden avulla vaihtaminen ja asentaminen on helppoa ja vaivatonta. Hy\u00f6dyllinen vinkki on tarkistaa kaapelista elektrodin valmistusp\u00e4iv\u00e4m\u00e4\u00e4r\u00e4, sill\u00e4 elektrodit tulisi vaihtaa kerran vuodessa, jotta varmistetaan jatkuva tarkkuus, tehokkuus ja kemikaalien kulutuksen v\u00e4heneminen.<\/p>\n\n\n\n<h4 class=\"wp-block-heading\">Nopeat toimitukset<\/h4>\n\n\n\n<p>Elektrodimme ovat varastotavaraa ja heti toimitettavissa. Saat nopeasti k\u00e4ytt\u00f6\u00f6si komponentit, joita tarvitset pit\u00e4m\u00e4\u00e4n j\u00e4rjestelm\u00e4si huippukunnossa. Valmiiden elektrodipakkaustemme avulla huolto ja elektrodien vaihto on helpompaa ja tehokkaampaa.<\/p>\n\n\n\n<h4 class=\"wp-block-heading\">Muista vaihtaa elektrodit kerran vuodessa<\/h4>\n\n\n\n<p>S\u00e4\u00e4st\u00e4 ymp\u00e4rist\u00f6\u00e4 ja v\u00e4henn\u00e4 kustannuksia! Vaihda elektrodit ja v\u00e4henn\u00e4 kemikaalien kulutusta. Vinkki: Tarkista elektrodin valmistusp\u00e4iv\u00e4m\u00e4\u00e4r\u00e4 kaapelista. Elektrodit tulisi vaihtaa kerran vuodessa. Tarjoamme valmiita elektrodipaketteja - yksinkertaista ja helppoa. Ota yhteytt\u00e4, niin autamme sinua l\u00f6yt\u00e4m\u00e4\u00e4n oikean paketin!<\/p>\n\n\n\n<p><\/p>\n\n\n\n<figure class=\"wp-block-embed is-type-video is-provider-youtube wp-block-embed-youtube wp-embed-aspect-16-9 wp-has-aspect-ratio\"><div class=\"wp-block-embed__wrapper\">\n<iframe title=\"Elektrodien vaihto - oikealla tavalla kaapeleita jne. vahingoittamatta.\" width=\"800\" height=\"450\" src=\"https:\/\/www.youtube.com\/embed\/Ntqdn2dYw50?feature=oembed\" frameborder=\"0\" allow=\"accelerometer; autoplay; clipboard-write; encrypted-media; gyroscope; picture-in-picture; web-share\" referrerpolicy=\"strict-origin-when-cross-origin\" allowfullscreen><\/iframe>\n<\/div><figcaption class=\"wp-element-caption\"><strong>Katso video: <\/strong>Miten elektrodit vaihdetaan helposti ja turvallisesti kaapeleita ym. vahingoittamatta.<\/figcaption><\/figure>","protected":false},"excerpt":{"rendered":"<p>Elektroder f\u00f6r precision och p\u00e5litlighet i alla funktioner EnviroProcess erbjuder ett omfattande sortiment av elektroder som \u00e4r anpassade f\u00f6r alla funktioner och passar de flesta m\u00e4tare p\u00e5 marknaden. V\u00e5ra elektroder garanterar noggrann m\u00e4tning och \u00e4r speciellt utvalda f\u00f6r att hantera badvatten effektivt. Elektroder f\u00f6r noggrann m\u00e4tning V\u00e5ra elektroder \u00e4r designade f\u00f6r att leverera noggrann och [&hellip;]<\/p>\n","protected":false},"featured_media":4189,"template":"","categories":[46],"topic":[],"class_list":["post-6041","product","type-product","status-publish","has-post-thumbnail","hentry","category-produkter"],"acf":[],"_links":{"self":[{"href":"https:\/\/enviroprocess.com\/fi\/wp-json\/wp\/v2\/product\/6041","targetHints":{"allow":["GET"]}}],"collection":[{"href":"https:\/\/enviroprocess.com\/fi\/wp-json\/wp\/v2\/product"}],"about":[{"href":"https:\/\/enviroprocess.com\/fi\/wp-json\/wp\/v2\/types\/product"}],"wp:featuredmedia":[{"embeddable":true,"href":"https:\/\/enviroprocess.com\/fi\/wp-json\/wp\/v2\/media\/4189"}],"wp:attachment":[{"href":"https:\/\/enviroprocess.com\/fi\/wp-json\/wp\/v2\/media?parent=6041"}],"wp:term":[{"taxonomy":"category","embeddable":true,"href":"https:\/\/enviroprocess.com\/fi\/wp-json\/wp\/v2\/categories?post=6041"},{"taxonomy":"topic","embeddable":true,"href":"https:\/\/enviroprocess.com\/fi\/wp-json\/wp\/v2\/topic?post=6041"}],"curies":[{"name":"wp","href":"https:\/\/api.w.org\/{rel}","templated":true}]}}