{"id":6038,"date":"2024-09-29T19:02:47","date_gmt":"2024-09-29T19:02:47","guid":{"rendered":"https:\/\/enviroprocess.com\/?post_type=product&#038;p=6038"},"modified":"2025-08-06T10:11:56","modified_gmt":"2025-08-06T10:11:56","slug":"pool-management-safety","status":"publish","type":"product","link":"https:\/\/enviroprocess.com\/fi\/product\/pool-management-safety","title":{"rendered":"Lynxight - Hukkumish\u00e4lytys- ja hallintaj\u00e4rjestelm\u00e4 uimahalleihin"},"content":{"rendered":"<h2 class=\"wp-block-heading\">Mullistavaa turvallisuutta AI-teknologian avulla<\/h2>\n\n\n\n<p><\/p>\n\n\n\n<p><strong>Lynxight valvoo yksitt\u00e4isi\u00e4 uimareita kameroiden ja teko\u00e4lyn avulla ja antaa ennaltaehk\u00e4isev\u00e4n varoituksen ennen onnettomuutta. J\u00e4rjestelm\u00e4 l\u00e4hett\u00e4\u00e4 reaaliaikaisia ja historiatietoja henkil\u00f6kunnan \u00e4lykelloon ja varoittaa, jos altaassa on ylikuormitusta. Teko\u00e4lyratkaisu on helppo asentaa sek\u00e4 uusiin ett\u00e4 olemassa oleviin uimahalleihin ilman vaikutusta toimintaan.<\/strong><\/p>\n\n\n\n<h4 class=\"wp-block-heading\"><strong>Hukkumisvaarah\u00e4lytys AI-teknologian avulla<\/strong><\/h4>\n\n\n\n<p>Lynxight valvoo yksitt\u00e4isi\u00e4 uimareita kameroiden ja teko\u00e4lyn avulla ja antaa ennaltaehk\u00e4isev\u00e4n varoituksen ennen onnettomuutta. J\u00e4rjestelm\u00e4 l\u00e4hett\u00e4\u00e4 reaaliaikaisia ja historiatietoja henkil\u00f6kunnan \u00e4lykelloon ja varoittaa, jos altaassa on ylikuormitusta.  Teko\u00e4lyratkaisu on helppo asentaa sek\u00e4 uusiin ett\u00e4 olemassa oleviin uimahalleihin ilman vaikutusta toimintaan.<\/p>\n\n\n\n<h4 class=\"wp-block-heading\"><strong>Tehokas hallintaj\u00e4rjestelm\u00e4<\/strong><\/h4>\n\n\n\n<p>Lynxight sis\u00e4lt\u00e4\u00e4 hallintaj\u00e4rjestelm\u00e4n, joka analysoi automaattisesti riskit ja tuottaa k\u00e4ytt\u00f6tilastoja. J\u00e4rjestelm\u00e4 ilmoittaa uimareiden kokonaism\u00e4\u00e4r\u00e4n ja heid\u00e4n vedess\u00e4 oloaikansa, se oppii itse ja kehittyy ajan my\u00f6t\u00e4. Lis\u00e4ksi j\u00e4rjestelm\u00e4 sis\u00e4lt\u00e4\u00e4 s\u00e4hk\u00f6isen oppimisalustan henkil\u00f6kunnan koulutusta varten, mik\u00e4 takaa osaamisen korkean laadun. Lynxight on hyv\u00e4ksytty DIN-standardin (DIN 79002) ja ISO 20380:n mukaisesti. <br><br>Valitse EnviroProcess ja Lynxight, kun haluat lis\u00e4t\u00e4 uimalaitoksesi turvallisuutta ja tehokkuutta uusimman teko\u00e4lyteknologian avulla.<\/p>\n\n\n\n<h4 class=\"wp-block-heading\"><strong>Hukkumisvaarah\u00e4lytys ainuutlaatuisella AI -teknologialla<\/strong><\/h4>\n\n\n\n<ul class=\"wp-block-list\">\n<li>Ainutlaatuinen h\u00e4lytin, joka valvoo uimareita yksil\u00f6llisesti kameroiden ja teko\u00e4lyteknologian avulla.<\/li>\n\n\n\n<li>Laskentaj\u00e4rjestelm\u00e4 - nykyiset ja historiatiedot - uimavalvoja saa tietoa \u00e4lykellon kautta, jotta h\u00e4nell\u00e4 on aina t\u00e4ysi valvonta kaikista uimareista.<\/li>\n\n\n\n<li>Ennaltaehk\u00e4isev\u00e4 varoitus, joka reagoi ennen onnettomuuden tapahtumista.<\/li>\n\n\n\n<li>Varoitus jos altaassa on liian monta uimaria<\/li>\n\n\n\n<li>Nykyteknolgian mukainen \u00e4lykello henkil\u00f6st\u00f6lle<\/li>\n\n\n\n<li>Helppo asentaa sek\u00e4 uusiin ett\u00e4 olemassa oleviin uimalaitoksiin vaikuttamatta altaan rakenteisiin tai k\u00e4ynniss\u00e4 olevaan toimintaan.<br><\/li>\n<\/ul>\n\n\n\n<h4 class=\"wp-block-heading\"><strong>Hallinta<\/strong><\/h4>\n\n\n\n<ul class=\"wp-block-list\">\n<li>Automaattinen riskianalyysi ja altaiden k\u00e4ytt\u00f6tilastot.<\/li>\n\n\n\n<li>Uimareiden kokonaism\u00e4\u00e4r\u00e4 altaassa rataa tai aluetta kohti ja uintiin k\u00e4ytetty kokonaisaika.<br>.<\/li>\n\n\n\n<li>Itseoppivat j\u00e4rjestelm\u00e4t, jotka kehittyv\u00e4t ajan my\u00f6t\u00e4 \u00e4lykk\u00e4\u00e4mmiksi.<\/li>\n\n\n\n<li>E-learning-j\u00e4rjestelm\u00e4, jonka avulla on helppo kouluttaa uutta henkil\u00f6st\u00f6\u00e4 ja yll\u00e4pit\u00e4\u00e4<br>olemassa olevan henkil\u00f6st\u00f6n tietoja ja taitoja.<\/li>\n\n\n\n<li>Hyv\u00e4ksytty saksalaisen DIN-standardin (DIN 79002) ja ISO 20 380 mukaisesti.<\/li>\n<\/ul>\n\n\n\n<div class=\"wp-block-media-text is-stacked-on-mobile\"><figure class=\"wp-block-media-text__media\"><img fetchpriority=\"high\" decoding=\"async\" width=\"1000\" height=\"819\" src=\"https:\/\/enviroprocess.com\/wp-content\/uploads\/2024\/08\/Lynxight-klocka-web.png\" alt=\"Hengenpelastajille annetaan tekninen v\u00e4line, joka helpottaa heid\u00e4n p\u00e4ivitt\u00e4ist\u00e4 ty\u00f6t\u00e4\u00e4n ja yll\u00e4pit\u00e4\u00e4 korkeaa turvallisuustasoa 24\/7.\" class=\"wp-image-4178 size-full\" srcset=\"https:\/\/enviroprocess.com\/wp-content\/uploads\/2024\/08\/Lynxight-klocka-web.png 1000w, https:\/\/enviroprocess.com\/wp-content\/uploads\/2024\/08\/Lynxight-klocka-web-300x246.png 300w, https:\/\/enviroprocess.com\/wp-content\/uploads\/2024\/08\/Lynxight-klocka-web-768x629.png 768w, https:\/\/enviroprocess.com\/wp-content\/uploads\/2024\/08\/Lynxight-klocka-web-15x12.png 15w\" sizes=\"(max-width: 1000px) 100vw, 1000px\" \/><\/figure><div class=\"wp-block-media-text__content\">\n<p><br><br><br><br><br><br><br><br><br>Uimavalvojat saavat teknisen laitteen<br>joka helpottaa ty\u00f6p\u00e4iv\u00e4\u00e4<br>ja yll\u00e4pit\u00e4\u00e4 korkeaa turvallisuustasoa 24\/7.<br><br><br><br><br><br><br><br><br><br><\/p>\n<\/div><\/div>\n\n\n\n<figure class=\"wp-block-embed is-type-video is-provider-youtube wp-block-embed-youtube wp-embed-aspect-16-9 wp-has-aspect-ratio\"><div class=\"wp-block-embed__wrapper\">\n<iframe title=\"Lynxight-hukkumish\u00e4lytin, Tr\u00e4ffpunkt Idrott 2023:ssa\" width=\"800\" height=\"450\" src=\"https:\/\/www.youtube.com\/embed\/sMuiKaTiFJo?feature=oembed\" frameborder=\"0\" allow=\"accelerometer; autoplay; clipboard-write; encrypted-media; gyroscope; picture-in-picture; web-share\" referrerpolicy=\"strict-origin-when-cross-origin\" allowfullscreen><\/iframe>\n<\/div><\/figure>\n\n\n\n<p><strong>Katso haastattelu: <\/strong>Tapaa Eirik Aksnes, yksi Lynxightin takana olevista innovaattoreista.  <\/p>","protected":false},"excerpt":{"rendered":"<p>Revolutionerande s\u00e4kerhet med AI-teknologi Lynxight \u00f6vervakar individuella badg\u00e4ster med kameror och AI, vilket ger preventiv varning innan en olycka intr\u00e4ffar. Systemet skickar realtids- och historisk data till personalens smart watch, varnar vid \u00f6verbelastning i poolen. AI-l\u00f6sningen \u00e4r enkel att installera i b\u00e5de nya och befintliga badhus utan p\u00e5verkan p\u00e5 verksamheten. Drunkningslarm med AI-teknologi Lynxight \u00f6vervakar [&hellip;]<\/p>\n","protected":false},"featured_media":4180,"template":"","categories":[46],"topic":[],"class_list":["post-6038","product","type-product","status-publish","has-post-thumbnail","hentry","category-produkter"],"acf":[],"_links":{"self":[{"href":"https:\/\/enviroprocess.com\/fi\/wp-json\/wp\/v2\/product\/6038","targetHints":{"allow":["GET"]}}],"collection":[{"href":"https:\/\/enviroprocess.com\/fi\/wp-json\/wp\/v2\/product"}],"about":[{"href":"https:\/\/enviroprocess.com\/fi\/wp-json\/wp\/v2\/types\/product"}],"wp:featuredmedia":[{"embeddable":true,"href":"https:\/\/enviroprocess.com\/fi\/wp-json\/wp\/v2\/media\/4180"}],"wp:attachment":[{"href":"https:\/\/enviroprocess.com\/fi\/wp-json\/wp\/v2\/media?parent=6038"}],"wp:term":[{"taxonomy":"category","embeddable":true,"href":"https:\/\/enviroprocess.com\/fi\/wp-json\/wp\/v2\/categories?post=6038"},{"taxonomy":"topic","embeddable":true,"href":"https:\/\/enviroprocess.com\/fi\/wp-json\/wp\/v2\/topic?post=6038"}],"curies":[{"name":"wp","href":"https:\/\/api.w.org\/{rel}","templated":true}]}}