{"id":6015,"date":"2024-09-29T17:11:42","date_gmt":"2024-09-29T17:11:42","guid":{"rendered":"https:\/\/enviroprocess.com\/?post_type=product&#038;p=6015"},"modified":"2025-12-01T14:54:10","modified_gmt":"2025-12-01T14:54:10","slug":"service-support","status":"publish","type":"product","link":"https:\/\/enviroprocess.com\/fi\/product\/service-support","title":{"rendered":"Huolto &amp; tuki"},"content":{"rendered":"<h1 class=\"wp-block-heading\">Tarjoamme huoltopalvelua, laitosk\u00e4yntej\u00e4 ja tukea kaikkialla Pohjolassa!<\/h1>\n\n\n\n<p><strong>Joskus tilanne on kiireellinen, ja tarvitset apua luotettavalta, asiantuntevalta huoltoteknikoilta. Silloin apuna on huolto- ja tukipalvelumme, joka tekee laitosk\u00e4yntej\u00e4 my\u00f6s lyhyell\u00e4 varoitusajalla tai mahdollisuuksien mukaan selvitt\u00e4\u00e4 asian et\u00e4yhteyden kautta. Lis\u00e4ksi puhelinpalvelu auttaa niit\u00e4, jotka tarvitsevat kiireellist\u00e4 apua, mutta eiv\u00e4t ole viel\u00e4 tehneet kanssamme huoltosopimusta.<\/strong><\/p>\n\n\n\n<h3 class=\"wp-block-heading\">T\u00e4\u00e4lt\u00e4 l\u00f6yd\u00e4t huolto- ja tukipalvelumme yhteystiedot:<\/h3>\n\n\n\n<p><strong>Vikailmoitus: <\/strong>Tee netiss\u00e4 vikailmoitus, palautus tai takuutoimenpide. Kiireellisiss\u00e4 asioissa soita meille suoraan numeroon 0207 354 720. <br><strong>Varaa huoltok\u00e4ynti: <\/strong>Puh. 0207 354 720 (ma-pe klo 07.30-12.00), muina aikoina: <a href=\"mailto:bokaservice@enviroprocess.com\">service.fi@enviroprocess.com<\/a>. H\u00e4t\u00e4tapauksissa soita suoraan meille, puh. 0207 354 720<\/p>\n\n\n\n<div class=\"wp-block-buttons is-layout-flex wp-block-buttons-is-layout-flex\">\n<div class=\"wp-block-button\"><a class=\"wp-block-button__link wp-element-button\" href=\"https:\/\/forms.office.com\/Pages\/ResponsePage.aspx?id=jfhD7zCWvEibWft-mUTQRJtlrmivfptOhZtYuzTJ545UQTc4SjhUWE5BSDJXWDExSUNaM0lXSEtLTy4u\" target=\"_blank\" rel=\"noopener\">Luo vikailmoitus (vikailmoitus, takuutoimenpide)\u00a0<\/a><\/div>\n\n\n\n<div class=\"wp-block-button\"><a class=\"wp-block-button__link wp-element-button\" href=\"https:\/\/forms.office.com\/Pages\/ResponsePage.aspx?id=jfhD7zCWvEibWft-mUTQRHZv3SE_f-tHviyVvMdfQy9UMFVJVjlNMU83VU01OTVUS1I1MFBDMEkwOS4u\" target=\"_blank\" rel=\"noopener\">EnviroProcess Dolphin -tuki<\/a><\/div>\n<\/div>\n\n\n\n<h3 class=\"wp-block-heading\">Huolto ja j\u00e4lkimarkkinointi<\/h3>\n\n\n\n<p>Kun EnviroProcessin huoltoteknikko vierailee laitoksellasi, voit olla varma, ett\u00e4 paikalla on oikea asiantuntemus ja ett\u00e4 ty\u00f6 tehd\u00e4\u00e4n ammattitaitoisesti.<\/p>\n\n\n\n<h4 class=\"wp-block-heading\">Valtuutettu huolto<\/h4>\n\n\n\n<p><strong>Valtuutettu huolto-osasto<\/strong>: Pyrimme aina vastaamaan alan kasvavaan palveluntarpeeseen, joten huolto- ja j\u00e4rjestelm\u00e4teknikkomme osallistuvat vuosittain koulutukseen edustustojemme ja toimittajiemme kanssa. N\u00e4in varmistetaan ett\u00e4 voimme tarjota asiakkaillemme parasta mahdollsita palvelua. Lis\u00e4ksi teknikot saavat tarvittavan koulutuksen kemikaalien turvallisesta k\u00e4sittelyst\u00e4, tulit\u00f6ist\u00e4 ja s\u00e4hk\u00f6t\u00f6ist\u00e4 viranomaisten vaatimusten mukaisesti.<\/p>\n\n\n\n<h4 class=\"wp-block-heading\">Toimiva huolto on hyv\u00e4n talouden perusta<\/h4>\n\n\n\n<p><strong>Ennaltaehk\u00e4isev\u00e4 kunnossapito on hyv\u00e4\u00e4 taloudenpitoa<\/strong>: Tekninen asennus on yksi laitoksesi t\u00e4rkeimmist\u00e4 osista, jonka pit\u00e4isi toimia pitk\u00e4\u00e4n. Kuten kaikkien teknisten j\u00e4rjestelmien ja asennusten kohdalla, jatkuva huolto on tarpeen toimintah\u00e4iri\u00f6iden v\u00e4hent\u00e4miseksi.<\/p>\n\n\n\n<p>Ennaltaehk\u00e4isev\u00e4 ja suunniteltu huoltoseisokki tarkoittaa, ett\u00e4 meill\u00e4 on varattuna tarvittavat resurssit ja varaosat, jolloin huolto voidaan toteuttaa mahdollisimman optimoidusti..<\/p>\n\n\n\n<p><\/p>","protected":false},"excerpt":{"rendered":"<p>Tarjoamme palvelua, vierailuja ja tukea kaikkialla Ruotsissa!<\/p>","protected":false},"featured_media":7601,"template":"","categories":[47,45],"topic":[],"class_list":["post-6015","product","type-product","status-publish","has-post-thumbnail","hentry","category-segment","category-tjanster"],"acf":[],"_links":{"self":[{"href":"https:\/\/enviroprocess.com\/fi\/wp-json\/wp\/v2\/product\/6015","targetHints":{"allow":["GET"]}}],"collection":[{"href":"https:\/\/enviroprocess.com\/fi\/wp-json\/wp\/v2\/product"}],"about":[{"href":"https:\/\/enviroprocess.com\/fi\/wp-json\/wp\/v2\/types\/product"}],"wp:featuredmedia":[{"embeddable":true,"href":"https:\/\/enviroprocess.com\/fi\/wp-json\/wp\/v2\/media\/7601"}],"wp:attachment":[{"href":"https:\/\/enviroprocess.com\/fi\/wp-json\/wp\/v2\/media?parent=6015"}],"wp:term":[{"taxonomy":"category","embeddable":true,"href":"https:\/\/enviroprocess.com\/fi\/wp-json\/wp\/v2\/categories?post=6015"},{"taxonomy":"topic","embeddable":true,"href":"https:\/\/enviroprocess.com\/fi\/wp-json\/wp\/v2\/topic?post=6015"}],"curies":[{"name":"wp","href":"https:\/\/api.w.org\/{rel}","templated":true}]}}