{"id":5948,"date":"2024-09-27T14:41:55","date_gmt":"2024-09-27T14:41:55","guid":{"rendered":"https:\/\/enviroprocess.com\/?post_type=product&#038;p=5948"},"modified":"2025-08-06T09:57:39","modified_gmt":"2025-08-06T09:57:39","slug":"envirocare-maintenance","status":"publish","type":"product","link":"https:\/\/enviroprocess.com\/fi\/product\/envirocare-maintenance","title":{"rendered":"K\u00e4ytt\u00f6 ja yll\u00e4pito \/ EnviroCare"},"content":{"rendered":"<h1 class=\"wp-block-heading\">Ota omavalvonta haltuun EnviroCaren avulla.<\/h1>\n\n\n\n<p><strong>Varmista itsehallintasi \u00e4lykk\u00e4iden k\u00e4ytt\u00f6sopimustemme avulla!<\/strong><br><br><strong>EnviroProcess edustaa pitk\u00e4j\u00e4nteist\u00e4 ja kest\u00e4v\u00e4\u00e4 ajattelua sek\u00e4 ymp\u00e4rist\u00f6\u00e4 s\u00e4\u00e4st\u00e4vi\u00e4 ratkaisuja uima-altaiden ja kylpyl\u00f6iden vedenk\u00e4sittelyyn. Hyvin hoidettu vedenpuhdistuslaitos ei ole ainoastaan parempi ymp\u00e4rist\u00f6n kannalta, vaan se kest\u00e4\u00e4 pidemp\u00e4\u00e4n ja alentaa k\u00e4ytt\u00f6kustannuksia - investointi, joka luo vakaata ja kest\u00e4v\u00e4\u00e4 taloutta sek\u00e4 lyhyell\u00e4 ett\u00e4 pitk\u00e4ll\u00e4 aikav\u00e4lill\u00e4.<\/strong><\/p>\n\n\n\n<figure class=\"wp-block-image size-large\"><img fetchpriority=\"high\" decoding=\"async\" width=\"1024\" height=\"386\" src=\"https:\/\/enviroprocess.com\/wp-content\/uploads\/2024\/09\/ep-resurser-3a-1024x386.jpg\" alt=\"\" class=\"wp-image-11982\" srcset=\"https:\/\/enviroprocess.com\/wp-content\/uploads\/2024\/09\/ep-resurser-3a-1024x386.jpg 1024w, https:\/\/enviroprocess.com\/wp-content\/uploads\/2024\/09\/ep-resurser-3a-300x113.jpg 300w, https:\/\/enviroprocess.com\/wp-content\/uploads\/2024\/09\/ep-resurser-3a-768x290.jpg 768w, https:\/\/enviroprocess.com\/wp-content\/uploads\/2024\/09\/ep-resurser-3a-1536x579.jpg 1536w, https:\/\/enviroprocess.com\/wp-content\/uploads\/2024\/09\/ep-resurser-3a-18x7.jpg 18w, https:\/\/enviroprocess.com\/wp-content\/uploads\/2024\/09\/ep-resurser-3a.jpg 1800w\" sizes=\"(max-width: 1024px) 100vw, 1024px\" \/><\/figure>\n\n\n\n<h4 class=\"wp-block-heading\">Kaksi sopimusta kylpyl\u00f6iden turvallisesta k\u00e4yt\u00f6st\u00e4 - EnviroCare ja EnviroCare+.<\/h4>\n\n\n\n<p>Asiantuntemuksemme ja kokemuksemme avulla tuemme operaattoreita yll\u00e4pit\u00e4m\u00e4\u00e4n ja parantamaan tilojaan sek\u00e4 fyysisten ett\u00e4 digitaalisten palvelujen avulla.<\/p>\n\n\n\n<hr class=\"wp-block-separator has-alpha-channel-opacity\"\/>\n\n\n\n<div style=\"height:20px\" aria-hidden=\"true\" class=\"wp-block-spacer\"><\/div>\n\n\n\n<figure class=\"wp-block-image size-full is-resized\"><img decoding=\"async\" width=\"460\" height=\"460\" src=\"https:\/\/enviroprocess.com\/wp-content\/uploads\/2024\/09\/ep-resurser-3b-1.png\" alt=\"\" class=\"wp-image-11985\" style=\"width:100px\" srcset=\"https:\/\/enviroprocess.com\/wp-content\/uploads\/2024\/09\/ep-resurser-3b-1.png 460w, https:\/\/enviroprocess.com\/wp-content\/uploads\/2024\/09\/ep-resurser-3b-1-300x300.png 300w, https:\/\/enviroprocess.com\/wp-content\/uploads\/2024\/09\/ep-resurser-3b-1-150x150.png 150w, https:\/\/enviroprocess.com\/wp-content\/uploads\/2024\/09\/ep-resurser-3b-1-12x12.png 12w\" sizes=\"(max-width: 460px) 100vw, 460px\" \/><\/figure>\n\n\n\n<p><strong>B<strong>sopimus, jolla luodaan perusta<\/strong><\/strong><br><br>EnviroCare-perussopimuksemme luo perustan laitoksesi turvalliselle toiminnalle ja kunnossapidolle, olipa kyseess\u00e4 kylpyl\u00e4 tai yleinen kylpyl\u00e4. Sen pit\u00e4isi olla helppo aloittaa ja luoda rakenne laitoksesi omavalvonnalle, toiminnalle ja kunnossapidolle.<\/p>\n\n\n\n<p><strong>Toimintasopimus lyhyesti*:<\/strong><br>- Digitaalinen rakenne - Raportit, valkoiset paperit, asiakirjat, oppaat ja paljon muuta ovat saatavilla EnviroHomen kautta, johon kirjaudutaan verkkosivustoltamme.<br>- Helppo p\u00e4\u00e4sy ker\u00e4ttyihin ja tallennettuihin tietoihin turvallista omavalvontaa varten.<br>- Kuukausittainen digitaalinen katsaus, johon sis\u00e4ltyy toimenpide- ja parannusehdotuksia.<\/p>\n\n\n\n<p>* Edellytys - Lillian Labs -analysaattorin ja Lilian Labs Managerin perusasennus sek\u00e4 liitetty ohjausj\u00e4rjestelm\u00e4, johon on ulkoinen p\u00e4\u00e4sy.<\/p>\n\n\n\n<div style=\"height:20px\" aria-hidden=\"true\" class=\"wp-block-spacer\"><\/div>\n\n\n\n<hr class=\"wp-block-separator has-alpha-channel-opacity\"\/>\n\n\n\n<div style=\"height:20px\" aria-hidden=\"true\" class=\"wp-block-spacer\"><\/div>\n\n\n\n<figure class=\"wp-block-image size-full is-resized\"><img decoding=\"async\" width=\"460\" height=\"460\" src=\"https:\/\/enviroprocess.com\/wp-content\/uploads\/2024\/09\/opt-ep-resurser-3b-3.png\" alt=\"\" class=\"wp-image-11989\" style=\"width:100px\" srcset=\"https:\/\/enviroprocess.com\/wp-content\/uploads\/2024\/09\/opt-ep-resurser-3b-3.png 460w, https:\/\/enviroprocess.com\/wp-content\/uploads\/2024\/09\/opt-ep-resurser-3b-3-300x300.png 300w, https:\/\/enviroprocess.com\/wp-content\/uploads\/2024\/09\/opt-ep-resurser-3b-3-150x150.png 150w, https:\/\/enviroprocess.com\/wp-content\/uploads\/2024\/09\/opt-ep-resurser-3b-3-12x12.png 12w\" sizes=\"(max-width: 460px) 100vw, 460px\" \/><\/figure>\n\n\n\n<h4 class=\"wp-block-heading\">Uimalaitoksellesi r\u00e4\u00e4t\u00e4l\u00f6ity k\u00e4ytt\u00f6sopimus<\/h4>\n\n\n\n<p>Jokainen laitos on ainutlaatuinen, mink\u00e4 vuoksi EnviroCare+-toimintasopimus mukautetaan ainutlaatuiseen laitokseen ja organisaatioon. EnviroCare+:n avulla luomme yhdess\u00e4 toimintasopimuksen, joka tukee sinua haluamillasi alueilla ja joka on t\u00e4ysin r\u00e4\u00e4t\u00e4l\u00f6ity kylpyl\u00e4si ja sen mukaan, miss\u00e4 vaiheessa prosessia olet t\u00e4ll\u00e4 hetkell\u00e4.<\/p>\n\n\n\n<p><strong>Esimerkkej\u00e4 tarjoamistamme operatiivisista palveluista:<\/strong><br>- Uusien teknikkojen tai uusien ty\u00f6ntekij\u00f6iden ensisijainen koulutus siivouksen alalla.<br>- Fyysinen tarkastus sovitun tarkastussuunnitelman mukaisesti<br>- Kuukausittainen digitaalinen valvonta<br>- Ennaltaehk\u00e4isev\u00e4 huolto<br>- Erityinen tukilinja kiireellisi\u00e4 tapauksia varten<br>- h\u00e4lytys- ja huoltotapausten seuranta tarvittaessa<br>- Toiminnan ja suorituskyvyn seuranta ajan mittaan<br>- Pilvipohjainen iCON 3 - varmistaa valvonnan, ohjauksen ja seurannan.<br>- Lilian Manager - organisoitua toimintaa ja yll\u00e4pitoa varten<br>- Digitaalinen omavalvontaohjelma, jossa on kalenteritoiminto valvontaa ja seurantaa varten.<br>- Puhdistamon vuotuinen toimintakoe<br>- Viranomaisen mukautettu kuukausittainen bakteerin\u00e4ytteenotto (suoritetaan arkip\u00e4ivisin 7-16).<br>- Puhdistamon bakteerin\u00e4ytteenotto paikan p\u00e4\u00e4ll\u00e4 (suoritettu<br>arkisin 7-16)<br>- Kulutustilaukset Puhdistus<br>- Kulutustilaukset Kemikaalit<br>- Kulutustilaukset Kulutustarvikkeet<br>- Altaan perusteellinen puhdistus tietyin v\u00e4liajoin<br>- Tasauss\u00e4ili\u00f6n perusteellinen puhdistus tietyin v\u00e4liajoin.<br>- Toimintateknikoiden koulutus (vaiheet 1, 2 ja 3).<br>- Toimijoiden koulutus<br>- Kylpyl\u00e4- ja siivoushenkil\u00f6st\u00f6n koulutus<br>- Lynxight-hukkumish\u00e4lytin (valinnaisesti integroitavissa iCON 3:een).<br>- Lilian Managerin integrointi iCON 3:n kanssa<br>- Puhdistamon teknisen kuvauksen laatiminen<br>- Virtauksen mittaus<br>- Trikloramiinin mittaus<br>- Tekninen inventaario<br>- V\u00e4rj\u00e4ystesti<\/p>\n\n\n\n<p>Edellytys - EnviroCare-perussopimuksen mukaisesti, mutta mahdollisuus tehd\u00e4 laajennettuja vaihtoehtoja ja siten t\u00e4ysin yrityksen tarpeiden ja toiveiden mukaan r\u00e4\u00e4t\u00e4l\u00f6ityj\u00e4.<\/p>","protected":false},"excerpt":{"rendered":"<p>Ta kontroll \u00f6ver din egenkontroll med EnviroCare S\u00e4kerst\u00e4ll din egenkontroll med v\u00e5ra smarta driftavtal! EnviroProcess st\u00e5r f\u00f6r l\u00e5ngsiktigt och h\u00e5llbart t\u00e4nk samt f\u00f6r milj\u00f6smarta l\u00f6sningar f\u00f6r vattenrening i pool- och spaanl\u00e4ggningar. En v\u00e4lsk\u00f6tt reningsanl\u00e4ggning \u00e4r inte bara b\u00e4ttre f\u00f6r milj\u00f6n, den h\u00e5ller l\u00e4ngre och&nbsp;minskar driftskostnaderna \u2013 en investering som skapar en stabil och h\u00e5llbar ekonomi [&hellip;]<\/p>\n","protected":false},"featured_media":12005,"template":"","categories":[45],"topic":[],"class_list":["post-5948","product","type-product","status-publish","has-post-thumbnail","hentry","category-tjanster"],"acf":[],"_links":{"self":[{"href":"https:\/\/enviroprocess.com\/fi\/wp-json\/wp\/v2\/product\/5948","targetHints":{"allow":["GET"]}}],"collection":[{"href":"https:\/\/enviroprocess.com\/fi\/wp-json\/wp\/v2\/product"}],"about":[{"href":"https:\/\/enviroprocess.com\/fi\/wp-json\/wp\/v2\/types\/product"}],"wp:featuredmedia":[{"embeddable":true,"href":"https:\/\/enviroprocess.com\/fi\/wp-json\/wp\/v2\/media\/12005"}],"wp:attachment":[{"href":"https:\/\/enviroprocess.com\/fi\/wp-json\/wp\/v2\/media?parent=5948"}],"wp:term":[{"taxonomy":"category","embeddable":true,"href":"https:\/\/enviroprocess.com\/fi\/wp-json\/wp\/v2\/categories?post=5948"},{"taxonomy":"topic","embeddable":true,"href":"https:\/\/enviroprocess.com\/fi\/wp-json\/wp\/v2\/topic?post=5948"}],"curies":[{"name":"wp","href":"https:\/\/api.w.org\/{rel}","templated":true}]}}