{"id":5940,"date":"2024-09-27T14:05:13","date_gmt":"2024-09-27T14:05:13","guid":{"rendered":"https:\/\/enviroprocess.com\/?post_type=product&#038;p=5940"},"modified":"2025-08-06T09:48:07","modified_gmt":"2025-08-06T09:48:07","slug":"pumps-pump-accessories","status":"publish","type":"product","link":"https:\/\/enviroprocess.com\/fi\/product\/pumps-pump-accessories","title":{"rendered":"Pumput ja pumpputarvikkeet"},"content":{"rendered":"<h3 class=\"wp-block-heading\">Pumput ja pumpputarvikkeet - optimoitu suorituskyky uima-altaisiin ja kylpyl\u00f6ihin<\/h3>\n\n\n\n<p>EnviroProcess tarjoaa laajan valikoiman korkealaatuisia pumppuja ja pumpputarvikkeita, jotka on suunniteltu erityisesti uima-altaisiin, kylpyl\u00f6ihin ja vesin\u00e4ht\u00e4vyyksiin. Avulla <strong>digitaaliset mitoitusty\u00f6kalut<\/strong> r\u00e4\u00e4t\u00e4l\u00f6imme jokaisen ratkaisun tarpeittesi mukaan - maksimaalisen tehokkuuden, luotettavuuden ja pitk\u00e4ik\u00e4isyyden varmistamiseksi.<\/p>\n\n\n\n<hr class=\"wp-block-separator has-alpha-channel-opacity\"\/>\n\n\n\n<p>EnviroProcess on aina tarjonnut parhaan valikoiman pumppuja ja pumpputarvikkeita. Digitaalisten mitoitusty\u00f6kalujen avulla tarjoamme parhaan mahdollisen ratkaisun laajasta ja hyv\u00e4ksi havaitusta pumppuvalikoimastamme. Pumppumme ovat joustavia ja niiss\u00e4 on useita ainutlaatuisia vaihtoehtoja, kuten vesij\u00e4\u00e4hdytys, l\u00e4mp\u00f6tilan seuranta, kuivak\u00e4yntisuojaus, paineh\u00e4vi\u00f6n mittaus ja erilaiset materiaalimallit.\u00a0 <br><br>T\u00e4ydellinen pumppuohjelmamme koostuu kaikesta erityisesti kylpyl\u00f6ihin suunnitelluista kiertovesipumpuista, joissa on muun muassa integroidut siivil\u00e4korit ja paras suorituskyky ja hy\u00f6tysuhde, n\u00e4ht\u00e4vyyksien ilmapumppuihin, kemikaalipumppuihin jne. Lis\u00e4ksi meill\u00e4 on pumppujen lis\u00e4varusteita ja varaosia, jotka varmistavat k\u00e4ytt\u00f6i\u00e4n ja k\u00e4ytt\u00f6kustannusten pysyvyyden (LCC) ja v\u00e4hent\u00e4v\u00e4t k\u00e4yt\u00f6n haasteita. N\u00e4ihin kuuluvat kaikki r\u00e4\u00e4t\u00e4l\u00f6idyll\u00e4 kapasiteetilla varustetuista rasvapuristimista tehokkaisiin voitelurasvoihin ja esimerkiksi Seal-Guardiin, joka suojaa pumpun tiivisteit\u00e4 kuivak\u00e4ynnin yhteydess\u00e4.<\/p>\n\n\n\n<h4 class=\"wp-block-heading\"><strong>Laatua johtavilta tuotemerkeilt\u00e4, joita olemme testanneet vuosikymmeni\u00e4.<\/strong><\/h4>\n\n\n\n<p>EnviroProcess on aina tarjonnut parhaan valikoiman pumppuja ja pumpputarvikkeita. Digitaalisten mitoitusty\u00f6kalujen avulla tarjoamme parhaan mahdollisen ratkaisun laajasta ja hyv\u00e4ksi havaitusta pumppuvalikoimastamme. Pumppumme ovat joustavia ja niiss\u00e4 on useita ainutlaatuisia vaihtoehtoja, kuten vesij\u00e4\u00e4hdytys, l\u00e4mp\u00f6tilan seuranta, kuivak\u00e4yntisuojaus, paineh\u00e4vi\u00f6n mittaus ja erilaiset materiaalimallit.  T\u00e4ydellinen pumppuohjelmamme koostuu kaikesta erityisesti kylpyl\u00f6ihin suunnitelluista kiertovesipumpuista, joissa on muun muassa integroidut siivil\u00e4korit ja paras suorituskyky ja hy\u00f6tysuhde, n\u00e4ht\u00e4vyyksien ilmapumpuista, kemikaalipumpuista jne. <\/p>\n\n\n\n<h4 class=\"wp-block-heading\"><strong>Kurpitsan tarve<\/strong>ja varaosat <\/h4>\n\n\n\n<p>T\u00e4t\u00e4 varten meill\u00e4 on <strong>pumpun lis\u00e4varusteet<\/strong>N\u00e4ihin kuuluvat r\u00e4\u00e4t\u00e4l\u00f6idyt rasvapistoolit ja varaosat, jotka varmistavat pitk\u00e4ik\u00e4isyyden ja pitk\u00e4n aikav\u00e4lin omistuskustannukset (LCC) ja v\u00e4hent\u00e4v\u00e4t toiminnallisia haasteita. N\u00e4it\u00e4 ovat esimerkiksi r\u00e4\u00e4t\u00e4l\u00f6idyll\u00e4 kapasiteetilla varustetut rasvapistoolit ja tehokkaat rasvat, kuten Seal-Guard, joka suojaa pumpun tiivisteit\u00e4 kuivak\u00e4ynnin yhteydess\u00e4.<br><br><\/p>\n\n\n\n<h3 class=\"wp-block-heading\"><strong>Todistetut tuotemerkit - testattu vuosikymmeni\u00e4<\/strong><\/h3>\n\n\n\n<ul class=\"wp-block-list\">\n<li>Teemme yhteisty\u00f6t\u00e4 markkinoiden johtavien valmistajien kanssa<\/li>\n\n\n\n<li>Kaikki tuotteet on valittu huolellisesti ja testattu kentt\u00e4olosuhteissa.<\/li>\n\n\n\n<li>Keskittyminen luotettavuuteen, laatuun ja palveluyst\u00e4v\u00e4llisyyteen<\/li>\n<\/ul>","protected":false},"excerpt":{"rendered":"<p>Pumpar och pumptillbeh\u00f6r \u2013 optimerad prestanda f\u00f6r bad- och spaanl\u00e4ggningar EnviroProcess erbjuder ett brett sortiment av h\u00f6gkvalitativa pumpar och pumptillbeh\u00f6r, s\u00e4rskilt framtagna f\u00f6r bad, spa och vattenattraktioner. Med hj\u00e4lp av digitala dimensioneringsverktyg anpassar vi varje l\u00f6sning efter dina behov \u2013 f\u00f6r maximal verkningsgrad, driftss\u00e4kerhet och l\u00e5ng livsl\u00e4ngd. EnviroProcess har alltid erbjudit det b\u00e4sta urvalet inom [&hellip;]<\/p>\n","protected":false},"featured_media":3952,"template":"","categories":[46],"topic":[95,96],"class_list":["post-5940","product","type-product","status-publish","has-post-thumbnail","hentry","category-produkter","topic-pumps-topic","topic-pump-assess-topic"],"acf":[],"_links":{"self":[{"href":"https:\/\/enviroprocess.com\/fi\/wp-json\/wp\/v2\/product\/5940","targetHints":{"allow":["GET"]}}],"collection":[{"href":"https:\/\/enviroprocess.com\/fi\/wp-json\/wp\/v2\/product"}],"about":[{"href":"https:\/\/enviroprocess.com\/fi\/wp-json\/wp\/v2\/types\/product"}],"wp:featuredmedia":[{"embeddable":true,"href":"https:\/\/enviroprocess.com\/fi\/wp-json\/wp\/v2\/media\/3952"}],"wp:attachment":[{"href":"https:\/\/enviroprocess.com\/fi\/wp-json\/wp\/v2\/media?parent=5940"}],"wp:term":[{"taxonomy":"category","embeddable":true,"href":"https:\/\/enviroprocess.com\/fi\/wp-json\/wp\/v2\/categories?post=5940"},{"taxonomy":"topic","embeddable":true,"href":"https:\/\/enviroprocess.com\/fi\/wp-json\/wp\/v2\/topic?post=5940"}],"curies":[{"name":"wp","href":"https:\/\/api.w.org\/{rel}","templated":true}]}}