{"id":6591,"date":"2024-10-07T11:32:19","date_gmt":"2024-10-07T11:32:19","guid":{"rendered":"https:\/\/enviroprocess.com\/?page_id=6591"},"modified":"2024-10-20T11:16:02","modified_gmt":"2024-10-20T11:16:02","slug":"enviroprocess-oy-finland-industry","status":"publish","type":"page","link":"https:\/\/enviroprocess.com\/fi\/enviroprocess-oy-finland-industry","title":{"rendered":"EnviroProcess OY Suomi Teollisuus"},"content":{"rendered":"<div data-elementor-type=\"wp-page\" data-elementor-id=\"6591\" class=\"elementor elementor-6591\" data-elementor-post-type=\"page\">\n\t\t\t\t<div class=\"elementor-element elementor-element-ee10e72 e-con-full e-flex e-con e-parent\" data-id=\"ee10e72\" data-element_type=\"container\" data-e-type=\"container\">\n\t\t\t\t<div class=\"elementor-element elementor-element-a36ae17 elementor-widget elementor-widget-template\" data-id=\"a36ae17\" data-element_type=\"widget\" data-e-type=\"widget\" data-widget_type=\"template.default\">\n\t\t\t\t<div class=\"elementor-widget-container\">\n\t\t\t\t\t\t\t<div class=\"elementor-template\">\n\t\t\t\t\t<div data-elementor-type=\"container\" data-elementor-id=\"8368\" class=\"elementor elementor-8368\" data-elementor-post-type=\"elementor_library\">\n\t\t\t\t<div class=\"elementor-element elementor-element-76d5f0ab e-flex e-con-boxed e-con e-child\" data-id=\"76d5f0ab\" data-element_type=\"container\" data-e-type=\"container\" data-settings=\"{&quot;background_background&quot;:&quot;classic&quot;}\">\n\t\t\t\t\t<div class=\"e-con-inner\">\n\t\t\t\t\t<\/div>\n\t\t\t\t<\/div>\n\t\t\t\t<\/div>\n\t\t\t\t<\/div>\n\t\t\t\t\t\t<\/div>\n\t\t\t\t<\/div>\n\t\t\t\t<\/div>\n\t\t<div class=\"elementor-element elementor-element-5432aba e-flex e-con-boxed e-con e-parent\" data-id=\"5432aba\" data-element_type=\"container\" data-e-type=\"container\" data-settings=\"{&quot;background_background&quot;:&quot;classic&quot;}\">\n\t\t\t\t\t<div class=\"e-con-inner\">\n\t\t<div class=\"elementor-element elementor-element-5ec3d45 e-flex e-con-boxed e-con e-child\" data-id=\"5ec3d45\" data-element_type=\"container\" data-e-type=\"container\" data-settings=\"{&quot;background_background&quot;:&quot;classic&quot;}\">\n\t\t\t\t\t<div class=\"e-con-inner\">\n\t\t\t\t<div class=\"elementor-element elementor-element-c323eb9 elementor-widget elementor-widget-heading\" data-id=\"c323eb9\" data-element_type=\"widget\" data-e-type=\"widget\" data-widget_type=\"heading.default\">\n\t\t\t\t<div class=\"elementor-widget-container\">\n\t\t\t\t\t<h1 class=\"elementor-heading-title elementor-size-default\">EnviroProcess OY Suomi Teollisuus<\/h1>\t\t\t\t<\/div>\n\t\t\t\t<\/div>\n\t\t\t\t<div class=\"elementor-element elementor-element-64777ff elementor-widget-divider--view-line elementor-widget elementor-widget-divider\" data-id=\"64777ff\" data-element_type=\"widget\" data-e-type=\"widget\" data-widget_type=\"divider.default\">\n\t\t\t\t<div class=\"elementor-widget-container\">\n\t\t\t\t\t\t\t<div class=\"elementor-divider\">\n\t\t\t<span class=\"elementor-divider-separator\">\n\t\t\t\t\t\t<\/span>\n\t\t<\/div>\n\t\t\t\t\t\t<\/div>\n\t\t\t\t<\/div>\n\t\t\t\t\t<\/div>\n\t\t\t\t<\/div>\n\t\t\t\t\t<\/div>\n\t\t\t\t<\/div>\n\t\t<div class=\"elementor-element elementor-element-4f607cb0 e-flex e-con-boxed e-con e-parent\" data-id=\"4f607cb0\" data-element_type=\"container\" data-e-type=\"container\">\n\t\t\t\t\t<div class=\"e-con-inner\">\n\t\t\t\t<div class=\"elementor-element elementor-element-3e6edb94 elementor-widget elementor-widget-text-editor\" data-id=\"3e6edb94\" data-element_type=\"widget\" data-e-type=\"widget\" data-widget_type=\"text-editor.default\">\n\t\t\t\t<div class=\"elementor-widget-container\">\n\t\t\t\t\t\t\t\t\t\n<p><strong>VEDENK\u00c4SITTELY\u00c4 AMMATTITAIDOLLA<\/strong><br \/>EnviroProcess ty\u00f6skentelee vedenk\u00e4sittelyn parissa useilla eri teollisuudenaloilla. Annamme eri teollisuudenalojen inspiroida toisiaan uusiin ideoihin, jotka johtavat kustannustehokkaisiin ja ymp\u00e4rist\u00f6\u00e4 s\u00e4\u00e4st\u00e4viin ratkaisuihin asiakkaillemme. Yhdess\u00e4 maailman suurimpien vedenk\u00e4sittelyn toimittajien kanssa tarjoamme pohjoismaisilla markkinoilla osa- ja kokonaisratkaisuja kaikentyyppisiin vedenk\u00e4sittelyprosesseihin.<\/p>\n\n<p><strong>KUMPPANI KOKO POHJOLASSA<\/strong><br \/>Olipa kyse tuotteesta, yksitt\u00e4isest\u00e4 j\u00e4rjestelm\u00e4st\u00e4 tai kokonaisvaltaisesta toimituksesta, sitoutumisemme ei lopu toimituksen j\u00e4lkeen. Tavoitteenamme on aina olla pitk\u00e4aikainen kumppani. Siksi huoltotiimimme on aina l\u00e4hell\u00e4 asiakkaitamme nopeaa vianm\u00e4\u00e4rityst\u00e4, huoltoa, kunnossapitoa ja muuta teknist\u00e4 tukea varten.<\/p>\n\n<p><strong>AVAIMET K\u00c4TEEN<\/strong><br \/>Voimme tarjota sinulle koko ketjun konsultoinnista, CAD-suunnittelusta, projektinhallinnasta, asennuksesta, huollosta ja yll\u00e4pidosta.<\/p>\n\n<p><strong>ASKELEEN L\u00c4HEMP\u00c4N\u00c4?<\/strong><br \/>Nyt kun olet t\u00e4ll\u00e4 verkkosivustolla, olet askeleen l\u00e4hemp\u00e4n\u00e4 kaikkea sit\u00e4, mit\u00e4 EnviroProcessilla on tarjota vedenk\u00e4sittelyn alalla. Olemme vakuuttuneita siit\u00e4, ett\u00e4 voimme tarjota sek\u00e4 mielenkiintoisia ett\u00e4 kustannustehokkaita ratkaisuja, ja toivomme tulevaa yhteisty\u00f6t\u00e4.<\/p>\n\n<p><strong>TARJOAMME OSA- JA KOKONAISRATKAISUJA KAIKENTYYPPISIIHN VEDENK\u00c4SITTELYPROSESSEIHIN.<\/strong><\/p>\n\n<p><strong>V\u00c4LINEHUOLLON VEDENK\u00c4SITTELY<\/strong><br \/>Puhtaan ja ultrapuhtaan veden k\u00e4sittelyj\u00e4rjestelm\u00e4t soveltuvat erinomaisesti terveydenhuoltoalan sovelluksiin. Maksimaalinen vedenlaatu takaa parhaan turvallisuuden.<\/p>\n\n<p><strong>J\u00c4TEVEDEN TERMINEN \/ KEMIALLINEN K\u00c4SITTTELY<\/strong><br \/>Sisaryhti\u00f6mme EnviroDTS on erikoistunut k\u00e4sittelyyn, jolla poistetaan tartuntavaarallisia ja radioaktiivisia aineita teollisuuden, sairaaloiden ja tutkimuslaitosten j\u00e4tevesist\u00e4. Ota yhteytt\u00e4, jos sinulla on kysytt\u00e4v\u00e4\u00e4!<\/p>\n\n<div class=\"wp-block-media-text is-stacked-on-mobile\">\n<figure class=\"wp-block-media-text__media\"><img fetchpriority=\"high\" decoding=\"async\" width=\"367\" height=\"550\" class=\"wp-image-6373 size-full\" src=\"https:\/\/enviroprocess.com\/wp-content\/uploads\/2024\/10\/produkter_367\u00d7 550.jpg\" alt=\"Tarjoamme laajan valikoiman markkinoiden johtavia tuotteita tarvikkeista suuriin, monimutkaisiin j\u00e4rjestelmiin, jotka on r\u00e4\u00e4t\u00e4l\u00f6ity vastaamaan kaikkia vedenk\u00e4sittelytarpeitasi. Yksinoikeudella toimivien edustustojemme kautta tarjoamme markkinoiden edistyksellisimpi\u00e4 ratkaisuja ja varmistamme, ett\u00e4 saat aina k\u00e4ytt\u00f6\u00f6si korkealaatuisia ja luotettavia tuotteita. Etsitp\u00e4 sitten pieni\u00e4 osia tai kokonaisia j\u00e4rjestelm\u00e4ratkaisuja, voimme auttaa sinua l\u00f6yt\u00e4m\u00e4\u00e4n oikean tuotteen laitoksellesi ja yrityksellesi.\" srcset=\"https:\/\/enviroprocess.com\/wp-content\/uploads\/2024\/10\/produkter_367\u00d7\u200a550.jpg 367w, https:\/\/enviroprocess.com\/wp-content\/uploads\/2024\/10\/produkter_367\u00d7\u200a550-200x300.jpg 200w, https:\/\/enviroprocess.com\/wp-content\/uploads\/2024\/10\/produkter_367\u00d7\u200a550-8x12.jpg 8w\" sizes=\"(max-width: 367px) 100vw, 367px\" \/><\/figure>\n<div class=\"wp-block-media-text__content\">\n<p><strong><br \/>ULTRAPUHDAS VESI LABORATORIOIHIN<\/strong><\/p>\n\n<p>Asiantuntijamme neuvovat, suunnittelevat ja valmistavat vedenk\u00e4sittelyj\u00e4rjestelmi\u00e4, jotka on optimoitu tarpeisiisi ja k\u00e4ytt\u00f6kohteisiisi.<\/p>\n\n<p>Suomalaisella tiimill\u00e4mme on paljon kokemusta sairaaloiden vedentarpeen haasteista.<\/p>\n\n<p>Autamme sinua l\u00f6yt\u00e4m\u00e4\u00e4n kustannustehokkaimman ratkaisun. Pienist\u00e4 yksitt\u00e4isist\u00e4 tuotteista suurempiin j\u00e4rjestelmiin.<\/p>\n<\/div>\n<\/div>\n\n<p>\u00a0<\/p>\n\t\t\t\t\t\t\t\t<\/div>\n\t\t\t\t<\/div>\n\t\t\t\t\t<\/div>\n\t\t\t\t<\/div>\n\t\t\t\t<\/div>","protected":false},"excerpt":{"rendered":"<p>EnviroProcess OY Finland Industry VATTENPROCESS MED SERVICE OCH KUNSKAPEnviroProcess jobbar p\u00e5 m\u00e5nga olika s\u00e4tt med vattenbehandling inom flera branscher och l\u00e5ter d\u00e4rf\u00f6r inte konservativa traditioner hindra oss fr\u00e5n att t\u00e4nka utanf\u00f6r boxen. Tv\u00e4rtom s\u00e5 l\u00e5ter vi ist\u00e4llet de olika bransch omr\u00e5dena inspirera varandra till nya id\u00e9er som i sin tur leder till prisv\u00e4rda, attraktiva och [&hellip;]<\/p>\n","protected":false},"author":2,"featured_media":0,"parent":0,"menu_order":0,"comment_status":"closed","ping_status":"closed","template":"","meta":{"_acf_changed":false,"footnotes":""},"class_list":["post-6591","page","type-page","status-publish","hentry"],"acf":[],"_links":{"self":[{"href":"https:\/\/enviroprocess.com\/fi\/wp-json\/wp\/v2\/pages\/6591","targetHints":{"allow":["GET"]}}],"collection":[{"href":"https:\/\/enviroprocess.com\/fi\/wp-json\/wp\/v2\/pages"}],"about":[{"href":"https:\/\/enviroprocess.com\/fi\/wp-json\/wp\/v2\/types\/page"}],"author":[{"embeddable":true,"href":"https:\/\/enviroprocess.com\/fi\/wp-json\/wp\/v2\/users\/2"}],"replies":[{"embeddable":true,"href":"https:\/\/enviroprocess.com\/fi\/wp-json\/wp\/v2\/comments?post=6591"}],"version-history":[{"count":7,"href":"https:\/\/enviroprocess.com\/fi\/wp-json\/wp\/v2\/pages\/6591\/revisions"}],"predecessor-version":[{"id":8944,"href":"https:\/\/enviroprocess.com\/fi\/wp-json\/wp\/v2\/pages\/6591\/revisions\/8944"}],"wp:attachment":[{"href":"https:\/\/enviroprocess.com\/fi\/wp-json\/wp\/v2\/media?parent=6591"}],"curies":[{"name":"wp","href":"https:\/\/api.w.org\/{rel}","templated":true}]}}