{"id":2148,"date":"2024-05-15T11:58:26","date_gmt":"2024-05-15T11:58:26","guid":{"rendered":"https:\/\/enviroprocess.com\/?page_id=2148"},"modified":"2026-02-26T13:38:42","modified_gmt":"2026-02-26T13:38:42","slug":"be-better","status":"publish","type":"page","link":"https:\/\/enviroprocess.com\/fi\/be-better","title":{"rendered":"Toimintatapamme"},"content":{"rendered":"<div data-elementor-type=\"wp-page\" data-elementor-id=\"2148\" class=\"elementor elementor-2148\" data-elementor-post-type=\"page\">\n\t\t\t\t<div class=\"elementor-element elementor-element-68cb4bf e-con-full e-flex e-con e-parent\" data-id=\"68cb4bf\" data-element_type=\"container\" data-e-type=\"container\">\n\t\t\t\t<div class=\"elementor-element elementor-element-b3287e7 elementor-widget elementor-widget-template\" data-id=\"b3287e7\" data-element_type=\"widget\" data-e-type=\"widget\" data-widget_type=\"template.default\">\n\t\t\t\t<div class=\"elementor-widget-container\">\n\t\t\t\t\t\t\t<div class=\"elementor-template\">\n\t\t\t\t\t<div data-elementor-type=\"container\" data-elementor-id=\"8368\" class=\"elementor elementor-8368\" data-elementor-post-type=\"elementor_library\">\n\t\t\t\t<div class=\"elementor-element elementor-element-76d5f0ab e-flex e-con-boxed e-con e-child\" data-id=\"76d5f0ab\" data-element_type=\"container\" data-e-type=\"container\" data-settings=\"{&quot;background_background&quot;:&quot;classic&quot;}\">\n\t\t\t\t\t<div class=\"e-con-inner\">\n\t\t\t\t\t<\/div>\n\t\t\t\t<\/div>\n\t\t\t\t<\/div>\n\t\t\t\t<\/div>\n\t\t\t\t\t\t<\/div>\n\t\t\t\t<\/div>\n\t\t\t\t<\/div>\n\t\t<div class=\"elementor-element elementor-element-54f5325 e-flex e-con-boxed e-con e-parent\" data-id=\"54f5325\" data-element_type=\"container\" data-e-type=\"container\" data-settings=\"{&quot;background_background&quot;:&quot;classic&quot;}\">\n\t\t\t\t\t<div class=\"e-con-inner\">\n\t\t<div class=\"elementor-element elementor-element-d0905c9 e-flex e-con-boxed e-con e-child\" data-id=\"d0905c9\" data-element_type=\"container\" data-e-type=\"container\" data-settings=\"{&quot;background_background&quot;:&quot;classic&quot;}\">\n\t\t\t\t\t<div class=\"e-con-inner\">\n\t\t\t\t<div class=\"elementor-element elementor-element-8479c60 elementor-widget elementor-widget-heading\" data-id=\"8479c60\" data-element_type=\"widget\" data-e-type=\"widget\" data-widget_type=\"heading.default\">\n\t\t\t\t<div class=\"elementor-widget-container\">\n\t\t\t\t\t<h1 class=\"elementor-heading-title elementor-size-default\">Toimintatapamme<span style=\"font-weight: 300\"> ja <\/span>Suuntaviivat<\/h1>\t\t\t\t<\/div>\n\t\t\t\t<\/div>\n\t\t\t\t<div class=\"elementor-element elementor-element-d3a74b0 elementor-widget-divider--view-line elementor-widget elementor-widget-divider\" data-id=\"d3a74b0\" data-element_type=\"widget\" data-e-type=\"widget\" data-widget_type=\"divider.default\">\n\t\t\t\t<div class=\"elementor-widget-container\">\n\t\t\t\t\t\t\t<div class=\"elementor-divider\">\n\t\t\t<span class=\"elementor-divider-separator\">\n\t\t\t\t\t\t<\/span>\n\t\t<\/div>\n\t\t\t\t\t\t<\/div>\n\t\t\t\t<\/div>\n\t\t\t\t<div class=\"elementor-element elementor-element-a9c5ebf elementor-widget__width-initial elementor-widget elementor-widget-text-editor\" data-id=\"a9c5ebf\" data-element_type=\"widget\" data-e-type=\"widget\" data-widget_type=\"text-editor.default\">\n\t\t\t\t<div class=\"elementor-widget-container\">\n\t\t\t\t\t\t\t\t\t<p>T\u00e4h\u00e4n olemme ker\u00e4nneet kaikki t\u00e4rke\u00e4t tiedot, jotka ohjaavat toimintaamme ja ty\u00f6skentelytapojamme, jotta voimme varmistaa, ett\u00e4 t\u00e4yt\u00e4mme aina korkeat laatu-, turvallisuus- ja rehellisyysvaatimuksemme.<\/p>\t\t\t\t\t\t\t\t<\/div>\n\t\t\t\t<\/div>\n\t\t\t\t\t<\/div>\n\t\t\t\t<\/div>\n\t\t\t\t\t<\/div>\n\t\t\t\t<\/div>\n\t\t<div class=\"elementor-element elementor-element-d96ec68 e-flex e-con-boxed e-con e-parent\" data-id=\"d96ec68\" data-element_type=\"container\" data-e-type=\"container\">\n\t\t\t\t\t<div class=\"e-con-inner\">\n\t\t<div class=\"elementor-element elementor-element-4b7660b e-con-full e-flex e-con e-child\" data-id=\"4b7660b\" data-element_type=\"container\" data-e-type=\"container\" data-settings=\"{&quot;background_background&quot;:&quot;classic&quot;}\">\n\t\t<div class=\"elementor-element elementor-element-b9989e5 e-con-full e-flex e-con e-child\" data-id=\"b9989e5\" data-element_type=\"container\" data-e-type=\"container\" data-settings=\"{&quot;background_background&quot;:&quot;classic&quot;}\">\n\t\t<div class=\"elementor-element elementor-element-4ee34fd e-con-full e-flex e-con e-child\" data-id=\"4ee34fd\" data-element_type=\"container\" data-e-type=\"container\">\n\t\t\t\t<div class=\"elementor-element elementor-element-4ee1815 elementor-widget elementor-widget-heading\" data-id=\"4ee1815\" data-element_type=\"widget\" data-e-type=\"widget\" data-widget_type=\"heading.default\">\n\t\t\t\t<div class=\"elementor-widget-container\">\n\t\t\t\t\t<h2 class=\"elementor-heading-title elementor-size-default\">EnviroProcessin k\u00e4yt\u00e4nnes\u00e4\u00e4nn\u00f6t<\/h2>\t\t\t\t<\/div>\n\t\t\t\t<\/div>\n\t\t\t\t<div class=\"elementor-element elementor-element-ed16561 dvxGradientText elementor-widget elementor-widget-text-editor\" data-id=\"ed16561\" data-element_type=\"widget\" data-e-type=\"widget\" data-widget_type=\"text-editor.default\">\n\t\t\t\t<div class=\"elementor-widget-container\">\n\t\t\t\t\t\t\t\t\t<p>K\u00e4yt\u00e4nnes\u00e4\u00e4nn\u00f6t<\/p>\t\t\t\t\t\t\t\t<\/div>\n\t\t\t\t<\/div>\n\t\t\t\t<div class=\"elementor-element elementor-element-3048506 elementor-align-left elementor-widget__width-auto elementor-widget elementor-widget-button\" data-id=\"3048506\" data-element_type=\"widget\" data-e-type=\"widget\" data-widget_type=\"button.default\">\n\t\t\t\t<div class=\"elementor-widget-container\">\n\t\t\t\t\t\t\t\t\t<div class=\"elementor-button-wrapper\">\n\t\t\t\t\t<a class=\"elementor-button elementor-button-link elementor-size-sm elementor-animation-shrink\" href=\"https:\/\/enviroprocess.com\/fi\/code-of-conduct\/\">\n\t\t\t\t\t\t<span class=\"elementor-button-content-wrapper\">\n\t\t\t\t\t\t\t\t\t<span class=\"elementor-button-text\">Lue lis\u00e4\u00e4<\/span>\n\t\t\t\t\t<\/span>\n\t\t\t\t\t<\/a>\n\t\t\t\t<\/div>\n\t\t\t\t\t\t\t\t<\/div>\n\t\t\t\t<\/div>\n\t\t\t\t<\/div>\n\t\t<div class=\"elementor-element elementor-element-0829f3f e-con-full dvxImageBox e-flex e-con e-child\" data-id=\"0829f3f\" data-element_type=\"container\" data-e-type=\"container\" data-settings=\"{&quot;background_background&quot;:&quot;classic&quot;}\">\n\t\t<div class=\"elementor-element elementor-element-a949d03 e-con-full dvxImage e-flex e-con e-child\" data-id=\"a949d03\" data-element_type=\"container\" data-e-type=\"container\" data-settings=\"{&quot;background_background&quot;:&quot;classic&quot;}\">\n\t\t\t\t<\/div>\n\t\t\t\t<\/div>\n\t\t\t\t<\/div>\n\t\t\t\t<\/div>\n\t\t\t\t\t<\/div>\n\t\t\t\t<\/div>\n\t\t<div class=\"elementor-element elementor-element-debc06b e-flex e-con-boxed e-con e-parent\" data-id=\"debc06b\" data-element_type=\"container\" data-e-type=\"container\">\n\t\t\t\t\t<div class=\"e-con-inner\">\n\t\t<div class=\"elementor-element elementor-element-1df93f6 e-con-full e-flex e-con e-child\" data-id=\"1df93f6\" data-element_type=\"container\" data-e-type=\"container\" data-settings=\"{&quot;background_background&quot;:&quot;classic&quot;}\">\n\t\t<div class=\"elementor-element elementor-element-25f24c4 e-con-full e-flex e-con e-child\" data-id=\"25f24c4\" data-element_type=\"container\" data-e-type=\"container\" data-settings=\"{&quot;background_background&quot;:&quot;classic&quot;}\">\n\t\t<div class=\"elementor-element elementor-element-3f9b675 e-con-full dvxImageBox e-flex e-con e-child\" data-id=\"3f9b675\" data-element_type=\"container\" data-e-type=\"container\" data-settings=\"{&quot;background_background&quot;:&quot;classic&quot;}\">\n\t\t<div class=\"elementor-element elementor-element-747c3f6 e-con-full dvxImage e-flex e-con e-child\" data-id=\"747c3f6\" data-element_type=\"container\" data-e-type=\"container\" data-settings=\"{&quot;background_background&quot;:&quot;classic&quot;}\">\n\t\t\t\t<\/div>\n\t\t\t\t<\/div>\n\t\t<div class=\"elementor-element elementor-element-9ff4f03 e-con-full e-flex e-con e-child\" data-id=\"9ff4f03\" data-element_type=\"container\" data-e-type=\"container\">\n\t\t\t\t<div class=\"elementor-element elementor-element-778ef50 elementor-widget elementor-widget-heading\" data-id=\"778ef50\" data-element_type=\"widget\" data-e-type=\"widget\" data-widget_type=\"heading.default\">\n\t\t\t\t<div class=\"elementor-widget-container\">\n\t\t\t\t\t<h2 class=\"elementor-heading-title elementor-size-default\">GDPR<\/h2>\t\t\t\t<\/div>\n\t\t\t\t<\/div>\n\t\t\t\t<div class=\"elementor-element elementor-element-fc0cf82 dvxGradientText elementor-widget elementor-widget-text-editor\" data-id=\"fc0cf82\" data-element_type=\"widget\" data-e-type=\"widget\" data-widget_type=\"text-editor.default\">\n\t\t\t\t<div class=\"elementor-widget-container\">\n\t\t\t\t\t\t\t\t\t<p>ENVIROPROCESSIN TIETOSUOJAK\u00c4YT\u00c4NT\u00d6<\/p>\t\t\t\t\t\t\t\t<\/div>\n\t\t\t\t<\/div>\n\t\t\t\t<div class=\"elementor-element elementor-element-0dacaf0 elementor-align-left elementor-widget__width-auto elementor-widget elementor-widget-button\" data-id=\"0dacaf0\" data-element_type=\"widget\" data-e-type=\"widget\" data-widget_type=\"button.default\">\n\t\t\t\t<div class=\"elementor-widget-container\">\n\t\t\t\t\t\t\t\t\t<div class=\"elementor-button-wrapper\">\n\t\t\t\t\t<a class=\"elementor-button elementor-button-link elementor-size-sm elementor-animation-shrink\" href=\"https:\/\/enviroprocess.com\/fi\/gdpr\">\n\t\t\t\t\t\t<span class=\"elementor-button-content-wrapper\">\n\t\t\t\t\t\t\t\t\t<span class=\"elementor-button-text\">Lue lis\u00e4\u00e4<\/span>\n\t\t\t\t\t<\/span>\n\t\t\t\t\t<\/a>\n\t\t\t\t<\/div>\n\t\t\t\t\t\t\t\t<\/div>\n\t\t\t\t<\/div>\n\t\t\t\t<\/div>\n\t\t\t\t<\/div>\n\t\t\t\t<\/div>\n\t\t\t\t\t<\/div>\n\t\t\t\t<\/div>\n\t\t<div class=\"elementor-element elementor-element-2e6279a e-flex e-con-boxed e-con e-parent\" data-id=\"2e6279a\" data-element_type=\"container\" data-e-type=\"container\">\n\t\t\t\t\t<div class=\"e-con-inner\">\n\t\t<div class=\"elementor-element elementor-element-ace6d13 e-con-full e-flex e-con e-child\" data-id=\"ace6d13\" data-element_type=\"container\" data-e-type=\"container\" data-settings=\"{&quot;background_background&quot;:&quot;classic&quot;}\">\n\t\t<div class=\"elementor-element elementor-element-8cff380 e-con-full e-flex e-con e-child\" data-id=\"8cff380\" data-element_type=\"container\" data-e-type=\"container\" data-settings=\"{&quot;background_background&quot;:&quot;classic&quot;}\">\n\t\t<div class=\"elementor-element elementor-element-fbde675 e-con-full e-flex e-con e-child\" data-id=\"fbde675\" data-element_type=\"container\" data-e-type=\"container\">\n\t\t\t\t<div class=\"elementor-element elementor-element-650f38b elementor-widget elementor-widget-heading\" data-id=\"650f38b\" data-element_type=\"widget\" data-e-type=\"widget\" data-widget_type=\"heading.default\">\n\t\t\t\t<div class=\"elementor-widget-container\">\n\t\t\t\t\t<h2 class=\"elementor-heading-title elementor-size-default\">EnviroProcess<\/h2>\t\t\t\t<\/div>\n\t\t\t\t<\/div>\n\t\t\t\t<div class=\"elementor-element elementor-element-97bd77b dvxGradientText elementor-widget elementor-widget-text-editor\" data-id=\"97bd77b\" data-element_type=\"widget\" data-e-type=\"widget\" data-widget_type=\"text-editor.default\">\n\t\t\t\t<div class=\"elementor-widget-container\">\n\t\t\t\t\t\t\t\t\t<p>ilmiantaminen<\/p>\t\t\t\t\t\t\t\t<\/div>\n\t\t\t\t<\/div>\n\t\t\t\t<div class=\"elementor-element elementor-element-92dcdfe elementor-align-left elementor-widget__width-auto elementor-widget elementor-widget-button\" data-id=\"92dcdfe\" data-element_type=\"widget\" data-e-type=\"widget\" data-widget_type=\"button.default\">\n\t\t\t\t<div class=\"elementor-widget-container\">\n\t\t\t\t\t\t\t\t\t<div class=\"elementor-button-wrapper\">\n\t\t\t\t\t<a class=\"elementor-button elementor-button-link elementor-size-sm elementor-animation-shrink\" href=\"https:\/\/enviroprocess.com\/fi\/whistleblowing\">\n\t\t\t\t\t\t<span class=\"elementor-button-content-wrapper\">\n\t\t\t\t\t\t\t\t\t<span class=\"elementor-button-text\">Lue lis\u00e4\u00e4 &amp; raportti<\/span>\n\t\t\t\t\t<\/span>\n\t\t\t\t\t<\/a>\n\t\t\t\t<\/div>\n\t\t\t\t\t\t\t\t<\/div>\n\t\t\t\t<\/div>\n\t\t\t\t<\/div>\n\t\t<div class=\"elementor-element elementor-element-d6804b3 e-con-full dvxImageBox e-flex e-con e-child\" data-id=\"d6804b3\" data-element_type=\"container\" data-e-type=\"container\" data-settings=\"{&quot;background_background&quot;:&quot;classic&quot;}\">\n\t\t<div class=\"elementor-element elementor-element-3219b88 e-con-full dvxImage e-flex e-con e-child\" data-id=\"3219b88\" data-element_type=\"container\" data-e-type=\"container\" data-settings=\"{&quot;background_background&quot;:&quot;classic&quot;}\">\n\t\t\t\t<\/div>\n\t\t\t\t<\/div>\n\t\t\t\t<\/div>\n\t\t\t\t<\/div>\n\t\t\t\t\t<\/div>\n\t\t\t\t<\/div>\n\t\t<div class=\"elementor-element elementor-element-7998197 e-flex e-con-boxed e-con e-parent\" data-id=\"7998197\" data-element_type=\"container\" data-e-type=\"container\">\n\t\t\t\t\t<div class=\"e-con-inner\">\n\t\t<div class=\"elementor-element elementor-element-01d8d08 e-con-full e-flex e-con e-child\" data-id=\"01d8d08\" data-element_type=\"container\" data-e-type=\"container\" data-settings=\"{&quot;background_background&quot;:&quot;classic&quot;}\">\n\t\t<div class=\"elementor-element elementor-element-5c8dab2 e-con-full e-flex e-con e-child\" data-id=\"5c8dab2\" data-element_type=\"container\" data-e-type=\"container\" data-settings=\"{&quot;background_background&quot;:&quot;classic&quot;}\">\n\t\t<div class=\"elementor-element elementor-element-5634961 e-con-full dvxImageBox e-flex e-con e-child\" data-id=\"5634961\" data-element_type=\"container\" data-e-type=\"container\" data-settings=\"{&quot;background_background&quot;:&quot;classic&quot;}\">\n\t\t<div class=\"elementor-element elementor-element-32892c7 e-con-full dvxImage e-flex e-con e-child\" data-id=\"32892c7\" data-element_type=\"container\" data-e-type=\"container\" data-settings=\"{&quot;background_background&quot;:&quot;classic&quot;}\">\n\t\t\t\t<\/div>\n\t\t\t\t<\/div>\n\t\t<div class=\"elementor-element elementor-element-a68df78 e-con-full e-flex e-con e-child\" data-id=\"a68df78\" data-element_type=\"container\" data-e-type=\"container\">\n\t\t\t\t<div class=\"elementor-element elementor-element-23ab736 elementor-widget elementor-widget-heading\" data-id=\"23ab736\" data-element_type=\"widget\" data-e-type=\"widget\" data-widget_type=\"heading.default\">\n\t\t\t\t<div class=\"elementor-widget-container\">\n\t\t\t\t\t<h2 class=\"elementor-heading-title elementor-size-default\">MILJ\u00d8FYRT\u00c5RNSERTIFISERT<\/h2>\t\t\t\t<\/div>\n\t\t\t\t<\/div>\n\t\t\t\t<div class=\"elementor-element elementor-element-1d5b693 dvxGradientText elementor-widget elementor-widget-text-editor\" data-id=\"1d5b693\" data-element_type=\"widget\" data-e-type=\"widget\" data-widget_type=\"text-editor.default\">\n\t\t\t\t<div class=\"elementor-widget-container\">\n\t\t\t\t\t\t\t\t\t<p>Vi TAR MILJ\u00d8ANSVAR<\/p>\t\t\t\t\t\t\t\t<\/div>\n\t\t\t\t<\/div>\n\t\t\t\t<div class=\"elementor-element elementor-element-dbe16dc elementor-align-left elementor-widget__width-auto elementor-widget elementor-widget-button\" data-id=\"dbe16dc\" data-element_type=\"widget\" data-e-type=\"widget\" data-widget_type=\"button.default\">\n\t\t\t\t<div class=\"elementor-widget-container\">\n\t\t\t\t\t\t\t\t\t<div class=\"elementor-button-wrapper\">\n\t\t\t\t\t<a class=\"elementor-button elementor-button-link elementor-size-sm elementor-animation-shrink\" href=\"https:\/\/enviroprocess.com\/wp-content\/uploads\/2026\/02\/MILJOFYRTARN-MAL-OG-TILTAK-2025-ENVIROPROCESS-NORGE-AS-AVD.-BILLINGSTAD.pdf\">\n\t\t\t\t\t\t<span class=\"elementor-button-content-wrapper\">\n\t\t\t\t\t\t\t\t\t<span class=\"elementor-button-text\">Lue lis\u00e4\u00e4<\/span>\n\t\t\t\t\t<\/span>\n\t\t\t\t\t<\/a>\n\t\t\t\t<\/div>\n\t\t\t\t\t\t\t\t<\/div>\n\t\t\t\t<\/div>\n\t\t\t\t<\/div>\n\t\t\t\t<\/div>\n\t\t\t\t<\/div>\n\t\t\t\t\t<\/div>\n\t\t\t\t<\/div>\n\t\t<div class=\"elementor-element elementor-element-806f2e8 e-flex e-con-boxed e-con e-parent\" data-id=\"806f2e8\" data-element_type=\"container\" data-e-type=\"container\">\n\t\t\t\t\t<div class=\"e-con-inner\">\n\t\t<div class=\"elementor-element elementor-element-4d5e68c e-con-full e-flex e-con e-child\" data-id=\"4d5e68c\" data-element_type=\"container\" data-e-type=\"container\" data-settings=\"{&quot;background_background&quot;:&quot;classic&quot;}\">\n\t\t<div class=\"elementor-element elementor-element-c8a3bff e-con-full e-flex e-con e-child\" data-id=\"c8a3bff\" data-element_type=\"container\" data-e-type=\"container\" data-settings=\"{&quot;background_background&quot;:&quot;classic&quot;}\">\n\t\t<div class=\"elementor-element elementor-element-86b3f40 e-con-full e-flex e-con e-child\" data-id=\"86b3f40\" data-element_type=\"container\" data-e-type=\"container\">\n\t\t\t\t<div class=\"elementor-element elementor-element-d54133e elementor-widget elementor-widget-heading\" data-id=\"d54133e\" data-element_type=\"widget\" data-e-type=\"widget\" data-widget_type=\"heading.default\">\n\t\t\t\t<div class=\"elementor-widget-container\">\n\t\t\t\t\t<h2 class=\"elementor-heading-title elementor-size-default\">AVOIMUUSLAKI<\/h2>\t\t\t\t<\/div>\n\t\t\t\t<\/div>\n\t\t\t\t<div class=\"elementor-element elementor-element-c74014f dvxGradientText elementor-widget elementor-widget-text-editor\" data-id=\"c74014f\" data-element_type=\"widget\" data-e-type=\"widget\" data-widget_type=\"text-editor.default\">\n\t\t\t\t<div class=\"elementor-widget-container\">\n\t\t\t\t\t\t\t\t\t<p>ENVIROPROCESS NORJAN RAPORTTI AS<\/p>\t\t\t\t\t\t\t\t<\/div>\n\t\t\t\t<\/div>\n\t\t\t\t<div class=\"elementor-element elementor-element-21e1cda elementor-align-left elementor-widget__width-auto elementor-widget elementor-widget-button\" data-id=\"21e1cda\" data-element_type=\"widget\" data-e-type=\"widget\" data-widget_type=\"button.default\">\n\t\t\t\t<div class=\"elementor-widget-container\">\n\t\t\t\t\t\t\t\t\t<div class=\"elementor-button-wrapper\">\n\t\t\t\t\t<a class=\"elementor-button elementor-button-link elementor-size-sm elementor-animation-shrink\" href=\"https:\/\/enviroprocess.com\/fi\/apenhetsloven\">\n\t\t\t\t\t\t<span class=\"elementor-button-content-wrapper\">\n\t\t\t\t\t\t\t\t\t<span class=\"elementor-button-text\">Lue lis\u00e4\u00e4 &amp; raportti<\/span>\n\t\t\t\t\t<\/span>\n\t\t\t\t\t<\/a>\n\t\t\t\t<\/div>\n\t\t\t\t\t\t\t\t<\/div>\n\t\t\t\t<\/div>\n\t\t\t\t<\/div>\n\t\t<div class=\"elementor-element elementor-element-63accfe e-con-full dvxImageBox e-flex e-con e-child\" data-id=\"63accfe\" data-element_type=\"container\" data-e-type=\"container\" data-settings=\"{&quot;background_background&quot;:&quot;classic&quot;}\">\n\t\t<div class=\"elementor-element elementor-element-d82ae15 e-con-full dvxImage e-flex e-con e-child\" data-id=\"d82ae15\" data-element_type=\"container\" data-e-type=\"container\" data-settings=\"{&quot;background_background&quot;:&quot;classic&quot;}\">\n\t\t\t\t<\/div>\n\t\t\t\t<\/div>\n\t\t\t\t<\/div>\n\t\t\t\t<\/div>\n\t\t\t\t\t<\/div>\n\t\t\t\t<\/div>\n\t\t<div class=\"elementor-element elementor-element-c858c1b e-flex e-con-boxed e-con e-parent\" data-id=\"c858c1b\" data-element_type=\"container\" data-e-type=\"container\">\n\t\t\t\t\t<div class=\"e-con-inner\">\n\t\t\t\t<div class=\"elementor-element elementor-element-ccbc0ad elementor-widget elementor-widget-text-editor\" data-id=\"ccbc0ad\" data-element_type=\"widget\" data-e-type=\"widget\" data-widget_type=\"text-editor.default\">\n\t\t\t\t<div class=\"elementor-widget-container\">\n\t\t\t\t\t\t\t\t\t<p>P\u00e4ivit\u00e4mme n\u00e4it\u00e4 asiakirjoja s\u00e4\u00e4nn\u00f6llisesti varmistaaksemme, ett\u00e4 ne vastaavat aina voimassa olevia lakeja, asetuksia ja sis\u00e4isi\u00e4 standardejamme. Uskomme l\u00e4pin\u00e4kyvyyteen ja haluamme, ett\u00e4 kaikki - ty\u00f6ntekij\u00e4t, asiakkaat ja kumppanit - voivat tutustua ja ymm\u00e4rt\u00e4\u00e4 periaatteet, jotka ohjaavat meit\u00e4 p\u00e4ivitt\u00e4isess\u00e4 ty\u00f6ss\u00e4mme.<\/p>\t\t\t\t\t\t\t\t<\/div>\n\t\t\t\t<\/div>\n\t\t\t\t\t<\/div>\n\t\t\t\t<\/div>\n\t\t<div class=\"elementor-element elementor-element-9e744f9 e-flex e-con-boxed e-con e-parent\" data-id=\"9e744f9\" data-element_type=\"container\" data-e-type=\"container\">\n\t\t\t\t\t<div class=\"e-con-inner\">\n\t\t\t\t<div class=\"elementor-element elementor-element-d4bf28f elementor-widget elementor-widget-text-editor\" data-id=\"d4bf28f\" data-element_type=\"widget\" data-e-type=\"widget\" data-widget_type=\"text-editor.default\">\n\t\t\t\t<div class=\"elementor-widget-container\">\n\t\t\t\t\t\t\t\t\t<h4><b>Miten saatte meihin yhteyden?<\/b><\/h4><p><b>Yhteystietomme ovat:<\/b><\/p><p>Enviroprocess Sweden AB <br \/>Org.nro: 556275-2898<br \/>Borg\u00e5s G\u00e5rdsv\u00e4g 9, 434 39 Kungsbacka<br \/><a href=\"tel:+463008370 00\">+46 300 83 70 00<\/a><br \/><a href=\"mailto:info@enviroprocess.com\">Info.fi@enviroprocess.com<\/a><\/p>\t\t\t\t\t\t\t\t<\/div>\n\t\t\t\t<\/div>\n\t\t\t\t\t<\/div>\n\t\t\t\t<\/div>\n\t\t\t\t<\/div>","protected":false},"excerpt":{"rendered":"<p>Policies och Riktlinjer H\u00e4r har vi samlat all viktig information som styr v\u00e5r verksamhet och v\u00e5rt s\u00e4tt att arbeta, f\u00f6r att s\u00e4kerst\u00e4lla att vi alltid uppfyller v\u00e5ra h\u00f6ga krav p\u00e5 kvalitet, s\u00e4kerhet och integritet. EnviroProcess Code of Conduct Uppf\u00f6randekod L\u00e4s mer GDPR PRIVACY POLICY FOR ENVIROPROCESS L\u00e4s mer EnviroProcess whistleblowing L\u00e4s mer &amp; Rapportera MILJ\u00d8FYRT\u00c5RNSERTIFISERT [&hellip;]<\/p>\n","protected":false},"author":1,"featured_media":0,"parent":0,"menu_order":0,"comment_status":"closed","ping_status":"closed","template":"","meta":{"_acf_changed":false,"footnotes":""},"class_list":["post-2148","page","type-page","status-publish","hentry"],"acf":[],"_links":{"self":[{"href":"https:\/\/enviroprocess.com\/fi\/wp-json\/wp\/v2\/pages\/2148","targetHints":{"allow":["GET"]}}],"collection":[{"href":"https:\/\/enviroprocess.com\/fi\/wp-json\/wp\/v2\/pages"}],"about":[{"href":"https:\/\/enviroprocess.com\/fi\/wp-json\/wp\/v2\/types\/page"}],"author":[{"embeddable":true,"href":"https:\/\/enviroprocess.com\/fi\/wp-json\/wp\/v2\/users\/1"}],"replies":[{"embeddable":true,"href":"https:\/\/enviroprocess.com\/fi\/wp-json\/wp\/v2\/comments?post=2148"}],"version-history":[{"count":100,"href":"https:\/\/enviroprocess.com\/fi\/wp-json\/wp\/v2\/pages\/2148\/revisions"}],"predecessor-version":[{"id":13677,"href":"https:\/\/enviroprocess.com\/fi\/wp-json\/wp\/v2\/pages\/2148\/revisions\/13677"}],"wp:attachment":[{"href":"https:\/\/enviroprocess.com\/fi\/wp-json\/wp\/v2\/media?parent=2148"}],"curies":[{"name":"wp","href":"https:\/\/api.w.org\/{rel}","templated":true}]}}