{"id":2069,"date":"2024-05-15T10:58:07","date_gmt":"2024-05-15T10:58:07","guid":{"rendered":"https:\/\/enviroprocess.com\/?page_id=2069"},"modified":"2024-11-06T09:17:10","modified_gmt":"2024-11-06T09:17:10","slug":"about-us","status":"publish","type":"page","link":"https:\/\/enviroprocess.com\/fi\/about-us","title":{"rendered":"Tietoa meist\u00e4"},"content":{"rendered":"<div data-elementor-type=\"wp-page\" data-elementor-id=\"2069\" class=\"elementor elementor-2069\" data-elementor-post-type=\"page\">\n\t\t\t\t<div class=\"elementor-element elementor-element-dc7d840 e-con-full e-flex e-con e-parent\" data-id=\"dc7d840\" data-element_type=\"container\" data-e-type=\"container\">\n\t\t\t\t<div class=\"elementor-element elementor-element-e9107cc elementor-widget elementor-widget-template\" data-id=\"e9107cc\" data-element_type=\"widget\" data-e-type=\"widget\" data-widget_type=\"template.default\">\n\t\t\t\t<div class=\"elementor-widget-container\">\n\t\t\t\t\t\t\t<div class=\"elementor-template\">\n\t\t\t\t\t<div data-elementor-type=\"container\" data-elementor-id=\"8368\" class=\"elementor elementor-8368\" data-elementor-post-type=\"elementor_library\">\n\t\t\t\t<div class=\"elementor-element elementor-element-76d5f0ab e-flex e-con-boxed e-con e-child\" data-id=\"76d5f0ab\" data-element_type=\"container\" data-e-type=\"container\" data-settings=\"{&quot;background_background&quot;:&quot;classic&quot;}\">\n\t\t\t\t\t<div class=\"e-con-inner\">\n\t\t\t\t\t<\/div>\n\t\t\t\t<\/div>\n\t\t\t\t<\/div>\n\t\t\t\t<\/div>\n\t\t\t\t\t\t<\/div>\n\t\t\t\t<\/div>\n\t\t\t\t<\/div>\n\t\t<div class=\"elementor-element elementor-element-cac6615 e-flex e-con-boxed e-con e-parent\" data-id=\"cac6615\" data-element_type=\"container\" data-e-type=\"container\" data-settings=\"{&quot;background_background&quot;:&quot;classic&quot;}\">\n\t\t\t\t\t<div class=\"e-con-inner\">\n\t\t<div class=\"elementor-element elementor-element-996cd6c e-flex e-con-boxed e-con e-child\" data-id=\"996cd6c\" data-element_type=\"container\" data-e-type=\"container\" data-settings=\"{&quot;background_background&quot;:&quot;classic&quot;}\">\n\t\t\t\t\t<div class=\"e-con-inner\">\n\t\t\t\t<div class=\"elementor-element elementor-element-924df38 elementor-widget elementor-widget-heading\" data-id=\"924df38\" data-element_type=\"widget\" data-e-type=\"widget\" data-widget_type=\"heading.default\">\n\t\t\t\t<div class=\"elementor-widget-container\">\n\t\t\t\t\t<h1 class=\"elementor-heading-title elementor-size-default\">ENVIROPROCESS<span style=\"font-weight: 300\"> - Tietoa yrityksest\u00e4 <\/span><\/h1>\t\t\t\t<\/div>\n\t\t\t\t<\/div>\n\t\t\t\t<div class=\"elementor-element elementor-element-c0a5966 elementor-widget-divider--view-line elementor-widget elementor-widget-divider\" data-id=\"c0a5966\" data-element_type=\"widget\" data-e-type=\"widget\" data-widget_type=\"divider.default\">\n\t\t\t\t<div class=\"elementor-widget-container\">\n\t\t\t\t\t\t\t<div class=\"elementor-divider\">\n\t\t\t<span class=\"elementor-divider-separator\">\n\t\t\t\t\t\t<\/span>\n\t\t<\/div>\n\t\t\t\t\t\t<\/div>\n\t\t\t\t<\/div>\n\t\t\t\t<div class=\"elementor-element elementor-element-1a60aef elementor-widget elementor-widget-heading\" data-id=\"1a60aef\" data-element_type=\"widget\" data-e-type=\"widget\" data-widget_type=\"heading.default\">\n\t\t\t\t<div class=\"elementor-widget-container\">\n\t\t\t\t\t<h5 class=\"elementor-heading-title elementor-size-default\">EST. 1971<\/h5>\t\t\t\t<\/div>\n\t\t\t\t<\/div>\n\t\t\t\t<div class=\"elementor-element elementor-element-ae78b20 elementor-widget elementor-widget-image\" data-id=\"ae78b20\" data-element_type=\"widget\" data-e-type=\"widget\" data-widget_type=\"image.default\">\n\t\t\t\t<div class=\"elementor-widget-container\">\n\t\t\t\t\t\t\t\t\t\t\t\t\t\t\t<img decoding=\"async\" width=\"300\" height=\"108\" src=\"https:\/\/enviroprocess.com\/wp-content\/uploads\/2024\/05\/EnviroWater_Group_Logo_RGB_small.png\" class=\"attachment-large size-large wp-image-2124\" alt=\"\" srcset=\"https:\/\/enviroprocess.com\/wp-content\/uploads\/2024\/05\/EnviroWater_Group_Logo_RGB_small.png 300w, https:\/\/enviroprocess.com\/wp-content\/uploads\/2024\/05\/EnviroWater_Group_Logo_RGB_small-18x6.png 18w\" sizes=\"(max-width: 300px) 100vw, 300px\" \/>\t\t\t\t\t\t\t\t\t\t\t\t\t\t\t<\/div>\n\t\t\t\t<\/div>\n\t\t\t\t<div class=\"elementor-element elementor-element-3778c47 elementor-widget__width-initial elementor-widget elementor-widget-text-editor\" data-id=\"3778c47\" data-element_type=\"widget\" data-e-type=\"widget\" data-widget_type=\"text-editor.default\">\n\t\t\t\t<div class=\"elementor-widget-container\">\n\t\t\t\t\t\t\t\t\t<p>EnviroProcess on osa EnviroWater Groupia, joka on Euroopan johtava kest\u00e4v\u00e4n ja tehokkaan  vedenk\u00e4sittelyn asiantuntijayritysten verkosto.<\/p>\t\t\t\t\t\t\t\t<\/div>\n\t\t\t\t<\/div>\n\t\t\t\t<div class=\"elementor-element elementor-element-f0842d4 elementor-widget elementor-widget-text-editor\" data-id=\"f0842d4\" data-element_type=\"widget\" data-e-type=\"widget\" data-widget_type=\"text-editor.default\">\n\t\t\t\t<div class=\"elementor-widget-container\">\n\t\t\t\t\t\t\t\t\t<p><strong>Tietoa yrityksest\u00e4<br \/><\/strong>Tervetuloa EnviroProcessille - Pohjoismaiden johtavalle toimijalle julkisten uima-allas-, kylpyl\u00e4- ja wellness-tilojen konsultoinnissa, rakentamisessa, suunnittelussa ja asennuksessa. EnviroProcess tarjoaa my\u00f6s vahvan paikallisen huolto-organisaation  huoltoa ja jatkuvaa kunnossapitoa varten kaikkialla Pohjoismaissa.\u00a0<\/p><p><strong>Orgaaninen kasvu vuodesta 1971<\/strong><br \/>Vuodesta 1971 l\u00e4htien olemme tarjonneet asiakkaillemme kest\u00e4vi\u00e4 ja innovatiivisia ratkaisuja, joissa intohimomme edist\u00e4\u00e4 kehityst\u00e4 vahvistaa edelleen johtavaa markkina-asemaamme.<\/p><p><strong>Kest\u00e4v\u00e4 kehitys on osa identiteetti\u00e4mme<\/strong><br \/>Pitk\u00e4j\u00e4nteinen sitoutumisemme kest\u00e4v\u00e4\u00e4n kehitykseen on aina ollut osa liiketoimintastrategiaamme, ja olennainen osa identiteetti\u00e4mme. Olemme ylpeit\u00e4 siit\u00e4, ett\u00e4 olemme olleet t\u00e4rke\u00e4ss\u00e4 roolissa koko teollisuudenalan ohjaamisessa kohti turvallisempaa ja kest\u00e4v\u00e4mp\u00e4\u00e4 tulevaisuutta. Asiantuntemuksemme ja omistautumisemme ansiosta olemme luotettava ja pitk\u00e4aikainen kumppani asiakkaille, jotka arvostavat laatua, kest\u00e4vyytt\u00e4 ja innovointia.<\/p><p><strong>Osa EnviroWater Groupia<\/strong><br \/>Vuodesta 2019 l\u00e4htien EnviroProcess on ollut osa EnviroWater Groupia, joka on johtava vesi- ja ymp\u00e4rist\u00f6teknologian asiantuntijaverkosto. Integroituminen EnviroWater Groupiin on vahvistanut asemaamme ja antanut meille lis\u00e4\u00e4 resursseja ja asiantuntemusta, jotta voimme vastata asiakkaidemme tarpeisiin parhaalla mahdollisella tavalla.<\/p><p><strong>Vahvistavat yritysostot<\/strong><br \/>Vuonna 2024 EnviroWater Nordic osti Enwa Water Technologyn, johon jo aiemmin kuului my\u00f6s EnviroProcess.<\/p><p>Toivotamme entiset Enwa BADin ty\u00f6ntekij\u00e4t ja heid\u00e4n asiakkaansa tervetulleiksi EnviroProcess-perheeseen.<\/p><p><strong>Omistautunut henkil\u00f6kunta<\/strong><br \/>Meill\u00e4 on yli 160 omistautunutta ty\u00f6ntekij\u00e4\u00e4, ja olemme sitoutunut organisaatio, jota ohjaa yhteinen visio: tarjota asiakkaillemme parasta allas-, kylpyl\u00e4- ja hyvinvointilaitosten tarjontaa ja samalla suojella kansanterveytt\u00e4 ja ymp\u00e4rist\u00f6\u00e4. EnviroProcess uskoo investoivansa ty\u00f6ntekij\u00f6ihins\u00e4 ja heid\u00e4n kehitykseens\u00e4 - kaikki t\u00e4m\u00e4 varmistaaksemme, ett\u00e4 toimitamme asiakkaillemme aina korkeinta mahdollista tasoa.<\/p><p><strong>Yli 50 vuoden kokemus<\/strong><br \/>Kokemuksemme ulottuu yli 50 vuoden p\u00e4\u00e4h\u00e4n, ja koko t\u00e4m\u00e4n ajan olemme aina olleet alan edell\u00e4k\u00e4vij\u00f6it\u00e4. Olemme edelleen johtavia energians\u00e4\u00e4st\u00f6n alalla ja pyrimme jatkuvasti olemaan parhaiden innovaatioiden k\u00e4ytt\u00f6\u00f6noton eturintamassa. Pyrimme aina maksimoimaan r\u00e4\u00e4t\u00e4l\u00f6ityjen ratkaisujemme tehokkuuden ja kest\u00e4vyyden.<\/p><p><strong>Laaja tuotevalikoima<\/strong><br \/>Laajan teknologia- ja tuotevalikoimamme ansiosta tarjoamme alalle valikoiman, jota vain harvat markkinatoimijat pystyv\u00e4t tarjoamaan.<\/p><p><strong>Tie kest\u00e4v\u00e4\u00e4n tulevaisuuteen<\/strong><br \/>Valitse EnviroProcess seuraavaan projektiisi ja huomaa, miten paljon kokemuksemme ja asiantuntemuksemme voivat vaikuttaa. Olemme sitoutuneesti k\u00e4ytett\u00e4viss\u00e4nne, ja odotamme innolla, ett\u00e4 voimme olla kumppaninne matkalla kohti turvallisempaa ja kest\u00e4v\u00e4mp\u00e4\u00e4 tulevaisuutta.<\/p>\t\t\t\t\t\t\t\t<\/div>\n\t\t\t\t<\/div>\n\t\t\t\t<div class=\"elementor-element elementor-element-77f1821 elementor-widget-divider--view-line elementor-widget elementor-widget-divider\" data-id=\"77f1821\" data-element_type=\"widget\" data-e-type=\"widget\" data-widget_type=\"divider.default\">\n\t\t\t\t<div class=\"elementor-widget-container\">\n\t\t\t\t\t\t\t<div class=\"elementor-divider\">\n\t\t\t<span class=\"elementor-divider-separator\">\n\t\t\t\t\t\t<\/span>\n\t\t<\/div>\n\t\t\t\t\t\t<\/div>\n\t\t\t\t<\/div>\n\t\t\t\t<div class=\"elementor-element elementor-element-9d925fd elementor-widget__width-initial elementor-widget elementor-widget-text-editor\" data-id=\"9d925fd\" data-element_type=\"widget\" data-e-type=\"widget\" data-widget_type=\"text-editor.default\">\n\t\t\t\t<div class=\"elementor-widget-container\">\n\t\t\t\t\t\t\t\t\t<h4 class=\"text-align-center\">\u00a0<\/h4><h4 class=\"text-align-center\"><em>\"On eritt\u00e4in imartelevaa tiet\u00e4\u00e4, ett\u00e4 olemme osa EnviroWater-konsernia ainutlaatuisen allasvedenk\u00e4sittelyn asiantuntemuksemme ansiosta.\"<\/em><\/h4><p class=\"text-align-center\">Per Martin, konsernijohtaja, EnviroWater Nordic\u00a0<\/p>\t\t\t\t\t\t\t\t<\/div>\n\t\t\t\t<\/div>\n\t\t\t\t<div class=\"elementor-element elementor-element-b03ed9c elementor-widget elementor-widget-image\" data-id=\"b03ed9c\" data-element_type=\"widget\" data-e-type=\"widget\" data-widget_type=\"image.default\">\n\t\t\t\t<div class=\"elementor-widget-container\">\n\t\t\t\t\t\t\t\t\t\t\t\t\t\t\t<img fetchpriority=\"high\" decoding=\"async\" width=\"488\" height=\"239\" src=\"https:\/\/enviroprocess.com\/wp-content\/uploads\/2024\/05\/50-years.jpg\" class=\"attachment-large size-large wp-image-2125\" alt=\"\" srcset=\"https:\/\/enviroprocess.com\/wp-content\/uploads\/2024\/05\/50-years.jpg 488w, https:\/\/enviroprocess.com\/wp-content\/uploads\/2024\/05\/50-years-300x147.jpg 300w, https:\/\/enviroprocess.com\/wp-content\/uploads\/2024\/05\/50-years-18x9.jpg 18w\" sizes=\"(max-width: 488px) 100vw, 488px\" \/>\t\t\t\t\t\t\t\t\t\t\t\t\t\t\t<\/div>\n\t\t\t\t<\/div>\n\t\t\t\t\t<\/div>\n\t\t\t\t<\/div>\n\t\t\t\t\t<\/div>\n\t\t\t\t<\/div>\n\t\t<div class=\"elementor-element elementor-element-d96ec68 e-flex e-con-boxed e-con e-parent\" data-id=\"d96ec68\" data-element_type=\"container\" data-e-type=\"container\">\n\t\t\t\t\t<div class=\"e-con-inner\">\n\t\t<div class=\"elementor-element elementor-element-4b7660b e-con-full e-flex e-con e-child\" data-id=\"4b7660b\" data-element_type=\"container\" data-e-type=\"container\" data-settings=\"{&quot;background_background&quot;:&quot;classic&quot;}\">\n\t\t<div class=\"elementor-element elementor-element-b9989e5 e-con-full e-flex e-con e-child\" data-id=\"b9989e5\" data-element_type=\"container\" data-e-type=\"container\" data-settings=\"{&quot;background_background&quot;:&quot;classic&quot;}\">\n\t\t<div class=\"elementor-element elementor-element-4ee34fd e-con-full e-flex e-con e-child\" data-id=\"4ee34fd\" data-element_type=\"container\" data-e-type=\"container\">\n\t\t\t\t<div class=\"elementor-element elementor-element-ed16561 dvxGradientText elementor-widget elementor-widget-text-editor\" data-id=\"ed16561\" data-element_type=\"widget\" data-e-type=\"widget\" data-widget_type=\"text-editor.default\">\n\t\t\t\t<div class=\"elementor-widget-container\">\n\t\t\t\t\t\t\t\t\t<h2><strong>Rakastamme palvelua<\/strong><\/h2>\t\t\t\t\t\t\t\t<\/div>\n\t\t\t\t<\/div>\n\t\t\t\t<div class=\"elementor-element elementor-element-ea97469 elementor-widget elementor-widget-text-editor\" data-id=\"ea97469\" data-element_type=\"widget\" data-e-type=\"widget\" data-widget_type=\"text-editor.default\">\n\t\t\t\t<div class=\"elementor-widget-container\">\n\t\t\t\t\t\t\t\t\t<p><strong>EnviroProcessilla on laaja ja asiantunteva huolto-organisaatio, joka on l\u00e4hell\u00e4 sinua. <br \/><\/strong><\/p><p>Huollon ja yll\u00e4pidon puitteissa tarjoamme erilaisia \u200b\u200bhuoltosopimuksia ja palveluita. Yhdist\u00e4m\u00e4ll\u00e4 pitk\u00e4n kokemuksemme ja asiantuntemuksemme turvallisuusratkaisuihin ja parhaaseen teknologiavalikoimaan tarjoamme valikoiman r\u00e4\u00e4t\u00e4l\u00f6ityj\u00e4 palveluita.<\/p>\t\t\t\t\t\t\t\t<\/div>\n\t\t\t\t<\/div>\n\t\t\t\t<div class=\"elementor-element elementor-element-3048506 elementor-align-left elementor-widget__width-auto elementor-widget elementor-widget-button\" data-id=\"3048506\" data-element_type=\"widget\" data-e-type=\"widget\" data-widget_type=\"button.default\">\n\t\t\t\t<div class=\"elementor-widget-container\">\n\t\t\t\t\t\t\t\t\t<div class=\"elementor-button-wrapper\">\n\t\t\t\t\t<a class=\"elementor-button elementor-button-link elementor-size-sm elementor-animation-shrink\" href=\"https:\/\/enviroprocess.com\/fi\/service-organization\/\">\n\t\t\t\t\t\t<span class=\"elementor-button-content-wrapper\">\n\t\t\t\t\t\t\t\t\t<span class=\"elementor-button-text\">Lue lis\u00e4\u00e4<\/span>\n\t\t\t\t\t<\/span>\n\t\t\t\t\t<\/a>\n\t\t\t\t<\/div>\n\t\t\t\t\t\t\t\t<\/div>\n\t\t\t\t<\/div>\n\t\t\t\t<\/div>\n\t\t<div class=\"elementor-element elementor-element-0829f3f e-con-full dvxImageBox e-flex e-con e-child\" data-id=\"0829f3f\" data-element_type=\"container\" data-e-type=\"container\" data-settings=\"{&quot;background_background&quot;:&quot;classic&quot;}\">\n\t\t<div class=\"elementor-element elementor-element-a949d03 e-con-full dvxImage e-flex e-con e-child\" data-id=\"a949d03\" data-element_type=\"container\" data-e-type=\"container\" data-settings=\"{&quot;background_background&quot;:&quot;classic&quot;}\">\n\t\t\t\t<\/div>\n\t\t\t\t<\/div>\n\t\t\t\t<\/div>\n\t\t\t\t<\/div>\n\t\t\t\t\t<\/div>\n\t\t\t\t<\/div>\n\t\t<div class=\"elementor-element elementor-element-fdef8a4 e-flex e-con-boxed e-con e-parent\" data-id=\"fdef8a4\" data-element_type=\"container\" data-e-type=\"container\">\n\t\t\t\t\t<div class=\"e-con-inner\">\n\t\t\t\t<div class=\"elementor-element elementor-element-a2b02c2 elementor-widget elementor-widget-heading\" data-id=\"a2b02c2\" data-element_type=\"widget\" data-e-type=\"widget\" data-widget_type=\"heading.default\">\n\t\t\t\t<div class=\"elementor-widget-container\">\n\t\t\t\t\t<h2 class=\"elementor-heading-title elementor-size-default\">T\u00e4t\u00e4 me tarjoamme!<\/h2>\t\t\t\t<\/div>\n\t\t\t\t<\/div>\n\t\t\t\t\t<\/div>\n\t\t\t\t<\/div>\n\t\t<div class=\"elementor-element elementor-element-2412490 e-flex e-con-boxed e-con e-parent\" data-id=\"2412490\" data-element_type=\"container\" data-e-type=\"container\">\n\t\t\t\t\t<div class=\"e-con-inner\">\n\t\t<div class=\"elementor-element elementor-element-b64d74e e-flex e-con-boxed e-con e-child\" data-id=\"b64d74e\" data-element_type=\"container\" data-e-type=\"container\" data-settings=\"{&quot;background_background&quot;:&quot;classic&quot;}\">\n\t\t\t\t\t<div class=\"e-con-inner\">\n\t\t\t\t<div class=\"elementor-element elementor-element-3ffdd55 dvxGradientText elementor-widget elementor-widget-text-editor\" data-id=\"3ffdd55\" data-element_type=\"widget\" data-e-type=\"widget\" data-widget_type=\"text-editor.default\">\n\t\t\t\t<div class=\"elementor-widget-container\">\n\t\t\t\t\t\t\t\t\t<h2><strong>Palvelu<\/strong>\u00a0&amp; <strong>j\u00e4lkimarkkinat<\/strong><\/h2>\t\t\t\t\t\t\t\t<\/div>\n\t\t\t\t<\/div>\n\t\t\t\t<div class=\"elementor-element elementor-element-87a0356 elementor-widget elementor-widget-text-editor\" data-id=\"87a0356\" data-element_type=\"widget\" data-e-type=\"widget\" data-widget_type=\"text-editor.default\">\n\t\t\t\t<div class=\"elementor-widget-container\">\n\t\t\t\t\t\t\t\t\t<p>Kun EnviroProcessin huoltoteknikko vierailee laitoksellasi, voit olla varma, ett\u00e4 paikalla on aina oikea asiantuntemus ja ett\u00e4 ty\u00f6 tehd\u00e4\u00e4n ammattitaitoisesti.<\/p><p>EnviroProcessilla on valtuutettu ja koulutettu huoltohenkil\u00f6st\u00f6, joka tarjoaa nopeaa ja hyv\u00e4\u00e4 palvelua.<\/p>\t\t\t\t\t\t\t\t<\/div>\n\t\t\t\t<\/div>\n\t\t\t\t\t<\/div>\n\t\t\t\t<\/div>\n\t\t<div class=\"elementor-element elementor-element-4c238aa e-con-full e-flex e-con e-child\" data-id=\"4c238aa\" data-element_type=\"container\" data-e-type=\"container\" data-settings=\"{&quot;background_background&quot;:&quot;classic&quot;}\">\n\t\t\t\t<div class=\"elementor-element elementor-element-bf3efcc dvxGradientText elementor-widget elementor-widget-text-editor\" data-id=\"bf3efcc\" data-element_type=\"widget\" data-e-type=\"widget\" data-widget_type=\"text-editor.default\">\n\t\t\t\t<div class=\"elementor-widget-container\">\n\t\t\t\t\t\t\t\t\t<h2><strong>Teknologia<\/strong> &amp; <strong>Tuotteet<\/strong><\/h2>\t\t\t\t\t\t\t\t<\/div>\n\t\t\t\t<\/div>\n\t\t\t\t<div class=\"elementor-element elementor-element-7a15331 elementor-widget elementor-widget-text-editor\" data-id=\"7a15331\" data-element_type=\"widget\" data-e-type=\"widget\" data-widget_type=\"text-editor.default\">\n\t\t\t\t<div class=\"elementor-widget-container\">\n\t\t\t\t\t\t\t\t\t<p>EnviroProcess tarjoaa laajan valikoiman vakiintuneita tuotteita ja hyv\u00e4ksi havaittuja nykyaikaisia teknologiaratkaisuja.<\/p><p>N\u00e4in voimme yhdess\u00e4 asiakkaan kanssa valita oikean teknologian asiakkaan tarpeiden mukaan. Vasta sitten siit\u00e4 tulee todella hyv\u00e4!<\/p>\t\t\t\t\t\t\t\t<\/div>\n\t\t\t\t<\/div>\n\t\t\t\t<\/div>\n\t\t\t\t\t<\/div>\n\t\t\t\t<\/div>\n\t\t<div class=\"elementor-element elementor-element-dbee6e7 e-flex e-con-boxed e-con e-parent\" data-id=\"dbee6e7\" data-element_type=\"container\" data-e-type=\"container\">\n\t\t\t\t\t<div class=\"e-con-inner\">\n\t\t<div class=\"elementor-element elementor-element-0929e35 e-flex e-con-boxed e-con e-child\" data-id=\"0929e35\" data-element_type=\"container\" data-e-type=\"container\" data-settings=\"{&quot;background_background&quot;:&quot;classic&quot;}\">\n\t\t\t\t\t<div class=\"e-con-inner\">\n\t\t\t\t<div class=\"elementor-element elementor-element-ed5a5c2 dvxGradientText elementor-widget elementor-widget-text-editor\" data-id=\"ed5a5c2\" data-element_type=\"widget\" data-e-type=\"widget\" data-widget_type=\"text-editor.default\">\n\t\t\t\t<div class=\"elementor-widget-container\">\n\t\t\t\t\t\t\t\t\t<h2><strong>CAD<\/strong> &amp; <strong>RAKENTAMINEN<\/strong><\/h2>\t\t\t\t\t\t\t\t<\/div>\n\t\t\t\t<\/div>\n\t\t\t\t<div class=\"elementor-element elementor-element-14b16cd elementor-widget elementor-widget-text-editor\" data-id=\"14b16cd\" data-element_type=\"widget\" data-e-type=\"widget\" data-widget_type=\"text-editor.default\">\n\t\t\t\t<div class=\"elementor-widget-container\">\n\t\t\t\t\t\t\t\t\t<p>Jatkuvan koulutuksen ja uusimpien CAD-ohjelmistojen avulla olemme aina yhteensopivia arkkitehtien ja muiden alan urakoitsijoiden kanssa.<\/p><p>CAD-osastomme ty\u00f6skentelee p\u00e4ivitt\u00e4in eri sopimusmuotojen sek\u00e4 uudis- ett\u00e4 korjausrakentamiseen liittyvien toimeksiantojen parissa.<\/p>\t\t\t\t\t\t\t\t<\/div>\n\t\t\t\t<\/div>\n\t\t\t\t\t<\/div>\n\t\t\t\t<\/div>\n\t\t<div class=\"elementor-element elementor-element-374747d e-flex e-con-boxed e-con e-child\" data-id=\"374747d\" data-element_type=\"container\" data-e-type=\"container\" data-settings=\"{&quot;background_background&quot;:&quot;classic&quot;}\">\n\t\t\t\t\t<div class=\"e-con-inner\">\n\t\t\t\t<div class=\"elementor-element elementor-element-93c96a1 dvxGradientText elementor-widget elementor-widget-text-editor\" data-id=\"93c96a1\" data-element_type=\"widget\" data-e-type=\"widget\" data-widget_type=\"text-editor.default\">\n\t\t\t\t<div class=\"elementor-widget-container\">\n\t\t\t\t\t\t\t\t\t<h2><strong>YRITT\u00c4J\u00c4T<\/strong> &amp; <strong>PROJEKTI<\/strong><\/h2>\t\t\t\t\t\t\t\t<\/div>\n\t\t\t\t<\/div>\n\t\t\t\t<div class=\"elementor-element elementor-element-4b58a54 elementor-widget elementor-widget-text-editor\" data-id=\"4b58a54\" data-element_type=\"widget\" data-e-type=\"widget\" data-widget_type=\"text-editor.default\">\n\t\t\t\t<div class=\"elementor-widget-container\">\n\t\t\t\t\t\t\t\t\t<p>Urakkasopimuksia teht\u00e4ess\u00e4 on t\u00e4rke\u00e4 tiet\u00e4\u00e4, ett\u00e4 meill\u00e4 on vakaa ja pitk\u00e4aikainen rahoitus, joten voimme vakaasti hallita projektia, sit\u00e4 seuraavaa takuuaikaa sek\u00e4 j\u00e4lkimarkkinointia pitk\u00e4ll\u00e4 aikav\u00e4lill\u00e4.<\/p><p>EnviroProcessilla on hyv\u00e4 taloudellinen kest\u00e4vyys ja korkein luottoluokitus.<\/p>\t\t\t\t\t\t\t\t<\/div>\n\t\t\t\t<\/div>\n\t\t\t\t\t<\/div>\n\t\t\t\t<\/div>\n\t\t\t\t\t<\/div>\n\t\t\t\t<\/div>\n\t\t\t\t<\/div>","protected":false},"excerpt":{"rendered":"<p>ENVIROPROCESS &#8211; Om f\u00f6retaget EST. 1971 EnviroProcess \u00e4r en del av EnviroWater Group, europas ledande n\u00e4tverk av bolag med expertis inom h\u00e5llbar vattenberedning och effektiv vattenbehandling. Om f\u00f6retagetV\u00e4lkommen till EnviroProcess \u2013 nordens ledande akt\u00f6r inom konsultation, konstruktion, design och installation av offentliga pool-, spa- &amp; wellnessanl\u00e4ggningar. EnviroProcess erbjuder ocks\u00e5 en stark organisation f\u00f6r lokal service [&hellip;]<\/p>\n","protected":false},"author":1,"featured_media":0,"parent":0,"menu_order":0,"comment_status":"closed","ping_status":"closed","template":"","meta":{"_acf_changed":false,"footnotes":""},"class_list":["post-2069","page","type-page","status-publish","hentry"],"acf":[],"_links":{"self":[{"href":"https:\/\/enviroprocess.com\/fi\/wp-json\/wp\/v2\/pages\/2069","targetHints":{"allow":["GET"]}}],"collection":[{"href":"https:\/\/enviroprocess.com\/fi\/wp-json\/wp\/v2\/pages"}],"about":[{"href":"https:\/\/enviroprocess.com\/fi\/wp-json\/wp\/v2\/types\/page"}],"author":[{"embeddable":true,"href":"https:\/\/enviroprocess.com\/fi\/wp-json\/wp\/v2\/users\/1"}],"replies":[{"embeddable":true,"href":"https:\/\/enviroprocess.com\/fi\/wp-json\/wp\/v2\/comments?post=2069"}],"version-history":[{"count":485,"href":"https:\/\/enviroprocess.com\/fi\/wp-json\/wp\/v2\/pages\/2069\/revisions"}],"predecessor-version":[{"id":10757,"href":"https:\/\/enviroprocess.com\/fi\/wp-json\/wp\/v2\/pages\/2069\/revisions\/10757"}],"wp:attachment":[{"href":"https:\/\/enviroprocess.com\/fi\/wp-json\/wp\/v2\/media?parent=2069"}],"curies":[{"name":"wp","href":"https:\/\/api.w.org\/{rel}","templated":true}]}}