{"id":13704,"date":"2026-03-09T13:11:44","date_gmt":"2026-03-09T13:11:44","guid":{"rendered":"https:\/\/enviroprocess.com\/?page_id=13704"},"modified":"2026-03-16T13:22:25","modified_gmt":"2026-03-16T13:22:25","slug":"bassengbransjens-beste-kaffe","status":"publish","type":"page","link":"https:\/\/enviroprocess.com\/fi\/bassengbransjens-beste-kaffe","title":{"rendered":"Bassengbransjens beste kaffe"},"content":{"rendered":"<div data-elementor-type=\"wp-page\" data-elementor-id=\"13704\" class=\"elementor elementor-13704\" data-elementor-post-type=\"page\">\n\t\t\t\t<div class=\"elementor-element elementor-element-9da7d61 e-flex e-con-boxed e-con e-child\" data-id=\"9da7d61\" data-element_type=\"container\" data-e-type=\"container\" data-settings=\"{&quot;background_background&quot;:&quot;classic&quot;}\">\n\t\t\t\t\t<div class=\"e-con-inner\">\n\t\t\t\t<div class=\"elementor-element elementor-element-523574d elementor-widget elementor-widget-spacer\" data-id=\"523574d\" data-element_type=\"widget\" data-e-type=\"widget\" data-widget_type=\"spacer.default\">\n\t\t\t\t<div class=\"elementor-widget-container\">\n\t\t\t\t\t\t\t<div class=\"elementor-spacer\">\n\t\t\t<div class=\"elementor-spacer-inner\"><\/div>\n\t\t<\/div>\n\t\t\t\t\t\t<\/div>\n\t\t\t\t<\/div>\n\t\t\t\t\t<\/div>\n\t\t\t\t<\/div>\n\t\t<div class=\"elementor-element elementor-element-cac6615 e-flex e-con-boxed e-con e-parent\" data-id=\"cac6615\" data-element_type=\"container\" data-e-type=\"container\" data-settings=\"{&quot;background_background&quot;:&quot;classic&quot;}\">\n\t\t\t\t\t<div class=\"e-con-inner\">\n\t\t<div class=\"elementor-element elementor-element-996cd6c e-flex e-con-boxed e-con e-child\" data-id=\"996cd6c\" data-element_type=\"container\" data-e-type=\"container\" data-settings=\"{&quot;background_background&quot;:&quot;classic&quot;}\">\n\t\t\t\t\t<div class=\"e-con-inner\">\n\t\t\t\t<div class=\"elementor-element elementor-element-924df38 elementor-widget elementor-widget-heading\" data-id=\"924df38\" data-element_type=\"widget\" data-e-type=\"widget\" data-widget_type=\"heading.default\">\n\t\t\t\t<div class=\"elementor-widget-container\">\n\t\t\t\t\t<h1 class=\"elementor-heading-title elementor-size-default\">Bassengbransjens beste Filterkaffe<\/h1>\t\t\t\t<\/div>\n\t\t\t\t<\/div>\n\t\t\t\t<div class=\"elementor-element elementor-element-558f4a6 elementor-widget-divider--view-line elementor-widget elementor-widget-divider\" data-id=\"558f4a6\" data-element_type=\"widget\" data-e-type=\"widget\" data-widget_type=\"divider.default\">\n\t\t\t\t<div class=\"elementor-widget-container\">\n\t\t\t\t\t\t\t<div class=\"elementor-divider\">\n\t\t\t<span class=\"elementor-divider-separator\">\n\t\t\t\t\t\t<\/span>\n\t\t<\/div>\n\t\t\t\t\t\t<\/div>\n\t\t\t\t<\/div>\n\t\t\t\t<div class=\"elementor-element elementor-element-ac720c8 elementor-widget__width-initial elementor-widget elementor-widget-text-editor\" data-id=\"ac720c8\" data-element_type=\"widget\" data-e-type=\"widget\" data-widget_type=\"text-editor.default\">\n\t\t\t\t<div class=\"elementor-widget-container\">\n\t\t\t\t\t\t\t\t\t<h3 class=\"cvGsUA direction-ltr align-center para-style-body\">T\u00e4ydellinen sekoitus<\/h3>\t\t\t\t\t\t\t\t<\/div>\n\t\t\t\t<\/div>\n\t\t\t\t\t<\/div>\n\t\t\t\t<\/div>\n\t\t\t\t\t<\/div>\n\t\t\t\t<\/div>\n\t\t<div class=\"elementor-element elementor-element-8a77449 e-flex e-con-boxed e-con e-parent\" data-id=\"8a77449\" data-element_type=\"container\" data-e-type=\"container\" data-settings=\"{&quot;background_background&quot;:&quot;classic&quot;}\">\n\t\t\t\t\t<div class=\"e-con-inner\">\n\t\t\t\t<div class=\"elementor-element elementor-element-3515bd2 elementor-widget elementor-widget-image\" data-id=\"3515bd2\" data-element_type=\"widget\" data-e-type=\"widget\" data-widget_type=\"image.default\">\n\t\t\t\t<div class=\"elementor-widget-container\">\n\t\t\t\t\t\t\t\t\t\t\t\t\t\t\t<img fetchpriority=\"high\" decoding=\"async\" width=\"1584\" height=\"396\" src=\"https:\/\/enviroprocess.com\/wp-content\/uploads\/2026\/03\/EP-kaffe-banner-v2.png\" class=\"attachment-full size-full wp-image-13747\" alt=\"\" srcset=\"https:\/\/enviroprocess.com\/wp-content\/uploads\/2026\/03\/EP-kaffe-banner-v2.png 1584w, https:\/\/enviroprocess.com\/wp-content\/uploads\/2026\/03\/EP-kaffe-banner-v2-300x75.png 300w, https:\/\/enviroprocess.com\/wp-content\/uploads\/2026\/03\/EP-kaffe-banner-v2-1024x256.png 1024w, https:\/\/enviroprocess.com\/wp-content\/uploads\/2026\/03\/EP-kaffe-banner-v2-768x192.png 768w, https:\/\/enviroprocess.com\/wp-content\/uploads\/2026\/03\/EP-kaffe-banner-v2-1536x384.png 1536w, https:\/\/enviroprocess.com\/wp-content\/uploads\/2026\/03\/EP-kaffe-banner-v2-18x5.png 18w\" sizes=\"(max-width: 1584px) 100vw, 1584px\" \/>\t\t\t\t\t\t\t\t\t\t\t\t\t\t\t<\/div>\n\t\t\t\t<\/div>\n\t\t\t\t\t<\/div>\n\t\t\t\t<\/div>\n\t\t<div class=\"elementor-element elementor-element-fb0c072 e-flex e-con-boxed e-con e-child\" data-id=\"fb0c072\" data-element_type=\"container\" data-e-type=\"container\" data-settings=\"{&quot;background_background&quot;:&quot;classic&quot;}\">\n\t\t\t\t\t<div class=\"e-con-inner\">\n\t\t<div class=\"elementor-element elementor-element-fa21dc7 e-flex e-con-boxed e-con e-child\" data-id=\"fa21dc7\" data-element_type=\"container\" data-e-type=\"container\">\n\t\t\t\t\t<div class=\"e-con-inner\">\n\t\t\t\t<div class=\"elementor-element elementor-element-8c27a49 elementor-widget elementor-widget-text-editor\" data-id=\"8c27a49\" data-element_type=\"widget\" data-e-type=\"widget\" data-widget_type=\"text-editor.default\">\n\t\t\t\t<div class=\"elementor-widget-container\">\n\t\t\t\t\t\t\t\t\t<p data-start=\"0\" data-end=\"66\"><strong data-start=\"0\" data-end=\"66\">Velkommen til The Perfect Blend \u2013 Bassengbransjens beste kaffe<\/strong><\/p>\n<p data-start=\"68\" data-end=\"114\">Du har nettopp skannet QR-koden p\u00e5 kaffen v\u00e5r.<\/p>\n<p data-start=\"116\" data-end=\"220\">Hvorfor lager et selskap innen vannrensing sin egen kaffe?<br data-start=\"174\" data-end=\"177\">Jo, fordi vi tror p\u00e5 en universell sannhet:<\/p>\n<p data-start=\"222\" data-end=\"274\" data-is-last-node=\"\" data-is-only-node=\"\"><strong data-start=\"222\" data-end=\"272\">Riktig filtrering + riktig prosess = kvalitet.<\/strong><strong style=\"font-size: 1rem;\"><em>&nbsp;<\/em><\/strong><\/p>\t\t\t\t\t\t\t\t<\/div>\n\t\t\t\t<\/div>\n\t\t\t\t\t<\/div>\n\t\t\t\t<\/div>\n\t\t\t\t\t<\/div>\n\t\t\t\t<\/div>\n\t\t<div class=\"elementor-element elementor-element-069a11f e-flex e-con-boxed e-con e-child\" data-id=\"069a11f\" data-element_type=\"container\" data-e-type=\"container\" data-settings=\"{&quot;background_background&quot;:&quot;classic&quot;}\">\n\t\t\t\t\t<div class=\"e-con-inner\">\n\t\t<div class=\"elementor-element elementor-element-e23ec77 e-flex e-con-boxed e-con e-child\" data-id=\"e23ec77\" data-element_type=\"container\" data-e-type=\"container\">\n\t\t\t\t\t<div class=\"e-con-inner\">\n\t\t\t\t<div class=\"elementor-element elementor-element-ce36857 elementor-widget elementor-widget-text-editor\" data-id=\"ce36857\" data-element_type=\"widget\" data-e-type=\"widget\" data-widget_type=\"text-editor.default\">\n\t\t\t\t<div class=\"elementor-widget-container\">\n\t\t\t\t\t\t\t\t\t<h3><strong><em>The Perfect Blend &#8211; Bassengbransjens beste kaffe<\/em><\/strong><\/h3>\t\t\t\t\t\t\t\t<\/div>\n\t\t\t\t<\/div>\n\t\t\t\t<div class=\"elementor-element elementor-element-98b4249 elementor-widget elementor-widget-text-editor\" data-id=\"98b4249\" data-element_type=\"widget\" data-e-type=\"widget\" data-widget_type=\"text-editor.default\">\n\t\t\t\t<div class=\"elementor-widget-container\">\n\t\t\t\t\t\t\t\t\t<p>110 gram bryggekaffe = ca. 10\u201312 kopper i kaffetrakteren<\/p><ul><li>Inneholder b\u00f8nner fra \u00d8st-Afrika, Brasil og vasket kaffe fra Latin-Amerika.<\/li><li>Kaffen er smaksrik og fyldig med en behagelig syrlighet og god ettersmak.<\/li><li>100 % arabica-b\u00f8nner.<\/li><li>Mellomm\u00f8rk<\/li><li>Kaffen er Rainforest Alliance-sertifisert, noe som inneb\u00e6rer at den produseres med respekt for milj\u00f8et, biologisk mangfold og rettferdige arbeidsforhold.<\/li><\/ul>\t\t\t\t\t\t\t\t<\/div>\n\t\t\t\t<\/div>\n\t\t\t\t\t<\/div>\n\t\t\t\t<\/div>\n\t\t\t\t\t<\/div>\n\t\t\t\t<\/div>\n\t\t<div class=\"elementor-element elementor-element-2960067 e-flex e-con-boxed e-con e-parent\" data-id=\"2960067\" data-element_type=\"container\" data-e-type=\"container\">\n\t\t\t\t\t<div class=\"e-con-inner\">\n\t\t<div class=\"elementor-element elementor-element-1aa63af e-con-full e-flex e-con e-child\" data-id=\"1aa63af\" data-element_type=\"container\" data-e-type=\"container\" data-settings=\"{&quot;background_background&quot;:&quot;video&quot;}\">\n\t\t<div class=\"elementor-element elementor-element-159147f e-con-full e-flex e-con e-child\" data-id=\"159147f\" data-element_type=\"container\" data-e-type=\"container\" data-settings=\"{&quot;background_background&quot;:&quot;classic&quot;}\">\n\t\t<div class=\"elementor-element elementor-element-efeb41c e-con-full dvxImageBox e-flex e-con e-child\" data-id=\"efeb41c\" data-element_type=\"container\" data-e-type=\"container\" data-settings=\"{&quot;background_background&quot;:&quot;classic&quot;}\">\n\t\t<div class=\"elementor-element elementor-element-e155be3 e-con-full dvxImage e-flex e-con e-child\" data-id=\"e155be3\" data-element_type=\"container\" data-e-type=\"container\" data-settings=\"{&quot;background_background&quot;:&quot;video&quot;}\">\n\t\t\t\t<\/div>\n\t\t\t\t<\/div>\n\t\t<div class=\"elementor-element elementor-element-9313d53 e-con-full e-flex e-con e-child\" data-id=\"9313d53\" data-element_type=\"container\" data-e-type=\"container\">\n\t\t\t\t<div class=\"elementor-element elementor-element-16c5fe0 elementor-widget elementor-widget-heading\" data-id=\"16c5fe0\" data-element_type=\"widget\" data-e-type=\"widget\" data-widget_type=\"heading.default\">\n\t\t\t\t<div class=\"elementor-widget-container\">\n\t\t\t\t\t<h2 class=\"elementor-heading-title elementor-size-default\">Beh\u00f8ver du hjelp med noe?<\/h2>\t\t\t\t<\/div>\n\t\t\t\t<\/div>\n\t\t\t\t<div class=\"elementor-element elementor-element-a2c3ea3 dvxGradientText elementor-widget elementor-widget-text-editor\" data-id=\"a2c3ea3\" data-element_type=\"widget\" data-e-type=\"widget\" data-widget_type=\"text-editor.default\">\n\t\t\t\t<div class=\"elementor-widget-container\">\n\t\t\t\t\t\t\t\t\t<p>kontakt oss!<\/p>\t\t\t\t\t\t\t\t<\/div>\n\t\t\t\t<\/div>\n\t\t\t\t<div class=\"elementor-element elementor-element-71f543b elementor-align-left elementor-widget__width-auto elementor-widget elementor-widget-button\" data-id=\"71f543b\" data-element_type=\"widget\" data-e-type=\"widget\" data-widget_type=\"button.default\">\n\t\t\t\t<div class=\"elementor-widget-container\">\n\t\t\t\t\t\t\t\t\t<div class=\"elementor-button-wrapper\">\n\t\t\t\t\t<a class=\"elementor-button elementor-button-link elementor-size-sm elementor-animation-shrink\" href=\"https:\/\/enviroprocess.com\/fi\/contact\" target=\"_blank\">\n\t\t\t\t\t\t<span class=\"elementor-button-content-wrapper\">\n\t\t\t\t\t\t\t\t\t<span class=\"elementor-button-text\">Vi hjelper deg gjerne<\/span>\n\t\t\t\t\t<\/span>\n\t\t\t\t\t<\/a>\n\t\t\t\t<\/div>\n\t\t\t\t\t\t\t\t<\/div>\n\t\t\t\t<\/div>\n\t\t\t\t<\/div>\n\t\t\t\t<\/div>\n\t\t\t\t<\/div>\n\t\t\t\t\t<\/div>\n\t\t\t\t<\/div>\n\t\t<div class=\"elementor-element elementor-element-f82ff3f e-flex e-con-boxed e-con e-parent\" data-id=\"f82ff3f\" data-element_type=\"container\" data-e-type=\"container\">\n\t\t\t\t\t<div class=\"e-con-inner\">\n\t\t<div class=\"elementor-element elementor-element-1654149 e-con-full e-flex e-con e-child\" data-id=\"1654149\" data-element_type=\"container\" data-e-type=\"container\">\n\t\t\t\t<div class=\"elementor-element elementor-element-7340ded elementor-widget elementor-widget-heading\" data-id=\"7340ded\" data-element_type=\"widget\" data-e-type=\"widget\" data-widget_type=\"heading.default\">\n\t\t\t\t<div class=\"elementor-widget-container\">\n\t\t\t\t\t<h2 class=\"elementor-heading-title elementor-size-default\">Filterteknikk<\/h2>\t\t\t\t<\/div>\n\t\t\t\t<\/div>\n\t\t\t\t<div class=\"elementor-element elementor-element-f8c4069 elementor-widget elementor-widget-text-editor\" data-id=\"f8c4069\" data-element_type=\"widget\" data-e-type=\"widget\" data-widget_type=\"text-editor.default\">\n\t\t\t\t<div class=\"elementor-widget-container\">\n\t\t\t\t\t\t\t\t\t<p>Akkurat som v\u00e5re filtre skaper klart og rent badevann, streber vi etter den samme perfekte balansen i hver kopp kaffe.<br data-start=\"120\" data-end=\"123\" \/>Nyt \u00f8yeblikket \u2013 resten ordner vi.\u00a0<\/p>\t\t\t\t\t\t\t\t<\/div>\n\t\t\t\t<\/div>\n\t\t\t\t<div class=\"elementor-element elementor-element-ce07098 elementor-align-center elementor-widget__width-auto elementor-mobile-align-center elementor-widget elementor-widget-button\" data-id=\"ce07098\" data-element_type=\"widget\" data-e-type=\"widget\" data-widget_type=\"button.default\">\n\t\t\t\t<div class=\"elementor-widget-container\">\n\t\t\t\t\t\t\t\t\t<div class=\"elementor-button-wrapper\">\n\t\t\t\t\t<a class=\"elementor-button elementor-button-link elementor-size-sm\" href=\"https:\/\/enviroprocess.com\/fi\/contact\">\n\t\t\t\t\t\t<span class=\"elementor-button-content-wrapper\">\n\t\t\t\t\t\t\t\t\t<span class=\"elementor-button-text\">Les mer om filterteknikk<\/span>\n\t\t\t\t\t<\/span>\n\t\t\t\t\t<\/a>\n\t\t\t\t<\/div>\n\t\t\t\t\t\t\t\t<\/div>\n\t\t\t\t<\/div>\n\t\t\t\t<\/div>\n\t\t\t\t\t<\/div>\n\t\t\t\t<\/div>\n\t\t\t\t<\/div>","protected":false},"excerpt":{"rendered":"<p>Bassengbransjens beste Filterkaffe The Perfect Blend Velkommen til The Perfect Blend \u2013 Bassengbransjens beste kaffe Du har nettopp skannet QR-koden p\u00e5 kaffen v\u00e5r. Hvorfor lager et selskap innen vannrensing sin egen kaffe?Jo, fordi vi tror p\u00e5 en universell sannhet: Riktig filtrering + riktig prosess = kvalitet.&nbsp; The Perfect Blend &#8211; Bassengbransjens beste kaffe 110 gram [&hellip;]<\/p>\n","protected":false},"author":2,"featured_media":0,"parent":0,"menu_order":0,"comment_status":"closed","ping_status":"closed","template":"","meta":{"_acf_changed":false,"footnotes":""},"class_list":["post-13704","page","type-page","status-publish","hentry"],"acf":[],"_links":{"self":[{"href":"https:\/\/enviroprocess.com\/fi\/wp-json\/wp\/v2\/pages\/13704","targetHints":{"allow":["GET"]}}],"collection":[{"href":"https:\/\/enviroprocess.com\/fi\/wp-json\/wp\/v2\/pages"}],"about":[{"href":"https:\/\/enviroprocess.com\/fi\/wp-json\/wp\/v2\/types\/page"}],"author":[{"embeddable":true,"href":"https:\/\/enviroprocess.com\/fi\/wp-json\/wp\/v2\/users\/2"}],"replies":[{"embeddable":true,"href":"https:\/\/enviroprocess.com\/fi\/wp-json\/wp\/v2\/comments?post=13704"}],"version-history":[{"count":13,"href":"https:\/\/enviroprocess.com\/fi\/wp-json\/wp\/v2\/pages\/13704\/revisions"}],"predecessor-version":[{"id":13753,"href":"https:\/\/enviroprocess.com\/fi\/wp-json\/wp\/v2\/pages\/13704\/revisions\/13753"}],"wp:attachment":[{"href":"https:\/\/enviroprocess.com\/fi\/wp-json\/wp\/v2\/media?parent=13704"}],"curies":[{"name":"wp","href":"https:\/\/api.w.org\/{rel}","templated":true}]}}