{"id":6094,"date":"2024-09-28T08:20:17","date_gmt":"2024-09-28T08:20:17","guid":{"rendered":"https:\/\/enviroprocess.com\/?post_type=product&#038;p=6094"},"modified":"2025-08-06T10:27:07","modified_gmt":"2025-08-06T10:27:07","slug":"industry","status":"publish","type":"product","link":"https:\/\/enviroprocess.com\/en\/product\/industry","title":{"rendered":"Industry"},"content":{"rendered":"<h1 class=\"wp-block-heading\"><strong>A group of companies offering a wide range of solutions in industrial water treatment.<\/strong><\/h1>\n\n\n\n<p><strong>At EnviroProcess Finland and Denmark we offer a wide range of solutions in industrial water treatment. For Sweden and Norway we have a separate company in the EnviroWater Group family with full focus on Industry - Welcome to visit <a href=\"https:\/\/www.enwa.com\" target=\"_blank\" rel=\"noreferrer noopener\">Enwa Water Technology <\/a><\/strong><\/p>\n\n\n\n<p>EnviroProcess offers innovative and customised solutions for water treatment in the industrial segment in Denmark and Finland. With a broad expertise from EnviroWater Group's specialist network, we deliver services and products that meet the specific needs of industry, food, hospitals and water treatment. Our technology ensures the highest standards of efficiency, sustainability and cost optimisation, providing our customers with a safe and long-term solution to their water treatment challenges.<\/p>\n\n\n\n<div class=\"wp-block-buttons is-layout-flex wp-block-buttons-is-layout-flex\">\n<div class=\"wp-block-button is-style-outline is-style-outline--1\"><a class=\"wp-block-button__link wp-element-button\" href=\"https:\/\/enviroprocess.com\/en\/industry\/\">Read more here<\/a><\/div>\n<\/div>\n\n\n\n<h4 class=\"wp-block-heading\">EnviroProcess Finland Oy<\/h4>\n\n\n\n<p>EnviroProcess Finland Oy represents the specialist network EnviroWater Group's range of services and products for water treatment in the industrial, laboratory, hospital and other sectors on the Finnish market.<\/p>\n\n\n\n<h4 class=\"wp-block-heading\">EnviroProcess Denmark A\/S<\/h4>\n\n\n\n<p>EnviroProcess Denmark A\/S represents a selection of the EnviroWater Group's specialist network and offers services and products for water treatment in sectors such as industry, food, hospitals and water and sewage on the Danish market.<\/p>\n\n\n\n<figure class=\"wp-block-image size-large\"><a href=\"https:\/\/enviroprocess.com\/en\/industry\/\"><img fetchpriority=\"high\" decoding=\"async\" width=\"1024\" height=\"417\" src=\"https:\/\/enviroprocess.com\/wp-content\/uploads\/2024\/09\/WT_FI-HUS_Meilahti_web-1024x417.jpg\" alt=\"\" class=\"wp-image-5882\" srcset=\"https:\/\/enviroprocess.com\/wp-content\/uploads\/2024\/09\/WT_FI-HUS_Meilahti_web-1024x417.jpg 1024w, https:\/\/enviroprocess.com\/wp-content\/uploads\/2024\/09\/WT_FI-HUS_Meilahti_web-300x122.jpg 300w, https:\/\/enviroprocess.com\/wp-content\/uploads\/2024\/09\/WT_FI-HUS_Meilahti_web-768x312.jpg 768w, https:\/\/enviroprocess.com\/wp-content\/uploads\/2024\/09\/WT_FI-HUS_Meilahti_web-1536x625.jpg 1536w, https:\/\/enviroprocess.com\/wp-content\/uploads\/2024\/09\/WT_FI-HUS_Meilahti_web-18x7.jpg 18w, https:\/\/enviroprocess.com\/wp-content\/uploads\/2024\/09\/WT_FI-HUS_Meilahti_web.jpg 1900w\" sizes=\"(max-width: 1024px) 100vw, 1024px\" \/><\/a><\/figure>\n\n\n\n<p><\/p>","protected":false},"excerpt":{"rendered":"<p>En bolagsgrupp som erbjuder ett brett utbud av l\u00f6sningar inom industriell vattenbehandling. Hos EnviroProcess Finland och Danmark erbjuder vi ett brett utbud av l\u00f6sningar inom industriell vattenbehandling. F\u00f6r Sverige och Norge har vi ett eget bolag i EnviroWater Group familjen med fullt fokus p\u00e5 Industrin &#8211; V\u00e4lkommen att bes\u00f6ka Enwa Water Technology EnviroProcess erbjuder innovativa [&hellip;]<\/p>\n","protected":false},"featured_media":7589,"template":"","categories":[47],"topic":[],"class_list":["post-6094","product","type-product","status-publish","has-post-thumbnail","hentry","category-segment"],"acf":[],"_links":{"self":[{"href":"https:\/\/enviroprocess.com\/en\/wp-json\/wp\/v2\/product\/6094","targetHints":{"allow":["GET"]}}],"collection":[{"href":"https:\/\/enviroprocess.com\/en\/wp-json\/wp\/v2\/product"}],"about":[{"href":"https:\/\/enviroprocess.com\/en\/wp-json\/wp\/v2\/types\/product"}],"wp:featuredmedia":[{"embeddable":true,"href":"https:\/\/enviroprocess.com\/en\/wp-json\/wp\/v2\/media\/7589"}],"wp:attachment":[{"href":"https:\/\/enviroprocess.com\/en\/wp-json\/wp\/v2\/media?parent=6094"}],"wp:term":[{"taxonomy":"category","embeddable":true,"href":"https:\/\/enviroprocess.com\/en\/wp-json\/wp\/v2\/categories?post=6094"},{"taxonomy":"topic","embeddable":true,"href":"https:\/\/enviroprocess.com\/en\/wp-json\/wp\/v2\/topic?post=6094"}],"curies":[{"name":"wp","href":"https:\/\/api.w.org\/{rel}","templated":true}]}}