{"id":6047,"date":"2024-09-29T19:31:22","date_gmt":"2024-09-29T19:31:22","guid":{"rendered":"https:\/\/enviroprocess.com\/?post_type=product&#038;p=6047"},"modified":"2025-08-06T10:16:04","modified_gmt":"2025-08-06T10:16:04","slug":"consumer-chemicals","status":"publish","type":"product","link":"https:\/\/enviroprocess.com\/en\/product\/consumer-chemicals","title":{"rendered":"Consumable chemicals"},"content":{"rendered":"<h1 class=\"wp-block-heading\">Chemicals with safety and efficiency as keywords<\/h1>\n\n\n\n<h3 class=\"wp-block-heading\"><strong>Consumable chemicals for bathing water - with safety and efficiency in focus<\/strong><\/h3>\n\n\n\n<p>EnviroProcess offers a wide range of consumable chemicals for safe and effective water treatment. We help you choose the right product, comply with applicable regulations and optimise both dosing and operation - regardless of the type of plant or water quality.<\/p>\n\n\n\n<h3 class=\"wp-block-heading\"><strong>Choose the right chemical - with the right safety<\/strong><\/h3>\n\n\n\n<ul class=\"wp-block-list\">\n<li>According to the Swedish Work Environment Authority's regulation (AFS 2011:19) <strong>written risk assessment<\/strong><\/li>\n\n\n\n<li>Consideration must be given to the characteristics of the chemicals, the working environment and water quality<\/li>\n\n\n\n<li>We offer counselling for <strong>safe selection and handling<\/strong><\/li>\n<\/ul>\n\n\n\n<p>Choosing the right chemical requires a written risk assessment, which is required by law. The risk assessment helps to choose the appropriate chemical and working method. When choosing a product, all handling risks must be considered, not just the chemical risks. Knowledge of the chemical, its use and reactions is necessary for a correct choice. Various factors such as water quality influence the choice of chemical. For more information and support in choosing a chemical and chemical safety, please refer to the Swedish Work Environment Authority's regulations (AFS 2011:19). You can also contact EnviroProcess for advice on safe chemical handling.<\/p>\n\n\n\n<hr class=\"wp-block-separator has-alpha-channel-opacity\"\/>\n\n\n\n<h3 class=\"wp-block-heading\"><strong>Flocculants and P-Flock<\/strong><\/h3>\n\n\n\n<ul class=\"wp-block-list\">\n<li>P-Flock - concentrated flocculant developed for bathing water<\/li>\n\n\n\n<li>Pre-hydrolysed and high basicity - also suitable for low alkalinity<\/li>\n\n\n\n<li>Use with chemical scale and P-flock app for precise dosing<\/li>\n<\/ul>\n\n\n\n<p>Optimise your flocculant consumption using our chemistry scale and the \"P-flock\" app for correct setting. P-flock is a concentrated flocculant, specifically developed for bathing water treatment. It helps to quickly flocculate and effectively separate organic contaminants in the filter system. With pre-hydrolysis and high basicity, P-flock is suitable for all types of bathing waters, even those with low alkalinity.<\/p>\n\n\n\n<hr class=\"wp-block-separator has-alpha-channel-opacity\"\/>\n\n\n\n<h4 class=\"wp-block-heading\">Important basic rules for good flocking<\/h4>\n\n\n\n<p><\/p>\n\n\n\n<ul class=\"wp-block-list\">\n<li>Perform thorough mixing at a dosing point with high turbulence in the pipe.<\/li>\n\n\n\n<li>Reaction time before the filter should be more than 10 seconds for better results.<\/li>\n\n\n\n<li>Maintain a steady flow in the pipe after mixing, max 1.5 m\/s.<\/li>\n\n\n\n<li>Continuous dosing around the clock.<\/li>\n\n\n\n<li>The result should be checked by turbidity meter, CODMn analysis and redox measurement.<br><\/li>\n<\/ul>\n\n\n\n<hr class=\"wp-block-separator has-alpha-channel-opacity\"\/>\n\n\n\n<h3 class=\"wp-block-heading\"><strong>Salt for chlorine production and pH adjustment<\/strong><\/h3>\n\n\n\n<ul class=\"wp-block-list\">\n<li>High quality salts that fulfil <strong>EU Biocides Directive (528\/2012)<\/strong><\/li>\n\n\n\n<li>According to standard <strong>SS-EN 16370<\/strong> for membrane electrolysis<\/li>\n\n\n\n<li>The right salt = fewer breakdowns and by-products<\/li>\n<\/ul>\n\n\n\n<h4 class=\"wp-block-heading\"><\/h4>\n\n\n\n<p>To ensure effective disinfection and pH adjustment, we offer high-quality salts for chlorine production. The salt must fulfil the Biocides Directive (EU) 528\/2012 and be designed according to EN 16370 \"Salt for the electrochemical production of sodium hypochlorite using membrane cells\" to avoid operational disturbances and by-products.<\/p>\n\n\n\n<p><\/p>","protected":false},"excerpt":{"rendered":"<p>Kemikalier med s\u00e4kerhet och effektivitet som ledord F\u00f6rbrukningskemikalier f\u00f6r badvatten \u2013 med s\u00e4kerhet och effektivitet i fokus EnviroProcess erbjuder ett brett sortiment av f\u00f6rbrukningskemikalier f\u00f6r s\u00e4ker och effektiv vattenrening. Vi hj\u00e4lper dig att v\u00e4lja r\u00e4tt produkt, f\u00f6lja g\u00e4llande regelverk och optimera b\u00e5de dosering och drift \u2013 oavsett anl\u00e4ggningens typ eller vattenkvalitet. V\u00e4lj r\u00e4tt kemikalie \u2013 [&hellip;]<\/p>\n","protected":false},"featured_media":9057,"template":"","categories":[46],"topic":[91,92],"class_list":["post-6047","product","type-product","status-publish","has-post-thumbnail","hentry","category-produkter","topic-consumable-chemicals","topic-chem-safety"],"acf":[],"_links":{"self":[{"href":"https:\/\/enviroprocess.com\/en\/wp-json\/wp\/v2\/product\/6047","targetHints":{"allow":["GET"]}}],"collection":[{"href":"https:\/\/enviroprocess.com\/en\/wp-json\/wp\/v2\/product"}],"about":[{"href":"https:\/\/enviroprocess.com\/en\/wp-json\/wp\/v2\/types\/product"}],"wp:featuredmedia":[{"embeddable":true,"href":"https:\/\/enviroprocess.com\/en\/wp-json\/wp\/v2\/media\/9057"}],"wp:attachment":[{"href":"https:\/\/enviroprocess.com\/en\/wp-json\/wp\/v2\/media?parent=6047"}],"wp:term":[{"taxonomy":"category","embeddable":true,"href":"https:\/\/enviroprocess.com\/en\/wp-json\/wp\/v2\/categories?post=6047"},{"taxonomy":"topic","embeddable":true,"href":"https:\/\/enviroprocess.com\/en\/wp-json\/wp\/v2\/topic?post=6047"}],"curies":[{"name":"wp","href":"https:\/\/api.w.org\/{rel}","templated":true}]}}