{"id":5948,"date":"2024-09-27T14:41:55","date_gmt":"2024-09-27T14:41:55","guid":{"rendered":"https:\/\/enviroprocess.com\/?post_type=product&#038;p=5948"},"modified":"2025-08-06T09:57:39","modified_gmt":"2025-08-06T09:57:39","slug":"envirocare-maintenance","status":"publish","type":"product","link":"https:\/\/enviroprocess.com\/en\/product\/envirocare-maintenance","title":{"rendered":"Operation &amp; Maintenance \/ EnviroCare"},"content":{"rendered":"<h1 class=\"wp-block-heading\">Take control of your self-monitoring with EnviroCare<\/h1>\n\n\n\n<p><strong>Ensure your self-control with our smart operating agreements!<\/strong><br><br><strong>EnviroProcess stands for long-term and sustainable thinking and for environmentally smart solutions for water treatment in swimming pools and spas. A well-managed treatment plant is not only better for the environment, it lasts longer and reduces operating costs - an investment that creates a stable and sustainable economy in both the short and long term.<\/strong><\/p>\n\n\n\n<figure class=\"wp-block-image size-large\"><img fetchpriority=\"high\" decoding=\"async\" width=\"1024\" height=\"386\" src=\"https:\/\/enviroprocess.com\/wp-content\/uploads\/2024\/09\/ep-resurser-3a-1024x386.jpg\" alt=\"\" class=\"wp-image-11982\" srcset=\"https:\/\/enviroprocess.com\/wp-content\/uploads\/2024\/09\/ep-resurser-3a-1024x386.jpg 1024w, https:\/\/enviroprocess.com\/wp-content\/uploads\/2024\/09\/ep-resurser-3a-300x113.jpg 300w, https:\/\/enviroprocess.com\/wp-content\/uploads\/2024\/09\/ep-resurser-3a-768x290.jpg 768w, https:\/\/enviroprocess.com\/wp-content\/uploads\/2024\/09\/ep-resurser-3a-1536x579.jpg 1536w, https:\/\/enviroprocess.com\/wp-content\/uploads\/2024\/09\/ep-resurser-3a-18x7.jpg 18w, https:\/\/enviroprocess.com\/wp-content\/uploads\/2024\/09\/ep-resurser-3a.jpg 1800w\" sizes=\"(max-width: 1024px) 100vw, 1024px\" \/><\/figure>\n\n\n\n<h4 class=\"wp-block-heading\">Two contracts for the safe operation of baths - EnviroCare and EnviroCare+<\/h4>\n\n\n\n<p>With our expertise and experience, we support operators to run and improve their facilities through both physical and digital services.<\/p>\n\n\n\n<hr class=\"wp-block-separator has-alpha-channel-opacity\"\/>\n\n\n\n<div style=\"height:20px\" aria-hidden=\"true\" class=\"wp-block-spacer\"><\/div>\n\n\n\n<figure class=\"wp-block-image size-full is-resized\"><img decoding=\"async\" width=\"460\" height=\"460\" src=\"https:\/\/enviroprocess.com\/wp-content\/uploads\/2024\/09\/ep-resurser-3b-1.png\" alt=\"\" class=\"wp-image-11985\" style=\"width:100px\" srcset=\"https:\/\/enviroprocess.com\/wp-content\/uploads\/2024\/09\/ep-resurser-3b-1.png 460w, https:\/\/enviroprocess.com\/wp-content\/uploads\/2024\/09\/ep-resurser-3b-1-300x300.png 300w, https:\/\/enviroprocess.com\/wp-content\/uploads\/2024\/09\/ep-resurser-3b-1-150x150.png 150w, https:\/\/enviroprocess.com\/wp-content\/uploads\/2024\/09\/ep-resurser-3b-1-12x12.png 12w\" sizes=\"(max-width: 460px) 100vw, 460px\" \/><\/figure>\n\n\n\n<p><strong>B<strong>the agreement that lays the foundation<\/strong><\/strong><br><br>Our basic EnviroCare agreement lays the foundation for the safe operation and maintenance of your facility, whether it is a spa or a public bath. It should be easy to get started and set a structure for your facility's self-monitoring, operation and maintenance.<\/p>\n\n\n\n<p><strong>The operating agreement in brief*:<\/strong><br>- A digital structure - Reports, white papers, documents, guides and much more are accessed via EnviroHome, which you log into from our website<br>- Easy access to your collected and stored data for safe self-monitoring<br>- Monthly digital review with suggestions for actions and improvements<\/p>\n\n\n\n<p>* Prerequisite - A basic installation of the Lillian Labs analyser and Lilian Labs Manager and a connected control system with external access.<\/p>\n\n\n\n<div style=\"height:20px\" aria-hidden=\"true\" class=\"wp-block-spacer\"><\/div>\n\n\n\n<hr class=\"wp-block-separator has-alpha-channel-opacity\"\/>\n\n\n\n<div style=\"height:20px\" aria-hidden=\"true\" class=\"wp-block-spacer\"><\/div>\n\n\n\n<figure class=\"wp-block-image size-full is-resized\"><img decoding=\"async\" width=\"460\" height=\"460\" src=\"https:\/\/enviroprocess.com\/wp-content\/uploads\/2024\/09\/opt-ep-resurser-3b-3.png\" alt=\"\" class=\"wp-image-11989\" style=\"width:100px\" srcset=\"https:\/\/enviroprocess.com\/wp-content\/uploads\/2024\/09\/opt-ep-resurser-3b-3.png 460w, https:\/\/enviroprocess.com\/wp-content\/uploads\/2024\/09\/opt-ep-resurser-3b-3-300x300.png 300w, https:\/\/enviroprocess.com\/wp-content\/uploads\/2024\/09\/opt-ep-resurser-3b-3-150x150.png 150w, https:\/\/enviroprocess.com\/wp-content\/uploads\/2024\/09\/opt-ep-resurser-3b-3-12x12.png 12w\" sizes=\"(max-width: 460px) 100vw, 460px\" \/><\/figure>\n\n\n\n<h4 class=\"wp-block-heading\">The operating agreement customised for your bathing facility<\/h4>\n\n\n\n<p>Every facility is unique, which is why the EnviroCare+ operating agreement is adapted to your unique facility and organisation. With EnviroCare+, we work together to create an operating plan that supports you in the areas you want, fully customised to your bath and where you are in the process today.<\/p>\n\n\n\n<p><strong>Examples of operational services we offer:<\/strong><br>- Prioritised training of new technicians or new employees in cleaning<br>- Physical inspection according to agreed inspection plan<br>- Monthly digital supervision<br>- Preventive maintenance<br>- Dedicated support line for urgent cases<br>- Follow-up of alarm &amp; service cases when needed<br>- Monitoring of function and performance over time<br>- Cloud-based iCON 3 - for assured oversight, control and monitoring<br>- Lilian Manager - for organised operation and maintenance<br>- Digital self-monitoring programme with calendar function for control and follow-up<br>- Annual functional test of the treatment plant<br>- Authority-adapted monthly bacterial sampling (performed weekdays 7-16)<br>- On-site bacterial sampling of the treatment plant (performed<br>weekdays 7-16)<br>- Consumption subscriptions Cleaning<br>- Consumption subscriptions Chemicals<br>- Consumption subscriptions Consumables<br>- Thorough cleaning of the pool at intervals<br>- Thorough cleaning of the equalisation tank at intervals<br>- Training for operational technicians (steps 1, 2, 3)<br>- Training for operators<br>- Training for spa and cleaning staff<br>- Lynxight drowning alarm (with optional integration to iCON 3)<br>- Lilian Manager integration with iCON 3<br>- Preparation of a technical description of the treatment plant<br>- Flow measurement<br>- Trichloramine measurement<br>- Technical inventory<br>- Colouring test<\/p>\n\n\n\n<p>Prerequisite - According to the EnviroCare basic contract, but with the possibility to make extended options and thus fully customised to the needs and wishes of the business.<\/p>","protected":false},"excerpt":{"rendered":"<p>Ta kontroll \u00f6ver din egenkontroll med EnviroCare S\u00e4kerst\u00e4ll din egenkontroll med v\u00e5ra smarta driftavtal! EnviroProcess st\u00e5r f\u00f6r l\u00e5ngsiktigt och h\u00e5llbart t\u00e4nk samt f\u00f6r milj\u00f6smarta l\u00f6sningar f\u00f6r vattenrening i pool- och spaanl\u00e4ggningar. En v\u00e4lsk\u00f6tt reningsanl\u00e4ggning \u00e4r inte bara b\u00e4ttre f\u00f6r milj\u00f6n, den h\u00e5ller l\u00e4ngre och&nbsp;minskar driftskostnaderna \u2013 en investering som skapar en stabil och h\u00e5llbar ekonomi [&hellip;]<\/p>\n","protected":false},"featured_media":12005,"template":"","categories":[45],"topic":[],"class_list":["post-5948","product","type-product","status-publish","has-post-thumbnail","hentry","category-tjanster"],"acf":[],"_links":{"self":[{"href":"https:\/\/enviroprocess.com\/en\/wp-json\/wp\/v2\/product\/5948","targetHints":{"allow":["GET"]}}],"collection":[{"href":"https:\/\/enviroprocess.com\/en\/wp-json\/wp\/v2\/product"}],"about":[{"href":"https:\/\/enviroprocess.com\/en\/wp-json\/wp\/v2\/types\/product"}],"wp:featuredmedia":[{"embeddable":true,"href":"https:\/\/enviroprocess.com\/en\/wp-json\/wp\/v2\/media\/12005"}],"wp:attachment":[{"href":"https:\/\/enviroprocess.com\/en\/wp-json\/wp\/v2\/media?parent=5948"}],"wp:term":[{"taxonomy":"category","embeddable":true,"href":"https:\/\/enviroprocess.com\/en\/wp-json\/wp\/v2\/categories?post=5948"},{"taxonomy":"topic","embeddable":true,"href":"https:\/\/enviroprocess.com\/en\/wp-json\/wp\/v2\/topic?post=5948"}],"curies":[{"name":"wp","href":"https:\/\/api.w.org\/{rel}","templated":true}]}}