{"id":6591,"date":"2024-10-07T11:32:19","date_gmt":"2024-10-07T11:32:19","guid":{"rendered":"https:\/\/enviroprocess.com\/?page_id=6591"},"modified":"2024-10-20T11:16:02","modified_gmt":"2024-10-20T11:16:02","slug":"enviroprocess-oy-finland-industry","status":"publish","type":"page","link":"https:\/\/enviroprocess.com\/en\/enviroprocess-oy-finland-industry","title":{"rendered":"EnviroProcess OY Finland Industry"},"content":{"rendered":"<div data-elementor-type=\"wp-page\" data-elementor-id=\"6591\" class=\"elementor elementor-6591\" data-elementor-post-type=\"page\">\n\t\t\t\t<div class=\"elementor-element elementor-element-ee10e72 e-con-full e-flex e-con e-parent\" data-id=\"ee10e72\" data-element_type=\"container\" data-e-type=\"container\">\n\t\t\t\t<div class=\"elementor-element elementor-element-a36ae17 elementor-widget elementor-widget-template\" data-id=\"a36ae17\" data-element_type=\"widget\" data-e-type=\"widget\" data-widget_type=\"template.default\">\n\t\t\t\t<div class=\"elementor-widget-container\">\n\t\t\t\t\t\t\t<div class=\"elementor-template\">\n\t\t\t\t\t<div data-elementor-type=\"container\" data-elementor-id=\"8368\" class=\"elementor elementor-8368\" data-elementor-post-type=\"elementor_library\">\n\t\t\t\t<div class=\"elementor-element elementor-element-76d5f0ab e-flex e-con-boxed e-con e-child\" data-id=\"76d5f0ab\" data-element_type=\"container\" data-e-type=\"container\" data-settings=\"{&quot;background_background&quot;:&quot;classic&quot;}\">\n\t\t\t\t\t<div class=\"e-con-inner\">\n\t\t\t\t\t<\/div>\n\t\t\t\t<\/div>\n\t\t\t\t<\/div>\n\t\t\t\t<\/div>\n\t\t\t\t\t\t<\/div>\n\t\t\t\t<\/div>\n\t\t\t\t<\/div>\n\t\t<div class=\"elementor-element elementor-element-5432aba e-flex e-con-boxed e-con e-parent\" data-id=\"5432aba\" data-element_type=\"container\" data-e-type=\"container\" data-settings=\"{&quot;background_background&quot;:&quot;classic&quot;}\">\n\t\t\t\t\t<div class=\"e-con-inner\">\n\t\t<div class=\"elementor-element elementor-element-5ec3d45 e-flex e-con-boxed e-con e-child\" data-id=\"5ec3d45\" data-element_type=\"container\" data-e-type=\"container\" data-settings=\"{&quot;background_background&quot;:&quot;classic&quot;}\">\n\t\t\t\t\t<div class=\"e-con-inner\">\n\t\t\t\t<div class=\"elementor-element elementor-element-c323eb9 elementor-widget elementor-widget-heading\" data-id=\"c323eb9\" data-element_type=\"widget\" data-e-type=\"widget\" data-widget_type=\"heading.default\">\n\t\t\t\t<div class=\"elementor-widget-container\">\n\t\t\t\t\t<h1 class=\"elementor-heading-title elementor-size-default\">EnviroProcess OY Finland Industry<\/h1>\t\t\t\t<\/div>\n\t\t\t\t<\/div>\n\t\t\t\t<div class=\"elementor-element elementor-element-64777ff elementor-widget-divider--view-line elementor-widget elementor-widget-divider\" data-id=\"64777ff\" data-element_type=\"widget\" data-e-type=\"widget\" data-widget_type=\"divider.default\">\n\t\t\t\t<div class=\"elementor-widget-container\">\n\t\t\t\t\t\t\t<div class=\"elementor-divider\">\n\t\t\t<span class=\"elementor-divider-separator\">\n\t\t\t\t\t\t<\/span>\n\t\t<\/div>\n\t\t\t\t\t\t<\/div>\n\t\t\t\t<\/div>\n\t\t\t\t\t<\/div>\n\t\t\t\t<\/div>\n\t\t\t\t\t<\/div>\n\t\t\t\t<\/div>\n\t\t<div class=\"elementor-element elementor-element-4f607cb0 e-flex e-con-boxed e-con e-parent\" data-id=\"4f607cb0\" data-element_type=\"container\" data-e-type=\"container\">\n\t\t\t\t\t<div class=\"e-con-inner\">\n\t\t\t\t<div class=\"elementor-element elementor-element-3e6edb94 elementor-widget elementor-widget-text-editor\" data-id=\"3e6edb94\" data-element_type=\"widget\" data-e-type=\"widget\" data-widget_type=\"text-editor.default\">\n\t\t\t\t<div class=\"elementor-widget-container\">\n\t\t\t\t\t\t\t\t\t\n<p><strong>WATER PROCESS WITH SERVICE AND KNOWLEDGE<\/strong><br \/>EnviroProcess works in many different ways with water treatment in several industries and therefore does not let conservative traditions prevent us from thinking outside the box. On the contrary, we let the different industries inspire each other to new ideas that in turn lead to affordable, attractive and environmentally smart solutions for our customers. Together with some of the world's largest suppliers in water treatment, we offer part and complete solutions in virtually all types of water processes in the Nordic market.<\/p>\n\n<p><strong>A PARTNER THROUGHOUT THE NORTH<\/strong><br \/>Whether it's a product, a single system or a complete functional contract, our commitment does not end after delivery. Our ambition is always to be a partner over time. Our service team is therefore always close to our customers for quick troubleshooting, service, maintenance and other technical support - quite simply, we like service.<\/p>\n\n<p><strong>FROM FARM TO FORK<\/strong><br \/>We can offer you the whole chain, from consulting, CAD\/design, project management, installation, service and maintenance.<\/p>\n\n<p><strong>ONE STEP CLOSER?<\/strong><br \/>Now that you are on this website, you are a big step closer to all that EnviroProcess has to offer in water treatment. We are convinced that we can offer both exciting and cost-effective solutions and hope for a future co-operation.<\/p>\n\n<p><strong>WE OFFER PARTIAL AND COMPLETE SOLUTIONS FOR VIRTUALLY ALL TYPES OF WATER TREATMENT<\/strong><\/p>\n\n<p><strong>MEDICAL TECHNOLOGY STERILE CENTRE<\/strong><br \/>Pure and ultra-pure water treatment systems are ideal for applications in the healthcare sector. Maximum water quality for maximum safety.<\/p>\n\n<p><strong>THERMAL \/ CHEMICAL DISINFECTION<\/strong><br \/>Our sister company EnviroDTS specialises in treatment to remove infectious and radioactive substances in wastewater from industry, hospitals and research institutes. Contact us if you have any questions!<\/p>\n\n<div class=\"wp-block-media-text is-stacked-on-mobile\">\n<figure class=\"wp-block-media-text__media\"><img fetchpriority=\"high\" decoding=\"async\" width=\"367\" height=\"550\" class=\"wp-image-6373 size-full\" src=\"https:\/\/enviroprocess.com\/wp-content\/uploads\/2024\/10\/produkter_367\u00d7 550.jpg\" alt=\"We offer a wide range of market-leading products, from consumables to large, complex systems, customised to meet all your water treatment needs. Through our exclusive agencies, we provide the most advanced solutions on the market, ensuring you always have access to high-quality and reliable products. Whether you are looking for small parts or complete system solutions, we can help you find the right product for your facility and business.\" srcset=\"https:\/\/enviroprocess.com\/wp-content\/uploads\/2024\/10\/produkter_367\u00d7\u200a550.jpg 367w, https:\/\/enviroprocess.com\/wp-content\/uploads\/2024\/10\/produkter_367\u00d7\u200a550-200x300.jpg 200w, https:\/\/enviroprocess.com\/wp-content\/uploads\/2024\/10\/produkter_367\u00d7\u200a550-8x12.jpg 8w\" sizes=\"(max-width: 367px) 100vw, 367px\" \/><\/figure>\n<div class=\"wp-block-media-text__content\">\n<p><strong><br \/>ULTRARENT LAB<\/strong><\/p>\n\n<p>Our experts advise, design and produce water treatment plants optimised to suit your needs and application<\/p>\n\n<p>Our Finnish team is well experienced in the challenges of water needs in hospitals.<\/p>\n\n<p>We help you find the most cost-effective solution. From small single products to larger systems.<\/p>\n<\/div>\n<\/div>\n\n<p>\u00a0<\/p>\n\t\t\t\t\t\t\t\t<\/div>\n\t\t\t\t<\/div>\n\t\t\t\t\t<\/div>\n\t\t\t\t<\/div>\n\t\t\t\t<\/div>","protected":false},"excerpt":{"rendered":"<p>EnviroProcess OY Finland Industry VATTENPROCESS MED SERVICE OCH KUNSKAPEnviroProcess jobbar p\u00e5 m\u00e5nga olika s\u00e4tt med vattenbehandling inom flera branscher och l\u00e5ter d\u00e4rf\u00f6r inte konservativa traditioner hindra oss fr\u00e5n att t\u00e4nka utanf\u00f6r boxen. Tv\u00e4rtom s\u00e5 l\u00e5ter vi ist\u00e4llet de olika bransch omr\u00e5dena inspirera varandra till nya id\u00e9er som i sin tur leder till prisv\u00e4rda, attraktiva och [&hellip;]<\/p>\n","protected":false},"author":2,"featured_media":0,"parent":0,"menu_order":0,"comment_status":"closed","ping_status":"closed","template":"","meta":{"_acf_changed":false,"footnotes":""},"class_list":["post-6591","page","type-page","status-publish","hentry"],"acf":[],"_links":{"self":[{"href":"https:\/\/enviroprocess.com\/en\/wp-json\/wp\/v2\/pages\/6591","targetHints":{"allow":["GET"]}}],"collection":[{"href":"https:\/\/enviroprocess.com\/en\/wp-json\/wp\/v2\/pages"}],"about":[{"href":"https:\/\/enviroprocess.com\/en\/wp-json\/wp\/v2\/types\/page"}],"author":[{"embeddable":true,"href":"https:\/\/enviroprocess.com\/en\/wp-json\/wp\/v2\/users\/2"}],"replies":[{"embeddable":true,"href":"https:\/\/enviroprocess.com\/en\/wp-json\/wp\/v2\/comments?post=6591"}],"version-history":[{"count":7,"href":"https:\/\/enviroprocess.com\/en\/wp-json\/wp\/v2\/pages\/6591\/revisions"}],"predecessor-version":[{"id":8944,"href":"https:\/\/enviroprocess.com\/en\/wp-json\/wp\/v2\/pages\/6591\/revisions\/8944"}],"wp:attachment":[{"href":"https:\/\/enviroprocess.com\/en\/wp-json\/wp\/v2\/media?parent=6591"}],"curies":[{"name":"wp","href":"https:\/\/api.w.org\/{rel}","templated":true}]}}