{"id":3477,"date":"2024-05-30T20:24:02","date_gmt":"2024-05-30T20:24:02","guid":{"rendered":"https:\/\/enviroprocess.com\/?page_id=3477"},"modified":"2024-10-20T11:31:53","modified_gmt":"2024-10-20T11:31:53","slug":"gdpr","status":"publish","type":"page","link":"https:\/\/enviroprocess.com\/en\/gdpr","title":{"rendered":"GDPR"},"content":{"rendered":"<div data-elementor-type=\"wp-page\" data-elementor-id=\"3477\" class=\"elementor elementor-3477\" data-elementor-post-type=\"page\">\n\t\t\t\t<div class=\"elementor-element elementor-element-659fefd e-con-full e-flex e-con e-parent\" data-id=\"659fefd\" data-element_type=\"container\" data-e-type=\"container\">\n\t\t\t\t<div class=\"elementor-element elementor-element-9bb018a elementor-widget elementor-widget-template\" data-id=\"9bb018a\" data-element_type=\"widget\" data-e-type=\"widget\" data-widget_type=\"template.default\">\n\t\t\t\t<div class=\"elementor-widget-container\">\n\t\t\t\t\t\t\t<div class=\"elementor-template\">\n\t\t\t\t\t<div data-elementor-type=\"container\" data-elementor-id=\"8368\" class=\"elementor elementor-8368\" data-elementor-post-type=\"elementor_library\">\n\t\t\t\t<div class=\"elementor-element elementor-element-76d5f0ab e-flex e-con-boxed e-con e-child\" data-id=\"76d5f0ab\" data-element_type=\"container\" data-e-type=\"container\" data-settings=\"{&quot;background_background&quot;:&quot;classic&quot;}\">\n\t\t\t\t\t<div class=\"e-con-inner\">\n\t\t\t\t\t<\/div>\n\t\t\t\t<\/div>\n\t\t\t\t<\/div>\n\t\t\t\t<\/div>\n\t\t\t\t\t\t<\/div>\n\t\t\t\t<\/div>\n\t\t\t\t<\/div>\n\t\t<div class=\"elementor-element elementor-element-938c816 e-flex e-con-boxed e-con e-parent\" data-id=\"938c816\" data-element_type=\"container\" data-e-type=\"container\" data-settings=\"{&quot;background_background&quot;:&quot;classic&quot;}\">\n\t\t\t\t\t<div class=\"e-con-inner\">\n\t\t<div class=\"elementor-element elementor-element-607b1c9 e-flex e-con-boxed e-con e-child\" data-id=\"607b1c9\" data-element_type=\"container\" data-e-type=\"container\" data-settings=\"{&quot;background_background&quot;:&quot;classic&quot;}\">\n\t\t\t\t\t<div class=\"e-con-inner\">\n\t\t\t\t<div class=\"elementor-element elementor-element-aac842b elementor-widget__width-initial elementor-widget elementor-widget-heading\" data-id=\"aac842b\" data-element_type=\"widget\" data-e-type=\"widget\" data-widget_type=\"heading.default\">\n\t\t\t\t<div class=\"elementor-widget-container\">\n\t\t\t\t\t<h1 class=\"elementor-heading-title elementor-size-default\">PRIVACY POLICY<span style=\"font-weight: 300\"> <br>FOR ENVIROPROCESS AB<\/span><\/h1>\t\t\t\t<\/div>\n\t\t\t\t<\/div>\n\t\t\t\t<div class=\"elementor-element elementor-element-8285ce9 elementor-widget-divider--view-line elementor-widget elementor-widget-divider\" data-id=\"8285ce9\" data-element_type=\"widget\" data-e-type=\"widget\" data-widget_type=\"divider.default\">\n\t\t\t\t<div class=\"elementor-widget-container\">\n\t\t\t\t\t\t\t<div class=\"elementor-divider\">\n\t\t\t<span class=\"elementor-divider-separator\">\n\t\t\t\t\t\t<\/span>\n\t\t<\/div>\n\t\t\t\t\t\t<\/div>\n\t\t\t\t<\/div>\n\t\t\t\t\t<\/div>\n\t\t\t\t<\/div>\n\t\t\t\t\t<\/div>\n\t\t\t\t<\/div>\n\t\t<div class=\"elementor-element elementor-element-95cafc0 e-flex e-con-boxed e-con e-parent\" data-id=\"95cafc0\" data-element_type=\"container\" data-e-type=\"container\">\n\t\t\t\t\t<div class=\"e-con-inner\">\n\t\t<div class=\"elementor-element elementor-element-6d810f8 e-flex e-con-boxed e-con e-child\" data-id=\"6d810f8\" data-element_type=\"container\" data-e-type=\"container\" data-settings=\"{&quot;background_background&quot;:&quot;classic&quot;}\">\n\t\t\t\t\t<div class=\"e-con-inner\">\n\t\t\t\t<div class=\"elementor-element elementor-element-c698cd8 elementor-widget elementor-widget-text-editor\" data-id=\"c698cd8\" data-element_type=\"widget\" data-e-type=\"widget\" data-widget_type=\"text-editor.default\">\n\t\t\t\t<div class=\"elementor-widget-container\">\n\t\t\t\t\t\t\t\t\t<h4><b>How we process your personal data<\/b><\/h4><p>Enviroprocess Sweden AB with org.nr: 556275-2898 (EnviroProcess AB) is responsible for the processing of your personal data that is relevant in our business relationship. For us, it is a matter of course to safeguard your privacy and protect this information in accordance with applicable legislation and industry rules.<\/p><p>We will be able to contact you by email, phone, SMS or post. Personal data may include: name, postal address, email address, language preferences, phone number, job title and industry.<br \/><br \/><\/p><h4><b>Types of data we collect<\/b><\/h4><p>We collect personal data that you voluntarily provide to us, for example, when you attend our events, choose to subscribe to one of our newsletters, communicate with us via email or other channels where you register. The data we collect includes your name, postal address, email address, language preferences, phone number, job title and industry.<br \/><br \/><\/p><h4><b>You who receive marketing or other information from us in your professional capacity.<\/b><\/h4><p>Professional role refers to all existing and potential customers, visitors or potential visitors to trade\/professional fairs or other events, seminars and training programmes.<\/p><p>\u00a0In order to register for an event, seminar, trade fair or training programme, you are required to provide us with certain personal data. You can find out which information is mandatory on the registration form when you register. This information is required in order for you to register with us. If you do not fill in the information, you will not be able to complete your registration.<br \/><br \/><\/p><h4><b>When you visit one of our events in your professional role, we process your personal data for the following main purposes:<\/b><\/h4><ul><li>To register and manage your registration for the event<\/li><li>To communicate with you before and during the event, e.g. to send you information<\/li><li>To send you information and promotional material about the event and about similar events that we think you might be interested in.<br \/><br \/><\/li><\/ul><h4><b>Once you have registered for one of our events, our communication to you will consist of<\/b><\/h4><ul><li>A confirmation by e-mail, SMS or post<\/li><li>Possible invoice by post or e-mail<\/li><li>Emails with information, newsletters and marketing about the event and about similar events that we think you might be interested in<\/li><li>Newsletter on EnviroProcess activities and product range<\/li><li>Email with market research about the event<br \/><br \/><\/li><\/ul><h4><b>You can choose to unsubscribe from certain information or choose to be deleted at any time.\u00a0<\/b><\/h4><p>Cancellation and the right to be deleted.<\/p><p>You always have the opportunity to unsubscribe from information that comes from EnviroProcess AB, and can choose which information you wish to receive. You do this by clicking on info.se@enviroprocess.com<\/p><p>You also have the right to be removed from our customer database and from the date you notify us, you will be removed within 90 days.<\/p><p>You have the right to object at any time to the processing of your personal data based on a legitimate interest, for example when you receive a newsletter. However, this does not apply if we can demonstrate compelling legitimate grounds for the processing which override those grounds or if it is for the establishment, exercise or defence of legal claims.<br \/><br \/><\/p><h4><b>Cleansing and updating the database<\/b><\/h4><p>For us it is important to have an accurate customer database and we have resource like:<\/p><ul><li>Continuously cleans and updates the customer database.<\/li><li>Cleans up bounces on emails and updates records after returns on postal mailings.<br \/><br \/><\/li><\/ul><h4><b>Right to lodge a complaint<\/b><\/h4><p>You have the right to lodge a complaint with a competent supervisory authority (without prejudice to any other administrative review procedure or remedy). Such a complaint is best lodged with the authority of the EU\/EEA Member State where you are habitually resident, where you work or where a breach of applicable data protection laws and rules is alleged to have occurred. The competent supervisory authority in Sweden is Datainspektionen.<br \/><br \/><\/p><h4><b>How do you get in touch with us?<\/b><\/h4><p>If you have any questions about how we process your personal data or if you wish to exercise any of your rights described above, please contact us.<br \/><br \/><\/p><p><b>Our contact details are:<\/b><\/p><p>EnviroProcess AB<br \/>Borg\u00e5s G\u00e5rdsv\u00e4g 9, 434 39 Kungsbacka<br \/>Tel: 0300 83 70 00<br \/><a href=\"mailto:info@enviroprocess.com\">info@enviroprocess.com<\/a><\/p>\t\t\t\t\t\t\t\t<\/div>\n\t\t\t\t<\/div>\n\t\t\t\t\t<\/div>\n\t\t\t\t<\/div>\n\t\t\t\t\t<\/div>\n\t\t\t\t<\/div>\n\t\t\t\t<\/div>","protected":false},"excerpt":{"rendered":"<p>INTEGRITETSPOLICY F\u00d6R ENVIROPROCESS AB Hur vi behandlar dina personuppgifter Enviroprocess Sweden AB med org.nr: 556275-2898 (EnviroProcess\u00a0AB) \u00e4r ansvarig f\u00f6r behandlingen av dina personuppgifter som \u00e4r relevanta i v\u00e5r aff\u00e4rsm\u00e4ssiga relation. F\u00f6r oss \u00e4r det en sj\u00e4lvklarhet att v\u00e4rna om din integritet och skydda dessa uppgifter i enlighet med g\u00e4llande lagstiftning och branschregler. Vi kommer att [&hellip;]<\/p>\n","protected":false},"author":1,"featured_media":0,"parent":0,"menu_order":0,"comment_status":"closed","ping_status":"closed","template":"","meta":{"_acf_changed":false,"footnotes":""},"class_list":["post-3477","page","type-page","status-publish","hentry"],"acf":[],"_links":{"self":[{"href":"https:\/\/enviroprocess.com\/en\/wp-json\/wp\/v2\/pages\/3477","targetHints":{"allow":["GET"]}}],"collection":[{"href":"https:\/\/enviroprocess.com\/en\/wp-json\/wp\/v2\/pages"}],"about":[{"href":"https:\/\/enviroprocess.com\/en\/wp-json\/wp\/v2\/types\/page"}],"author":[{"embeddable":true,"href":"https:\/\/enviroprocess.com\/en\/wp-json\/wp\/v2\/users\/1"}],"replies":[{"embeddable":true,"href":"https:\/\/enviroprocess.com\/en\/wp-json\/wp\/v2\/comments?post=3477"}],"version-history":[{"count":45,"href":"https:\/\/enviroprocess.com\/en\/wp-json\/wp\/v2\/pages\/3477\/revisions"}],"predecessor-version":[{"id":8981,"href":"https:\/\/enviroprocess.com\/en\/wp-json\/wp\/v2\/pages\/3477\/revisions\/8981"}],"wp:attachment":[{"href":"https:\/\/enviroprocess.com\/en\/wp-json\/wp\/v2\/media?parent=3477"}],"curies":[{"name":"wp","href":"https:\/\/api.w.org\/{rel}","templated":true}]}}