{"id":2040,"date":"2024-05-15T07:41:37","date_gmt":"2024-05-15T07:41:37","guid":{"rendered":"https:\/\/enviroprocess.com\/?page_id=2040"},"modified":"2025-12-01T14:48:35","modified_gmt":"2025-12-01T14:48:35","slug":"service-organization","status":"publish","type":"page","link":"https:\/\/enviroprocess.com\/en\/service-organization","title":{"rendered":"Our Service Organisation"},"content":{"rendered":"<div data-elementor-type=\"wp-page\" data-elementor-id=\"2040\" class=\"elementor elementor-2040\" data-elementor-post-type=\"page\">\n\t\t\t\t<div class=\"elementor-element elementor-element-5c1da77 e-con-full e-flex e-con e-parent\" data-id=\"5c1da77\" data-element_type=\"container\" data-e-type=\"container\">\n\t\t\t\t<div class=\"elementor-element elementor-element-ff3022f elementor-widget elementor-widget-template\" data-id=\"ff3022f\" data-element_type=\"widget\" data-e-type=\"widget\" data-widget_type=\"template.default\">\n\t\t\t\t<div class=\"elementor-widget-container\">\n\t\t\t\t\t\t\t<div class=\"elementor-template\">\n\t\t\t\t\t<div data-elementor-type=\"container\" data-elementor-id=\"8368\" class=\"elementor elementor-8368\" data-elementor-post-type=\"elementor_library\">\n\t\t\t\t<div class=\"elementor-element elementor-element-76d5f0ab e-flex e-con-boxed e-con e-child\" data-id=\"76d5f0ab\" data-element_type=\"container\" data-e-type=\"container\" data-settings=\"{&quot;background_background&quot;:&quot;classic&quot;}\">\n\t\t\t\t\t<div class=\"e-con-inner\">\n\t\t\t\t\t<\/div>\n\t\t\t\t<\/div>\n\t\t\t\t<\/div>\n\t\t\t\t<\/div>\n\t\t\t\t\t\t<\/div>\n\t\t\t\t<\/div>\n\t\t\t\t<\/div>\n\t\t<div class=\"elementor-element elementor-element-ee7d6e8 e-flex e-con-boxed e-con e-parent\" data-id=\"ee7d6e8\" data-element_type=\"container\" data-e-type=\"container\" data-settings=\"{&quot;background_background&quot;:&quot;classic&quot;}\">\n\t\t\t\t\t<div class=\"e-con-inner\">\n\t\t<div class=\"elementor-element elementor-element-fdc8fe8 e-flex e-con-boxed e-con e-child\" data-id=\"fdc8fe8\" data-element_type=\"container\" data-e-type=\"container\" data-settings=\"{&quot;background_background&quot;:&quot;classic&quot;}\">\n\t\t\t\t\t<div class=\"e-con-inner\">\n\t\t\t\t<div class=\"elementor-element elementor-element-7c48ead elementor-widget elementor-widget-heading\" data-id=\"7c48ead\" data-element_type=\"widget\" data-e-type=\"widget\" data-widget_type=\"heading.default\">\n\t\t\t\t<div class=\"elementor-widget-container\">\n\t\t\t\t\t<h1 class=\"elementor-heading-title elementor-size-default\">Service<span style=\"font-weight: 300\"> and <\/span>maintenance<span style=\"font-weight: 300\"> <\/span><\/h1>\t\t\t\t<\/div>\n\t\t\t\t<\/div>\n\t\t\t\t<div class=\"elementor-element elementor-element-7607c7e elementor-widget-divider--view-line elementor-widget elementor-widget-divider\" data-id=\"7607c7e\" data-element_type=\"widget\" data-e-type=\"widget\" data-widget_type=\"divider.default\">\n\t\t\t\t<div class=\"elementor-widget-container\">\n\t\t\t\t\t\t\t<div class=\"elementor-divider\">\n\t\t\t<span class=\"elementor-divider-separator\">\n\t\t\t\t\t\t<\/span>\n\t\t<\/div>\n\t\t\t\t\t\t<\/div>\n\t\t\t\t<\/div>\n\t\t\t\t<div class=\"elementor-element elementor-element-0374321 elementor-widget__width-inherit elementor-widget elementor-widget-text-editor\" data-id=\"0374321\" data-element_type=\"widget\" data-e-type=\"widget\" data-widget_type=\"text-editor.default\">\n\t\t\t\t<div class=\"elementor-widget-container\">\n\t\t\t\t\t\t\t\t\t<p>The EnviroProcess Service Organisation is constantly developing its offering to meet the specific needs and requirements of its customers. Combining our long experience and expertise with safety solutions and the best choice of technology, we offer a range of tailor-made services. <a href=\"https:\/\/enviroprocess.com\/en\/services\/\">WHAT CAN WE OFFER YOU?<\/a><\/p>\t\t\t\t\t\t\t\t<\/div>\n\t\t\t\t<\/div>\n\t\t\t\t\t<\/div>\n\t\t\t\t<\/div>\n\t\t\t\t\t<\/div>\n\t\t\t\t<\/div>\n\t\t<div class=\"elementor-element elementor-element-bd92d2e e-flex e-con-boxed e-con e-parent\" data-id=\"bd92d2e\" data-element_type=\"container\" data-e-type=\"container\">\n\t\t\t\t\t<div class=\"e-con-inner\">\n\t\t\t\t<div class=\"elementor-element elementor-element-c50bc1f elementor-widget elementor-widget-image\" data-id=\"c50bc1f\" data-element_type=\"widget\" data-e-type=\"widget\" data-widget_type=\"image.default\">\n\t\t\t\t<div class=\"elementor-widget-container\">\n\t\t\t\t\t\t\t\t\t\t\t\t\t\t\t<img fetchpriority=\"high\" decoding=\"async\" width=\"1920\" height=\"890\" src=\"https:\/\/enviroprocess.com\/wp-content\/uploads\/2024\/10\/serviceganget-2024_001_fix2.jpg\" class=\"attachment-full size-full wp-image-6517\" alt=\"Service Team\" srcset=\"https:\/\/enviroprocess.com\/wp-content\/uploads\/2024\/10\/serviceganget-2024_001_fix2.jpg 1920w, https:\/\/enviroprocess.com\/wp-content\/uploads\/2024\/10\/serviceganget-2024_001_fix2-300x139.jpg 300w, https:\/\/enviroprocess.com\/wp-content\/uploads\/2024\/10\/serviceganget-2024_001_fix2-1024x475.jpg 1024w, https:\/\/enviroprocess.com\/wp-content\/uploads\/2024\/10\/serviceganget-2024_001_fix2-768x356.jpg 768w, https:\/\/enviroprocess.com\/wp-content\/uploads\/2024\/10\/serviceganget-2024_001_fix2-1536x712.jpg 1536w, https:\/\/enviroprocess.com\/wp-content\/uploads\/2024\/10\/serviceganget-2024_001_fix2-18x8.jpg 18w\" sizes=\"(max-width: 1920px) 100vw, 1920px\" \/>\t\t\t\t\t\t\t\t\t\t\t\t\t\t\t<\/div>\n\t\t\t\t<\/div>\n\t\t\t\t\t<\/div>\n\t\t\t\t<\/div>\n\t\t<div class=\"elementor-element elementor-element-7dc3e9d e-flex e-con-boxed e-con e-parent\" data-id=\"7dc3e9d\" data-element_type=\"container\" data-e-type=\"container\">\n\t\t\t\t\t<div class=\"e-con-inner\">\n\t\t\t\t<div class=\"elementor-element elementor-element-f0c03af elementor-widget elementor-widget-text-editor\" data-id=\"f0c03af\" data-element_type=\"widget\" data-e-type=\"widget\" data-widget_type=\"text-editor.default\">\n\t\t\t\t<div class=\"elementor-widget-container\">\n\t\t\t\t\t\t\t\t\t<p><strong>As a customer of EnviroProcess you will benefit from<\/strong><\/p><ul><li>Deep and broad experience in planned maintenance - always with good economy<\/li><li>Nationwide service department, always close to you as a customer, for fast service, maintenance and advice<\/li><li>Wide range, complete with consumables<\/li><\/ul>\t\t\t\t\t\t\t\t<\/div>\n\t\t\t\t<\/div>\n\t\t\t\t\t<\/div>\n\t\t\t\t<\/div>\n\t\t<div class=\"elementor-element elementor-element-8c51e6c e-flex e-con-boxed e-con e-parent\" data-id=\"8c51e6c\" data-element_type=\"container\" data-e-type=\"container\" data-settings=\"{&quot;background_background&quot;:&quot;classic&quot;}\">\n\t\t\t\t\t<div class=\"e-con-inner\">\n\t\t<div class=\"elementor-element elementor-element-2610417 e-con-full e-flex e-con e-child\" data-id=\"2610417\" data-element_type=\"container\" data-e-type=\"container\">\n\t\t\t\t<div class=\"elementor-element elementor-element-a31b022 elementor-widget elementor-widget-heading\" data-id=\"a31b022\" data-element_type=\"widget\" data-e-type=\"widget\" data-widget_type=\"heading.default\">\n\t\t\t\t<div class=\"elementor-widget-container\">\n\t\t\t\t\t<h2 class=\"elementor-heading-title elementor-size-default\">EnviroProcess services<\/h2>\t\t\t\t<\/div>\n\t\t\t\t<\/div>\n\t\t\t\t<div class=\"elementor-element elementor-element-d6a415f elementor-widget__width-initial elementor-widget elementor-widget-text-editor\" data-id=\"d6a415f\" data-element_type=\"widget\" data-e-type=\"widget\" data-widget_type=\"text-editor.default\">\n\t\t\t\t<div class=\"elementor-widget-container\">\n\t\t\t\t\t\t\t\t\t<div class=\"elementor-element elementor-element-1360148 elementor-widget__width-initial elementor-widget elementor-widget-text-editor\" data-id=\"1360148\" data-element_type=\"widget\" data-widget_type=\"text-editor.default\"><div class=\"elementor-widget-container\"><p>Selection of our services, contact us if you want to know more about what we can offer you.<\/p><\/div><\/div>\t\t\t\t\t\t\t\t<\/div>\n\t\t\t\t<\/div>\n\t\t\t\t<\/div>\n\t\t<div class=\"elementor-element elementor-element-42f4107 e-con-full e-flex e-con e-child\" data-id=\"42f4107\" data-element_type=\"container\" data-e-type=\"container\">\n\t\t\t\t<div class=\"elementor-element elementor-element-3ae0ac8 elementor-align-left elementor-widget__width-auto elementor-widget elementor-widget-button\" data-id=\"3ae0ac8\" data-element_type=\"widget\" data-e-type=\"widget\" data-widget_type=\"button.default\">\n\t\t\t\t<div class=\"elementor-widget-container\">\n\t\t\t\t\t\t\t\t\t<div class=\"elementor-button-wrapper\">\n\t\t\t\t\t<a class=\"elementor-button elementor-button-link elementor-size-sm\" href=\"\/en\/services\/\">\n\t\t\t\t\t\t<span class=\"elementor-button-content-wrapper\">\n\t\t\t\t\t\t\t\t\t<span class=\"elementor-button-text\">See our services<\/span>\n\t\t\t\t\t<\/span>\n\t\t\t\t\t<\/a>\n\t\t\t\t<\/div>\n\t\t\t\t\t\t\t\t<\/div>\n\t\t\t\t<\/div>\n\t\t\t\t<\/div>\n\t\t\t\t\t<\/div>\n\t\t\t\t<\/div>\n\t\t<div class=\"elementor-element elementor-element-1089d87 e-flex e-con-boxed e-con e-parent\" data-id=\"1089d87\" data-element_type=\"container\" data-e-type=\"container\">\n\t\t\t\t\t<div class=\"e-con-inner\">\n\t\t<div class=\"elementor-element elementor-element-b5fae86 e-grid e-con-boxed e-con e-child\" data-id=\"b5fae86\" data-element_type=\"container\" data-e-type=\"container\">\n\t\t\t\t\t<div class=\"e-con-inner\">\n\t\t<div class=\"elementor-element elementor-element-f527d3a e-flex e-con-boxed e-con e-child\" data-id=\"f527d3a\" data-element_type=\"container\" data-e-type=\"container\" data-settings=\"{&quot;background_background&quot;:&quot;classic&quot;}\">\n\t\t\t\t\t<div class=\"e-con-inner\">\n\t\t\t\t<div class=\"elementor-element elementor-element-c8aa2b7 elementor-widget elementor-widget-heading\" data-id=\"c8aa2b7\" data-element_type=\"widget\" data-e-type=\"widget\" data-widget_type=\"heading.default\">\n\t\t\t\t<div class=\"elementor-widget-container\">\n\t\t\t\t\t<h2 class=\"elementor-heading-title elementor-size-default\"><a href=\"https:\/\/report.enviroprocess.com\/\"><span style=\"font-weight: 700\"> Fail report and warranty<\/span><\/a><\/h2>\t\t\t\t<\/div>\n\t\t\t\t<\/div>\n\t\t\t\t<div class=\"elementor-element elementor-element-7e6f818 elementor-widget-divider--view-line elementor-widget elementor-widget-divider\" data-id=\"7e6f818\" data-element_type=\"widget\" data-e-type=\"widget\" data-widget_type=\"divider.default\">\n\t\t\t\t<div class=\"elementor-widget-container\">\n\t\t\t\t\t\t\t<div class=\"elementor-divider\">\n\t\t\t<span class=\"elementor-divider-separator\">\n\t\t\t\t\t\t<\/span>\n\t\t<\/div>\n\t\t\t\t\t\t<\/div>\n\t\t\t\t<\/div>\n\t\t\t\t<div class=\"elementor-element elementor-element-57c6f3b elementor-widget elementor-widget-text-editor\" data-id=\"57c6f3b\" data-element_type=\"widget\" data-e-type=\"widget\" data-widget_type=\"text-editor.default\">\n\t\t\t\t<div class=\"elementor-widget-container\">\n\t\t\t\t\t\t\t\t\t<p><a href=\"https:\/\/report.enviroprocess.com\/\"><strong>Create a fail report<\/strong><\/a><\/p><p>Fill in the form to report a fail, warranty claim or return of goods. For urgent matters, please call your local office, or our switchboard on +46 300-83 70 00.<\/p>\t\t\t\t\t\t\t\t<\/div>\n\t\t\t\t<\/div>\n\t\t\t\t\t<\/div>\n\t\t\t\t<\/div>\n\t\t<div class=\"elementor-element elementor-element-30e5cf0 e-flex e-con-boxed e-con e-child\" data-id=\"30e5cf0\" data-element_type=\"container\" data-e-type=\"container\" data-settings=\"{&quot;background_background&quot;:&quot;classic&quot;}\">\n\t\t\t\t\t<div class=\"e-con-inner\">\n\t\t\t\t<div class=\"elementor-element elementor-element-8035d77 elementor-widget elementor-widget-heading\" data-id=\"8035d77\" data-element_type=\"widget\" data-e-type=\"widget\" data-widget_type=\"heading.default\">\n\t\t\t\t<div class=\"elementor-widget-container\">\n\t\t\t\t\t<h2 class=\"elementor-heading-title elementor-size-default\"><a href=\"https:\/\/enviroprocess.com\/en\/contact\/\">\nBook <span style=\"font-weight: 700\"> service<\/span>! <\/a><\/h2>\t\t\t\t<\/div>\n\t\t\t\t<\/div>\n\t\t\t\t<div class=\"elementor-element elementor-element-c29a34e elementor-widget-divider--view-line elementor-widget elementor-widget-divider\" data-id=\"c29a34e\" data-element_type=\"widget\" data-e-type=\"widget\" data-widget_type=\"divider.default\">\n\t\t\t\t<div class=\"elementor-widget-container\">\n\t\t\t\t\t\t\t<div class=\"elementor-divider\">\n\t\t\t<span class=\"elementor-divider-separator\">\n\t\t\t\t\t\t<\/span>\n\t\t<\/div>\n\t\t\t\t\t\t<\/div>\n\t\t\t\t<\/div>\n\t\t\t\t<div class=\"elementor-element elementor-element-2d52583 elementor-widget elementor-widget-text-editor\" data-id=\"2d52583\" data-element_type=\"widget\" data-e-type=\"widget\" data-widget_type=\"text-editor.default\">\n\t\t\t\t<div class=\"elementor-widget-container\">\n\t\t\t\t\t\t\t\t\t<p>Monday - Friday 7:30-16:30. <br \/>Phone +46 300-83 70 00<br \/>Other time: <a href=\"mailto:bokaservice@enviroprocess.com\">bokaservice@enviroprocess.com<\/a><\/p>\t\t\t\t\t\t\t\t<\/div>\n\t\t\t\t<\/div>\n\t\t\t\t\t<\/div>\n\t\t\t\t<\/div>\n\t\t\t\t\t<\/div>\n\t\t\t\t<\/div>\n\t\t\t\t\t<\/div>\n\t\t\t\t<\/div>\n\t\t<div class=\"elementor-element elementor-element-48f4a7f e-flex e-con-boxed e-con e-parent\" data-id=\"48f4a7f\" data-element_type=\"container\" data-e-type=\"container\">\n\t\t\t\t\t<div class=\"e-con-inner\">\n\t\t\t\t<div class=\"elementor-element elementor-element-d599e46 elementor-widget elementor-widget-text-editor\" data-id=\"d599e46\" data-element_type=\"widget\" data-e-type=\"widget\" data-widget_type=\"text-editor.default\">\n\t\t\t\t<div class=\"elementor-widget-container\">\n\t\t\t\t\t\t\t\t\t<p><a href=\"https:\/\/enviroprocess.com\/en\/services\/\"><strong>Preventive maintenance<\/strong><\/a><\/p><p>When signing a contract for Preventive Maintenance, we offer our customers to achieve a high level of reliability and efficiency in their operations. And that the maintenance of the plant is planned and professionally carried out regularly.<\/p><p><a href=\"https:\/\/enviroprocess.com\/en\/services\/\"><strong>Through the 'Preventive Maintenance' contract, our customers can expect the following:<\/strong><\/a><\/p><ol><li>Improved reliability and dependability of equipment.<\/li><li>Minimised risk of unplanned downtime and production interruptions.<br \/><br \/><\/li><li>Increased equipment lifetime and reduced repairs.<br \/><br \/><\/li><li>Improved efficiency and performance of processes and systems.<br \/><br \/><\/li><li>Reduced overall operating costs over time.<br \/><br \/><\/li><li>Increased customer satisfaction!<br \/><br \/><\/li><\/ol><p><strong><a href=\"https:\/\/enviroprocess.com\/en\/services\/\">Maintenance and repair<\/a><br \/><\/strong>We offer regular maintenance and prompt repair of equipment to ensure its long-term and efficient functioning. Work in and around hazardous environments where, for example, work with chemical-related equipment occurs is carried out by trained personnel, thereby reducing the risk of accidents.<\/p><p><strong><a href=\"https:\/\/enviroprocess.com\/en\/services\/\">Technical support<\/a><br \/><\/strong>Our dedicated team of technical experts is available to provide fast and efficient support in case of technical problems or questions.<\/p><p><strong><a href=\"https:\/\/enviroprocess.com\/en\/training-programmes\/\">Education and training<\/a><br \/><\/strong>We offer a range of training courses for our customers to maximise the use and effectiveness of our products and services. Through our training programmes, we help to raise skills in the industry, improve health and safety and chemical safety. This ensures the safety of the bathing facilities, both for the employees of the organisation and their visiting guests.<\/p><p><a href=\"https:\/\/enviroprocess.com\/en\/services\/\"><strong>Consultation and advice<\/strong><\/a><br \/>Our experienced specialists offer expertise and advice to optimise our customers' processes and achieve the best performance.<\/p><p><strong><a href=\"https:\/\/enviroprocess.com\/en\/services\/\">Specialised services<\/a><br \/><\/strong>In addition to our standard offerings, we can also tailor specialised security solutions to meet the specific needs and challenges of our customers.<\/p><p>By continuously listening to our customers and striving to exceed their expectations, EnviroProcess Service Organisation works purposefully to be the most accessible, reliable and trustworthy partner for our customers across the Nordic region.<\/p>\t\t\t\t\t\t\t\t<\/div>\n\t\t\t\t<\/div>\n\t\t\t\t\t<\/div>\n\t\t\t\t<\/div>\n\t\t<div class=\"elementor-element elementor-element-459a655 e-flex e-con-boxed e-con e-parent\" data-id=\"459a655\" data-element_type=\"container\" data-e-type=\"container\">\n\t\t\t\t\t<div class=\"e-con-inner\">\n\t\t\t\t<div class=\"elementor-element elementor-element-ecb6ee6 elementor-widget elementor-widget-image\" data-id=\"ecb6ee6\" data-element_type=\"widget\" data-e-type=\"widget\" data-widget_type=\"image.default\">\n\t\t\t\t<div class=\"elementor-widget-container\">\n\t\t\t\t\t\t\t\t\t\t\t\t\t\t\t<img decoding=\"async\" width=\"2500\" height=\"1614\" src=\"https:\/\/enviroprocess.com\/wp-content\/uploads\/2024\/08\/servicecar_outside_KBA.jpg\" class=\"attachment-full size-full wp-image-4091\" alt=\"Service car outside headquarters EnviroProcess\" srcset=\"https:\/\/enviroprocess.com\/wp-content\/uploads\/2024\/08\/servicecar_outside_KBA.jpg 2500w, https:\/\/enviroprocess.com\/wp-content\/uploads\/2024\/08\/servicecar_outside_KBA-300x194.jpg 300w, https:\/\/enviroprocess.com\/wp-content\/uploads\/2024\/08\/servicecar_outside_KBA-1024x661.jpg 1024w, https:\/\/enviroprocess.com\/wp-content\/uploads\/2024\/08\/servicecar_outside_KBA-768x496.jpg 768w, https:\/\/enviroprocess.com\/wp-content\/uploads\/2024\/08\/servicecar_outside_KBA-1536x992.jpg 1536w, https:\/\/enviroprocess.com\/wp-content\/uploads\/2024\/08\/servicecar_outside_KBA-2048x1322.jpg 2048w, https:\/\/enviroprocess.com\/wp-content\/uploads\/2024\/08\/servicecar_outside_KBA-18x12.jpg 18w\" sizes=\"(max-width: 2500px) 100vw, 2500px\" \/>\t\t\t\t\t\t\t\t\t\t\t\t\t\t\t<\/div>\n\t\t\t\t<\/div>\n\t\t\t\t\t<\/div>\n\t\t\t\t<\/div>\n\t\t\t\t<\/div>","protected":false},"excerpt":{"rendered":"<p>Service och underh\u00e5ll EnviroProcess Serviceorganisation utvecklar st\u00e4ndigt erbjudandet f\u00f6r att m\u00f6ta kundens speciella behov och krav. Genom att kombinera v\u00e5r l\u00e5nga erfarenhet och expertis med trygghetsl\u00f6sningar och b\u00e4sta val av teknik erbjuder vi en rad skr\u00e4ddarsydda tj\u00e4nster. VAD KAN VI ERBJUDA ER? Som kund hos EnviroProcess f\u00e5r du ta del av Djup och bred erfarenhet [&hellip;]<\/p>\n","protected":false},"author":1,"featured_media":4091,"parent":0,"menu_order":0,"comment_status":"closed","ping_status":"closed","template":"","meta":{"_acf_changed":false,"footnotes":""},"class_list":["post-2040","page","type-page","status-publish","has-post-thumbnail","hentry"],"acf":[],"_links":{"self":[{"href":"https:\/\/enviroprocess.com\/en\/wp-json\/wp\/v2\/pages\/2040","targetHints":{"allow":["GET"]}}],"collection":[{"href":"https:\/\/enviroprocess.com\/en\/wp-json\/wp\/v2\/pages"}],"about":[{"href":"https:\/\/enviroprocess.com\/en\/wp-json\/wp\/v2\/types\/page"}],"author":[{"embeddable":true,"href":"https:\/\/enviroprocess.com\/en\/wp-json\/wp\/v2\/users\/1"}],"replies":[{"embeddable":true,"href":"https:\/\/enviroprocess.com\/en\/wp-json\/wp\/v2\/comments?post=2040"}],"version-history":[{"count":173,"href":"https:\/\/enviroprocess.com\/en\/wp-json\/wp\/v2\/pages\/2040\/revisions"}],"predecessor-version":[{"id":12884,"href":"https:\/\/enviroprocess.com\/en\/wp-json\/wp\/v2\/pages\/2040\/revisions\/12884"}],"wp:featuredmedia":[{"embeddable":true,"href":"https:\/\/enviroprocess.com\/en\/wp-json\/wp\/v2\/media\/4091"}],"wp:attachment":[{"href":"https:\/\/enviroprocess.com\/en\/wp-json\/wp\/v2\/media?parent=2040"}],"curies":[{"name":"wp","href":"https:\/\/api.w.org\/{rel}","templated":true}]}}