{"id":6094,"date":"2024-09-28T08:20:17","date_gmt":"2024-09-28T08:20:17","guid":{"rendered":"https:\/\/enviroprocess.com\/?post_type=product&#038;p=6094"},"modified":"2025-08-06T10:27:07","modified_gmt":"2025-08-06T10:27:07","slug":"industry","status":"publish","type":"product","link":"https:\/\/enviroprocess.com\/da\/product\/industry","title":{"rendered":"Industri"},"content":{"rendered":"<h1 class=\"wp-block-heading\"><strong>En gruppe af virksomheder, der tilbyder en bred vifte af l\u00f8sninger inden for industriel vandbehandling.<\/strong><\/h1>\n\n\n\n<p><strong>Hos EnviroProcess Finland og Danmark tilbyder vi en bred vifte af l\u00f8sninger inden for industriel vandbehandling. I Sverige og Norge har vi et separat selskab i EnviroWater Group-familien med fuld fokus p\u00e5 industri - velkommen til at bes\u00f8ge os. <a href=\"https:\/\/www.enwa.com\" target=\"_blank\" rel=\"noreferrer noopener\">Enwa vandteknologi <\/a><\/strong><\/p>\n\n\n\n<p>EnviroProcess tilbyder innovative og skr\u00e6ddersyede l\u00f8sninger til vandbehandling i industrisegmentet i Danmark og Finland. Med en bred ekspertise fra EnviroWater Groups specialistnetv\u00e6rk leverer vi tjenester og produkter, der opfylder de specifikke behov inden for industri, f\u00f8devarer, hospitaler og vandbehandling. Vores teknologi sikrer de h\u00f8jeste standarder for effektivitet, b\u00e6redygtighed og omkostningsoptimering, hvilket giver vores kunder en sikker og langsigtet l\u00f8sning p\u00e5 deres vandbehandlingsudfordringer.<\/p>\n\n\n\n<div class=\"wp-block-buttons is-layout-flex wp-block-buttons-is-layout-flex\">\n<div class=\"wp-block-button is-style-outline is-style-outline--1\"><a class=\"wp-block-button__link wp-element-button\" href=\"https:\/\/enviroprocess.com\/da\/industry\/\">L\u00e6s mere her<\/a><\/div>\n<\/div>\n\n\n\n<h4 class=\"wp-block-heading\">EnviroProcess Finland Oy<\/h4>\n\n\n\n<p>EnviroProcess Finland Oy repr\u00e6senterer specialistnetv\u00e6rket EnviroWater Groups udvalg af tjenester og produkter til vandbehandling inden for industri, laboratorier, hospitaler og andre sektorer p\u00e5 det finske marked.<\/p>\n\n\n\n<h4 class=\"wp-block-heading\">EnviroProcess Danmark A\/S<\/h4>\n\n\n\n<p>EnviroProcess Denmark A\/S repr\u00e6senterer et udvalg af EnviroWater-koncernens specialistnetv\u00e6rk og tilbyder services og produkter til vandbehandling inden for sektorer som industri, f\u00f8devarer, hospitaler samt vand og spildevand p\u00e5 det danske marked.<\/p>\n\n\n\n<figure class=\"wp-block-image size-large\"><a href=\"https:\/\/enviroprocess.com\/da\/industry\/\"><img fetchpriority=\"high\" decoding=\"async\" width=\"1024\" height=\"417\" src=\"https:\/\/enviroprocess.com\/wp-content\/uploads\/2024\/09\/WT_FI-HUS_Meilahti_web-1024x417.jpg\" alt=\"\" class=\"wp-image-5882\" srcset=\"https:\/\/enviroprocess.com\/wp-content\/uploads\/2024\/09\/WT_FI-HUS_Meilahti_web-1024x417.jpg 1024w, https:\/\/enviroprocess.com\/wp-content\/uploads\/2024\/09\/WT_FI-HUS_Meilahti_web-300x122.jpg 300w, https:\/\/enviroprocess.com\/wp-content\/uploads\/2024\/09\/WT_FI-HUS_Meilahti_web-768x312.jpg 768w, https:\/\/enviroprocess.com\/wp-content\/uploads\/2024\/09\/WT_FI-HUS_Meilahti_web-1536x625.jpg 1536w, https:\/\/enviroprocess.com\/wp-content\/uploads\/2024\/09\/WT_FI-HUS_Meilahti_web-18x7.jpg 18w, https:\/\/enviroprocess.com\/wp-content\/uploads\/2024\/09\/WT_FI-HUS_Meilahti_web.jpg 1900w\" sizes=\"(max-width: 1024px) 100vw, 1024px\" \/><\/a><\/figure>\n\n\n\n<p><\/p>","protected":false},"excerpt":{"rendered":"<p>En bolagsgrupp som erbjuder ett brett utbud av l\u00f6sningar inom industriell vattenbehandling. Hos EnviroProcess Finland och Danmark erbjuder vi ett brett utbud av l\u00f6sningar inom industriell vattenbehandling. F\u00f6r Sverige och Norge har vi ett eget bolag i EnviroWater Group familjen med fullt fokus p\u00e5 Industrin &#8211; V\u00e4lkommen att bes\u00f6ka Enwa Water Technology EnviroProcess erbjuder innovativa [&hellip;]<\/p>\n","protected":false},"featured_media":7589,"template":"","categories":[47],"topic":[],"class_list":["post-6094","product","type-product","status-publish","has-post-thumbnail","hentry","category-segment"],"acf":[],"_links":{"self":[{"href":"https:\/\/enviroprocess.com\/da\/wp-json\/wp\/v2\/product\/6094","targetHints":{"allow":["GET"]}}],"collection":[{"href":"https:\/\/enviroprocess.com\/da\/wp-json\/wp\/v2\/product"}],"about":[{"href":"https:\/\/enviroprocess.com\/da\/wp-json\/wp\/v2\/types\/product"}],"wp:featuredmedia":[{"embeddable":true,"href":"https:\/\/enviroprocess.com\/da\/wp-json\/wp\/v2\/media\/7589"}],"wp:attachment":[{"href":"https:\/\/enviroprocess.com\/da\/wp-json\/wp\/v2\/media?parent=6094"}],"wp:term":[{"taxonomy":"category","embeddable":true,"href":"https:\/\/enviroprocess.com\/da\/wp-json\/wp\/v2\/categories?post=6094"},{"taxonomy":"topic","embeddable":true,"href":"https:\/\/enviroprocess.com\/da\/wp-json\/wp\/v2\/topic?post=6094"}],"curies":[{"name":"wp","href":"https:\/\/api.w.org\/{rel}","templated":true}]}}