{"id":6066,"date":"2024-09-30T07:59:26","date_gmt":"2024-09-30T07:59:26","guid":{"rendered":"https:\/\/enviroprocess.com\/?post_type=product&#038;p=6066"},"modified":"2025-08-06T10:26:15","modified_gmt":"2025-08-06T10:26:15","slug":"spa-wellness","status":"publish","type":"product","link":"https:\/\/enviroprocess.com\/da\/product\/spa-wellness","title":{"rendered":"Spa og wellness"},"content":{"rendered":"<h1 class=\"wp-block-heading\">EnviroProcess er en komplet leverand\u00f8r til alle typer spa- og wellnessmilj\u00f8er.<\/h1>\n\n\n\n<p><strong>Vi tilbyder alt fra koldt til varmt - l\u00e6s mere om vores Spa &amp; Wellness-ydelser <a href=\"https:\/\/enviroprocess.com\/da\/otium-wellness\/\">her<\/a>. Alt sammen under Otium-brandet. <\/strong><\/p>\n\n\n\n<div class=\"wp-block-buttons is-layout-flex wp-block-buttons-is-layout-flex\">\n<div class=\"wp-block-button\"><a class=\"wp-block-button__link wp-element-button\" href=\"https:\/\/enviroprocess.com\/da\/otium-wellness\/\">Bliv inspireret af Otium Wellness<\/a><\/div>\n<\/div>\n\n\n\n<p>For offentlige badefaciliteter er adgang til saunaer og spabade ikke bare en luksus, men en investering i de bes\u00f8gendes velv\u00e6re. Ved at integrere disse elementer skabes en komplet wellness-oplevelse, som tiltr\u00e6kker flere bes\u00f8gende og fremmer en aktiv og sund livsstil.<\/p>\n\n\n\n<p>EnviroProcess udvikler og leverer unikke spa-l\u00f8sninger til hoteller, kurbade og offentlige badefaciliteter. Vi har stor erfaring med at opfylde de h\u00f8je krav til unikt design, funktion, holdbarhed, hygiejne og komfort. I t\u00e6t samarbejde med vores verdensledende agenturer ved vi, at det, vi tilbyder altid er p\u00e5 forkant med de nyeste sauna, spa og wellness-trends. Vores Otium Wellness-brand og -team sikrer, at hele forsyningsk\u00e6den er komplet, fra den unikke id\u00e9 om design og layout til installation af den rigtige og velfungerende tekniskanl\u00e6g. Takket v\u00e6re det avancerede iCON-Spa-kontrolsystem kan man f.eks. styre temperatur, luftfugtighed og belysning og skabe fantastiske scenarier, der er knyttet til forskellige tidspunkter og bes\u00f8gsgrupper.<\/p>\n\n\n\n<h4 class=\"wp-block-heading\">Otium Wellness et brand af EnviroProcess<\/h4>\n\n\n\n<p>Otium er EnviroProcess nichebrand indenfor hoteller, wellness og spa.<br>Leverancen er spa-oplevelser til kommerciel drift med b\u00e5de kreativt og funktionelt design. M\u00e5let med Otiums konceptet er at skabe unikke oplevelser, som g\u00e6sterne har lyst til at komme tilbage til. Otium har dyb viden og er en p\u00e5lidelig partner fra koncept til f\u00e6rdigt produkt.<\/p>\n\n\n\n<h4 class=\"wp-block-heading\">Unikke spaoplevelser, der skaber foruds\u00e6tninger for en rentabel fremtid<\/h4>\n\n\n\n<p>Otium br\u00e6nder for at bygge spafaciliteter, der giver et godt investeringsafkast. Hos Otium er viden, engagement og kvalitet grundlaget for alt, hvad vi g\u00f8r. Vores mission er at tilbyde koncepter og produkter af h\u00f8jeste kvalitet til den bevidste kunde. Vi str\u00e6ber altid efter at v\u00e6re en sikker og stabil partner i alle faser.<\/p>\n\n\n\n<h4 class=\"wp-block-heading\"><strong>T\u00e6t samarbejde er vores Otium<\/strong><\/h4>\n\n\n\n<p>Vi kan godt lide at arbejde t\u00e6t sammen med vores kunder for sammen at skabe tidsl\u00f8se og funktionelle designs. Vi er altid t\u00e6t p\u00e5 under design, installation og idrifts\u00e6ttelse, og vores engagement slutter ikke, n\u00e5r et projekt er afsluttet.<\/p>\n\n\n\n<h2 class=\"wp-block-heading\"><strong>Langsigtet service-tankegang<\/strong><\/h2>\n\n\n\n<p>Vores serviceorganisation er placeret i hele Norden. N\u00e5r det er tid til service, eller hvis du har brug for hj\u00e6lp til driftsproblemer, er en medarbejder fra Otium og Enviroprocess aldrig langt v\u00e6k. Vi vil gerne v\u00e6re din partner og give dig mulighed for at skabe en unik og rentabel spa-forretning, der er holdbar!<\/p>\n\n\n\n<p><\/p>","protected":false},"excerpt":{"rendered":"<p>EnviroProcess \u00e4r en komplett leverant\u00f6r f\u00f6r alla typer av spa- och wellnessmilj\u00f6er Vi erbjuder allt fr\u00e5n kallt till varmt &#8211; l\u00e4s mer om v\u00e5ra tj\u00e4nster inom Spa &amp; Wellness h\u00e4r. Allt samlat under varum\u00e4rket Otium. F\u00f6r offentliga badanl\u00e4ggningar \u00e4r tillg\u00e5ngen till bastu och spa inte bara en lyx, utan en investering i bes\u00f6karnas h\u00e4lsa. Genom [&hellip;]<\/p>\n","protected":false},"featured_media":7515,"template":"","categories":[47],"topic":[],"class_list":["post-6066","product","type-product","status-publish","has-post-thumbnail","hentry","category-segment"],"acf":[],"_links":{"self":[{"href":"https:\/\/enviroprocess.com\/da\/wp-json\/wp\/v2\/product\/6066","targetHints":{"allow":["GET"]}}],"collection":[{"href":"https:\/\/enviroprocess.com\/da\/wp-json\/wp\/v2\/product"}],"about":[{"href":"https:\/\/enviroprocess.com\/da\/wp-json\/wp\/v2\/types\/product"}],"wp:featuredmedia":[{"embeddable":true,"href":"https:\/\/enviroprocess.com\/da\/wp-json\/wp\/v2\/media\/7515"}],"wp:attachment":[{"href":"https:\/\/enviroprocess.com\/da\/wp-json\/wp\/v2\/media?parent=6066"}],"wp:term":[{"taxonomy":"category","embeddable":true,"href":"https:\/\/enviroprocess.com\/da\/wp-json\/wp\/v2\/categories?post=6066"},{"taxonomy":"topic","embeddable":true,"href":"https:\/\/enviroprocess.com\/da\/wp-json\/wp\/v2\/topic?post=6066"}],"curies":[{"name":"wp","href":"https:\/\/api.w.org\/{rel}","templated":true}]}}