{"id":6065,"date":"2024-09-29T20:46:59","date_gmt":"2024-09-29T20:46:59","guid":{"rendered":"https:\/\/enviroprocess.com\/?post_type=product&#038;p=6065"},"modified":"2025-08-06T10:19:50","modified_gmt":"2025-08-06T10:19:50","slug":"valves","status":"publish","type":"product","link":"https:\/\/enviroprocess.com\/da\/product\/valves","title":{"rendered":"Ventiler"},"content":{"rendered":"<h1 class=\"wp-block-heading\">Ventiler af h\u00f8jeste kvalitet<\/h1>\n\n\n\n<p><strong>EnviroProcess tilbyder et komplet sortiment af r\u00f8r og ventiler, der er tilpasset alle typer af badeapplikationer. Vores produkter er fremstillet af materialer som PVC, PE og PP for at sikre holdbarhed og ydeevne i kr\u00e6vende milj\u00f8er.<\/strong><\/p>\n\n\n\n<h4 class=\"wp-block-heading\"><strong>Butterfly-ventiler<\/strong><\/h4>\n\n\n\n<p>Z011-ASV er en butterflyventil, der er specielt designet til badinstallationer. Ventilen passer perfekt ind i moderne r\u00f8rsystemer og er nem at betjene. Med et ventilhus i letmetal (silumin) og en bl\u00e5 Viton-foring, kombineret med en syrefast st\u00e5lskive, giver denne ventil ekstra h\u00f8j klorbestandighed og lang levetid. Z011-ASV-ventilen er bearbejdet, s\u00e5 den er let at man\u00f8vrere, og den har en trykklassificering, der passer til sv\u00f8mmebassiner (PN3). Den har vist sig at v\u00e6re en af de mest p\u00e5lidelige ventiler til europ\u00e6iske swimmingpools og har v\u00e6ret brugt med succes i mange \u00e5r.<\/p>\n\n\n\n<h4 class=\"wp-block-heading\"><strong>Andre ventiltyper, vi tilbyder<\/strong><\/h4>\n\n\n\n<p><\/p>\n\n\n\n<ul class=\"wp-block-list\">\n<li><strong>Butterfly-ventil (Z011-A): <\/strong><br>Designet til vand og kloakering og industri med st\u00f8bejernshus, EPDM-foring og syrefast st\u00e5lspj\u00e6ld. Trykklasse PN16.<br><br><\/li>\n\n\n\n<li><strong>Magnetventiler<\/strong>: <br>Bl\u00f8d lukning og direkte virkning for pr\u00e6cis og sikker kontrol.<br><br><\/li>\n\n\n\n<li><strong>Spj\u00e6ldets kontraventil K4: <\/strong><br>Designet med fuld \u00e5bningsgrad og lavt trykfald. Det har en indikator, der viser, om spj\u00e6ldet er \u00e5bent eller lukket, og leveres med en udskiftelig fjeder.<\/li>\n<\/ul>\n\n\n\n<p><\/p>","protected":false},"excerpt":{"rendered":"<p>Ventiler som h\u00e5ller h\u00f6gsta kvalitet EnviroProcess erbjuder ett komplett r\u00f6r- och ventilprogram anpassat f\u00f6r alla typer av badapplikationer. V\u00e5ra produkter \u00e4r tillverkade av material som PVC, PE och PP f\u00f6r att s\u00e4kerst\u00e4lla h\u00e5llbarhet och prestanda i kr\u00e4vande milj\u00f6er. Vridspj\u00e4llsventiler Z011-ASV \u00e4r en vridspj\u00e4llsventil speciellt designad f\u00f6r badanl\u00e4ggningar. Ventilen passar utm\u00e4rkt i moderna r\u00f6rsystem och \u00e4r [&hellip;]<\/p>\n","protected":false},"featured_media":5903,"template":"","categories":[46],"topic":[],"class_list":["post-6065","product","type-product","status-publish","has-post-thumbnail","hentry","category-produkter"],"acf":[],"_links":{"self":[{"href":"https:\/\/enviroprocess.com\/da\/wp-json\/wp\/v2\/product\/6065","targetHints":{"allow":["GET"]}}],"collection":[{"href":"https:\/\/enviroprocess.com\/da\/wp-json\/wp\/v2\/product"}],"about":[{"href":"https:\/\/enviroprocess.com\/da\/wp-json\/wp\/v2\/types\/product"}],"wp:featuredmedia":[{"embeddable":true,"href":"https:\/\/enviroprocess.com\/da\/wp-json\/wp\/v2\/media\/5903"}],"wp:attachment":[{"href":"https:\/\/enviroprocess.com\/da\/wp-json\/wp\/v2\/media?parent=6065"}],"wp:term":[{"taxonomy":"category","embeddable":true,"href":"https:\/\/enviroprocess.com\/da\/wp-json\/wp\/v2\/categories?post=6065"},{"taxonomy":"topic","embeddable":true,"href":"https:\/\/enviroprocess.com\/da\/wp-json\/wp\/v2\/topic?post=6065"}],"curies":[{"name":"wp","href":"https:\/\/api.w.org\/{rel}","templated":true}]}}