{"id":6060,"date":"2024-09-29T20:24:15","date_gmt":"2024-09-29T20:24:15","guid":{"rendered":"https:\/\/enviroprocess.com\/?post_type=product&#038;p=6060"},"modified":"2025-08-06T11:12:33","modified_gmt":"2025-08-06T11:12:33","slug":"steel-pools","status":"publish","type":"product","link":"https:\/\/enviroprocess.com\/da\/product\/steel-pools","title":{"rendered":"St\u00e5lbassiner"},"content":{"rendered":"<h1 class=\"wp-block-heading\">St\u00e5lbassiner for innovativt design og lang levetid<\/h1>\n\n\n\n<p><strong>EnviroProcess tilbyder st\u00e5lbassiner fra verdensf\u00f8rende Berndorf B\u00e4derbau, som er perfekte til b\u00e5de nybyggeri og renovering. St\u00e5lbassiner kombinerer holdbarhed og \u00e6stetik, hvilket g\u00f8r dem til en attraktiv l\u00f8sning for alle typer sv\u00f8mmefaciliteter.<\/strong><\/p>\n\n\n\n<h2 class=\"wp-block-heading\"><strong>Fordele ved pools i st\u00e5l<\/strong><\/h2>\n\n\n\n<p>St\u00e5lpools er omkostningseffektive takket v\u00e6re korte byggetider, lave drifts- og vedligeholdelsesomkostninger og meget lang levetid. De eliminerer risici som l\u00e6kager, frost- og korrosionsskader. Med den rette belysning skaber de ogs\u00e5 unikke milj\u00f8er, hvor oplyst vand giver en fantastisk visuel effekt. St\u00e5lpools er ogs\u00e5 en fremragende mulighed for at renovere eksisterende betonpools, hvor der er fokus p\u00e5 tekniske fordele og \u00e6stetik.<\/p>\n\n\n\n<h4 class=\"wp-block-heading\"><strong>Effektivt og b\u00e6redygtigt design med 50% lavere CO<sub>2<\/sub>-fodaftryk<\/strong><\/h4>\n\n\n\n<p>Designet af en st\u00e5lpool eliminerer de problemer, man ofte st\u00f8der p\u00e5 med pladsst\u00f8bte pools, s\u00e5som problemer med vandt\u00e6tning, armering og betonkvalitet kombineret med klorider i badevandet. St\u00e5lbassiner har produktions- og vedligeholdelsesomkostninger, der over en fem\u00e5rig periode er lig med eller lavere end tilsvarende betonbassiner. Desuden har st\u00e5lbassiner et 50% lavere CO2-fodaftryk sammenlignet med beton og fliser.<\/p>\n\n\n\n<h4 class=\"wp-block-heading\"><strong>EnviroProcess: Din partner gennem hele st\u00e5lbassinprojektet<\/strong><\/h4>\n\n\n\n<p>Hos EnviroProcess er vi din r\u00e5dgivende partner og projektleder med egne medarbejdere, der udf\u00f8rer designplaner og st\u00f8tter dig i alle faser af projektet.<\/p>\n\n\n\n<h4 class=\"wp-block-heading\"><strong>Det tilbyder vi:<\/strong><\/h4>\n\n\n\n<ul class=\"wp-block-list\">\n<li>Projektanalyse og gennemf\u00f8rlighedsunders\u00f8gelse<\/li>\n\n\n\n<li>Designforslag og omkostningsoverslag<\/li>\n\n\n\n<li>N\u00f8glef\u00e6rdig kontrakt, der kan omfatte en pool komplet med vandbehandling<\/li>\n\n\n\n<li>Berndorf B\u00e4derbau's egne designere med lang erfaring i at designe poolomr\u00e5der p\u00e5 den bedste m\u00e5de<br><\/li>\n<\/ul>\n\n\n\n<h4 class=\"wp-block-heading\"><strong>Fordele ved velfungerende st\u00e5lbassiner<\/strong><\/h4>\n\n\n\n<ul class=\"wp-block-list\">\n<li>Kort byggetid, der sparer penge i projektet<\/li>\n\n\n\n<li>F\u00e6rdiglavet teknisk produkt til det rigtige flow og optimal vandhydraulik<\/li>\n\n\n\n<li>Meget lang levetid uden risiko for l\u00e6kage, korrosion og frostskader (udend\u00f8rs pool)<\/li>\n\n\n\n<li>Lave drifts- og vedligeholdelsesomkostninger sammenlignet med klassiske betonbassiner<\/li>\n\n\n\n<li>Fleksibelt design, der tilpasser sig arkitektoniske krav<br><br><\/li>\n<\/ul>\n\n\n\n<h4 class=\"wp-block-heading\"><strong>Tilpas til b\u00e5de hoteller og offentlige badev\u00e6relser<\/strong><\/h4>\n\n\n\n<p>St\u00e5lbassiner fra Berndorf B\u00e4derbau er designet og tilpasset til hvert enkelt projekt med hensyn til dimensioner, design og attraktioner. De leveres som selvb\u00e6rende og er nemme at installere b\u00e5de udend\u00f8rs og indend\u00f8rs. Med en lang levetid og hygiejniske, s\u00f8ml\u00f8se egenskaber er de nemme at holde rene. St\u00e5lbassiner er ideelle til varme kilder, kolde bassiner, fodbade, swimmingpools, loungepools, boblebade og aktivitetsbassiner. Materialet og konstruktionen g\u00f8r dem meget velegnede til udend\u00f8rs brug, selv i kolde klimaer, uden risiko for frostskader.<\/p>\n\n\n\n<h4 class=\"wp-block-heading\"><strong>Komplet med attraktioner<\/strong><\/h4>\n\n\n\n<p>St\u00e5lbassiner fra Berndorf B\u00e4derbau er designet og tilpasset til hvert enkelt projekt med hensyn til dimensioner, design og attraktioner. De leveres som selvb\u00e6rende og er nemme at installere b\u00e5de udend\u00f8rs og indend\u00f8rs.<\/p>\n\n\n\n<p>Med en lang levetid og hygiejniske, s\u00f8ml\u00f8se egenskaber er de nemme at holde rene. St\u00e5lbassiner er ideelle til varme kilder, kolde bassiner, fodbade, swimmingpools, loungepools, boblebade og aktivitetsbassiner.<\/p>\n\n\n\n<h4 class=\"wp-block-heading\">Klarer sig godt i det udend\u00f8rs milj\u00f8!<\/h4>\n\n\n\n<p>Materialet og konstruktionen g\u00f8r dem meget velegnede til udend\u00f8rs brug, selv i kolde klimaer, uden risiko for frostskader.<\/p>\n\n\n\n<figure class=\"wp-block-embed is-type-video is-provider-youtube wp-block-embed-youtube wp-embed-aspect-16-9 wp-has-aspect-ratio\"><div class=\"wp-block-embed__wrapper\">\n<iframe title=\"EnviroProcess - Reference Nolhaga Parkbad, Aling\u00e5s 2020\" width=\"800\" height=\"450\" src=\"https:\/\/www.youtube.com\/embed\/2JarJzjEQI4?feature=oembed\" frameborder=\"0\" allow=\"accelerometer; autoplay; clipboard-write; encrypted-media; gyroscope; picture-in-picture; web-share\" referrerpolicy=\"strict-origin-when-cross-origin\" allowfullscreen><\/iframe>\n<\/div><figcaption class=\"wp-element-caption\"><strong>M\u00f8d Nolhaga Parkbad i Alings\u00e5s: <\/strong>Her er et af vores mange referenceprojekter, der involverer levering af st\u00e5lbassiner.<\/figcaption><\/figure>","protected":false},"excerpt":{"rendered":"<p>St\u00e5lbass\u00e4nger f\u00f6r innovativ design och l\u00e5ng livsl\u00e4ngd EnviroProcess tillhandah\u00e5ller st\u00e5lbass\u00e4nger fr\u00e5n v\u00e4rldsledande Berndorf B\u00e4derbau, perfekta f\u00f6r b\u00e5de nybyggen och renoveringar. St\u00e5lbass\u00e4nger kombinerar h\u00e5llbarhet och estetik, vilket g\u00f6r dem till en attraktiv l\u00f6sning f\u00f6r alla typer av badanl\u00e4ggningar. F\u00f6rdelar med st\u00e5lbass\u00e4nger St\u00e5lbass\u00e4nger \u00e4r kostnadseffektiva tack vare kort byggtid, l\u00e5ga drift- och underh\u00e5llskostnader samt mycket l\u00e5ng livsl\u00e4ngd. [&hellip;]<\/p>\n","protected":false},"featured_media":3274,"template":"","categories":[46],"topic":[],"class_list":["post-6060","product","type-product","status-publish","has-post-thumbnail","hentry","category-produkter"],"acf":[],"_links":{"self":[{"href":"https:\/\/enviroprocess.com\/da\/wp-json\/wp\/v2\/product\/6060","targetHints":{"allow":["GET"]}}],"collection":[{"href":"https:\/\/enviroprocess.com\/da\/wp-json\/wp\/v2\/product"}],"about":[{"href":"https:\/\/enviroprocess.com\/da\/wp-json\/wp\/v2\/types\/product"}],"wp:featuredmedia":[{"embeddable":true,"href":"https:\/\/enviroprocess.com\/da\/wp-json\/wp\/v2\/media\/3274"}],"wp:attachment":[{"href":"https:\/\/enviroprocess.com\/da\/wp-json\/wp\/v2\/media?parent=6060"}],"wp:term":[{"taxonomy":"category","embeddable":true,"href":"https:\/\/enviroprocess.com\/da\/wp-json\/wp\/v2\/categories?post=6060"},{"taxonomy":"topic","embeddable":true,"href":"https:\/\/enviroprocess.com\/da\/wp-json\/wp\/v2\/topic?post=6060"}],"curies":[{"name":"wp","href":"https:\/\/api.w.org\/{rel}","templated":true}]}}