{"id":5948,"date":"2024-09-27T14:41:55","date_gmt":"2024-09-27T14:41:55","guid":{"rendered":"https:\/\/enviroprocess.com\/?post_type=product&#038;p=5948"},"modified":"2025-08-06T09:57:39","modified_gmt":"2025-08-06T09:57:39","slug":"envirocare-maintenance","status":"publish","type":"product","link":"https:\/\/enviroprocess.com\/da\/product\/envirocare-maintenance","title":{"rendered":"Drift og vedligeholdelse \/ EnviroCare"},"content":{"rendered":"<h1 class=\"wp-block-heading\">Tag kontrol over din selvoverv\u00e5gning med EnviroCare<\/h1>\n\n\n\n<p><strong>S\u00f8rg for din egenkontrol med vores smarte driftsaftaler!<\/strong><br><br><strong>EnviroProcess st\u00e5r for langsigtet, b\u00e6redygtig t\u00e6nkning og milj\u00f8smarte l\u00f8sninger til vandbehandling i swimmingpools og spabade. Et veldrevet renseanl\u00e6g er ikke kun bedre for milj\u00f8et, det holder ogs\u00e5 l\u00e6ngere og reducerer driftsomkostningerne - en investering, der skaber en stabil og b\u00e6redygtig \u00f8konomi p\u00e5 b\u00e5de kort og lang sigt.<\/strong><\/p>\n\n\n\n<figure class=\"wp-block-image size-large\"><img fetchpriority=\"high\" decoding=\"async\" width=\"1024\" height=\"386\" src=\"https:\/\/enviroprocess.com\/wp-content\/uploads\/2024\/09\/ep-resurser-3a-1024x386.jpg\" alt=\"\" class=\"wp-image-11982\" srcset=\"https:\/\/enviroprocess.com\/wp-content\/uploads\/2024\/09\/ep-resurser-3a-1024x386.jpg 1024w, https:\/\/enviroprocess.com\/wp-content\/uploads\/2024\/09\/ep-resurser-3a-300x113.jpg 300w, https:\/\/enviroprocess.com\/wp-content\/uploads\/2024\/09\/ep-resurser-3a-768x290.jpg 768w, https:\/\/enviroprocess.com\/wp-content\/uploads\/2024\/09\/ep-resurser-3a-1536x579.jpg 1536w, https:\/\/enviroprocess.com\/wp-content\/uploads\/2024\/09\/ep-resurser-3a-18x7.jpg 18w, https:\/\/enviroprocess.com\/wp-content\/uploads\/2024\/09\/ep-resurser-3a.jpg 1800w\" sizes=\"(max-width: 1024px) 100vw, 1024px\" \/><\/figure>\n\n\n\n<h4 class=\"wp-block-heading\">To kontrakter for sikker drift af bade - EnviroCare og EnviroCare+<\/h4>\n\n\n\n<p>Med vores ekspertise og erfaring hj\u00e6lper vi operat\u00f8rer med at drive og forbedre deres faciliteter gennem b\u00e5de fysiske og digitale tjenester.<\/p>\n\n\n\n<hr class=\"wp-block-separator has-alpha-channel-opacity\"\/>\n\n\n\n<div style=\"height:20px\" aria-hidden=\"true\" class=\"wp-block-spacer\"><\/div>\n\n\n\n<figure class=\"wp-block-image size-full is-resized\"><img decoding=\"async\" width=\"460\" height=\"460\" src=\"https:\/\/enviroprocess.com\/wp-content\/uploads\/2024\/09\/ep-resurser-3b-1.png\" alt=\"\" class=\"wp-image-11985\" style=\"width:100px\" srcset=\"https:\/\/enviroprocess.com\/wp-content\/uploads\/2024\/09\/ep-resurser-3b-1.png 460w, https:\/\/enviroprocess.com\/wp-content\/uploads\/2024\/09\/ep-resurser-3b-1-300x300.png 300w, https:\/\/enviroprocess.com\/wp-content\/uploads\/2024\/09\/ep-resurser-3b-1-150x150.png 150w, https:\/\/enviroprocess.com\/wp-content\/uploads\/2024\/09\/ep-resurser-3b-1-12x12.png 12w\" sizes=\"(max-width: 460px) 100vw, 460px\" \/><\/figure>\n\n\n\n<p><strong>B<strong>aftalen, der l\u00e6gger fundamentet<\/strong><\/strong><br><br>Vores grundl\u00e6ggende EnviroCare-aftale l\u00e6gger fundamentet for sikker drift og vedligeholdelse af dit anl\u00e6g, uanset om det er en spa eller et offentligt bad. Det skal v\u00e6re nemt at komme i gang og s\u00e6tte en struktur for dit anl\u00e6gs egenkontrol, drift og vedligeholdelse.<\/p>\n\n\n\n<p><strong>Driftsaftalen i korte tr\u00e6k*:<\/strong><br>- En digital struktur - Rapporter, hvidb\u00f8ger, dokumenter, vejledninger og meget mere er tilg\u00e6ngelige via EnviroHome, som du logger ind p\u00e5 fra vores hjemmeside.<br>- Nem adgang til dine indsamlede og lagrede data til sikker selvoverv\u00e5gning<br>- M\u00e5nedlig digital gennemgang med forslag til handlinger og forbedringer<\/p>\n\n\n\n<p>* Foruds\u00e6tning - En grundl\u00e6ggende installation af Lillian Labs-analysatoren og Lilian Labs Manager og et tilsluttet kontrolsystem med ekstern adgang.<\/p>\n\n\n\n<div style=\"height:20px\" aria-hidden=\"true\" class=\"wp-block-spacer\"><\/div>\n\n\n\n<hr class=\"wp-block-separator has-alpha-channel-opacity\"\/>\n\n\n\n<div style=\"height:20px\" aria-hidden=\"true\" class=\"wp-block-spacer\"><\/div>\n\n\n\n<figure class=\"wp-block-image size-full is-resized\"><img decoding=\"async\" width=\"460\" height=\"460\" src=\"https:\/\/enviroprocess.com\/wp-content\/uploads\/2024\/09\/opt-ep-resurser-3b-3.png\" alt=\"\" class=\"wp-image-11989\" style=\"width:100px\" srcset=\"https:\/\/enviroprocess.com\/wp-content\/uploads\/2024\/09\/opt-ep-resurser-3b-3.png 460w, https:\/\/enviroprocess.com\/wp-content\/uploads\/2024\/09\/opt-ep-resurser-3b-3-300x300.png 300w, https:\/\/enviroprocess.com\/wp-content\/uploads\/2024\/09\/opt-ep-resurser-3b-3-150x150.png 150w, https:\/\/enviroprocess.com\/wp-content\/uploads\/2024\/09\/opt-ep-resurser-3b-3-12x12.png 12w\" sizes=\"(max-width: 460px) 100vw, 460px\" \/><\/figure>\n\n\n\n<h4 class=\"wp-block-heading\">Driftsaftalen er skr\u00e6ddersyet til din badeanstalt<\/h4>\n\n\n\n<p>Hvert anl\u00e6g er unikt, og derfor er EnviroCare+-driftsaftalen tilpasset jeres unikke anl\u00e6g og organisation. Med EnviroCare+ arbejder vi sammen om at skabe en driftsplan, der st\u00f8tter dig p\u00e5 de omr\u00e5der, du \u00f8nsker, helt tilpasset dit bad, og hvor du er i processen i dag.<\/p>\n\n\n\n<p><strong>Eksempler p\u00e5 operationelle tjenester, vi tilbyder:<\/strong><br>- Prioriteret uddannelse af nye teknikere eller nye medarbejdere inden for reng\u00f8ring<br>- Fysisk inspektion i henhold til aftalt inspektionsplan<br>- M\u00e5nedligt digitalt tilsyn<br>- Forebyggende vedligeholdelse<br>- Dedikeret supportlinje til hastesager<br>- Opf\u00f8lgning af alarm- og servicesager efter behov<br>- Overv\u00e5gning af funktion og ydeevne over tid<br>- Cloudbaseret iCON 3 - til sikker overv\u00e5gning, kontrol og monitorering<br>- Lilian Manager - til organiseret drift og vedligeholdelse<br>- Digitalt selvoverv\u00e5gningsprogram med kalenderfunktion til kontrol og opf\u00f8lgning<br>- \u00c5rlig funktionstest af rensningsanl\u00e6gget<br>- Myndighedstilpasset m\u00e5nedlig bakteriepr\u00f8vetagning (udf\u00f8res hverdage 7-16)<br>- Bakteriepr\u00f8vetagning p\u00e5 stedet af rensningsanl\u00e6gget (udf\u00f8rt<br>hverdage 7-16)<br>- Forbrugsabonnementer Reng\u00f8ring<br>- Forbrugsabonnementer Kemikalier<br>- Forbrugsabonnementer Forbrugsstoffer<br>- Grundig reng\u00f8ring af poolen med j\u00e6vne mellemrum<br>- Grundig reng\u00f8ring af udligningstanken med j\u00e6vne mellemrum<br>- Uddannelse af driftsteknikere (trin 1, 2, 3)<br>- Uddannelse af operat\u00f8rer<br>- Uddannelse af spa- og reng\u00f8ringspersonale<br>- Lynxight druknealarm (med valgfri integration til iCON 3)<br>- Lilian Manager-integration med iCON 3<br>- Udarbejdelse af en teknisk beskrivelse af rensningsanl\u00e6gget<br>- M\u00e5ling af flow<br>- M\u00e5ling af trikloramin<br>- Teknisk opg\u00f8relse<br>- Farvetest<\/p>\n\n\n\n<p>Foruds\u00e6tning - I henhold til EnviroCare-grundkontrakten, men med mulighed for at foretage udvidede tilvalg og dermed fuldt ud tilpasset virksomhedens behov og \u00f8nsker.<\/p>","protected":false},"excerpt":{"rendered":"<p>Ta kontroll \u00f6ver din egenkontroll med EnviroCare S\u00e4kerst\u00e4ll din egenkontroll med v\u00e5ra smarta driftavtal! EnviroProcess st\u00e5r f\u00f6r l\u00e5ngsiktigt och h\u00e5llbart t\u00e4nk samt f\u00f6r milj\u00f6smarta l\u00f6sningar f\u00f6r vattenrening i pool- och spaanl\u00e4ggningar. En v\u00e4lsk\u00f6tt reningsanl\u00e4ggning \u00e4r inte bara b\u00e4ttre f\u00f6r milj\u00f6n, den h\u00e5ller l\u00e4ngre och&nbsp;minskar driftskostnaderna \u2013 en investering som skapar en stabil och h\u00e5llbar ekonomi [&hellip;]<\/p>\n","protected":false},"featured_media":12005,"template":"","categories":[45],"topic":[],"class_list":["post-5948","product","type-product","status-publish","has-post-thumbnail","hentry","category-tjanster"],"acf":[],"_links":{"self":[{"href":"https:\/\/enviroprocess.com\/da\/wp-json\/wp\/v2\/product\/5948","targetHints":{"allow":["GET"]}}],"collection":[{"href":"https:\/\/enviroprocess.com\/da\/wp-json\/wp\/v2\/product"}],"about":[{"href":"https:\/\/enviroprocess.com\/da\/wp-json\/wp\/v2\/types\/product"}],"wp:featuredmedia":[{"embeddable":true,"href":"https:\/\/enviroprocess.com\/da\/wp-json\/wp\/v2\/media\/12005"}],"wp:attachment":[{"href":"https:\/\/enviroprocess.com\/da\/wp-json\/wp\/v2\/media?parent=5948"}],"wp:term":[{"taxonomy":"category","embeddable":true,"href":"https:\/\/enviroprocess.com\/da\/wp-json\/wp\/v2\/categories?post=5948"},{"taxonomy":"topic","embeddable":true,"href":"https:\/\/enviroprocess.com\/da\/wp-json\/wp\/v2\/topic?post=5948"}],"curies":[{"name":"wp","href":"https:\/\/api.w.org\/{rel}","templated":true}]}}