{"id":12515,"date":"2025-08-06T08:20:54","date_gmt":"2025-08-06T08:20:54","guid":{"rendered":"https:\/\/enviroprocess.com\/?post_type=product&#038;p=12515"},"modified":"2025-08-06T08:20:54","modified_gmt":"2025-08-06T08:20:54","slug":"cad-water-engineering","status":"publish","type":"product","link":"https:\/\/enviroprocess.com\/da\/product\/cad-water-engineering","title":{"rendered":"Teknisk design og CAD"},"content":{"rendered":"<h1 class=\"wp-block-heading\">Omfattende erfaring med vandbehandlingskontrakter<\/h1>\n\n\n\n<p><strong>Uanset om det er et offentlig pool, spa, terapibassiner eller actionpools, tager vi hos EnviroProcess altid den holistiske tilgang og det ansvar, som vi, en st\u00f8rrer akt\u00f8r har fordel af at kunne tilbyde. Vi har udf\u00f8rt opgaver inden for vandbehandling i over fem \u00e5rtier og har et solidt kendskab til projektplanl\u00e6gning, ingeni\u00f8rdesign og CAD. <br><\/strong><br>I l\u00f8bet af vores lange rejse har vi udviklet virksomhedens viden gennem organisk v\u00e6kst, og siden 2019 har vi v\u00e6ret en del af EnviroWater Groups vandbehandlingsnetv\u00e6rk, hvor vi bidrager med vores tekniske ekspertise inden for Pool &amp; Spa.<\/p>\n\n\n\n<h4 class=\"wp-block-heading\">Vidensdrevet projektledelse, der skaber tillid<\/h4>\n\n\n\n<p>Vandbehandling involverer ofte store projekter af betydelige investeringer, som ofte er skattefinansierede. Det g\u00f8r det endnu vigtigere at v\u00e6re effektiv og smart med hver skattekrone. Det er her, vores professionelle \u00e6re kommer ind i billedet og vores klare m\u00e5l om at levere sikker og effektiv projektledelse i hvert enkelt projekt. Vi s\u00f8rger altid for, at der er god koordinering, omhyggelig kvalitet og egenkontrol, og at der foreligger komplet dokumentation i henhold til g\u00e6ldende byggestandarder i Norden.<\/p>\n\n\n\n<p>EnviroProcess har ogs\u00e5 fantastiske agentursamarbejde og t\u00e6tte relationer til leverand\u00f8rer, som derfor altid kan foretage et afbalanceret valg p\u00e5 vejen til at levere de bedste l\u00f8sninger og produkter, da hvert projekt er unikt.<\/p>\n\n\n\n<h4 class=\"wp-block-heading\"><strong>B\u00e6redygtighed, nu og i fremtiden<\/strong><\/h4>\n\n\n\n<p>Med EnviroProcess som leverand\u00f8r og partner, kan du alts\u00e5 se frem til en sikker investering i en fantastisk og b\u00e6redygtig sv\u00f8mmehal nu og fremadrettet. Vores kontrakter skaber bassiner og oplevelser af h\u00f8j kvalitet, som er bygget til at holde i \u00e5rtier.<\/p>\n\n\n\n<p><\/p>","protected":false},"excerpt":{"rendered":"<p>Gedigen erfarenhet av entreprenader inom vattenbehandling Oavsett om det g\u00e4ller ett publikt bad, en spaanl\u00e4ggning, terapipooler eller actionbad s\u00e5 tar vi p\u00e5 EnviroProcess alltid det helhetsgrepp och ansvar som vi som en st\u00f6rre akt\u00f6r har f\u00f6rdelen att kunna erbjuda. Vi har utf\u00f6rt entreprenader inom vattenbehandling i \u00f6ver fem decennier och har en gedigen kunskap avseende [&hellip;]<\/p>\n","protected":false},"featured_media":7478,"template":"","categories":[45],"topic":[77,78,80],"class_list":["post-12515","product","type-product","status-publish","has-post-thumbnail","hentry","category-tjanster","topic-water-projects-topic","topic-cad-water-engineering","topic-project-management"],"acf":[],"_links":{"self":[{"href":"https:\/\/enviroprocess.com\/da\/wp-json\/wp\/v2\/product\/12515","targetHints":{"allow":["GET"]}}],"collection":[{"href":"https:\/\/enviroprocess.com\/da\/wp-json\/wp\/v2\/product"}],"about":[{"href":"https:\/\/enviroprocess.com\/da\/wp-json\/wp\/v2\/types\/product"}],"wp:featuredmedia":[{"embeddable":true,"href":"https:\/\/enviroprocess.com\/da\/wp-json\/wp\/v2\/media\/7478"}],"wp:attachment":[{"href":"https:\/\/enviroprocess.com\/da\/wp-json\/wp\/v2\/media?parent=12515"}],"wp:term":[{"taxonomy":"category","embeddable":true,"href":"https:\/\/enviroprocess.com\/da\/wp-json\/wp\/v2\/categories?post=12515"},{"taxonomy":"topic","embeddable":true,"href":"https:\/\/enviroprocess.com\/da\/wp-json\/wp\/v2\/topic?post=12515"}],"curies":[{"name":"wp","href":"https:\/\/api.w.org\/{rel}","templated":true}]}}