{"id":8213,"date":"2024-10-15T09:53:22","date_gmt":"2024-10-15T09:53:22","guid":{"rendered":"https:\/\/enviroprocess.com\/?page_id=8213"},"modified":"2024-10-29T14:06:23","modified_gmt":"2024-10-29T14:06:23","slug":"epfi-industry","status":"publish","type":"page","link":"https:\/\/enviroprocess.com\/da\/epfi-industry","title":{"rendered":"Velkommen til Industry EnviroProcess Finland"},"content":{"rendered":"<div data-elementor-type=\"wp-page\" data-elementor-id=\"8213\" class=\"elementor elementor-8213\" data-elementor-post-type=\"page\">\n\t\t\t\t<div class=\"elementor-element elementor-element-c98ecca e-con-full e-flex e-con e-parent\" data-id=\"c98ecca\" data-element_type=\"container\" data-e-type=\"container\">\n\t\t\t\t<div class=\"elementor-element elementor-element-0e67976 elementor-widget elementor-widget-template\" data-id=\"0e67976\" data-element_type=\"widget\" data-e-type=\"widget\" data-widget_type=\"template.default\">\n\t\t\t\t<div class=\"elementor-widget-container\">\n\t\t\t\t\t\t\t<div class=\"elementor-template\">\n\t\t\t\t\t<div data-elementor-type=\"container\" data-elementor-id=\"8368\" class=\"elementor elementor-8368\" data-elementor-post-type=\"elementor_library\">\n\t\t\t\t<div class=\"elementor-element elementor-element-76d5f0ab e-flex e-con-boxed e-con e-child\" data-id=\"76d5f0ab\" data-element_type=\"container\" data-e-type=\"container\" data-settings=\"{&quot;background_background&quot;:&quot;classic&quot;}\">\n\t\t\t\t\t<div class=\"e-con-inner\">\n\t\t\t\t\t<\/div>\n\t\t\t\t<\/div>\n\t\t\t\t<\/div>\n\t\t\t\t<\/div>\n\t\t\t\t\t\t<\/div>\n\t\t\t\t<\/div>\n\t\t\t\t<\/div>\n\t\t<div class=\"elementor-element elementor-element-b644f57 e-flex e-con-boxed e-con e-parent\" data-id=\"b644f57\" data-element_type=\"container\" data-e-type=\"container\" data-settings=\"{&quot;background_background&quot;:&quot;classic&quot;}\">\n\t\t\t\t\t<div class=\"e-con-inner\">\n\t\t<div class=\"elementor-element elementor-element-2a34d53 e-flex e-con-boxed e-con e-child\" data-id=\"2a34d53\" data-element_type=\"container\" data-e-type=\"container\" data-settings=\"{&quot;background_background&quot;:&quot;classic&quot;}\">\n\t\t\t\t\t<div class=\"e-con-inner\">\n\t\t\t\t<div class=\"elementor-element elementor-element-8638f43 elementor-widget elementor-widget-heading\" data-id=\"8638f43\" data-element_type=\"widget\" data-e-type=\"widget\" data-widget_type=\"heading.default\">\n\t\t\t\t<div class=\"elementor-widget-container\">\n\t\t\t\t\t<h1 class=\"elementor-heading-title elementor-size-default\"><span style=\"font-weight: 300\">Velkommen til <\/span><br> Industri EnviroProcess Finland\n\n<\/h1>\t\t\t\t<\/div>\n\t\t\t\t<\/div>\n\t\t\t\t<div class=\"elementor-element elementor-element-4135ddd elementor-widget-divider--view-line elementor-widget elementor-widget-divider\" data-id=\"4135ddd\" data-element_type=\"widget\" data-e-type=\"widget\" data-widget_type=\"divider.default\">\n\t\t\t\t<div class=\"elementor-widget-container\">\n\t\t\t\t\t\t\t<div class=\"elementor-divider\">\n\t\t\t<span class=\"elementor-divider-separator\">\n\t\t\t\t\t\t<\/span>\n\t\t<\/div>\n\t\t\t\t\t\t<\/div>\n\t\t\t\t<\/div>\n\t\t\t\t\t<\/div>\n\t\t\t\t<\/div>\n\t\t\t\t\t<\/div>\n\t\t\t\t<\/div>\n\t\t<div class=\"elementor-element elementor-element-6ece90b9 e-flex e-con-boxed e-con e-parent\" data-id=\"6ece90b9\" data-element_type=\"container\" data-e-type=\"container\">\n\t\t\t\t\t<div class=\"e-con-inner\">\n\t\t\t\t<div class=\"elementor-element elementor-element-1ca25ab elementor-widget elementor-widget-text-editor\" data-id=\"1ca25ab\" data-element_type=\"widget\" data-e-type=\"widget\" data-widget_type=\"text-editor.default\">\n\t\t\t\t<div class=\"elementor-widget-container\">\n\t\t\t\t\t\t\t\t\t\n<p><strong>VANDPROCES MED SERVICE OG VIDEN<\/strong><br>EnviroProcess arbejder p\u00e5 mange forskellige m\u00e5der med vandbehandling i flere brancher og lader derfor ikke konservative traditioner forhindre os i at t\u00e6nke ud af boksen. Tv\u00e6rtimod lader vi de forskellige brancher inspirere hinanden til nye ideer, som igen f\u00f8rer til prisbillige, attraktive og milj\u00f8smarte l\u00f8sninger for vores kunder. Sammen med nogle af verdens st\u00f8rste leverand\u00f8rer inden for vandbehandling tilbyder vi del- og totall\u00f8sninger inden for stort set alle typer vandprocesser p\u00e5 det nordiske marked.<\/p>\n\n\n\n<p><strong>EN PARTNER I HELE NORDEN<\/strong><br>Uanset om det drejer sig om et produkt, et enkelt system eller en komplet funktionskontrakt, slutter vores engagement ikke efter leveringen. Vores ambition er altid at v\u00e6re en partner over tid. Vores serviceteam er derfor altid t\u00e6t p\u00e5 vores kunder for hurtig fejlfinding, service, vedligeholdelse og anden teknisk support - vi kan ganske enkelt godt lide service.<\/p>\n\n\n\n<p><strong>FRA JORD TIL BORD<\/strong><br>Vi kan tilbyde dig hele k\u00e6den fra r\u00e5dgivning, CAD\/design, projektledelse, installation, service og vedligeholdelse.<\/p>\n\n\n\n<p><strong>ET SKRIDT N\u00c6RMERE?<\/strong><br>Nu hvor du er p\u00e5 denne hjemmeside, er du kommet et stort skridt n\u00e6rmere alt det, EnviroProcess kan tilbyde inden for vandbehandling. Vi er overbeviste om, at vi kan tilbyde b\u00e5de sp\u00e6ndende og omkostningseffektive l\u00f8sninger og h\u00e5ber p\u00e5 et fremtidigt samarbejde.<\/p>\n\n\n\n<p><strong>VI TILBYDER DEL- OG TOTALL\u00d8SNINGER TIL STORT SET ALLE TYPER VANDBEHANDLING.<\/strong><\/p>\n\n\n\n<p><strong>STERILCENTRAL MEDICINSK TEKNOLOGI<\/strong><br>Systemer til behandling af rent og ultrarent vand er ideelle til brug i sundhedssektoren. Maksimal vandkvalitet for maksimal sikkerhed.<\/p>\n\n\n\n<p><strong>TERMISK\/KEMISK DESINFEKTION<\/strong><br>Vores s\u00f8sterselskab EnviroDTS har specialiseret sig i at fjerne smitsomme og radioaktive stoffer i spildevand fra industri, hospitaler og forskningsinstitutter. Kontakt os, hvis du har sp\u00f8rgsm\u00e5l!<\/p>\n\n\n\n<p><strong>ULTRARENT LAB<\/strong><br>Vores eksperter r\u00e5dgiver, designer og producerer vandbehandlingsanl\u00e6g, der er optimeret til at passe til dine behov og din anvendelse.<\/p>\n\n\n\n<h2 class=\"wp-block-heading\">Vores finske team har stor erfaring med udfordringerne i forbindelse med vandbehov p\u00e5 hospitaler.<\/h2>\n\n\n\n<p>Vi hj\u00e6lper dig med at finde den mest omkostningseffektive l\u00f8sning. Fra sm\u00e5 enkeltprodukter til st\u00f8rre systemer.<\/p>\n\n\n\n<h2 class=\"wp-block-heading\">Kontakt os p\u00e5<\/h2>\n\n\n\n<p>EnviroProcess Finland Oy<br>Posliinitehtaankatu 7<br>04260 Kerava, Suomi<br>+358 207 354 720<br>info.fi@enviroprocess.com<\/p>\n\t\t\t\t\t\t\t\t<\/div>\n\t\t\t\t<\/div>\n\t\t\t\t\t<\/div>\n\t\t\t\t<\/div>\n\t\t\t\t<\/div>","protected":false},"excerpt":{"rendered":"<p>V\u00e4lkommen till Industri EnviroProcess Finland VATTENPROCESS MED SERVICE OCH KUNSKAPEnviroProcess jobbar p\u00e5 m\u00e5nga olika s\u00e4tt med vattenbehandling inom flera branscher och l\u00e5ter d\u00e4rf\u00f6r inte konservativa traditioner hindra oss fr\u00e5n att t\u00e4nka utanf\u00f6r boxen. Tv\u00e4rtom s\u00e5 l\u00e5ter vi ist\u00e4llet de olika bransch omr\u00e5dena inspirera varandra till nya id\u00e9er som i sin tur leder till prisv\u00e4rda, attraktiva [&hellip;]<\/p>\n","protected":false},"author":2,"featured_media":7575,"parent":0,"menu_order":0,"comment_status":"closed","ping_status":"closed","template":"","meta":{"_acf_changed":false,"footnotes":""},"class_list":["post-8213","page","type-page","status-publish","has-post-thumbnail","hentry"],"acf":[],"_links":{"self":[{"href":"https:\/\/enviroprocess.com\/da\/wp-json\/wp\/v2\/pages\/8213","targetHints":{"allow":["GET"]}}],"collection":[{"href":"https:\/\/enviroprocess.com\/da\/wp-json\/wp\/v2\/pages"}],"about":[{"href":"https:\/\/enviroprocess.com\/da\/wp-json\/wp\/v2\/types\/page"}],"author":[{"embeddable":true,"href":"https:\/\/enviroprocess.com\/da\/wp-json\/wp\/v2\/users\/2"}],"replies":[{"embeddable":true,"href":"https:\/\/enviroprocess.com\/da\/wp-json\/wp\/v2\/comments?post=8213"}],"version-history":[{"count":7,"href":"https:\/\/enviroprocess.com\/da\/wp-json\/wp\/v2\/pages\/8213\/revisions"}],"predecessor-version":[{"id":10285,"href":"https:\/\/enviroprocess.com\/da\/wp-json\/wp\/v2\/pages\/8213\/revisions\/10285"}],"wp:featuredmedia":[{"embeddable":true,"href":"https:\/\/enviroprocess.com\/da\/wp-json\/wp\/v2\/media\/7575"}],"wp:attachment":[{"href":"https:\/\/enviroprocess.com\/da\/wp-json\/wp\/v2\/media?parent=8213"}],"curies":[{"name":"wp","href":"https:\/\/api.w.org\/{rel}","templated":true}]}}