{"id":6591,"date":"2024-10-07T11:32:19","date_gmt":"2024-10-07T11:32:19","guid":{"rendered":"https:\/\/enviroprocess.com\/?page_id=6591"},"modified":"2024-10-20T11:16:02","modified_gmt":"2024-10-20T11:16:02","slug":"enviroprocess-oy-finland-industry","status":"publish","type":"page","link":"https:\/\/enviroprocess.com\/da\/enviroprocess-oy-finland-industry","title":{"rendered":"EnviroProcess OY Finland Industri"},"content":{"rendered":"<div data-elementor-type=\"wp-page\" data-elementor-id=\"6591\" class=\"elementor elementor-6591\" data-elementor-post-type=\"page\">\n\t\t\t\t<div class=\"elementor-element elementor-element-ee10e72 e-con-full e-flex e-con e-parent\" data-id=\"ee10e72\" data-element_type=\"container\" data-e-type=\"container\">\n\t\t\t\t<div class=\"elementor-element elementor-element-a36ae17 elementor-widget elementor-widget-template\" data-id=\"a36ae17\" data-element_type=\"widget\" data-e-type=\"widget\" data-widget_type=\"template.default\">\n\t\t\t\t<div class=\"elementor-widget-container\">\n\t\t\t\t\t\t\t<div class=\"elementor-template\">\n\t\t\t\t\t<div data-elementor-type=\"container\" data-elementor-id=\"8368\" class=\"elementor elementor-8368\" data-elementor-post-type=\"elementor_library\">\n\t\t\t\t<div class=\"elementor-element elementor-element-76d5f0ab e-flex e-con-boxed e-con e-child\" data-id=\"76d5f0ab\" data-element_type=\"container\" data-e-type=\"container\" data-settings=\"{&quot;background_background&quot;:&quot;classic&quot;}\">\n\t\t\t\t\t<div class=\"e-con-inner\">\n\t\t\t\t\t<\/div>\n\t\t\t\t<\/div>\n\t\t\t\t<\/div>\n\t\t\t\t<\/div>\n\t\t\t\t\t\t<\/div>\n\t\t\t\t<\/div>\n\t\t\t\t<\/div>\n\t\t<div class=\"elementor-element elementor-element-5432aba e-flex e-con-boxed e-con e-parent\" data-id=\"5432aba\" data-element_type=\"container\" data-e-type=\"container\" data-settings=\"{&quot;background_background&quot;:&quot;classic&quot;}\">\n\t\t\t\t\t<div class=\"e-con-inner\">\n\t\t<div class=\"elementor-element elementor-element-5ec3d45 e-flex e-con-boxed e-con e-child\" data-id=\"5ec3d45\" data-element_type=\"container\" data-e-type=\"container\" data-settings=\"{&quot;background_background&quot;:&quot;classic&quot;}\">\n\t\t\t\t\t<div class=\"e-con-inner\">\n\t\t\t\t<div class=\"elementor-element elementor-element-c323eb9 elementor-widget elementor-widget-heading\" data-id=\"c323eb9\" data-element_type=\"widget\" data-e-type=\"widget\" data-widget_type=\"heading.default\">\n\t\t\t\t<div class=\"elementor-widget-container\">\n\t\t\t\t\t<h1 class=\"elementor-heading-title elementor-size-default\">EnviroProcess OY Finland Industri<\/h1>\t\t\t\t<\/div>\n\t\t\t\t<\/div>\n\t\t\t\t<div class=\"elementor-element elementor-element-64777ff elementor-widget-divider--view-line elementor-widget elementor-widget-divider\" data-id=\"64777ff\" data-element_type=\"widget\" data-e-type=\"widget\" data-widget_type=\"divider.default\">\n\t\t\t\t<div class=\"elementor-widget-container\">\n\t\t\t\t\t\t\t<div class=\"elementor-divider\">\n\t\t\t<span class=\"elementor-divider-separator\">\n\t\t\t\t\t\t<\/span>\n\t\t<\/div>\n\t\t\t\t\t\t<\/div>\n\t\t\t\t<\/div>\n\t\t\t\t\t<\/div>\n\t\t\t\t<\/div>\n\t\t\t\t\t<\/div>\n\t\t\t\t<\/div>\n\t\t<div class=\"elementor-element elementor-element-4f607cb0 e-flex e-con-boxed e-con e-parent\" data-id=\"4f607cb0\" data-element_type=\"container\" data-e-type=\"container\">\n\t\t\t\t\t<div class=\"e-con-inner\">\n\t\t\t\t<div class=\"elementor-element elementor-element-3e6edb94 elementor-widget elementor-widget-text-editor\" data-id=\"3e6edb94\" data-element_type=\"widget\" data-e-type=\"widget\" data-widget_type=\"text-editor.default\">\n\t\t\t\t<div class=\"elementor-widget-container\">\n\t\t\t\t\t\t\t\t\t\n<p><strong>VANDPROCES MED SERVICE OG VIDEN<\/strong><br \/>EnviroProcess arbejder p\u00e5 mange forskellige m\u00e5der med vandbehandling i flere brancher og lader derfor ikke konservative traditioner forhindre os i at t\u00e6nke ud af boksen. Tv\u00e6rtimod lader vi de forskellige brancher inspirere hinanden til nye ideer, som igen f\u00f8rer til prisbillige, attraktive og milj\u00f8smarte l\u00f8sninger for vores kunder. Sammen med nogle af verdens st\u00f8rste leverand\u00f8rer inden for vandbehandling tilbyder vi del- og totall\u00f8sninger inden for stort set alle typer vandprocesser p\u00e5 det nordiske marked.<\/p>\n\n<p><strong>EN PARTNER I HELE NORDEN<\/strong><br \/>Uanset om det drejer sig om et produkt, et enkelt system eller en komplet funktionskontrakt, slutter vores engagement ikke efter leveringen. Vores ambition er altid at v\u00e6re en partner over tid. Vores serviceteam er derfor altid t\u00e6t p\u00e5 vores kunder for hurtig fejlfinding, service, vedligeholdelse og anden teknisk support - vi kan ganske enkelt godt lide service.<\/p>\n\n<p><strong>FRA JORD TIL BORD<\/strong><br \/>Vi kan tilbyde dig hele k\u00e6den fra r\u00e5dgivning, CAD\/design, projektledelse, installation, service og vedligeholdelse.<\/p>\n\n<p><strong>ET SKRIDT N\u00c6RMERE?<\/strong><br \/>Nu hvor du er p\u00e5 denne hjemmeside, er du kommet et stort skridt n\u00e6rmere alt det, EnviroProcess kan tilbyde inden for vandbehandling. Vi er overbeviste om, at vi kan tilbyde b\u00e5de sp\u00e6ndende og omkostningseffektive l\u00f8sninger og h\u00e5ber p\u00e5 et fremtidigt samarbejde.<\/p>\n\n<p><strong>VI TILBYDER DEL- OG TOTALL\u00d8SNINGER TIL STORT SET ALLE TYPER VANDBEHANDLING.<\/strong><\/p>\n\n<p><strong>STERILCENTRAL MEDICINSK TEKNOLOGI<\/strong><br \/>Systemer til behandling af rent og ultrarent vand er ideelle til brug i sundhedssektoren. Maksimal vandkvalitet for maksimal sikkerhed.<\/p>\n\n<p><strong>TERMISK\/KEMISK DESINFEKTION<\/strong><br \/>Vores s\u00f8sterselskab EnviroDTS har specialiseret sig i at fjerne smitsomme og radioaktive stoffer i spildevand fra industri, hospitaler og forskningsinstitutter. Kontakt os, hvis du har sp\u00f8rgsm\u00e5l!<\/p>\n\n<div class=\"wp-block-media-text is-stacked-on-mobile\">\n<figure class=\"wp-block-media-text__media\"><img fetchpriority=\"high\" decoding=\"async\" width=\"367\" height=\"550\" class=\"wp-image-6373 size-full\" src=\"https:\/\/enviroprocess.com\/wp-content\/uploads\/2024\/10\/produkter_367\u00d7 550.jpg\" alt=\"Vi tilbyder en bred vifte af markedsf\u00f8rende produkter, fra forbrugsstoffer til store, komplekse systemer, der er skr\u00e6ddersyet til at opfylde alle dine vandbehandlingsbehov. Gennem vores eksklusive agenturer leverer vi de mest avancerede l\u00f8sninger p\u00e5 markedet og sikrer, at du altid har adgang til p\u00e5lidelige produkter af h\u00f8j kvalitet. Uanset om du er p\u00e5 udkig efter sm\u00e5 dele eller komplette systeml\u00f8sninger, kan vi hj\u00e6lpe dig med at finde det rigtige produkt til dit anl\u00e6g og din virksomhed.\" srcset=\"https:\/\/enviroprocess.com\/wp-content\/uploads\/2024\/10\/produkter_367\u00d7\u200a550.jpg 367w, https:\/\/enviroprocess.com\/wp-content\/uploads\/2024\/10\/produkter_367\u00d7\u200a550-200x300.jpg 200w, https:\/\/enviroprocess.com\/wp-content\/uploads\/2024\/10\/produkter_367\u00d7\u200a550-8x12.jpg 8w\" sizes=\"(max-width: 367px) 100vw, 367px\" \/><\/figure>\n<div class=\"wp-block-media-text__content\">\n<p><strong><br \/>ULTRARENT LAB<\/strong><\/p>\n\n<p>Vores eksperter r\u00e5dgiver, designer og producerer vandbehandlingsanl\u00e6g, der er optimeret til at passe til dine behov og din anvendelse.<\/p>\n\n<p>Vores finske team har stor erfaring med udfordringerne i forbindelse med vandbehov p\u00e5 hospitaler.<\/p>\n\n<p>Vi hj\u00e6lper dig med at finde den mest omkostningseffektive l\u00f8sning. Fra sm\u00e5 enkeltprodukter til st\u00f8rre systemer.<\/p>\n<\/div>\n<\/div>\n\n<p>\u00a0<\/p>\n\t\t\t\t\t\t\t\t<\/div>\n\t\t\t\t<\/div>\n\t\t\t\t\t<\/div>\n\t\t\t\t<\/div>\n\t\t\t\t<\/div>","protected":false},"excerpt":{"rendered":"<p>EnviroProcess OY Finland Industry VATTENPROCESS MED SERVICE OCH KUNSKAPEnviroProcess jobbar p\u00e5 m\u00e5nga olika s\u00e4tt med vattenbehandling inom flera branscher och l\u00e5ter d\u00e4rf\u00f6r inte konservativa traditioner hindra oss fr\u00e5n att t\u00e4nka utanf\u00f6r boxen. Tv\u00e4rtom s\u00e5 l\u00e5ter vi ist\u00e4llet de olika bransch omr\u00e5dena inspirera varandra till nya id\u00e9er som i sin tur leder till prisv\u00e4rda, attraktiva och [&hellip;]<\/p>\n","protected":false},"author":2,"featured_media":0,"parent":0,"menu_order":0,"comment_status":"closed","ping_status":"closed","template":"","meta":{"_acf_changed":false,"footnotes":""},"class_list":["post-6591","page","type-page","status-publish","hentry"],"acf":[],"_links":{"self":[{"href":"https:\/\/enviroprocess.com\/da\/wp-json\/wp\/v2\/pages\/6591","targetHints":{"allow":["GET"]}}],"collection":[{"href":"https:\/\/enviroprocess.com\/da\/wp-json\/wp\/v2\/pages"}],"about":[{"href":"https:\/\/enviroprocess.com\/da\/wp-json\/wp\/v2\/types\/page"}],"author":[{"embeddable":true,"href":"https:\/\/enviroprocess.com\/da\/wp-json\/wp\/v2\/users\/2"}],"replies":[{"embeddable":true,"href":"https:\/\/enviroprocess.com\/da\/wp-json\/wp\/v2\/comments?post=6591"}],"version-history":[{"count":7,"href":"https:\/\/enviroprocess.com\/da\/wp-json\/wp\/v2\/pages\/6591\/revisions"}],"predecessor-version":[{"id":8944,"href":"https:\/\/enviroprocess.com\/da\/wp-json\/wp\/v2\/pages\/6591\/revisions\/8944"}],"wp:attachment":[{"href":"https:\/\/enviroprocess.com\/da\/wp-json\/wp\/v2\/media?parent=6591"}],"curies":[{"name":"wp","href":"https:\/\/api.w.org\/{rel}","templated":true}]}}