{"id":3497,"date":"2024-05-30T20:33:46","date_gmt":"2024-05-30T20:33:46","guid":{"rendered":"https:\/\/enviroprocess.com\/?page_id=3497"},"modified":"2024-12-05T10:41:39","modified_gmt":"2024-12-05T10:41:39","slug":"whistleblowing","status":"publish","type":"page","link":"https:\/\/enviroprocess.com\/da\/whistleblowing","title":{"rendered":"Whistleblowing"},"content":{"rendered":"<div data-elementor-type=\"wp-page\" data-elementor-id=\"3497\" class=\"elementor elementor-3497\" data-elementor-post-type=\"page\">\n\t\t\t\t<div class=\"elementor-element elementor-element-9da7d61 e-flex e-con-boxed e-con e-child\" data-id=\"9da7d61\" data-element_type=\"container\" data-e-type=\"container\" data-settings=\"{&quot;background_background&quot;:&quot;classic&quot;}\">\n\t\t\t\t\t<div class=\"e-con-inner\">\n\t\t\t\t<div class=\"elementor-element elementor-element-523574d elementor-widget elementor-widget-spacer\" data-id=\"523574d\" data-element_type=\"widget\" data-e-type=\"widget\" data-widget_type=\"spacer.default\">\n\t\t\t\t<div class=\"elementor-widget-container\">\n\t\t\t\t\t\t\t<div class=\"elementor-spacer\">\n\t\t\t<div class=\"elementor-spacer-inner\"><\/div>\n\t\t<\/div>\n\t\t\t\t\t\t<\/div>\n\t\t\t\t<\/div>\n\t\t\t\t\t<\/div>\n\t\t\t\t<\/div>\n\t\t<div class=\"elementor-element elementor-element-cac6615 e-flex e-con-boxed e-con e-parent\" data-id=\"cac6615\" data-element_type=\"container\" data-e-type=\"container\" data-settings=\"{&quot;background_background&quot;:&quot;classic&quot;}\">\n\t\t\t\t\t<div class=\"e-con-inner\">\n\t\t<div class=\"elementor-element elementor-element-996cd6c e-flex e-con-boxed e-con e-child\" data-id=\"996cd6c\" data-element_type=\"container\" data-e-type=\"container\" data-settings=\"{&quot;background_background&quot;:&quot;classic&quot;}\">\n\t\t\t\t\t<div class=\"e-con-inner\">\n\t\t\t\t<div class=\"elementor-element elementor-element-924df38 elementor-widget__width-initial elementor-widget elementor-widget-heading\" data-id=\"924df38\" data-element_type=\"widget\" data-e-type=\"widget\" data-widget_type=\"heading.default\">\n\t\t\t\t<div class=\"elementor-widget-container\">\n\t\t\t\t\t<h1 class=\"elementor-heading-title elementor-size-default\"><span style=\"font-weight: 700\">FL\u00d8JTEBL\u00c6SER<\/span> POLITIK<\/h1>\t\t\t\t<\/div>\n\t\t\t\t<\/div>\n\t\t\t\t\t<\/div>\n\t\t\t\t<\/div>\n\t\t\t\t\t<\/div>\n\t\t\t\t<\/div>\n\t\t<div class=\"elementor-element elementor-element-95cafc0 e-flex e-con-boxed e-con e-parent\" data-id=\"95cafc0\" data-element_type=\"container\" data-e-type=\"container\">\n\t\t\t\t\t<div class=\"e-con-inner\">\n\t\t<div class=\"elementor-element elementor-element-6d810f8 e-flex e-con-boxed e-con e-child\" data-id=\"6d810f8\" data-element_type=\"container\" data-e-type=\"container\" data-settings=\"{&quot;background_background&quot;:&quot;classic&quot;}\">\n\t\t\t\t\t<div class=\"e-con-inner\">\n\t\t\t\t<div class=\"elementor-element elementor-element-c698cd8 elementor-widget elementor-widget-text-editor\" data-id=\"c698cd8\" data-element_type=\"widget\" data-e-type=\"widget\" data-widget_type=\"text-editor.default\">\n\t\t\t\t<div class=\"elementor-widget-container\">\n\t\t\t\t\t\t\t\t\t<h4><strong>Form\u00e5let med programmet<\/strong><\/h4><p>EnviroProcess bestr\u00e6ber sig p\u00e5 at opretholde et gennemsigtigt forretningsklima og overholde en h\u00f8j standard for forretningsetik.<\/p><p>Enhver, der har mistanke om uregelm\u00e6ssigheder, der overtr\u00e6der loven, eller som kan v\u00e6re i offentlighedens interesse at afsl\u00f8re, har mulighed for at rapportere dette med beskyttelse mod repressalier. Whistlebloweren kan v\u00e6lge at give oplysninger anonymt.<\/p><h4><strong>Hvad kan rapporteres?<\/strong><\/h4><ul><li>Uregelm\u00e6ssigheder, der bryder loven.<\/li><li>Uregelm\u00e6ssigheder, hvor offentligg\u00f8relsen er i offentlighedens interesse.<\/li><\/ul><p>Hvis rapporten ikke falder inden for rammerne af ovenst\u00e5ende, skal sagen h\u00e5ndteres i henhold til EnviroProcess' interne retningslinjer og politikker.<\/p><h4><strong>Hvem kan lave en rapport?<\/strong><\/h4><ul><li>Medarbejdere<\/li><li>Praktikanter<\/li><li>Konsulenter og underleverand\u00f8rer<\/li><li>Aktion\u00e6rer, der er aktivt involveret i virksomheden<\/li><li>Jobs\u00f8gende<\/li><li>Medlemmer af virksomhedens administrations-, ledelses- og tilsynsorganer<\/li><\/ul><h4><strong>Hvordan laves en rapport?<\/strong><\/h4><p>Alle, der har en klage eller bekymring over uregelm\u00e6ssigheder i forbindelse med EnviroProcess, skal i f\u00f8rste omgang kontakte deres leder, HR-afdelingen eller et medlem af ledelsesteamet.<\/p><p><strong>EnviroProcess er en del af Skion Water Group, og alle rapporter sendes direkte til Skion via Safecall.<\/strong><\/p><p>Hvis du \u00f8nsker at foretage en anonym indberetning, tilbyder Skion Water Group en whistleblower-service, hvor du kan give udtryk for dine bekymringer p\u00e5 dit modersm\u00e5l. Alle indberetninger behandles fortroligt.<\/p><p>F\u00f8lg linket nedenfor for at foretage en indberetning.<\/p>\t\t\t\t\t\t\t\t<\/div>\n\t\t\t\t<\/div>\n\t\t\t\t<div class=\"elementor-element elementor-element-ff4f18e elementor-align-left elementor-widget__width-auto elementor-widget elementor-widget-button\" data-id=\"ff4f18e\" data-element_type=\"widget\" data-e-type=\"widget\" data-widget_type=\"button.default\">\n\t\t\t\t<div class=\"elementor-widget-container\">\n\t\t\t\t\t\t\t\t\t<div class=\"elementor-button-wrapper\">\n\t\t\t\t\t<a class=\"elementor-button elementor-button-link elementor-size-sm\" href=\"https:\/\/www.safecall.co.uk\/clients\/skionwater\/\" target=\"_blank\" rel=\"noopener\">\n\t\t\t\t\t\t<span class=\"elementor-button-content-wrapper\">\n\t\t\t\t\t\t\t\t\t<span class=\"elementor-button-text\">Rapport<\/span>\n\t\t\t\t\t<\/span>\n\t\t\t\t\t<\/a>\n\t\t\t\t<\/div>\n\t\t\t\t\t\t\t\t<\/div>\n\t\t\t\t<\/div>\n\t\t\t\t\t<\/div>\n\t\t\t\t<\/div>\n\t\t\t\t\t<\/div>\n\t\t\t\t<\/div>\n\t\t\t\t<\/div>","protected":false},"excerpt":{"rendered":"<p>WHISTLEBLOWER POLICY Syfte EnviroProcess str\u00e4var efter att uppr\u00e4tth\u00e5lla ett transparent f\u00f6retagsklimat och f\u00f6lja en h\u00f6g standard av aff\u00e4rsetik. Den som misst\u00e4nker oegentligheter som bryter mot lagen eller som kan vara av allm\u00e4nt intresse att avsl\u00f6ja har m\u00f6jlighet att rapportera detta med skydd mot repressalier. Visselbl\u00e5saren kan v\u00e4lja att l\u00e4mna information anonymt. Vad kan rapporteras? Oegentligheter [&hellip;]<\/p>\n","protected":false},"author":1,"featured_media":0,"parent":0,"menu_order":0,"comment_status":"closed","ping_status":"closed","template":"","meta":{"_acf_changed":false,"footnotes":""},"class_list":["post-3497","page","type-page","status-publish","hentry"],"acf":[],"_links":{"self":[{"href":"https:\/\/enviroprocess.com\/da\/wp-json\/wp\/v2\/pages\/3497","targetHints":{"allow":["GET"]}}],"collection":[{"href":"https:\/\/enviroprocess.com\/da\/wp-json\/wp\/v2\/pages"}],"about":[{"href":"https:\/\/enviroprocess.com\/da\/wp-json\/wp\/v2\/types\/page"}],"author":[{"embeddable":true,"href":"https:\/\/enviroprocess.com\/da\/wp-json\/wp\/v2\/users\/1"}],"replies":[{"embeddable":true,"href":"https:\/\/enviroprocess.com\/da\/wp-json\/wp\/v2\/comments?post=3497"}],"version-history":[{"count":74,"href":"https:\/\/enviroprocess.com\/da\/wp-json\/wp\/v2\/pages\/3497\/revisions"}],"predecessor-version":[{"id":11443,"href":"https:\/\/enviroprocess.com\/da\/wp-json\/wp\/v2\/pages\/3497\/revisions\/11443"}],"wp:attachment":[{"href":"https:\/\/enviroprocess.com\/da\/wp-json\/wp\/v2\/media?parent=3497"}],"curies":[{"name":"wp","href":"https:\/\/api.w.org\/{rel}","templated":true}]}}