{"id":3477,"date":"2024-05-30T20:24:02","date_gmt":"2024-05-30T20:24:02","guid":{"rendered":"https:\/\/enviroprocess.com\/?page_id=3477"},"modified":"2024-10-20T11:31:53","modified_gmt":"2024-10-20T11:31:53","slug":"gdpr","status":"publish","type":"page","link":"https:\/\/enviroprocess.com\/da\/gdpr","title":{"rendered":"GDPR"},"content":{"rendered":"<div data-elementor-type=\"wp-page\" data-elementor-id=\"3477\" class=\"elementor elementor-3477\" data-elementor-post-type=\"page\">\n\t\t\t\t<div class=\"elementor-element elementor-element-659fefd e-con-full e-flex e-con e-parent\" data-id=\"659fefd\" data-element_type=\"container\" data-e-type=\"container\">\n\t\t\t\t<div class=\"elementor-element elementor-element-9bb018a elementor-widget elementor-widget-template\" data-id=\"9bb018a\" data-element_type=\"widget\" data-e-type=\"widget\" data-widget_type=\"template.default\">\n\t\t\t\t<div class=\"elementor-widget-container\">\n\t\t\t\t\t\t\t<div class=\"elementor-template\">\n\t\t\t\t\t<div data-elementor-type=\"container\" data-elementor-id=\"8368\" class=\"elementor elementor-8368\" data-elementor-post-type=\"elementor_library\">\n\t\t\t\t<div class=\"elementor-element elementor-element-76d5f0ab e-flex e-con-boxed e-con e-child\" data-id=\"76d5f0ab\" data-element_type=\"container\" data-e-type=\"container\" data-settings=\"{&quot;background_background&quot;:&quot;classic&quot;}\">\n\t\t\t\t\t<div class=\"e-con-inner\">\n\t\t\t\t\t<\/div>\n\t\t\t\t<\/div>\n\t\t\t\t<\/div>\n\t\t\t\t<\/div>\n\t\t\t\t\t\t<\/div>\n\t\t\t\t<\/div>\n\t\t\t\t<\/div>\n\t\t<div class=\"elementor-element elementor-element-938c816 e-flex e-con-boxed e-con e-parent\" data-id=\"938c816\" data-element_type=\"container\" data-e-type=\"container\" data-settings=\"{&quot;background_background&quot;:&quot;classic&quot;}\">\n\t\t\t\t\t<div class=\"e-con-inner\">\n\t\t<div class=\"elementor-element elementor-element-607b1c9 e-flex e-con-boxed e-con e-child\" data-id=\"607b1c9\" data-element_type=\"container\" data-e-type=\"container\" data-settings=\"{&quot;background_background&quot;:&quot;classic&quot;}\">\n\t\t\t\t\t<div class=\"e-con-inner\">\n\t\t\t\t<div class=\"elementor-element elementor-element-aac842b elementor-widget__width-initial elementor-widget elementor-widget-heading\" data-id=\"aac842b\" data-element_type=\"widget\" data-e-type=\"widget\" data-widget_type=\"heading.default\">\n\t\t\t\t<div class=\"elementor-widget-container\">\n\t\t\t\t\t<h1 class=\"elementor-heading-title elementor-size-default\">POLITIK FOR BESKYTTELSE AF PERSONLIGE OPLYSNINGER<span style=\"font-weight: 300\"> <br>FOR ENVIROPROCESS AB<\/span><\/h1>\t\t\t\t<\/div>\n\t\t\t\t<\/div>\n\t\t\t\t<div class=\"elementor-element elementor-element-8285ce9 elementor-widget-divider--view-line elementor-widget elementor-widget-divider\" data-id=\"8285ce9\" data-element_type=\"widget\" data-e-type=\"widget\" data-widget_type=\"divider.default\">\n\t\t\t\t<div class=\"elementor-widget-container\">\n\t\t\t\t\t\t\t<div class=\"elementor-divider\">\n\t\t\t<span class=\"elementor-divider-separator\">\n\t\t\t\t\t\t<\/span>\n\t\t<\/div>\n\t\t\t\t\t\t<\/div>\n\t\t\t\t<\/div>\n\t\t\t\t\t<\/div>\n\t\t\t\t<\/div>\n\t\t\t\t\t<\/div>\n\t\t\t\t<\/div>\n\t\t<div class=\"elementor-element elementor-element-95cafc0 e-flex e-con-boxed e-con e-parent\" data-id=\"95cafc0\" data-element_type=\"container\" data-e-type=\"container\">\n\t\t\t\t\t<div class=\"e-con-inner\">\n\t\t<div class=\"elementor-element elementor-element-6d810f8 e-flex e-con-boxed e-con e-child\" data-id=\"6d810f8\" data-element_type=\"container\" data-e-type=\"container\" data-settings=\"{&quot;background_background&quot;:&quot;classic&quot;}\">\n\t\t\t\t\t<div class=\"e-con-inner\">\n\t\t\t\t<div class=\"elementor-element elementor-element-c698cd8 elementor-widget elementor-widget-text-editor\" data-id=\"c698cd8\" data-element_type=\"widget\" data-e-type=\"widget\" data-widget_type=\"text-editor.default\">\n\t\t\t\t<div class=\"elementor-widget-container\">\n\t\t\t\t\t\t\t\t\t<h4><b>Hvordan vi behandler dine personlige data<\/b><\/h4><p>Enviroprocess Sweden AB med org.nr: 556275-2898 (EnviroProcess AB) er ansvarlig for behandlingen af dine personoplysninger, der er relevante i vores forretningsforhold. For os er det en selvf\u00f8lge at v\u00e6rne om dit privatliv og beskytte disse oplysninger i overensstemmelse med g\u00e6ldende lovgivning og brancheregler.<\/p><p>Vi vil kunne kontakte dig via e-mail, telefon, sms eller post. Personlige data kan omfatte: navn, postadresse, e-mailadresse, sprogpr\u00e6ferencer, telefonnummer, jobtitel og branche.<br \/><br \/><\/p><h4><b>Typer af data, vi indsamler<\/b><\/h4><p>Vi indsamler personoplysninger, som du frivilligt giver os, f.eks. n\u00e5r du deltager i vores arrangementer, v\u00e6lger at abonnere p\u00e5 et af vores nyhedsbreve, kommunikerer med os via e-mail eller andre kanaler, hvor du registrerer dig. De data, vi indsamler, omfatter dit navn, din postadresse, din e-mailadresse, dine sprogpr\u00e6ferencer, dit telefonnummer, din jobtitel og din branche.<br \/><br \/><\/p><h4><b>Du, der modtager markedsf\u00f8ring eller anden information fra os i din professionelle kapacitet.<\/b><\/h4><p>Professionel rolle henviser til alle eksisterende og potentielle kunder, bes\u00f8gende eller potentielle bes\u00f8gende p\u00e5 handels-\/fagmesser eller andre arrangementer, seminarer og tr\u00e6ningsprogrammer.<\/p><p>\u00a0For at kunne tilmelde dig et arrangement, et seminar, en messe eller et uddannelsesprogram skal du give os visse personoplysninger. Du kan finde ud af, hvilke oplysninger der er obligatoriske p\u00e5 tilmeldingsformularen, n\u00e5r du tilmelder dig. Disse oplysninger er n\u00f8dvendige for, at du kan tilmelde dig hos os. Hvis du ikke udfylder oplysningerne, kan du ikke gennemf\u00f8re din tilmelding.<br \/><br \/><\/p><h4><b>N\u00e5r du bes\u00f8ger et af vores arrangementer i din professionelle rolle, behandler vi dine personoplysninger til f\u00f8lgende hovedform\u00e5l:<\/b><\/h4><ul><li>At registrere og administrere din tilmelding til arrangementet<\/li><li>For at kommunikere med dig f\u00f8r og under arrangementet, f.eks. for at sende dig information<\/li><li>At sende dig information og reklamemateriale om arrangementet og om lignende arrangementer, som vi tror, du kunne v\u00e6re interesseret i.<br \/><br \/><\/li><\/ul><h4><b>N\u00e5r du har tilmeldt dig et af vores arrangementer, vil vores kommunikation til dig best\u00e5 af<\/b><\/h4><ul><li>En bekr\u00e6ftelse via e-mail, sms eller post<\/li><li>Mulighed for faktura pr. post eller e-mail<\/li><li>E-mails med information, nyhedsbreve og markedsf\u00f8ring om arrangementet og lignende arrangementer, som vi tror, du kunne v\u00e6re interesseret i<\/li><li>Nyhedsbrev om EnviroProcess' aktiviteter og produktsortiment<\/li><li>E-mail med markedsunders\u00f8gelser om begivenheden<br \/><br \/><\/li><\/ul><h4><b>Du kan til enhver tid v\u00e6lge at afmelde visse oplysninger eller v\u00e6lge at blive slettet.\u00a0<\/b><\/h4><p>Afbestilling og retten til at blive slettet.<\/p><p>Du har altid mulighed for at afmelde dig information, der kommer fra EnviroProcess AB, og kan v\u00e6lge, hvilken information du \u00f8nsker at modtage. Det g\u00f8r du ved at klikke p\u00e5 info.se@enviroprocess.com<\/p><p>Du har ogs\u00e5 ret til at blive fjernet fra vores kundedatabase, og fra den dato, hvor du giver os besked, vil du blive fjernet inden for 90 dage.<\/p><p>Du har til enhver tid ret til at g\u00f8re indsigelse mod behandlingen af dine personoplysninger baseret p\u00e5 en legitim interesse, f.eks. n\u00e5r du modtager et nyhedsbrev. Dette g\u00e6lder dog ikke, hvis vi kan p\u00e5vise tvingende legitime grunde til behandlingen, som tilsides\u00e6tter disse grunde, eller hvis det er til etablering, ud\u00f8velse eller forsvar af juridiske krav.<br \/><br \/><\/p><h4><b>Rensning og opdatering af databasen<\/b><\/h4><p>For os er det vigtigt at have en n\u00f8jagtig kundedatabase, og vi har ressourcer som f.eks:<\/p><ul><li>Reng\u00f8r og opdaterer l\u00f8bende kundedatabasen.<\/li><li>Rydder op i bounces p\u00e5 e-mails og opdaterer poster efter returnering af postforsendelser.<br \/><br \/><\/li><\/ul><h4><b>Ret til at indgive en klage<\/b><\/h4><p>Du har ret til at indgive en klage til en kompetent tilsynsmyndighed (uden at det ber\u00f8rer andre administrative klageprocedurer eller retsmidler). En s\u00e5dan klage indgives bedst til myndigheden i den EU\/E\u00d8S-medlemsstat, hvor du har din s\u00e6dvanlige bop\u00e6l, hvor du arbejder, eller hvor en overtr\u00e6delse af g\u00e6ldende databeskyttelseslove og -regler p\u00e5st\u00e5s at have fundet sted. Den kompetente tilsynsmyndighed i Sverige er Datainspektionen.<br \/><br \/><\/p><h4><b>Hvordan kommer du i kontakt med os?<\/b><\/h4><p>Hvis du har sp\u00f8rgsm\u00e5l om, hvordan vi behandler dine personoplysninger, eller hvis du \u00f8nsker at ud\u00f8ve en af dine rettigheder beskrevet ovenfor, bedes du kontakte os.<br \/><br \/><\/p><p><b>Vores kontaktoplysninger er:<\/b><\/p><p>EnviroProcess AB<br \/>Borg\u00e5s G\u00e5rdsv\u00e4g 9, 434 39 Kungsbacka<br \/>Tlf: 0300 83 70 00<br \/><a href=\"mailto:info@enviroprocess.com\">info@enviroprocess.dk<\/a><\/p>\t\t\t\t\t\t\t\t<\/div>\n\t\t\t\t<\/div>\n\t\t\t\t\t<\/div>\n\t\t\t\t<\/div>\n\t\t\t\t\t<\/div>\n\t\t\t\t<\/div>\n\t\t\t\t<\/div>","protected":false},"excerpt":{"rendered":"<p>INTEGRITETSPOLICY F\u00d6R ENVIROPROCESS AB Hur vi behandlar dina personuppgifter Enviroprocess Sweden AB med org.nr: 556275-2898 (EnviroProcess\u00a0AB) \u00e4r ansvarig f\u00f6r behandlingen av dina personuppgifter som \u00e4r relevanta i v\u00e5r aff\u00e4rsm\u00e4ssiga relation. F\u00f6r oss \u00e4r det en sj\u00e4lvklarhet att v\u00e4rna om din integritet och skydda dessa uppgifter i enlighet med g\u00e4llande lagstiftning och branschregler. Vi kommer att [&hellip;]<\/p>\n","protected":false},"author":1,"featured_media":0,"parent":0,"menu_order":0,"comment_status":"closed","ping_status":"closed","template":"","meta":{"_acf_changed":false,"footnotes":""},"class_list":["post-3477","page","type-page","status-publish","hentry"],"acf":[],"_links":{"self":[{"href":"https:\/\/enviroprocess.com\/da\/wp-json\/wp\/v2\/pages\/3477","targetHints":{"allow":["GET"]}}],"collection":[{"href":"https:\/\/enviroprocess.com\/da\/wp-json\/wp\/v2\/pages"}],"about":[{"href":"https:\/\/enviroprocess.com\/da\/wp-json\/wp\/v2\/types\/page"}],"author":[{"embeddable":true,"href":"https:\/\/enviroprocess.com\/da\/wp-json\/wp\/v2\/users\/1"}],"replies":[{"embeddable":true,"href":"https:\/\/enviroprocess.com\/da\/wp-json\/wp\/v2\/comments?post=3477"}],"version-history":[{"count":45,"href":"https:\/\/enviroprocess.com\/da\/wp-json\/wp\/v2\/pages\/3477\/revisions"}],"predecessor-version":[{"id":8981,"href":"https:\/\/enviroprocess.com\/da\/wp-json\/wp\/v2\/pages\/3477\/revisions\/8981"}],"wp:attachment":[{"href":"https:\/\/enviroprocess.com\/da\/wp-json\/wp\/v2\/media?parent=3477"}],"curies":[{"name":"wp","href":"https:\/\/api.w.org\/{rel}","templated":true}]}}